{"id":15903,"date":"2025-10-16T22:10:04","date_gmt":"2025-10-16T14:10:04","guid":{"rendered":"https:\/\/green-grasshopper-921422.hostingersite.com\/?post_type=product&#038;p=15903"},"modified":"2026-03-26T13:22:37","modified_gmt":"2026-03-26T12:22:37","slug":"jnr-media-max-40000-puffs-smart-vape","status":"publish","type":"product","link":"https:\/\/agoravape.com\/de\/product\/jnr-media-max-40000-puffs-smart-vape\/","title":{"rendered":"JNR Media Max E-Zigarette mit 40.000 Z\u00fcgen, HD-Display und Anruffunktion | Gro\u00dfe Kapazit\u00e4t und praktische Funktionen"},"content":{"rendered":"<h2 data-v-md-heading=\"what-are-the-highlights-of-jnr-media-max-40k-vape-with-high-definition-display-and-call-function\" data-v-md-line=\"3\"><img loading=\"lazy\" decoding=\"async\" class=\"aligncenter size-full wp-image-15965\" src=\"https:\/\/agoravape.com\/wp-content\/uploads\/2025\/10\/JNR-Media-Max-40K-Puffs-Vape-with-HD-Display-Calls_Agora_vape-12.webp\" alt=\"\" width=\"1920\" height=\"1080\" srcset=\"https:\/\/agoravape.com\/wp-content\/uploads\/2025\/10\/JNR-Media-Max-40K-Puffs-Vape-with-HD-Display-Calls_Agora_vape-12.webp 1920w, https:\/\/agoravape.com\/wp-content\/uploads\/2025\/10\/JNR-Media-Max-40K-Puffs-Vape-with-HD-Display-Calls_Agora_vape-12-1200x675.webp 1200w, https:\/\/agoravape.com\/wp-content\/uploads\/2025\/10\/JNR-Media-Max-40K-Puffs-Vape-with-HD-Display-Calls_Agora_vape-12-300x169.webp 300w, https:\/\/agoravape.com\/wp-content\/uploads\/2025\/10\/JNR-Media-Max-40K-Puffs-Vape-with-HD-Display-Calls_Agora_vape-12-1024x576.webp 1024w, https:\/\/agoravape.com\/wp-content\/uploads\/2025\/10\/JNR-Media-Max-40K-Puffs-Vape-with-HD-Display-Calls_Agora_vape-12-768x432.webp 768w, https:\/\/agoravape.com\/wp-content\/uploads\/2025\/10\/JNR-Media-Max-40K-Puffs-Vape-with-HD-Display-Calls_Agora_vape-12-1536x864.webp 1536w\" sizes=\"auto, (max-width: 1920px) 100vw, 1920px\" \/><\/h2>\n<h2 data-v-md-heading=\"what-are-the-highlights-of-jnr-media-max-40k-vape-with-high-definition-display-and-call-function\" data-v-md-line=\"3\">Was sind die Highlights des JNR Media Max 40K vape mit hochaufl\u00f6sendem Display und Anruffunktion?<\/h2>\n<p data-v-md-line=\"4\">Wenn Sie es leid sind, alle paar Tage Einwegdampfer zu ersetzen, ist dieses Produkt definitiv einen Blick wert. Der JNR Media Max ist mit einem 2,4-Zoll-High-Definition-Display ausgestattet, hat eine Kapazit\u00e4t von bis zu 40000 Anschl\u00fcssen und verf\u00fcgt \u00fcber intelligente Funktionen wie Anrufe, SMS, Kamera-Fernsteuerung und die Suche nach Mobiltelefonen\/Vapes. Er wurde f\u00fcr Vape-Nutzer entwickelt, die Wert auf Langlebigkeit, Einfachheit und Praktikabilit\u00e4t legen.<\/p>\n<p data-v-md-line=\"6\">Das Display und die Anruffunktion von Vapes m\u00f6gen wie Spielereien klingen, aber sie machen das Leben tats\u00e4chlich einfacher. Sie k\u00f6nnen \u00fcbersichtlich Ger\u00e4teinformationen abrufen und schnell auf verschiedene Funktionen zugreifen, ohne \u00fcberall nach Ihrem Telefon suchen zu m\u00fcssen. Kombiniert mit einem reichhaltigen Geschmack und einem gro\u00dfen Fassungsverm\u00f6gen an E-Liquid haben Sie einen einfach zu bedienenden Vape.<\/p>\n<h2 data-v-md-heading=\"excellent-performance-easy-and-convenient\" data-v-md-line=\"8\">Excellent performance, easy and convenient<\/h2>\n<p data-v-md-line=\"9\">Double Mesh Zerst\u00e4uber Kern, leicht zu kontrollieren jeden Bissen, mit einem seidig glatten Geschmack wie ein erster Zug. Einstellbare Luftstrom erm\u00f6glicht es Ihnen, leicht eine engere oder transparent Geschmack zu steuern. Wenn die Batterie schwach ist, kann sie \u00fcber USB aufgeladen und weiter verwendet werden. Einfach und bequem.<\/p>\n<h2 data-v-md-heading=\"specification-overview\" data-v-md-line=\"11\">Specification Overview<\/h2>\n<ul data-v-md-line=\"12\">\n<li>Suction frequency: up to 40000 times<\/li>\n<li>Nikotingehalt: 5 %<\/li>\n<li>Funktionsprinzip: Saugaktivierung<\/li>\n<li>Ladeverfahren: USB-Ladeschnittstelle<\/li>\n<li>Status: Sofort einsatzbereit<\/li>\n<li>E-Liquid-Kapazit\u00e4t: 21 Milliliter<\/li>\n<li>Akku: 1000mAh<\/li>\n<li>Zus\u00e4tzliche Funktionen: 2,4-Zoll-High-Definition-Display, Anruf, SMS, Fernkamera, Suche nach Handys\/Vapes, einstellbarer Luftstrom, Dual-Mesh-Zerst\u00e4uberkern<\/li>\n<\/ul>\n<p data-v-md-line=\"21\">Erl\u00e4uterung zur Ansaugh\u00e4ufigkeit: 40000 Mal ist der H\u00f6chstwert unter kontrollierten Bedingungen. Der tats\u00e4chliche Nutzungseffekt kann je nach Luftstromeinstellung und Ansaugdauer variieren.<\/p>\n<h2 data-v-md-heading=\"full-range-of-flavors\" data-v-md-line=\"23\">Full range of flavors<\/h2>\n<ul data-v-md-line=\"24\">\n<li>Blaubeer-Smoothie<\/li>\n<li>Erdbeer-Smoothie<\/li>\n<li>Wassermelonen-Smoothie<\/li>\n<li>Miami-Minze-Smoothie<\/li>\n<li>Saurer Apfel-Smoothie<\/li>\n<li>Heidelbeer-Wassermelonen-Smoothie<\/li>\n<li>Erstaunlicher Smoothie<\/li>\n<li>Kirsche-Erdbeer-Himbeer-Smoothie<\/li>\n<li>Taomang-Wassermelonen-Smoothie<\/li>\n<li>Erdbeer-Bananen-Smoothie<\/li>\n<\/ul>\n<p><img loading=\"lazy\" decoding=\"async\" class=\"aligncenter size-full wp-image-15956\" src=\"https:\/\/agoravape.com\/wp-content\/uploads\/2025\/10\/JNR-Media-Max-40K-Puffs-Vape-with-HD-Display-Calls_Agora_vape-3.webp\" alt=\"\" width=\"1000\" height=\"1000\" srcset=\"https:\/\/agoravape.com\/wp-content\/uploads\/2025\/10\/JNR-Media-Max-40K-Puffs-Vape-with-HD-Display-Calls_Agora_vape-3.webp 1000w, https:\/\/agoravape.com\/wp-content\/uploads\/2025\/10\/JNR-Media-Max-40K-Puffs-Vape-with-HD-Display-Calls_Agora_vape-3-600x600.webp 600w, https:\/\/agoravape.com\/wp-content\/uploads\/2025\/10\/JNR-Media-Max-40K-Puffs-Vape-with-HD-Display-Calls_Agora_vape-3-300x300.webp 300w, https:\/\/agoravape.com\/wp-content\/uploads\/2025\/10\/JNR-Media-Max-40K-Puffs-Vape-with-HD-Display-Calls_Agora_vape-3-150x150.webp 150w, https:\/\/agoravape.com\/wp-content\/uploads\/2025\/10\/JNR-Media-Max-40K-Puffs-Vape-with-HD-Display-Calls_Agora_vape-3-768x768.webp 768w\" sizes=\"auto, (max-width: 1000px) 100vw, 1000px\" \/><\/p>\n<h2 data-v-md-heading=\"for-you-and-for-your-business-as-well\" data-v-md-line=\"35\">For you, and for your business as well<\/h2>\n<p data-v-md-line=\"36\">Sie k\u00f6nnen JNR Media Max f\u00fcr den pers\u00f6nlichen Gebrauch w\u00e4hlen oder in Ihr Gesch\u00e4ft einbinden. Wir bieten Gro\u00dfhandelsverpackungen an, um Ihnen die Bestellung von Gro\u00dfmengen zu erleichtern. Bitte kontaktieren Sie unser Team, um sich \u00fcber die Verpackungsmenge, den Preis und die aktuelle Versorgungslage in verschiedenen M\u00e4rkten zu erkundigen.<\/p>\n<p data-v-md-line=\"38\">Wir versenden \u00fcber vertrauensw\u00fcrdige Partner wie UPS, DPD und DHL auf DDP-Basis (DDP = Duty Paid Delivery) in ganz Europa, so dass Sie vorhersehbare Lieferzeiten erhalten und Zollunf\u00e4lle vermieden werden. Die Vorschriften variieren von Land zu Land, so dass Ger\u00e4te mit hohem Inhalations- und 5%-Nikotingehalt m\u00f6glicherweise eingeschr\u00e4nkt sind. Wir geben Ihnen Empfehlungen f\u00fcr die Einhaltung der Vorschriften in Ihrer Region.<\/p>\n<h2 data-v-md-heading=\"why-do-you-like-it\" data-v-md-line=\"40\">Why do you like it<\/h2>\n<ul data-v-md-line=\"41\">\n<li>Gro\u00dfe Kapazit\u00e4t: Langlebig und langlebig, ohne die Notwendigkeit f\u00fcr den h\u00e4ufigen Austausch von Vapes.<\/li>\n<li>Intelligentes High-Definition-Display: Klare Bildschirminformationen und praktische Tools f\u00fcr Anrufe und Textnachrichten.<\/li>\n<li>Mehrere Ansaugoptionen: Mit dem einstellbaren Ansaugvolumen k\u00f6nnen Sie die Saugleistung je nach Geschmack anpassen.<\/li>\n<li>Wiederaufladbar: Mit einem Fassungsverm\u00f6gen von 21 Millilitern kann es verwendet werden, ohne E-Liquid zu verschwenden.<\/li>\n<li>Mesh-Spule: Vom ersten bis zum letzten Bissen bleibt der Geschmack gleichbleibend.<\/li>\n<\/ul>\n<h2 data-v-md-heading=\"why-choose-to-collaborate-with-agoravape\" data-v-md-line=\"47\">Warum sollten Sie sich f\u00fcr eine Zusammenarbeit mit AgoraVape entscheiden?<\/h2>\n<p data-v-md-line=\"48\">Wir verkaufen nur 100% echte Produkte und garantieren die Qualit\u00e4t der Produkte, die wir liefern. Wenn Sie ein Firmenkunde sind, bietet Ihnen JNR Media Max 40K Vape mit hoher Kapazit\u00e4t (ausgestattet mit High-Definition-Display und Anruffunktion) \u00e4u\u00dferst wettbewerbsf\u00e4hige Gro\u00dfhandelspreise, schnelle technische Unterst\u00fctzung und schnelle DDP-Lieferdienste. Setzen Sie sich mit uns in Verbindung und wir werden ein Ger\u00e4t mit hoher Kapazit\u00e4t und vielen Funktionen f\u00fcr Ihre Kunden vorr\u00e4tig haben, das Sie sicherlich begeistern wird.<\/p>","protected":false},"excerpt":{"rendered":"<p>&nbsp;<\/p>\n<p><script src=\"chrome-extension:\/\/fpelahbljekknahkcaegamhcndkfpfnc\/iFrame.js\" type=\"text\/javascript\"><\/script><\/p>\n<p><script src=\"chrome-extension:\/\/fpelahbljekknahkcaegamhcndkfpfnc\/iFrame.js\" type=\"text\/javascript\"><\/script><\/p>\n<p><script src=\"chrome-extension:\/\/fpelahbljekknahkcaegamhcndkfpfnc\/iFrame.js\" type=\"text\/javascript\"><\/script><\/p>\n<p><script src=\"chrome-extension:\/\/fpelahbljekknahkcaegamhcndkfpfnc\/iFrame.js\" type=\"text\/javascript\"><\/script><\/p>\n<p><script src=\"chrome-extension:\/\/fpelahbljekknahkcaegamhcndkfpfnc\/iFrame.js\" type=\"text\/javascript\"><\/script><\/p>\n<p><script src=\"chrome-extension:\/\/fpelahbljekknahkcaegamhcndkfpfnc\/iFrame.js\" type=\"text\/javascript\"><\/script><\/p>\n<p><script src=\"chrome-extension:\/\/fpelahbljekknahkcaegamhcndkfpfnc\/iFrame.js\" type=\"text\/javascript\"><\/script><\/p>\n<p><script src=\"chrome-extension:\/\/fpelahbljekknahkcaegamhcndkfpfnc\/iFrame.js\" type=\"text\/javascript\"><\/script><\/p>\n<p><script src=\"chrome-extension:\/\/fpelahbljekknahkcaegamhcndkfpfnc\/iFrame.js\" type=\"text\/javascript\"><\/script><\/p>\n<p><script src=\"chrome-extension:\/\/fpelahbljekknahkcaegamhcndkfpfnc\/iFrame.js\" type=\"text\/javascript\"><\/script><\/p>\n<p><script src=\"chrome-extension:\/\/fpelahbljekknahkcaegamhcndkfpfnc\/iFrame.js\" type=\"text\/javascript\"><\/script><\/p>","protected":false},"featured_media":15964,"comment_status":"open","ping_status":"closed","template":"","meta":[],"product_brand":[225],"product_cat":[124,185,189,1639,194,176,177,174,175,152,193,191,179,173,186,180,190,192],"product_tag":[],"class_list":{"0":"post-15903","1":"product","2":"type-product","3":"status-publish","4":"has-post-thumbnail","6":"product_brand-jnr","7":"product_cat-vape-by-brand","8":"product_cat-10000-puffs-high-capacity","9":"product_cat-20mg-standard-nicotine-vapes","10":"product_cat-40000-puffs","11":"product_cat-adjustable-airflow","12":"product_cat-beverage","13":"product_cat-dessert-sweets","14":"product_cat-fruit-flavors","15":"product_cat-icy-mint","16":"product_cat-jnr","17":"product_cat-mesh-coil","18":"product_cat-rechargeable-disposables","19":"product_cat-unique-blends","20":"product_cat-vape-by-flavor-profile","21":"product_cat-vape-by-nicotine-strength","22":"product_cat-vape-by-puff-count","23":"product_cat-vape-by-feature-or-type","24":"product_cat-vapes-with-screens","26":"first","27":"onbackorder","28":"shipping-taxable","29":"purchasable","30":"product-type-variable","31":"has-default-attributes"},"tiered_pricing_type":"percentage","tiered_pricing_fixed_rules":[],"tiered_pricing_product_settings":{"layout":"default","base_unit_name":{"singular":null,"plural":null},"default_variation":null},"tiered_pricing_minimum_quantity":10,"tiered_pricing_roles_data":[],"tiered_pricing_percentage_rules":{"50":"35","100":"40","200":"44","500":"47","1000":"49"},"tiered_pricing_maximum_quantity":null,"tiered_pricing_quantity_step":"10","_links":{"self":[{"href":"https:\/\/agoravape.com\/de\/wp-json\/wp\/v2\/product\/15903","targetHints":{"allow":["GET"]}}],"collection":[{"href":"https:\/\/agoravape.com\/de\/wp-json\/wp\/v2\/product"}],"about":[{"href":"https:\/\/agoravape.com\/de\/wp-json\/wp\/v2\/types\/product"}],"replies":[{"embeddable":true,"href":"https:\/\/agoravape.com\/de\/wp-json\/wp\/v2\/comments?post=15903"}],"version-history":[{"count":0,"href":"https:\/\/agoravape.com\/de\/wp-json\/wp\/v2\/product\/15903\/revisions"}],"wp:featuredmedia":[{"embeddable":true,"href":"https:\/\/agoravape.com\/de\/wp-json\/wp\/v2\/media\/15964"}],"wp:attachment":[{"href":"https:\/\/agoravape.com\/de\/wp-json\/wp\/v2\/media?parent=15903"}],"wp:term":[{"taxonomy":"product_brand","embeddable":true,"href":"https:\/\/agoravape.com\/de\/wp-json\/wp\/v2\/product_brand?post=15903"},{"taxonomy":"product_cat","embeddable":true,"href":"https:\/\/agoravape.com\/de\/wp-json\/wp\/v2\/product_cat?post=15903"},{"taxonomy":"product_tag","embeddable":true,"href":"https:\/\/agoravape.com\/de\/wp-json\/wp\/v2\/product_tag?post=15903"}],"curies":[{"name":"wp","href":"https:\/\/api.w.org\/{rel}","templated":true}]}}