{"id":16270,"date":"2025-10-17T13:11:32","date_gmt":"2025-10-17T05:11:32","guid":{"rendered":"https:\/\/green-grasshopper-921422.hostingersite.com\/?post_type=product&#038;p=16270"},"modified":"2026-03-28T03:22:38","modified_gmt":"2026-03-28T02:22:38","slug":"vozol-rave-40k-50000-puffs-vape","status":"publish","type":"product","link":"https:\/\/agoravape.com\/de\/product\/vozol-rave-40k-50000-puffs-vape\/","title":{"rendered":"Vozol RAVE Einweg-E-Zigarette mit 40.000 Z\u00fcgen und Boost-Modus | Starke Z\u00fcge, einfaches Aufladen"},"content":{"rendered":"<h2 data-v-md-heading=\"what-is-special-about-the-vozol-rave-40k-speed-mode-disposable-vape\" data-v-md-line=\"3\"><\/h2>\n<h2 data-v-md-heading=\"what-is-special-about-the-vozol-rave-40k-speed-mode-disposable-vape\" data-v-md-line=\"3\"><img loading=\"lazy\" decoding=\"async\" class=\"aligncenter size-full wp-image-16340\" src=\"https:\/\/agoravape.com\/wp-content\/uploads\/2025\/10\/Vozol-RAVE-40k-Puffs-Boost-Mode-Disposable-Vape-Vape_Agora_vape-1.webp\" alt=\"\" width=\"1920\" height=\"1081\" srcset=\"https:\/\/agoravape.com\/wp-content\/uploads\/2025\/10\/Vozol-RAVE-40k-Puffs-Boost-Mode-Disposable-Vape-Vape_Agora_vape-1.webp 1920w, https:\/\/agoravape.com\/wp-content\/uploads\/2025\/10\/Vozol-RAVE-40k-Puffs-Boost-Mode-Disposable-Vape-Vape_Agora_vape-1-1200x676.webp 1200w, https:\/\/agoravape.com\/wp-content\/uploads\/2025\/10\/Vozol-RAVE-40k-Puffs-Boost-Mode-Disposable-Vape-Vape_Agora_vape-1-300x169.webp 300w, https:\/\/agoravape.com\/wp-content\/uploads\/2025\/10\/Vozol-RAVE-40k-Puffs-Boost-Mode-Disposable-Vape-Vape_Agora_vape-1-1024x577.webp 1024w, https:\/\/agoravape.com\/wp-content\/uploads\/2025\/10\/Vozol-RAVE-40k-Puffs-Boost-Mode-Disposable-Vape-Vape_Agora_vape-1-768x432.webp 768w, https:\/\/agoravape.com\/wp-content\/uploads\/2025\/10\/Vozol-RAVE-40k-Puffs-Boost-Mode-Disposable-Vape-Vape_Agora_vape-1-1536x865.webp 1536w\" sizes=\"auto, (max-width: 1920px) 100vw, 1920px\" \/><\/h2>\n<h2 data-v-md-heading=\"what-is-special-about-the-vozol-rave-40k-speed-mode-disposable-vape\" data-v-md-line=\"3\">Was ist das Besondere am Vozol RAVE 40k Speed Mode Einweg-Vape?<\/h2>\n<p data-v-md-line=\"4\">Wenn Sie genug von Einwegverdampfern haben, die zu viel Brennstoff verbrauchen, sollten Sie sich dieses Produkt ansehen. Der Vozol RAVE ist mit einem \u00d6ltank mit gro\u00dfer Kapazit\u00e4t und einem wiederaufladbaren Akku ausgestattet, so dass Sie leicht eine lange Ausdauer erreichen k\u00f6nnen. Wenn Sie nur einen zuverl\u00e4ssigen, langlebigen, geschmackvollen und allt\u00e4glichen Vape wollen, ist es Ihre ideale Wahl.<\/p>\n<p data-v-md-line=\"6\">Sie haben die Wahl zwischen zwei Leistungsmodi, die Ihren unterschiedlichen Bed\u00fcrfnissen gerecht werden. Der normale Modus sorgt f\u00fcr Sanftheit und Stabilit\u00e4t. Wenn Sie ein st\u00e4rkeres Saugerlebnis und eine festere Absaugung w\u00fcnschen, w\u00e4hlen Sie bitte den Modus mit doppelter Geschwindigkeit. So einfach ist das.<\/p>\n<h2 data-v-md-heading=\"excellent-performance-worry-free\" data-v-md-line=\"8\">Hervorragende Leistung, sorgenfrei<\/h2>\n<p data-v-md-line=\"9\">Der Kern von RAVE nimmt eine Netzspule, um sicherzustellen, dass jede \u00d6ffnung so rein und glatt wie die erste \u00d6ffnung ist. Es ist mit einem einstellbaren Lufteinlass f\u00fcr eine einfache Einstellung der Saugkraft ausgestattet und verf\u00fcgt auch \u00fcber einen dynamischen 270 \u00b0 Beat Sensing Bildschirm f\u00fcr mehr Freude beim Saugen. Wenn der Akku schwach ist, k\u00f6nnen Sie das Typ-C-Datenkabel verwenden, das m\u00f6glicherweise bereits auf Ihrem Telefon vorhanden ist, um eine Verbindung herzustellen. Sie denken vielleicht, dass der Boost-Modus viel Strom verbraucht, aber mit einem 1000mAh-Akku und Unterst\u00fctzung f\u00fcr schnelles Typ-C-Laden m\u00fcssen Sie sich keine Sorgen machen, dass der Akku leer wird.<\/p>\n<h2 data-v-md-heading=\"specification-introduction\" data-v-md-line=\"11\">Specification Introduction<\/h2>\n<ul data-v-md-line=\"12\">\n<li>Saugfrequenz: bis zu 50000 Mal im normalen Modus und bis zu 35000 Mal im erweiterten Modus<\/li>\n<li>E-Liquid-Kapazit\u00e4t: 20 Milliliter<\/li>\n<li>Nikotin: 5 % Nikotinsalz<\/li>\n<li>Battery: 1000mAh rechargeable battery<\/li>\n<li>Atomisierungskern: Maschenatomisierungskern<\/li>\n<li>Modus: Normaler und erweiterter Modus mit einstellbarem Luftstrom<\/li>\n<li>Bildschirm: 270 \u00b0 Beat-Sensing-Bildschirm<\/li>\n<li>Funktionsprinzip: Aktivierung durch Einatmen<\/li>\n<li>Charging: Standard Type-C USB interface<\/li>\n<li>Status: Sofort einsatzbereit nach dem Auspacken<\/li>\n<\/ul>\n<h2 data-v-md-heading=\"complete-flavor-series\" data-v-md-line=\"23\">Complete flavor series<\/h2>\n<ul data-v-md-line=\"24\">\n<li>Blaubeer-Smoothie<\/li>\n<li>Erdbeer-Kirsche<\/li>\n<li>K\u00fchle Minze<\/li>\n<li>Doppelapfel<\/li>\n<li>Mango and Peach<\/li>\n<li>Wasser mit Pfirsich, Himbeeren und Zitrone<\/li>\n<li>Und mehr Auswahl f\u00fcr 34 Geschmacksrichtungen<\/li>\n<\/ul>\n<h2 data-v-md-heading=\"to-create-for-you-and-your-business\" data-v-md-line=\"32\">Um etwas f\u00fcr Sie und Ihr Unternehmen zu schaffen<\/h2>\n<p data-v-md-line=\"33\">Sie k\u00f6nnen eine f\u00fcr sich selbst w\u00e4hlen oder RAVE f\u00fcr Ihr Gesch\u00e4ft kaufen. Wir bieten 100 St\u00fcck pro Karton an, um Ihren Bedarf an Regalen zu decken. Wir bieten DDP-Lieferservices in ganz Europa durch vertrauensw\u00fcrdige Partner wie UPS, DPD und DHL, um sicherzustellen, dass die Z\u00f6lle ordnungsgem\u00e4\u00df abgewickelt werden und Zollunf\u00e4lle vermieden werden.<\/p>\n<p data-v-md-line=\"35\">Wenn Sie Aromen mischen oder die meistverkauften Aromen in Ihrer Region kennenlernen m\u00f6chten, helfen wir Ihnen bei der Auswahl der richtigen Produktlinie.<\/p>\n<h2 data-v-md-heading=\"why-do-you-like-it\" data-v-md-line=\"37\">Why do you like it<\/h2>\n<ul data-v-md-line=\"38\">\n<li>Mehrere Saugzyklen: langlebig und langlebig, kein Austausch alle paar Tage n\u00f6tig<\/li>\n<li>Wiederaufladbar: Verwenden Sie alle gekauften e-Fl\u00fcssigkeit auf einmal statt der H\u00e4lfte<\/li>\n<li>Mesh-Zerst\u00e4uberkern: f\u00fcr gleichbleibenden Geschmack von Anfang bis Ende<\/li>\n<li>Dualer Modus: Wenn Sie einen st\u00e4rkeren Geschmack w\u00fcnschen, k\u00f6nnen Sie den verst\u00e4rkten Modus w\u00e4hlen; wenn Sie einen sanfteren Geschmack w\u00fcnschen, k\u00f6nnen Sie den normalen Modus w\u00e4hlen<\/li>\n<li>Einstellbare Ansaugung: Sie k\u00f6nnen zwischen dichtem und bel\u00fcftetem Modus w\u00e4hlen, je nach Ihrer bevorzugten Ansaugmethode<\/li>\n<li>Klarer Bildschirm: 270 \u00b0 Bildschirm macht Sie mehr personalisiert, wenn das Saugen<\/li>\n<\/ul>\n<h2 data-v-md-heading=\"why-choose-to-collaborate-with-agoravape\" data-v-md-line=\"45\">Warum sollten Sie sich f\u00fcr eine Zusammenarbeit mit AgoraVape entscheiden?<\/h2>\n<p data-v-md-line=\"46\">Wir sind einer der vertrauensw\u00fcrdigsten Vape-Distributoren in Europa, und wir verkaufen nur 100% echte Produkte. F\u00fcr Firmenkunden bedeutet dies, dass Vozol RAVE 40k Einwegverdampfer mit Boost-Modus erm\u00e4\u00dfigte Gro\u00dfhandelspreise, zuverl\u00e4ssige Unterst\u00fctzung und schnelle und zuverl\u00e4ssige Lieferung haben. Wenden Sie sich an uns, um sich mit einem Ger\u00e4t einzudecken, das es wert ist, dass Ihre Kunden darauf zur\u00fcckgreifen.<\/p>\n<p><script src=\"chrome-extension:\/\/fpelahbljekknahkcaegamhcndkfpfnc\/iFrame.js\" type=\"text\/javascript\"><\/script><\/p>","protected":false},"excerpt":{"rendered":"<p>&nbsp;<\/p>\n<p><script src=\"chrome-extension:\/\/fpelahbljekknahkcaegamhcndkfpfnc\/iFrame.js\" type=\"text\/javascript\"><\/script><\/p>\n<p><script src=\"chrome-extension:\/\/fpelahbljekknahkcaegamhcndkfpfnc\/iFrame.js\" type=\"text\/javascript\"><\/script><\/p>\n<p><script src=\"chrome-extension:\/\/fpelahbljekknahkcaegamhcndkfpfnc\/iFrame.js\" type=\"text\/javascript\"><\/script><\/p>\n<p><script src=\"chrome-extension:\/\/fpelahbljekknahkcaegamhcndkfpfnc\/iFrame.js\" type=\"text\/javascript\"><\/script><\/p>\n<p><script src=\"chrome-extension:\/\/fpelahbljekknahkcaegamhcndkfpfnc\/iFrame.js\" type=\"text\/javascript\"><\/script><\/p>\n<p><script src=\"chrome-extension:\/\/fpelahbljekknahkcaegamhcndkfpfnc\/iFrame.js\" type=\"text\/javascript\"><\/script><\/p>\n<p><script src=\"chrome-extension:\/\/fpelahbljekknahkcaegamhcndkfpfnc\/iFrame.js\" type=\"text\/javascript\"><\/script><\/p>\n<p><script src=\"chrome-extension:\/\/fpelahbljekknahkcaegamhcndkfpfnc\/iFrame.js\" type=\"text\/javascript\"><\/script><\/p>\n<p><script src=\"chrome-extension:\/\/fpelahbljekknahkcaegamhcndkfpfnc\/iFrame.js\" type=\"text\/javascript\"><\/script><\/p>\n<p><script src=\"chrome-extension:\/\/fpelahbljekknahkcaegamhcndkfpfnc\/iFrame.js\" type=\"text\/javascript\"><\/script><\/p>\n<p><script src=\"chrome-extension:\/\/fpelahbljekknahkcaegamhcndkfpfnc\/iFrame.js\" type=\"text\/javascript\"><\/script><\/p>\n<p><script src=\"chrome-extension:\/\/fpelahbljekknahkcaegamhcndkfpfnc\/iFrame.js\" type=\"text\/javascript\"><\/script><\/p>","protected":false},"featured_media":16350,"comment_status":"open","ping_status":"closed","template":"","meta":[],"product_brand":[226],"product_cat":[124,185,189,194,1674,174,175,193,191,173,186,180,190,192,153],"product_tag":[],"class_list":{"0":"post-16270","1":"product","2":"type-product","3":"status-publish","4":"has-post-thumbnail","6":"product_brand-vozol","7":"product_cat-vape-by-brand","8":"product_cat-10000-puffs-high-capacity","9":"product_cat-20mg-standard-nicotine-vapes","10":"product_cat-adjustable-airflow","11":"product_cat-eu-warehouse","12":"product_cat-fruit-flavors","13":"product_cat-icy-mint","14":"product_cat-mesh-coil","15":"product_cat-rechargeable-disposables","16":"product_cat-vape-by-flavor-profile","17":"product_cat-vape-by-nicotine-strength","18":"product_cat-vape-by-puff-count","19":"product_cat-vape-by-feature-or-type","20":"product_cat-vapes-with-screens","21":"product_cat-vozol","23":"first","24":"instock","25":"shipping-taxable","26":"purchasable","27":"product-type-variable","28":"has-default-attributes"},"tiered_pricing_type":"percentage","tiered_pricing_fixed_rules":[],"tiered_pricing_product_settings":{"layout":"default","base_unit_name":{"singular":null,"plural":null},"default_variation":null},"tiered_pricing_minimum_quantity":10,"tiered_pricing_roles_data":[],"tiered_pricing_percentage_rules":{"30":"29","50":"35","100":"40","200":"44","500":"47","1000":"49"},"tiered_pricing_maximum_quantity":null,"tiered_pricing_quantity_step":"10","_links":{"self":[{"href":"https:\/\/agoravape.com\/de\/wp-json\/wp\/v2\/product\/16270","targetHints":{"allow":["GET"]}}],"collection":[{"href":"https:\/\/agoravape.com\/de\/wp-json\/wp\/v2\/product"}],"about":[{"href":"https:\/\/agoravape.com\/de\/wp-json\/wp\/v2\/types\/product"}],"replies":[{"embeddable":true,"href":"https:\/\/agoravape.com\/de\/wp-json\/wp\/v2\/comments?post=16270"}],"version-history":[{"count":0,"href":"https:\/\/agoravape.com\/de\/wp-json\/wp\/v2\/product\/16270\/revisions"}],"wp:featuredmedia":[{"embeddable":true,"href":"https:\/\/agoravape.com\/de\/wp-json\/wp\/v2\/media\/16350"}],"wp:attachment":[{"href":"https:\/\/agoravape.com\/de\/wp-json\/wp\/v2\/media?parent=16270"}],"wp:term":[{"taxonomy":"product_brand","embeddable":true,"href":"https:\/\/agoravape.com\/de\/wp-json\/wp\/v2\/product_brand?post=16270"},{"taxonomy":"product_cat","embeddable":true,"href":"https:\/\/agoravape.com\/de\/wp-json\/wp\/v2\/product_cat?post=16270"},{"taxonomy":"product_tag","embeddable":true,"href":"https:\/\/agoravape.com\/de\/wp-json\/wp\/v2\/product_tag?post=16270"}],"curies":[{"name":"wp","href":"https:\/\/api.w.org\/{rel}","templated":true}]}}