{"id":16478,"date":"2025-10-17T15:19:27","date_gmt":"2025-10-17T07:19:27","guid":{"rendered":"https:\/\/green-grasshopper-921422.hostingersite.com\/?post_type=product&#038;p=16478"},"modified":"2026-01-30T17:23:57","modified_gmt":"2026-01-30T09:23:57","slug":"vozol-star-20k-20000-puffs-vape","status":"publish","type":"product","link":"https:\/\/agoravape.com\/de\/product\/vozol-star-20k-20000-puffs-vape\/","title":{"rendered":"Vozol Star Einweg-E-Zigarette mit 20.000 Z\u00fcgen und Vollbild-Display | Langanhaltender Geschmack, ganz einfach"},"content":{"rendered":"<h2 data-v-md-heading=\"what-is-special-about-the-vozol-star-20k-disposable-full-screen-vape\" data-v-md-line=\"3\"><img loading=\"lazy\" decoding=\"async\" class=\"aligncenter size-full wp-image-16512\" src=\"https:\/\/agoravape.com\/wp-content\/uploads\/2025\/10\/Vozol-Star-20k-Puffs-Disposable-Vape-with-Full-Screen_Agora_vape-2.webp\" alt=\"\" width=\"1920\" height=\"1080\" srcset=\"https:\/\/agoravape.com\/wp-content\/uploads\/2025\/10\/Vozol-Star-20k-Puffs-Disposable-Vape-with-Full-Screen_Agora_vape-2.webp 1920w, https:\/\/agoravape.com\/wp-content\/uploads\/2025\/10\/Vozol-Star-20k-Puffs-Disposable-Vape-with-Full-Screen_Agora_vape-2-1200x675.webp 1200w, https:\/\/agoravape.com\/wp-content\/uploads\/2025\/10\/Vozol-Star-20k-Puffs-Disposable-Vape-with-Full-Screen_Agora_vape-2-300x169.webp 300w, https:\/\/agoravape.com\/wp-content\/uploads\/2025\/10\/Vozol-Star-20k-Puffs-Disposable-Vape-with-Full-Screen_Agora_vape-2-1024x576.webp 1024w, https:\/\/agoravape.com\/wp-content\/uploads\/2025\/10\/Vozol-Star-20k-Puffs-Disposable-Vape-with-Full-Screen_Agora_vape-2-768x432.webp 768w, https:\/\/agoravape.com\/wp-content\/uploads\/2025\/10\/Vozol-Star-20k-Puffs-Disposable-Vape-with-Full-Screen_Agora_vape-2-1536x864.webp 1536w\" sizes=\"auto, (max-width: 1920px) 100vw, 1920px\" \/><\/h2>\n<h2 data-v-md-heading=\"what-is-special-about-the-vozol-star-20k-disposable-full-screen-vape\" data-v-md-line=\"3\">Was ist das Besondere an der Vozol Star 20k Einweg-E-Zigarette mit Vollbild-Display?<\/h2>\n<p data-v-md-line=\"4\">Sind Sie es leid, vor dem Wochenende Einweg-Vapes zu benutzen? Dann ist die Vozol Star 20k genau das Richtige f\u00fcr Sie. Sie bietet bis zu 20.000 Z\u00fcge, und das gro\u00dfe Display zeigt Ihnen alles auf einen Blick an. Kein R\u00e4tselraten, keine Sorgen.<\/p>\n<p data-v-md-line=\"6\">Wenn Sie zuverl\u00e4ssigen Geschmack ohne Kn\u00f6pfe oder Men\u00fcs w\u00fcnschen, ist dies die ideale Wahl. Einfach einen Zug nehmen und genie\u00dfen. Sie denken vielleicht, dass so viele Z\u00fcge sperrig w\u00e4ren, aber diese E-Zigarette passt problemlos in die Tasche und ist bequem zu transportieren.<\/p>\n<h2 data-v-md-heading=\"excellent-performance-worry-free\" data-v-md-line=\"8\">Hervorragende Leistung, sorgenfrei<\/h2>\n<p data-v-md-line=\"9\">Der Verdampfer Star 20k ist mit einer Mesh-Spule ausgestattet, sodass jeder Zug so genussvoll ist wie der erste. Vozols SiLC-Dufttechnologie sorgt f\u00fcr ein reines und gleichbleibendes Aroma. Bei niedrigem Akkustand kann er \u00fcber den USB-C-Anschluss aufgeladen werden; das Ladekabel ist m\u00f6glicherweise identisch mit dem Ihres Smartphones. Einfach und bequem.<\/p>\n<h2 data-v-md-heading=\"specification-introduction\" data-v-md-line=\"11\">Specification Introduction<\/h2>\n<ul data-v-md-line=\"12\">\n<li>Saugfrequenz: bis zu 20000 Mal<\/li>\n<li>Nikotingehalt: 5 %<\/li>\n<li>E-Liquid-Kapazit\u00e4t: 24 Milliliter<\/li>\n<li>Akku: Wiederaufladbarer 650-mAh-Akku<\/li>\n<li>Atomisierungskern: Maschenatomisierungskern<\/li>\n<li>Anzeige: Vollbild<\/li>\n<li>Funktionsprinzip: Aktivierung mit nur einem Zug<\/li>\n<li>Laden: USB-Typ-C-Schnittstelle<\/li>\n<li>Status: Sofort einsatzbereit nach dem Auspacken<\/li>\n<\/ul>\n<h2 data-v-md-heading=\"full-range-of-flavors\" data-v-md-line=\"22\">Full range of flavors<\/h2>\n<ul data-v-md-line=\"23\">\n<li>Watermelon Ice<\/li>\n<li>Grape Ice<\/li>\n<li>Mango-Eis<\/li>\n<li>Doppelapfeleis<\/li>\n<li>Strawberry kiwi fruit<\/li>\n<li>Raspberry watermelon<\/li>\n<li>Blue Rink Ice<\/li>\n<li>Strawberry Mango<\/li>\n<li>Pfirsich, Mango, Wassermelone<\/li>\n<li>Kirsch-Cola<\/li>\n<li>Pfirsicheis<\/li>\n<li>Gemischte Beeren<\/li>\n<li>Zitrone und Limette<\/li>\n<li>Blaubeersturm<\/li>\n<li>Liebe 777<\/li>\n<\/ul>\n<h2 data-v-md-heading=\"for-you-and-your-business\" data-v-md-line=\"39\">For you and your business<\/h2>\n<p data-v-md-line=\"40\">W\u00e4hlen Sie ein Exemplar f\u00fcr sich selbst oder bestellen Sie eines f\u00fcr Ihr Gesch\u00e4ft. Wir bieten Kartons im Gro\u00dfhandel in 200er-Packs an, um eine reibungslose Warenversorgung zu gew\u00e4hrleisten. Der Versand erfolgt verzollt und -frei (DDP) durch zuverl\u00e4ssige Partner wie UPS, DPD und DHL, um Probleme beim Zoll zu vermeiden.<\/p>\n<p data-v-md-line=\"42\">Wenn Sie eine Produktlinie f\u00fcr Stammkunden aufbauen, ist Star 20k eine wiederaufladbare Einweg-E-Zigarette mit hoher Kapazit\u00e4t, einem \u00fcbersichtlichen Display und einer Vielzahl beliebter Geschmacksrichtungen.<\/p>\n<h2 data-v-md-heading=\"why-do-you-like-it\" data-v-md-line=\"44\">Why do you like it<\/h2>\n<ul data-v-md-line=\"45\">\n<li>Gro\u00dfe Kapazit\u00e4t: L\u00e4ngere Akkulaufzeit, kein h\u00e4ufiger Kauf neuer Kartuschen erforderlich.<\/li>\n<li>Vollbildanzeige: Kein Klicken auf einen Knopf n\u00f6tig, der Ger\u00e4testatus ist auf einen Blick ersichtlich.<\/li>\n<li>Komfortables Laden: Dank USB-C-Anschluss k\u00f6nnen Sie Ihre Ger\u00e4te schnell mit Ihrem vorhandenen Datenkabel aufladen.<\/li>\n<li>Mesh-Spulentechnologie + SiLC: Gleichbleibender Geschmack.<\/li>\n<li>Gro\u00dfes Fassungsverm\u00f6gen von 24 Millilitern: F\u00fcr den dauerhaften Gebrauch konzipiert, kein Grund zur Sorge.<\/li>\n<\/ul>\n<h2 data-v-md-heading=\"why-choose-to-collaborate-with-agoravape\" data-v-md-line=\"51\">Warum sollten Sie sich f\u00fcr eine Zusammenarbeit mit AgoraVape entscheiden?<\/h2>\n<p data-v-md-line=\"52\">Wir beziehen ausschlie\u00dflich Originalprodukte und garantieren deren Echtheit. F\u00fcr Gesch\u00e4ftskunden bedeutet dies: Vozol Star 20k Einweg-E-Zigaretten mit Vollbildschirm profitieren von verg\u00fcnstigten Gro\u00dfhandelspreisen, schnellem Kundenservice und schneller DDP-Lieferung. Kontaktieren Sie uns, um ein Ger\u00e4t zu bestellen, das Ihre Kunden begeistern wird.<\/p>","protected":false},"excerpt":{"rendered":"<p>&nbsp;<\/p>\n<p><script src=\"chrome-extension:\/\/fpelahbljekknahkcaegamhcndkfpfnc\/iFrame.js\" type=\"text\/javascript\"><\/script><\/p>\n<p><script src=\"chrome-extension:\/\/fpelahbljekknahkcaegamhcndkfpfnc\/iFrame.js\" type=\"text\/javascript\"><\/script><\/p>\n<p><script src=\"chrome-extension:\/\/fpelahbljekknahkcaegamhcndkfpfnc\/iFrame.js\" type=\"text\/javascript\"><\/script><\/p>\n<p><script src=\"chrome-extension:\/\/fpelahbljekknahkcaegamhcndkfpfnc\/iFrame.js\" type=\"text\/javascript\"><\/script><\/p>\n<p><script src=\"chrome-extension:\/\/fpelahbljekknahkcaegamhcndkfpfnc\/iFrame.js\" type=\"text\/javascript\"><\/script><\/p>\n<p><script src=\"chrome-extension:\/\/fpelahbljekknahkcaegamhcndkfpfnc\/iFrame.js\" type=\"text\/javascript\"><\/script><\/p>\n<p><script src=\"chrome-extension:\/\/fpelahbljekknahkcaegamhcndkfpfnc\/iFrame.js\" type=\"text\/javascript\"><\/script><\/p>\n<p><script src=\"chrome-extension:\/\/fpelahbljekknahkcaegamhcndkfpfnc\/iFrame.js\" type=\"text\/javascript\"><\/script><\/p>\n<p><script src=\"chrome-extension:\/\/fpelahbljekknahkcaegamhcndkfpfnc\/iFrame.js\" type=\"text\/javascript\"><\/script><\/p>\n<p><script src=\"chrome-extension:\/\/fpelahbljekknahkcaegamhcndkfpfnc\/iFrame.js\" type=\"text\/javascript\"><\/script><\/p>\n<p><script src=\"chrome-extension:\/\/fpelahbljekknahkcaegamhcndkfpfnc\/iFrame.js\" type=\"text\/javascript\"><\/script><\/p>\n<p><script src=\"chrome-extension:\/\/fpelahbljekknahkcaegamhcndkfpfnc\/iFrame.js\" type=\"text\/javascript\"><\/script><\/p>","protected":false},"featured_media":16514,"comment_status":"open","ping_status":"closed","template":"","meta":[],"product_brand":[226],"product_cat":[124,185,189,174,175,193,191,173,186,180,190,192,153],"product_tag":[],"class_list":{"0":"post-16478","1":"product","2":"type-product","3":"status-publish","4":"has-post-thumbnail","6":"product_brand-vozol","7":"product_cat-vape-by-brand","8":"product_cat-10000-puffs-high-capacity","9":"product_cat-20mg-standard-nicotine-vapes","10":"product_cat-fruit-flavors","11":"product_cat-icy-mint","12":"product_cat-mesh-coil","13":"product_cat-rechargeable-disposables","14":"product_cat-vape-by-flavor-profile","15":"product_cat-vape-by-nicotine-strength","16":"product_cat-vape-by-puff-count","17":"product_cat-vape-by-feature-or-type","18":"product_cat-vapes-with-screens","19":"product_cat-vozol","21":"first","22":"onbackorder","23":"shipping-taxable","24":"purchasable","25":"product-type-variable","26":"has-default-attributes"},"tiered_pricing_type":"percentage","tiered_pricing_fixed_rules":[],"tiered_pricing_product_settings":{"layout":"default","base_unit_name":{"singular":null,"plural":null},"default_variation":null},"tiered_pricing_minimum_quantity":10,"tiered_pricing_roles_data":[],"tiered_pricing_percentage_rules":{"30":"29","50":"35","100":"40","200":"44","500":"47","1000":"49"},"tiered_pricing_maximum_quantity":null,"tiered_pricing_quantity_step":"10","_links":{"self":[{"href":"https:\/\/agoravape.com\/de\/wp-json\/wp\/v2\/product\/16478","targetHints":{"allow":["GET"]}}],"collection":[{"href":"https:\/\/agoravape.com\/de\/wp-json\/wp\/v2\/product"}],"about":[{"href":"https:\/\/agoravape.com\/de\/wp-json\/wp\/v2\/types\/product"}],"replies":[{"embeddable":true,"href":"https:\/\/agoravape.com\/de\/wp-json\/wp\/v2\/comments?post=16478"}],"version-history":[{"count":0,"href":"https:\/\/agoravape.com\/de\/wp-json\/wp\/v2\/product\/16478\/revisions"}],"wp:featuredmedia":[{"embeddable":true,"href":"https:\/\/agoravape.com\/de\/wp-json\/wp\/v2\/media\/16514"}],"wp:attachment":[{"href":"https:\/\/agoravape.com\/de\/wp-json\/wp\/v2\/media?parent=16478"}],"wp:term":[{"taxonomy":"product_brand","embeddable":true,"href":"https:\/\/agoravape.com\/de\/wp-json\/wp\/v2\/product_brand?post=16478"},{"taxonomy":"product_cat","embeddable":true,"href":"https:\/\/agoravape.com\/de\/wp-json\/wp\/v2\/product_cat?post=16478"},{"taxonomy":"product_tag","embeddable":true,"href":"https:\/\/agoravape.com\/de\/wp-json\/wp\/v2\/product_tag?post=16478"}],"curies":[{"name":"wp","href":"https:\/\/api.w.org\/{rel}","templated":true}]}}