{"id":16666,"date":"2025-10-17T16:45:56","date_gmt":"2025-10-17T08:45:56","guid":{"rendered":"https:\/\/green-grasshopper-921422.hostingersite.com\/?post_type=product&#038;p=16666"},"modified":"2026-01-13T00:53:01","modified_gmt":"2026-01-12T16:53:01","slug":"vhill-20000-puffs-wegwerfbares-vape","status":"publish","type":"product","link":"https:\/\/agoravape.com\/de\/product\/vhill-20000-puffs-disposable-vape\/","title":{"rendered":"VHILL Mesh-Coil-E-Zigarette mit 20.000 Z\u00fcgen | Hohe Zugzahl und einfaches Laden per USB-C"},"content":{"rendered":"<h2 data-v-md-heading=\"how-about-vhill-20000-port-mesh-coil-rechargeable-vape\" data-v-md-line=\"3\">Wie w\u00e4re es mit dem wiederaufladbaren Verdampfer VHILL 20000 mit Mesh-Coil?<\/h2>\n<p data-v-md-line=\"4\">Sind Sie es leid, alle paar Tage Einweg-E-Zigaretten zu wechseln? Dann wird Ihnen dieses Produkt das Leben erleichtern. Die wiederaufladbare E-Zigarette von VHILL mit 20.000 Anschl\u00fcssen ist dank ihrer langen Akkulaufzeit einfach und bequem im Alltag zu verwenden. Einfach aufladen, ziehen und los geht's!<\/p>\n<p data-v-md-line=\"6\">Es eignet sich f\u00fcr alle, die eine dauerhafte, stabile Nutzung ohne Einstellungs\u00e4nderungen oder Spulenwechsel w\u00fcnschen. Man k\u00f6nnte meinen, ein solches Ger\u00e4t mit Akku sei klobig, aber es ist kosteng\u00fcnstig und einfach zu bedienen.<\/p>\n<h2 data-v-md-heading=\"excellent-performance-without-any-complexity\" data-v-md-line=\"8\">Excellent performance without any complexity<\/h2>\n<p data-v-md-line=\"9\">Die 1,0-\u03a9-Mesh-Spule befindet sich im Zentrum des Ger\u00e4ts und sorgt daf\u00fcr, dass jeder Anschluss sauber und stabil ist. Der Geschmack ist intensiv und ausgewogen. Ist der Akku leer, k\u00f6nnen Sie ihn mit einem Standard-USB-C-Kabel (das Sie vielleicht schon von Ihrem Smartphone kennen) aufladen. Ganz einfach.<\/p>\n<h2 data-v-md-heading=\"specification-introduction\" data-v-md-line=\"11\">Specification Introduction<\/h2>\n<p data-v-md-line=\"12\"><strong>Anzahl der Saugvorg\u00e4nge<\/strong>: bis zu 20000 Saugvorg\u00e4nge<br \/>\n<strong>Batterie<\/strong>: 650-mAh-Akku<br \/>\n<strong>Nikotin<\/strong>Die Optionen k\u00f6nnen je nach Markt variieren. Kontaktieren Sie uns, um die aktuellen Vorteile zu erfahren.<br \/>\n<strong>Working principle<\/strong>: Simply inhale to activate<br \/>\n<strong>Charging<\/strong>Standard-USB-Typ-C-Anschluss<br \/>\n<strong>Status<\/strong>: Ready to use out of the box<\/p>\n<h2 data-v-md-heading=\"full-range-of-flavors\" data-v-md-line=\"19\">Full range of flavors<\/h2>\n<ul data-v-md-line=\"20\">\n<li>Blackberry Ice<\/li>\n<li>Cherry Ice<\/li>\n<li>Blueberries and Watermelons<\/li>\n<li>Grape Ice<\/li>\n<li>Pfirsicheis<\/li>\n<li>Eiscreme mit gemischten Beeren<\/li>\n<li>Wassermelone und Himbeere<\/li>\n<li>Rosa Zitronenwasser<\/li>\n<li>Watermelon Bubble Gum<\/li>\n<li>Strawberry watermelon<\/li>\n<li>Traube Erdbeere<\/li>\n<li>Blaubeer-Kiwi<\/li>\n<li>Blue Rink Ice<\/li>\n<\/ul>\n<h2 data-v-md-heading=\"for-you-for-your-business\" data-v-md-line=\"34\">F\u00fcr Sie, f\u00fcr Ihr Unternehmen<\/h2>\n<p data-v-md-line=\"35\">Sie k\u00f6nnen einzelne Artikel f\u00fcr den pers\u00f6nlichen Gebrauch erwerben oder Ihren Lagerbestand aufstocken. Die Gro\u00dfhandelsbox enth\u00e4lt 200 St\u00fcck, sodass die Nachbestellung sehr einfach ist. Wir bieten DDP-Lieferungen innerhalb Europas mit zuverl\u00e4ssigen Partnern wie UPS, DPD und DHL an, sodass Sie transparente Kosten und nachverfolgbare Lieferinformationen erhalten und unerwartete Zollprobleme vermeiden.<\/p>\n<p data-v-md-line=\"37\">Hinweis zu den Bestimmungen. In einigen EU-L\u00e4ndern\/Regionen k\u00f6nnen Ger\u00e4te mit hoher Saugkraft die Grenzwerte der Tabakproduktrichtlinie (TPD) \u00fcberschreiten. Bitte informieren Sie sich vor Ihrer Bestellung \u00fcber die geltenden Bestimmungen in Ihrem Land. Wir verkaufen ausschlie\u00dflich an Erwachsene und f\u00fchren beim Bezahlvorgang eine Altersverifizierung durch.<\/p>\n<h2 data-v-md-heading=\"why-do-you-like-it\" data-v-md-line=\"39\">Why do you like it<\/h2>\n<p data-v-md-line=\"40\"><strong>Enorme Saugkraft:<\/strong>\u00a0Doppelte Bestellungen vermeiden und Aufwand minimieren<br \/>\n<strong>Nikotinauswahl<\/strong>W\u00e4hlen Sie die Nikotinkonzentration, die Ihren Gewohnheiten entspricht.<br \/>\n<strong>Wiederaufladbar<\/strong>Verbrauchen Sie jeden Tropfen des gekauften E-Liquids.<br \/>\n<strong>Drahtspule<\/strong>Vom ersten bis zum letzten Bissen bleibt der Geschmack gleichbleibend.<br \/>\n<strong>Convenient Type-C interface:<\/strong>\u00a0Das Aufladen kann \u00fcberall ohne spezielle Kabel erfolgen.<\/p>\n<h2 data-v-md-heading=\"why-choose-agoravape\" data-v-md-line=\"46\">Why choose AgoraVape?<\/h2>\n<p data-v-md-line=\"47\">Wir kaufen nur Originalprodukte von autorisierten H\u00e4ndlern. Das bedeutet zuverl\u00e4ssige Qualit\u00e4t f\u00fcr Sie und Ihre Kunden. Unternehmenskunden profitieren von wettbewerbsf\u00e4higen Gro\u00dfhandelspreisen, schnellem Support sowie schneller DDP-Lieferung und umfassenden Sendungsverfolgungsdiensten. Die Zahlung erfolgt \u00fcber ein sicheres Gateway, das g\u00e4ngige Kreditkarten und PayPal unterst\u00fctzt. Unser Team steht Ihnen jederzeit bei der Auswahl der Geschmacksrichtungen, bei Compliance-Fragen und beim Kundendienst zur Verf\u00fcgung. M\u00f6chten Sie kaufen? <a class=\"wpil_keyword_link\" title=\"Vhill\" href=\"https:\/\/agoravape.com\/de\/marke\/vhill\/\" data-wpil-keyword-link=\"linked\" data-wpil-monitor-id=\"33\">VHILL 20.000 Z\u00fcge<\/a> Mesh Coil wiederaufladbare E-Zigaretten online? Bitte kontaktieren Sie uns, wir bieten Ihnen eine stabile Lieferung, um die Kundenr\u00fccklaufquote sicherzustellen.<\/p>","protected":false},"excerpt":{"rendered":"<p>&nbsp;<\/p>\n<p><script src=\"chrome-extension:\/\/fpelahbljekknahkcaegamhcndkfpfnc\/iFrame.js\" type=\"text\/javascript\"><\/script><\/p>\n<p><script src=\"chrome-extension:\/\/fpelahbljekknahkcaegamhcndkfpfnc\/iFrame.js\" type=\"text\/javascript\"><\/script><\/p>\n<p><script src=\"chrome-extension:\/\/fpelahbljekknahkcaegamhcndkfpfnc\/iFrame.js\" type=\"text\/javascript\"><\/script><\/p>\n<p><script src=\"chrome-extension:\/\/fpelahbljekknahkcaegamhcndkfpfnc\/iFrame.js\" type=\"text\/javascript\"><\/script><\/p>\n<p><script src=\"chrome-extension:\/\/fpelahbljekknahkcaegamhcndkfpfnc\/iFrame.js\" type=\"text\/javascript\"><\/script><\/p>\n<p><script src=\"chrome-extension:\/\/fpelahbljekknahkcaegamhcndkfpfnc\/iFrame.js\" type=\"text\/javascript\"><\/script><\/p>\n<p><script src=\"chrome-extension:\/\/fpelahbljekknahkcaegamhcndkfpfnc\/iFrame.js\" type=\"text\/javascript\"><\/script><\/p>\n<p><script src=\"chrome-extension:\/\/fpelahbljekknahkcaegamhcndkfpfnc\/iFrame.js\" type=\"text\/javascript\"><\/script><\/p>\n<p><script src=\"chrome-extension:\/\/fpelahbljekknahkcaegamhcndkfpfnc\/iFrame.js\" type=\"text\/javascript\"><\/script><\/p>\n<p><script src=\"chrome-extension:\/\/fpelahbljekknahkcaegamhcndkfpfnc\/iFrame.js\" type=\"text\/javascript\"><\/script><\/p>\n<p><script src=\"chrome-extension:\/\/fpelahbljekknahkcaegamhcndkfpfnc\/iFrame.js\" type=\"text\/javascript\"><\/script><\/p>\n<p><script src=\"chrome-extension:\/\/fpelahbljekknahkcaegamhcndkfpfnc\/iFrame.js\" type=\"text\/javascript\"><\/script><\/p>","protected":false},"featured_media":16687,"comment_status":"open","ping_status":"closed","template":"","meta":[],"product_brand":[227],"product_cat":[124,185,1636,189,174,175,193,191,173,186,180,190,154],"product_tag":[],"class_list":{"0":"post-16666","1":"product","2":"type-product","3":"status-publish","4":"has-post-thumbnail","6":"product_brand-vhill","7":"product_cat-vape-by-brand","8":"product_cat-10000-puffs-high-capacity","9":"product_cat-20000-puffs","10":"product_cat-20mg-standard-nicotine-vapes","11":"product_cat-fruit-flavors","12":"product_cat-icy-mint","13":"product_cat-mesh-coil","14":"product_cat-rechargeable-disposables","15":"product_cat-vape-by-flavor-profile","16":"product_cat-vape-by-nicotine-strength","17":"product_cat-vape-by-puff-count","18":"product_cat-vape-by-feature-or-type","19":"product_cat-vhill","21":"first","22":"instock","23":"shipping-taxable","24":"purchasable","25":"product-type-variable","26":"has-default-attributes"},"tiered_pricing_type":"percentage","tiered_pricing_fixed_rules":[],"tiered_pricing_product_settings":{"layout":"default","base_unit_name":{"singular":null,"plural":null},"default_variation":null},"tiered_pricing_minimum_quantity":20,"tiered_pricing_roles_data":[],"tiered_pricing_percentage_rules":{"50":"35","100":"40","200":"44","500":"47","1000":"49"},"tiered_pricing_maximum_quantity":null,"tiered_pricing_quantity_step":"10","_links":{"self":[{"href":"https:\/\/agoravape.com\/de\/wp-json\/wp\/v2\/product\/16666","targetHints":{"allow":["GET"]}}],"collection":[{"href":"https:\/\/agoravape.com\/de\/wp-json\/wp\/v2\/product"}],"about":[{"href":"https:\/\/agoravape.com\/de\/wp-json\/wp\/v2\/types\/product"}],"replies":[{"embeddable":true,"href":"https:\/\/agoravape.com\/de\/wp-json\/wp\/v2\/comments?post=16666"}],"version-history":[{"count":0,"href":"https:\/\/agoravape.com\/de\/wp-json\/wp\/v2\/product\/16666\/revisions"}],"wp:featuredmedia":[{"embeddable":true,"href":"https:\/\/agoravape.com\/de\/wp-json\/wp\/v2\/media\/16687"}],"wp:attachment":[{"href":"https:\/\/agoravape.com\/de\/wp-json\/wp\/v2\/media?parent=16666"}],"wp:term":[{"taxonomy":"product_brand","embeddable":true,"href":"https:\/\/agoravape.com\/de\/wp-json\/wp\/v2\/product_brand?post=16666"},{"taxonomy":"product_cat","embeddable":true,"href":"https:\/\/agoravape.com\/de\/wp-json\/wp\/v2\/product_cat?post=16666"},{"taxonomy":"product_tag","embeddable":true,"href":"https:\/\/agoravape.com\/de\/wp-json\/wp\/v2\/product_tag?post=16666"}],"curies":[{"name":"wp","href":"https:\/\/api.w.org\/{rel}","templated":true}]}}