{"id":16740,"date":"2025-10-17T17:26:17","date_gmt":"2025-10-17T09:26:17","guid":{"rendered":"https:\/\/green-grasshopper-921422.hostingersite.com\/?post_type=product&#038;p=16740"},"modified":"2026-01-19T22:02:16","modified_gmt":"2026-01-19T14:02:16","slug":"bug-monkey-12000-puffs-vape","status":"publish","type":"product","link":"https:\/\/agoravape.com\/de\/product\/bug-monkey-12000-puffs-vape\/","title":{"rendered":"BUG Monkey 12K Puffs Mesh Coil Disposable Vape | Long-Lasting Flavour, Easy Recharge"},"content":{"rendered":"<h2 data-v-md-heading=\"what-is-special-about-the-bug-monkey-12k-mesh-coil-disposable-vape\" data-v-md-line=\"3\">Was ist das Besondere am BUG Monkey 12K Mesh Coil Einweg-Vape?<\/h2>\n<p data-v-md-line=\"4\">Wenn Sie genug von den Verdampfern haben, die an Wochentagen verschrottet werden, sollten Sie sich dieses Produkt unbedingt ansehen. BUG Monkey 12K ist ein Einwegverdampfer mit hoher Kapazit\u00e4t, der mit einer glatten Mesh-Spule und einer einfachen Typ-C-Ladeschnittstelle ausgestattet ist und bis zu 12000 Z\u00fcge liefert. Er kann 18 Milliliter E-Liquid mit einem Nikotingehalt von 2% fassen und bietet Ihnen ein stabiles und befriedigendes Raucherlebnis.<\/p>\n<p data-v-md-line=\"6\">Du denkst vielleicht, dass ein Vape mit einer so gro\u00dfen Rauchkapazit\u00e4t sperrig sein w\u00fcrde, aber seine Kompaktheit wird Dich \u00fcberraschen. Seine Form ist sehr angenehm in der Hand zu halten und kann leicht in eine Tasche gesteckt werden.<\/p>\n<h2 data-v-md-heading=\"excellent-performance-without-any-complexity\" data-v-md-line=\"8\">Excellent performance without any complexity<\/h2>\n<p data-v-md-line=\"9\">Die Netzspirale tr\u00e4gt die schwere Verantwortung. Sie wird gleichm\u00e4\u00dfig erhitzt, und jeder Bissen ist so k\u00f6stlich wie der erste Bissen. Die Saugaktivierungsfunktion macht alles einfach. Sie brauchen keine Kn\u00f6pfe zu bet\u00e4tigen. Wenn der Akku leer ist, l\u00e4dst du ihn einfach mit einem Typ-C-Datenkabel auf (vielleicht verwendest du bereits ein Telefon-Datenkabel). Es ist ganz einfach.<\/p>\n<h2 data-v-md-heading=\"specification-introduction\" data-v-md-line=\"11\">Specification Introduction<\/h2>\n<ul data-v-md-line=\"12\">\n<li>Saugfrequenz: bis zu 12000 Mal<\/li>\n<li>Nicotine content: 2% (20mg\/mL)<\/li>\n<li>E-Liquid-Kapazit\u00e4t: 18 Milliliter<\/li>\n<li>Zerst\u00e4ubungskern: 1,1 \u03a9 Maschenspule<\/li>\n<li>Battery: 800 mAh rechargeable battery<\/li>\n<li>Funktionsprinzip: Aktivierung mit nur einem Zug<\/li>\n<li>Charging: Standard Type-C USB interface<\/li>\n<li>Gr\u00f6\u00dfe: 91 \u00d7 27 \u00d7 47 Millimeter<\/li>\n<li>Gewicht: 82 Gramm<\/li>\n<li>Status: Sofort einsatzbereit nach dem Auspacken<\/li>\n<\/ul>\n<h2 data-v-md-heading=\"multiple-flavor-options\" data-v-md-line=\"23\">Multiple flavor options<\/h2>\n<ul data-v-md-line=\"24\">\n<li>Watermelon Ice<\/li>\n<li>Erdbeersaft<\/li>\n<li>Traubengelee<\/li>\n<li>Pfirsicheis<\/li>\n<li>Blackberry Ice<\/li>\n<li>Saure Ananas<\/li>\n<li>Zitrone und Limette<\/li>\n<li>Blue Rink Ice<\/li>\n<li>Passionsfrucht-Orange-Granatapfel<\/li>\n<li>Energy-Drinks<\/li>\n<li>Blue Rink Ice<\/li>\n<li>Blaubeeren und Himbeeren<\/li>\n<\/ul>\n<h2 data-v-md-heading=\"to-create-for-you-and-your-business\" data-v-md-line=\"37\">Um etwas f\u00fcr Sie und Ihr Unternehmen zu schaffen<\/h2>\n<p data-v-md-line=\"38\">Sie k\u00f6nnen eine Einheit kaufen oder in Kartons abnehmen, um Ihre Regale zu best\u00fccken. Wir liefern 10 St\u00fcck pro Karton und 200 St\u00fcck pro Hauptkarton, so dass Sie Ihre Bestellung leicht erweitern k\u00f6nnen. Wir bieten DDP-Lieferservices innerhalb der Europ\u00e4ischen Union durch vertrauensw\u00fcrdige Partner wie UPS, DPD und DHL, so dass die Z\u00f6lle vor der Ankunft bezahlt werden und es keine unerwarteten Zwischenf\u00e4lle beim Zoll gibt.<\/p>\n<p data-v-md-line=\"40\">Wir kaufen nur Originalger\u00e4te von BUG Monkey und bieten schnellen Versand und vollst\u00e4ndige Sendungsverfolgung. Hinweis f\u00fcr H\u00e4ndler: Dieses Ger\u00e4t enth\u00e4lt 18 Milliliter E-Liquid mit einem Nikotingehalt von 2%, daher sollten Sie die \u00f6rtlichen TPD-Bestimmungen \u00fcberpr\u00fcfen und es nur an erlaubten Orten anbieten.<\/p>\n<h2 data-v-md-heading=\"why-do-you-like-it\" data-v-md-line=\"42\">Why do you like it<\/h2>\n<ul data-v-md-line=\"43\">\n<li>Starke Saugkraft: bis zu 12000 Puffs, d. h. weniger Austauschvorg\u00e4nge pro Ger\u00e4t und h\u00f6herer Wert.<\/li>\n<li>2%-Nikotin: eine Konzentration, die den erwachsenen elektronischen Rauchern in Europa vertraut ist.<\/li>\n<li>Wiederaufladbar: Typ-C-Aufladung kann Ihnen helfen, 18 Milliliter E-Liquid bis zum letzten Tropfen zu verwenden.<\/li>\n<li>Netzspirale: gleichm\u00e4\u00dfig erhitzt, vom ersten bis zum letzten Bissen, mit gleichbleibendem Geschmack.<\/li>\n<li>Tragbar in der Tasche: Kompakte Gr\u00f6\u00dfe, bequem f\u00fcr den t\u00e4glichen Transport.<\/li>\n<\/ul>\n<h2 data-v-md-heading=\"why-collaborate-with-agoravape\" data-v-md-line=\"49\">Warum mit AgoraVape zusammenarbeiten?<\/h2>\n<p data-v-md-line=\"50\">Wir sind einer der vertrauensw\u00fcrdigsten Vape-Distributoren in Europa, und wir verkaufen nur 100% echte Produkte. Durch den Kauf von BUG Monkey 12K Einweg-Vapes mit Mesh-Coils, k\u00f6nnen Sie erm\u00e4\u00dfigte Gro\u00dfhandelspreise, schnelle technische Unterst\u00fctzung und schnelle DDP-Lieferdienste genie\u00dfen. Kontaktieren Sie uns, um sich f\u00fcr Ihre Kunden einzudecken und sie gerne wiederkommen zu lassen.<\/p>","protected":false},"excerpt":{"rendered":"<p>&nbsp;<\/p>\n<p><script src=\"chrome-extension:\/\/fpelahbljekknahkcaegamhcndkfpfnc\/iFrame.js\" type=\"text\/javascript\"><\/script><\/p>\n<p><script src=\"chrome-extension:\/\/fpelahbljekknahkcaegamhcndkfpfnc\/iFrame.js\" type=\"text\/javascript\"><\/script><\/p>\n<p><script src=\"chrome-extension:\/\/fpelahbljekknahkcaegamhcndkfpfnc\/iFrame.js\" type=\"text\/javascript\"><\/script><\/p>\n<p><script src=\"chrome-extension:\/\/fpelahbljekknahkcaegamhcndkfpfnc\/iFrame.js\" type=\"text\/javascript\"><\/script><\/p>\n<p><script src=\"chrome-extension:\/\/fpelahbljekknahkcaegamhcndkfpfnc\/iFrame.js\" type=\"text\/javascript\"><\/script><\/p>\n<p><script src=\"chrome-extension:\/\/fpelahbljekknahkcaegamhcndkfpfnc\/iFrame.js\" type=\"text\/javascript\"><\/script><\/p>\n<p><script src=\"chrome-extension:\/\/fpelahbljekknahkcaegamhcndkfpfnc\/iFrame.js\" type=\"text\/javascript\"><\/script><\/p>\n<p><script src=\"chrome-extension:\/\/fpelahbljekknahkcaegamhcndkfpfnc\/iFrame.js\" type=\"text\/javascript\"><\/script><\/p>\n<p><script src=\"chrome-extension:\/\/fpelahbljekknahkcaegamhcndkfpfnc\/iFrame.js\" type=\"text\/javascript\"><\/script><\/p>\n<p><script src=\"chrome-extension:\/\/fpelahbljekknahkcaegamhcndkfpfnc\/iFrame.js\" type=\"text\/javascript\"><\/script><\/p>\n<p><script src=\"chrome-extension:\/\/fpelahbljekknahkcaegamhcndkfpfnc\/iFrame.js\" type=\"text\/javascript\"><\/script><\/p>\n<p><script src=\"chrome-extension:\/\/fpelahbljekknahkcaegamhcndkfpfnc\/iFrame.js\" type=\"text\/javascript\"><\/script><\/p>","protected":false},"featured_media":16765,"comment_status":"open","ping_status":"closed","template":"","meta":[],"product_brand":[230],"product_cat":[124,185,189,157,174,175,193,191,173,186,180,190],"product_tag":[],"class_list":{"0":"post-16740","1":"product","2":"type-product","3":"status-publish","4":"has-post-thumbnail","6":"product_brand-bug","7":"product_cat-vape-by-brand","8":"product_cat-10000-puffs-high-capacity","9":"product_cat-20mg-standard-nicotine-vapes","10":"product_cat-bug","11":"product_cat-fruit-flavors","12":"product_cat-icy-mint","13":"product_cat-mesh-coil","14":"product_cat-rechargeable-disposables","15":"product_cat-vape-by-flavor-profile","16":"product_cat-vape-by-nicotine-strength","17":"product_cat-vape-by-puff-count","18":"product_cat-vape-by-feature-or-type","20":"first","21":"onbackorder","22":"shipping-taxable","23":"purchasable","24":"product-type-variable","25":"has-default-attributes"},"tiered_pricing_type":"percentage","tiered_pricing_fixed_rules":[],"tiered_pricing_product_settings":{"layout":"default","base_unit_name":{"singular":null,"plural":null},"default_variation":null},"tiered_pricing_minimum_quantity":10,"tiered_pricing_roles_data":[],"tiered_pricing_percentage_rules":{"30":"29","50":"35","100":"40","200":"44","500":"47","1000":"49"},"tiered_pricing_maximum_quantity":null,"tiered_pricing_quantity_step":"10","_links":{"self":[{"href":"https:\/\/agoravape.com\/de\/wp-json\/wp\/v2\/product\/16740","targetHints":{"allow":["GET"]}}],"collection":[{"href":"https:\/\/agoravape.com\/de\/wp-json\/wp\/v2\/product"}],"about":[{"href":"https:\/\/agoravape.com\/de\/wp-json\/wp\/v2\/types\/product"}],"replies":[{"embeddable":true,"href":"https:\/\/agoravape.com\/de\/wp-json\/wp\/v2\/comments?post=16740"}],"version-history":[{"count":0,"href":"https:\/\/agoravape.com\/de\/wp-json\/wp\/v2\/product\/16740\/revisions"}],"wp:featuredmedia":[{"embeddable":true,"href":"https:\/\/agoravape.com\/de\/wp-json\/wp\/v2\/media\/16765"}],"wp:attachment":[{"href":"https:\/\/agoravape.com\/de\/wp-json\/wp\/v2\/media?parent=16740"}],"wp:term":[{"taxonomy":"product_brand","embeddable":true,"href":"https:\/\/agoravape.com\/de\/wp-json\/wp\/v2\/product_brand?post=16740"},{"taxonomy":"product_cat","embeddable":true,"href":"https:\/\/agoravape.com\/de\/wp-json\/wp\/v2\/product_cat?post=16740"},{"taxonomy":"product_tag","embeddable":true,"href":"https:\/\/agoravape.com\/de\/wp-json\/wp\/v2\/product_tag?post=16740"}],"curies":[{"name":"wp","href":"https:\/\/api.w.org\/{rel}","templated":true}]}}