{"id":16783,"date":"2025-10-17T17:48:41","date_gmt":"2025-10-17T09:48:41","guid":{"rendered":"https:\/\/green-grasshopper-921422.hostingersite.com\/?post_type=product&#038;p=16783"},"modified":"2026-02-22T15:15:14","modified_gmt":"2026-02-22T14:15:14","slug":"bug-15000-puffs-led-display-vape","status":"publish","type":"product","link":"https:\/\/agoravape.com\/de\/product\/bug-15000-puffs-led-display-vape\/","title":{"rendered":"BUG 15K Puffs LED-Display Wiederaufladbarer Vape Pen | Gro\u00dfer Akku, klares Display"},"content":{"rendered":"<h2 data-v-md-heading=\"what-are-the-special-features-of-the-15k-suction-led-display-rechargeable-vape\" data-v-md-line=\"3\">Was sind die besonderen Merkmale der wiederaufladbaren E-Zigarette mit 15K Saugleistung und LED-Anzeige?<\/h2>\n<p data-v-md-line=\"4\">Sind Sie es leid, alle paar Tage Einweg-E-Zigaretten zu ersetzen? Dann wird Ihnen dieses Produkt das Leben erleichtern. Die BUG 15K bietet eine lange Akkulaufzeit f\u00fcr bis zu 15.000 Z\u00fcge und ist mit einem praktischen LED-Display ausgestattet, sodass Sie den Ladestand auf einen Blick ablesen k\u00f6nnen.<\/p>\n<p data-v-md-line=\"6\">Es eignet sich f\u00fcr alle, die langanhaltenden und unkomplizierten Genuss w\u00fcnschen. Dank des Mesh-Verdampfers und dem einfachen Aufladen per USB-C erhalten Sie eine gleichbleibende Leistung. So einfach ist das.<\/p>\n<h2 data-v-md-heading=\"excellent-performance-worry-free\" data-v-md-line=\"8\">Hervorragende Leistung, sorgenfrei<\/h2>\n<p data-v-md-line=\"9\">Die Mesh-Spule ist das Herzst\u00fcck des BUG 15K und sorgt so f\u00fcr einen gleichm\u00e4\u00dfigen und reinen Geschmack von Anfang bis Ende. Der 800-mAh-Akku ist wiederaufladbar, sodass Sie die gesamten 20 ml E-Liquid nutzen k\u00f6nnen, anstatt etwas wegzusch\u00fctten. Bei niedrigem Akkustand k\u00f6nnen Sie ihn einfach mit demselben USB-C-Kabel wie Ihr Smartphone aufladen. Ganz einfach.<\/p>\n<p data-v-md-line=\"11\">Trotz der vielen Z\u00fcge und des gro\u00dfen Volumens ist sie immer noch leicht zu transportieren und liegt angenehm in der Hand.<\/p>\n<h2 data-v-md-heading=\"specification-overview\" data-v-md-line=\"13\">Specification Overview<\/h2>\n<p data-v-md-line=\"14\"><strong>Anzahl der Ports<\/strong>: bis zu 15000 Ports<br \/>\n<strong>Nikotingehalt<\/strong>: 2% Nikotin<br \/>\n<strong>Working principle<\/strong>: Wird durch Einatmen aktiviert<br \/>\n<strong>Charging<\/strong>Standard-USB-Typ-C-Anschluss<br \/>\n<strong>Status<\/strong>Sofort einsatzbereit nach dem Auspacken<br \/>\n*Weitere Details:<br \/>\n-Maschenspule 1,1 \u03a9<br \/>\n-E-Liquid-Kapazit\u00e4t 20 Milliliter<br \/>\n- Wiederaufladbarer 800-mAh-Akku<br \/>\n-LED-Display<br \/>\n-Gr\u00f6\u00dfe 125 \u00d7 32 mm<br \/>\n-Gewicht 100 Gramm<\/p>\n<h2 data-v-md-heading=\"for-you-and-your-business\" data-v-md-line=\"27\">For you and your business<\/h2>\n<p data-v-md-line=\"28\">W\u00e4hlen Sie ein Exemplar f\u00fcr sich selbst oder erweitern Sie Ihr Sortiment. Wir liefern 200 St\u00fcck pro Karton, damit Ihre Regale stets gef\u00fcllt sind und Ihre Kunden zufrieden sind. Zudem bieten wir zuverl\u00e4ssige DDP-Versanddienste mit Partnern wie UPS, DPD und DHL an. So stellen wir sicher, dass Z\u00f6lle und Steuern im Voraus abgewickelt werden und es keine unerwarteten Probleme beim Zoll gibt.<\/p>\n<p data-v-md-line=\"30\">Die Liefersituation kann je nach Land\/Region variieren. Wenn Sie ein B2B-K\u00e4ufer sind, informieren Sie sich bitte vor Ihrer Bestellung \u00fcber die lokalen Bestimmungen und die Anforderungen der TPD.<\/p>\n<h2 data-v-md-heading=\"why-do-you-like-it\" data-v-md-line=\"32\">Why do you like it<\/h2>\n<p data-v-md-line=\"33\"><strong>Gro\u00dfe Saugleistung:<\/strong>\u00a0Weniger Nachbestellungen und weniger Folgeauftr\u00e4ge.<br \/>\n<strong>2% Nikotin:<\/strong>\u00a0Stabile und gewohnte Konzentration, geeignet f\u00fcr den t\u00e4glichen Gebrauch.<br \/>\n<strong>Rechargeable:<\/strong>\u00a0Nutzt die gesamten 20 Milliliter E-Liquid verlustfrei.<br \/>\n<strong>Maschenzerst\u00e4ubungskern<\/strong>Gleichbleibender Geschmack und gleichm\u00e4\u00dfige Saugleistung.<br \/>\n<strong>LED-Anzeigebildschirm:<\/strong>\u00a0Informationen schnell und \u00fcbersichtlich auf einen Blick.<br \/>\n<strong>Laden \u00fcber USB-C:<\/strong>\u00a0Das Aufladen kann \u00fcber ein normales Datenkabel erfolgen.<\/p>\n<h2 data-v-md-heading=\"why-choose-to-collaborate-with-agoravape\" data-v-md-line=\"40\">Warum sollten Sie sich f\u00fcr eine Zusammenarbeit mit AgoraVape entscheiden?<\/h2>\n<p data-v-md-line=\"41\">Wir verkaufen ausschlie\u00dflich 100% Originalprodukte. Der wiederaufladbare Vape Pen BUG 15K Puffs mit LED-Display bietet Ihnen g\u00fcnstige Gro\u00dfhandelspreise, freundlichen Kundenservice und schnelle, nachverfolgbare Lieferungen innerhalb Europas. Wir halten uns an die Altersverifizierungsvorschriften und gew\u00e4hrleisten sichere Zahlungen, damit Sie sich ganz auf Ihre Kunden konzentrieren k\u00f6nnen. Suchen Sie ein langlebiges und beliebtes Produkt? Wir haben stets gen\u00fcgend Ware f\u00fcr Sie auf Lager.<\/p>","protected":false},"excerpt":{"rendered":"<p>&nbsp;<\/p>\n<p><script src=\"chrome-extension:\/\/fpelahbljekknahkcaegamhcndkfpfnc\/iFrame.js\" type=\"text\/javascript\"><\/script><\/p>\n<p><script src=\"chrome-extension:\/\/fpelahbljekknahkcaegamhcndkfpfnc\/iFrame.js\" type=\"text\/javascript\"><\/script><\/p>\n<p><script src=\"chrome-extension:\/\/fpelahbljekknahkcaegamhcndkfpfnc\/iFrame.js\" type=\"text\/javascript\"><\/script><\/p>\n<p><script src=\"chrome-extension:\/\/fpelahbljekknahkcaegamhcndkfpfnc\/iFrame.js\" type=\"text\/javascript\"><\/script><\/p>\n<p><script src=\"chrome-extension:\/\/fpelahbljekknahkcaegamhcndkfpfnc\/iFrame.js\" type=\"text\/javascript\"><\/script><\/p>\n<p><script src=\"chrome-extension:\/\/fpelahbljekknahkcaegamhcndkfpfnc\/iFrame.js\" type=\"text\/javascript\"><\/script><\/p>\n<p><script src=\"chrome-extension:\/\/fpelahbljekknahkcaegamhcndkfpfnc\/iFrame.js\" type=\"text\/javascript\"><\/script><\/p>\n<p><script src=\"chrome-extension:\/\/fpelahbljekknahkcaegamhcndkfpfnc\/iFrame.js\" type=\"text\/javascript\"><\/script><\/p>\n<p><script src=\"chrome-extension:\/\/fpelahbljekknahkcaegamhcndkfpfnc\/iFrame.js\" type=\"text\/javascript\"><\/script><\/p>\n<p><script src=\"chrome-extension:\/\/fpelahbljekknahkcaegamhcndkfpfnc\/iFrame.js\" type=\"text\/javascript\"><\/script><\/p>\n<p><script src=\"chrome-extension:\/\/fpelahbljekknahkcaegamhcndkfpfnc\/iFrame.js\" type=\"text\/javascript\"><\/script><\/p>\n<p><script src=\"chrome-extension:\/\/fpelahbljekknahkcaegamhcndkfpfnc\/iFrame.js\" type=\"text\/javascript\"><\/script><\/p>","protected":false},"featured_media":16806,"comment_status":"open","ping_status":"closed","template":"","meta":[],"product_brand":[230],"product_cat":[124,185,189,157,174,175,193,191,173,186,180,190,192],"product_tag":[],"class_list":{"0":"post-16783","1":"product","2":"type-product","3":"status-publish","4":"has-post-thumbnail","6":"product_brand-bug","7":"product_cat-vape-by-brand","8":"product_cat-10000-puffs-high-capacity","9":"product_cat-20mg-standard-nicotine-vapes","10":"product_cat-bug","11":"product_cat-fruit-flavors","12":"product_cat-icy-mint","13":"product_cat-mesh-coil","14":"product_cat-rechargeable-disposables","15":"product_cat-vape-by-flavor-profile","16":"product_cat-vape-by-nicotine-strength","17":"product_cat-vape-by-puff-count","18":"product_cat-vape-by-feature-or-type","19":"product_cat-vapes-with-screens","21":"first","22":"onbackorder","23":"shipping-taxable","24":"purchasable","25":"product-type-variable","26":"has-default-attributes"},"tiered_pricing_type":"percentage","tiered_pricing_fixed_rules":[],"tiered_pricing_product_settings":{"layout":"default","base_unit_name":{"singular":null,"plural":null},"default_variation":null},"tiered_pricing_minimum_quantity":10,"tiered_pricing_roles_data":[],"tiered_pricing_percentage_rules":{"30":"29","50":"35","100":"40","200":"44","500":"47","1000":"49"},"tiered_pricing_maximum_quantity":null,"tiered_pricing_quantity_step":"10","_links":{"self":[{"href":"https:\/\/agoravape.com\/de\/wp-json\/wp\/v2\/product\/16783","targetHints":{"allow":["GET"]}}],"collection":[{"href":"https:\/\/agoravape.com\/de\/wp-json\/wp\/v2\/product"}],"about":[{"href":"https:\/\/agoravape.com\/de\/wp-json\/wp\/v2\/types\/product"}],"replies":[{"embeddable":true,"href":"https:\/\/agoravape.com\/de\/wp-json\/wp\/v2\/comments?post=16783"}],"version-history":[{"count":0,"href":"https:\/\/agoravape.com\/de\/wp-json\/wp\/v2\/product\/16783\/revisions"}],"wp:featuredmedia":[{"embeddable":true,"href":"https:\/\/agoravape.com\/de\/wp-json\/wp\/v2\/media\/16806"}],"wp:attachment":[{"href":"https:\/\/agoravape.com\/de\/wp-json\/wp\/v2\/media?parent=16783"}],"wp:term":[{"taxonomy":"product_brand","embeddable":true,"href":"https:\/\/agoravape.com\/de\/wp-json\/wp\/v2\/product_brand?post=16783"},{"taxonomy":"product_cat","embeddable":true,"href":"https:\/\/agoravape.com\/de\/wp-json\/wp\/v2\/product_cat?post=16783"},{"taxonomy":"product_tag","embeddable":true,"href":"https:\/\/agoravape.com\/de\/wp-json\/wp\/v2\/product_tag?post=16783"}],"curies":[{"name":"wp","href":"https:\/\/api.w.org\/{rel}","templated":true}]}}