{"id":16862,"date":"2025-10-17T18:05:48","date_gmt":"2025-10-17T10:05:48","guid":{"rendered":"https:\/\/green-grasshopper-921422.hostingersite.com\/?post_type=product&#038;p=16862"},"modified":"2026-01-19T22:01:57","modified_gmt":"2026-01-19T14:01:57","slug":"bug-bc5000-puffs-vape","status":"publish","type":"product","link":"https:\/\/agoravape.com\/de\/product\/bug-bc5000-puffs-vape\/","title":{"rendered":"BUG BC5000 Puffs Compact Mesh Coil Einweg-E-Zigarette | Intensiver und langanhaltender Geschmack"},"content":{"rendered":"<h2 data-v-md-heading=\"what-is-special-about-the-bug-bc5000-compact-mesh-coil-disposable-vape\" data-v-md-line=\"3\">Was ist das Besondere am BUG BC5000 compact mesh coil disposable vape?<\/h2>\n<p data-v-md-line=\"4\">Wenn Sie genug von Einweg-E-Zigaretten haben, die nach einem Tag ablaufen, ist dieses Produkt genau das, was Sie brauchen. BUG BC5000 ist mit einer Mesh-Spule ausgestattet, die bis zu 5000 Ansaugungen erreichen kann und einen stabilen Geschmack vom ersten bis zum letzten Biss beibeh\u00e4lt.<\/p>\n<p data-v-md-line=\"6\">Wenn Sie eine zuverl\u00e4ssige und bequeme Verdampfung wollen, ist es die ideale Wahl. Keine Notwendigkeit f\u00fcr Tasten, keine Notwendigkeit f\u00fcr Men\u00fcs. Einfach \u00fcber die Typ-C-Schnittstelle aufladen und Luft inhalieren. Sie k\u00f6nnten denken, dass Vapes mit so vielen Puffs sperrig sind, aber ihre Gr\u00f6\u00dfe ist nur 81 \u00d7 41 \u00d7 20 Millimeter und Gewicht ist nur 50 Gramm, so dass sie sehr bequem zu tragen.<\/p>\n<h2 data-v-md-heading=\"excellent-performance-easy-and-convenient\" data-v-md-line=\"8\">Excellent performance, easy and convenient<\/h2>\n<p data-v-md-line=\"9\">Die Mesh-Spule ist gleichm\u00e4\u00dfig erhitzt, so dass jeder Bissen so k\u00f6stlich wie ein erster Geschmack. Es verwendet einen 1,1 \u03a9-Widerstand, die Balance zwischen glatten Rauch und reichen Geschmack. Wenn die Batterie schwach ist, k\u00f6nnen Sie das gleiche Typ-C-Datenkabel wie Ihr Telefon verwenden, um es zu laden. Es ist ganz einfach.<\/p>\n<h2 data-v-md-heading=\"specification-introduction\" data-v-md-line=\"11\">Specification Introduction<\/h2>\n<p data-v-md-line=\"12\"><strong>Suction frequency<\/strong>bis zu 5000 Mal<br \/>\n<strong>Nikotingehalt<\/strong>: 2% Nikotinsalz<br \/>\n<strong>Working principle<\/strong>: Simply inhale to activate<br \/>\n<strong>Charging<\/strong>: Standard Typ-C Schnittstelle<br \/>\n<strong>Status<\/strong>Sofort einsatzbereit nach dem Auspacken<\/p>\n<h2 data-v-md-heading=\"multiple-flavor-options\" data-v-md-line=\"18\">Multiple flavor options<\/h2>\n<ul data-v-md-line=\"19\">\n<li>Watermelon Ice<\/li>\n<li>Erdbeersaft<\/li>\n<li>Traubengelee<\/li>\n<li>Pfirsicheis<\/li>\n<li>Blackberry Ice<\/li>\n<li>Saure Ananas<\/li>\n<li>Zitrone und Limette<\/li>\n<li>Blue Rink Ice<\/li>\n<li>Strawberry Mango<\/li>\n<li>Blueberry Berry<\/li>\n<li>Himbeere Saurer Apfel<\/li>\n<li>Blaubeeren und Himbeeren<\/li>\n<\/ul>\n<h2 data-v-md-heading=\"for-you-for-your-business\" data-v-md-line=\"32\">F\u00fcr Sie, f\u00fcr Ihr Unternehmen<\/h2>\n<p data-v-md-line=\"33\">Sie k\u00f6nnen BUG BC5000 f\u00fcr sich selbst kaufen oder in Ihrem Gesch\u00e4ft anbieten. Wir bieten Gro\u00dfhandel Boxen von 10 Einheiten und gro\u00dfe Boxen von 200 Einheiten, um Gro\u00dfauftrag Anforderungen zu erf\u00fcllen. Das Ger\u00e4t ist mit einem 12-Milliliter-E-Liquid-Reservoir und einem 500mAh-Akku ausgestattet, um sicherzustellen, dass Kunden jeden Tropfen E-Liquid vollst\u00e4ndig nutzen k\u00f6nnen.<\/p>\n<p data-v-md-line=\"35\">F\u00fcr den Versand innerhalb Europas nutzen wir vertrauensw\u00fcrdige Partner wie UPS, DPD und DHL, so dass Tarife und Zollverfahren im Voraus abgewickelt werden k\u00f6nnen und die Sendungsverfolgung eindeutig ist. Aufgrund des Fassungsverm\u00f6gens von 12 Millilitern pr\u00fcfen Sie bitte die \u00f6rtlichen Vorschriften, bevor Sie Nikotinprodukte bestellen.<\/p>\n<h2 data-v-md-heading=\"why-do-you-like-it\" data-v-md-line=\"37\">Why do you like it<\/h2>\n<p data-v-md-line=\"38\"><strong>Gro\u00dfe Saugleistung:<\/strong>\u00a0Langlebig und langlebig, keine Notwendigkeit, h\u00e4ufig neue e-Fl\u00fcssigkeit zu kaufen.<br \/>\n<strong>2% Nikotin:<\/strong>\u00a0M\u00e4\u00dfige Konzentration, vollmundiger Geschmack, aber nicht stechend.<br \/>\n<strong>Rechargeable:<\/strong>\u00a0You can use all purchased e-liquids.<br \/>\n<strong>Mesh-Verdampferkern:<\/strong>\u00a0Der Geschmack ist konsistent, und Sie k\u00f6nnen jedes Mal ein sanftes Saugerlebnis genie\u00dfen.<br \/>\n<strong>Kompakte Struktur:<\/strong>\u00a0Leicht zu tragen, bequemer Griff.<\/p>\n<h2 data-v-md-heading=\"why-choose-to-collaborate-with-agoravape\" data-v-md-line=\"44\">Warum sollten Sie sich f\u00fcr eine Zusammenarbeit mit AgoraVape entscheiden?<\/h2>\n<p data-v-md-line=\"45\">Wir verkaufen nur 100% Originalger\u00e4te und haben keinen Zweifel daran. BUG BC5000 bietet sehr wettbewerbsf\u00e4hige Gro\u00dfhandelspreise, schnelle Reaktion Unterst\u00fctzung und schnelle DDP-Lieferdienste. Wir verwenden sichere Zahlungs-Gateways und leistungsstarke Alters\u00fcberpr\u00fcfungsmechanismen, um die Konformit\u00e4t der Produkte zu gew\u00e4hrleisten. Unser R\u00fcckgaberecht ist klar und eindeutig, so dass Sie unbesorgt kaufen k\u00f6nnen. Sind Sie bereit, ein Ger\u00e4t zu kaufen, das Ihre Kunden immer wieder verwenden werden? Wir freuen uns auf Ihre Anfrage.<\/p>","protected":false},"excerpt":{"rendered":"<p>&nbsp;<\/p>\n<p><script src=\"chrome-extension:\/\/fpelahbljekknahkcaegamhcndkfpfnc\/iFrame.js\" type=\"text\/javascript\"><\/script><\/p>\n<p><script src=\"chrome-extension:\/\/fpelahbljekknahkcaegamhcndkfpfnc\/iFrame.js\" type=\"text\/javascript\"><\/script><\/p>\n<p><script src=\"chrome-extension:\/\/fpelahbljekknahkcaegamhcndkfpfnc\/iFrame.js\" type=\"text\/javascript\"><\/script><\/p>\n<p><script src=\"chrome-extension:\/\/fpelahbljekknahkcaegamhcndkfpfnc\/iFrame.js\" type=\"text\/javascript\"><\/script><\/p>\n<p><script src=\"chrome-extension:\/\/fpelahbljekknahkcaegamhcndkfpfnc\/iFrame.js\" type=\"text\/javascript\"><\/script><\/p>\n<p><script src=\"chrome-extension:\/\/fpelahbljekknahkcaegamhcndkfpfnc\/iFrame.js\" type=\"text\/javascript\"><\/script><\/p>\n<p><script src=\"chrome-extension:\/\/fpelahbljekknahkcaegamhcndkfpfnc\/iFrame.js\" type=\"text\/javascript\"><\/script><\/p>\n<p><script src=\"chrome-extension:\/\/fpelahbljekknahkcaegamhcndkfpfnc\/iFrame.js\" type=\"text\/javascript\"><\/script><\/p>\n<p><script src=\"chrome-extension:\/\/fpelahbljekknahkcaegamhcndkfpfnc\/iFrame.js\" type=\"text\/javascript\"><\/script><\/p>\n<p><script src=\"chrome-extension:\/\/fpelahbljekknahkcaegamhcndkfpfnc\/iFrame.js\" type=\"text\/javascript\"><\/script><\/p>\n<p><script src=\"chrome-extension:\/\/fpelahbljekknahkcaegamhcndkfpfnc\/iFrame.js\" type=\"text\/javascript\"><\/script><\/p>\n<p><script src=\"chrome-extension:\/\/fpelahbljekknahkcaegamhcndkfpfnc\/iFrame.js\" type=\"text\/javascript\"><\/script><\/p>","protected":false},"featured_media":16886,"comment_status":"open","ping_status":"closed","template":"","meta":[],"product_brand":[230],"product_cat":[124,189,184,157,174,175,193,191,173,186,180,190],"product_tag":[],"class_list":{"0":"post-16862","1":"product","2":"type-product","3":"status-publish","4":"has-post-thumbnail","6":"product_brand-bug","7":"product_cat-vape-by-brand","8":"product_cat-20mg-standard-nicotine-vapes","9":"product_cat-5000-8000-puffs","10":"product_cat-bug","11":"product_cat-fruit-flavors","12":"product_cat-icy-mint","13":"product_cat-mesh-coil","14":"product_cat-rechargeable-disposables","15":"product_cat-vape-by-flavor-profile","16":"product_cat-vape-by-nicotine-strength","17":"product_cat-vape-by-puff-count","18":"product_cat-vape-by-feature-or-type","20":"first","21":"onbackorder","22":"shipping-taxable","23":"purchasable","24":"product-type-variable","25":"has-default-attributes"},"tiered_pricing_type":"percentage","tiered_pricing_fixed_rules":[],"tiered_pricing_product_settings":{"layout":"default","base_unit_name":{"singular":null,"plural":null},"default_variation":null},"tiered_pricing_minimum_quantity":10,"tiered_pricing_roles_data":[],"tiered_pricing_percentage_rules":{"30":"29","50":"35","100":"40","200":"44","500":"47","1000":"49"},"tiered_pricing_maximum_quantity":null,"tiered_pricing_quantity_step":"10","_links":{"self":[{"href":"https:\/\/agoravape.com\/de\/wp-json\/wp\/v2\/product\/16862","targetHints":{"allow":["GET"]}}],"collection":[{"href":"https:\/\/agoravape.com\/de\/wp-json\/wp\/v2\/product"}],"about":[{"href":"https:\/\/agoravape.com\/de\/wp-json\/wp\/v2\/types\/product"}],"replies":[{"embeddable":true,"href":"https:\/\/agoravape.com\/de\/wp-json\/wp\/v2\/comments?post=16862"}],"version-history":[{"count":0,"href":"https:\/\/agoravape.com\/de\/wp-json\/wp\/v2\/product\/16862\/revisions"}],"wp:featuredmedia":[{"embeddable":true,"href":"https:\/\/agoravape.com\/de\/wp-json\/wp\/v2\/media\/16886"}],"wp:attachment":[{"href":"https:\/\/agoravape.com\/de\/wp-json\/wp\/v2\/media?parent=16862"}],"wp:term":[{"taxonomy":"product_brand","embeddable":true,"href":"https:\/\/agoravape.com\/de\/wp-json\/wp\/v2\/product_brand?post=16862"},{"taxonomy":"product_cat","embeddable":true,"href":"https:\/\/agoravape.com\/de\/wp-json\/wp\/v2\/product_cat?post=16862"},{"taxonomy":"product_tag","embeddable":true,"href":"https:\/\/agoravape.com\/de\/wp-json\/wp\/v2\/product_tag?post=16862"}],"curies":[{"name":"wp","href":"https:\/\/api.w.org\/{rel}","templated":true}]}}