{"id":16942,"date":"2025-10-18T10:26:29","date_gmt":"2025-10-18T02:26:29","guid":{"rendered":"https:\/\/green-grasshopper-921422.hostingersite.com\/?post_type=product&#038;p=16942"},"modified":"2026-03-31T04:20:48","modified_gmt":"2026-03-31T02:20:48","slug":"bangbox-80000-puffs-dreifach-geschmack-vape","status":"publish","type":"product","link":"https:\/\/agoravape.com\/de\/product\/bangbox-80000-puffs-triple-flavor-vape\/","title":{"rendered":"BANGBOX 80K Puffs Triple Flavor &amp; Triple Coil Vape | Gro\u00dfe Kapazit\u00e4t, einfache allt\u00e4glichen Gebrauch"},"content":{"rendered":"<h2 data-v-md-heading=\"what-is-the-bangbox-80k-triple-flavored-three-coil-vape-like\" data-v-md-line=\"3\"><img loading=\"lazy\" decoding=\"async\" class=\"aligncenter size-full wp-image-16961\" src=\"https:\/\/agoravape.com\/wp-content\/uploads\/2025\/10\/BANGBOX-80K-Puffs-Triple-Flavor-Triple-Coil-Vape_Agora_vape-6.webp\" alt=\"\" width=\"800\" height=\"1605\" srcset=\"https:\/\/agoravape.com\/wp-content\/uploads\/2025\/10\/BANGBOX-80K-Puffs-Triple-Flavor-Triple-Coil-Vape_Agora_vape-6.webp 800w, https:\/\/agoravape.com\/wp-content\/uploads\/2025\/10\/BANGBOX-80K-Puffs-Triple-Flavor-Triple-Coil-Vape_Agora_vape-6-150x300.webp 150w, https:\/\/agoravape.com\/wp-content\/uploads\/2025\/10\/BANGBOX-80K-Puffs-Triple-Flavor-Triple-Coil-Vape_Agora_vape-6-510x1024.webp 510w, https:\/\/agoravape.com\/wp-content\/uploads\/2025\/10\/BANGBOX-80K-Puffs-Triple-Flavor-Triple-Coil-Vape_Agora_vape-6-768x1541.webp 768w, https:\/\/agoravape.com\/wp-content\/uploads\/2025\/10\/BANGBOX-80K-Puffs-Triple-Flavor-Triple-Coil-Vape_Agora_vape-6-766x1536.webp 766w\" sizes=\"auto, (max-width: 800px) 100vw, 800px\" \/><\/h2>\n<h2 data-v-md-heading=\"what-is-the-bangbox-80k-triple-flavored-three-coil-vape-like\" data-v-md-line=\"3\">Wie ist die BANGBOX 80K E-Zigarette mit drei Geschmacksrichtungen und drei Verdampferk\u00f6pfen?<\/h2>\n<p data-v-md-line=\"4\">Sind Sie es leid, dass Einweg-E-Zigaretten zu viel Energie verbrauchen? Dann sollten Sie sich dieses Produkt genauer ansehen. Die BANGBOX 80K bietet eine Kapazit\u00e4t von bis zu 80.000 Z\u00fcgen und ist mit 60 Millilitern E-Liquid ausgestattet, was f\u00fcr eine besonders lange Akkulaufzeit sorgt. Sie vereint drei Geschmacksrichtungen in einem Ger\u00e4t und ist damit ideal f\u00fcr alle, die gerne zwischen verschiedenen Aromen wechseln.<\/p>\n<p data-v-md-line=\"6\">F\u00fcr alle, die zuverl\u00e4ssige Leistung und vollen Geschmack ohne komplizierte Einrichtung w\u00fcnschen, ist dieses Ger\u00e4t die ideale Wahl. Dank der \u00fcbersichtlichen Anzeige f\u00fcr E-Liquid-F\u00fcllstand und Akku haben Sie den Status jederzeit im Blick.<\/p>\n<h2 data-v-md-heading=\"excellent-performance-easy-and-convenient\" data-v-md-line=\"8\">Excellent performance, easy and convenient<\/h2>\n<p data-v-md-line=\"9\">Die Dreifach-Mesh-Coil-Technologie ist das Herzst\u00fcck dieses Ger\u00e4ts. Deshalb bleibt der Geschmack des E-Liquids vom ersten bis zum letzten Zug gleichbleibend. Bei niedrigem Akkustand l\u00e4sst sich das Ger\u00e4t bequem \u00fcber den Standard-USB-C-Anschluss aufladen, der auch von den meisten Smartphones verwendet wird.<\/p>\n<h2 data-v-md-heading=\"specification-introduction\" data-v-md-line=\"11\">Specification Introduction<\/h2>\n<ul data-v-md-line=\"12\">\n<li>Saugfrequenz: bis zu 80000 Mal<\/li>\n<li>Nikotingehalt: 0 %, 2 %, 3 %, 5 %<\/li>\n<li>Funktionsprinzip: Aktivierung mit nur einem Zug<\/li>\n<li>Laden: USB-Typ-C-Schnittstelle<\/li>\n<li>Status: Sofort einsatzbereit<\/li>\n<li>Anzeige f\u00fcr E-Liquid und Akku: im Ger\u00e4t integrierte Kontrollleuchte<\/li>\n<li>E-Liquid-Kapazit\u00e4t: 60 Milliliter<\/li>\n<li>Verdampferkern: Dreifach-Mesh-Verdampferkern, 0,8 Ohm<\/li>\n<li>Akku: 17350-Zellen, 850 mAh, reiner Kobaltakku, 5 A Entladestrom<\/li>\n<li>Gr\u00f6\u00dfe und Gewicht: 46 \u00d7 46 \u00d7 128 Millimeter, 135 Gramm<\/li>\n<\/ul>\n<h2 data-v-md-heading=\"full-flavor-series\" data-v-md-line=\"23\">Full Flavor-Serie<\/h2>\n<p data-v-md-line=\"24\">Jede Geschmacksrichtung bietet drei Geschmackskombinationen:<\/p>\n<ul data-v-md-line=\"25\">\n<li>Erdbeer-Banane + Himbeer-Wassermelone + Liebe 666<\/li>\n<li>Tropische Fr\u00fcchte + Erdbeere, Wassermelone + Zitrone, Pfirsich<\/li>\n<li>Erdbeer-Vanille-Cola + Saurer Apfel-Himbeere + Zitrone-Limette<\/li>\n<li>Doppelt Trauben-Erdbeer-Mango-Heidelbeer-Sauer-Himbeer-Eis<\/li>\n<li>Wassermeloneneis + Erdbeereis + Dreifachmelone<\/li>\n<li>Zitronen-Cola-Limonade + Wassermelonen-Kaugummi + Black Dragon Ice<\/li>\n<li>Dreifachbeeren-Eis + Mango-Pfirsich + Erdbeer-Kiwi<\/li>\n<li>Erdbeereis + Erdbeer-Wassermelone + Ananas-Mango-Pfirsich<\/li>\n<li>Ananas-Kokosnuss + Erdbeereis + Blaubeereis<\/li>\n<li>Eis aus Zitrone, Limette, Mango, Pfirsich, Wassermelone und Blaubeere<\/li>\n<li>Wassermeloneneis + Red Bull + Erdbeerkiwi<\/li>\n<li>Erdbeer-Kiwi + Saure Ananas + Erdbeer-Red Bull<\/li>\n<\/ul>\n<h2 data-v-md-heading=\"for-you-and-your-business\" data-v-md-line=\"38\">For you and your business<\/h2>\n<p data-v-md-line=\"39\">Sie k\u00f6nnen kaufen <a class=\"wpil_keyword_link\" href=\"https:\/\/agoravape.com\/de\/produkt\/bangbox-50000-puffs-dual-geschmack-vape\/\" target=\"_blank\" rel=\"noopener\" title=\"BANGBOX 50K Puffs Dual Flavor Dual Coil Vape Online | Zwei Geschmacksrichtungen. Hohe Zugzahl. Einfaches Aufladen.\" data-wpil-keyword-link=\"linked\" data-wpil-monitor-id=\"7166\">BANGBOX<\/a> 80K for personal use or stock up for your store. Wholesale packaging of 10 pieces per box, convenient for retail shelving and online delivery. For more delivery volume, you can choose between small cardboard boxes of 100 pieces per box or large cardboard boxes of 200 pieces per box.<\/p>\n<p data-v-md-line=\"41\">Wir versenden europaweit mit vertrauensw\u00fcrdigen Partnern wie UPS, DPD und DHL auf Basis von \u201eGeliefert verzollt\u201c (DDP). Dadurch werden Z\u00f6lle im Voraus abgewickelt und es entstehen keine unerwarteten Zollprobleme. Bestellungen sind nachverfolgbar und werden sicher zugestellt.<\/p>\n<h2 data-v-md-heading=\"why-do-you-like-it\" data-v-md-line=\"43\">Why do you like it<\/h2>\n<ul data-v-md-line=\"44\">\n<li>Massives Rauchen: Mit Rauchkartuschen k\u00f6nnen Sie die Anzahl der Nachf\u00fcllungen reduzieren und so Zeit und Energie sparen.<\/li>\n<li>Auswahl des Nikotingehalts: W\u00e4hlen Sie je nach Vorliebe 0 %, 2 %, 3 % oder 5 %.<\/li>\n<li>Wiederaufladbar: Dank des Typ-C-Ladeanschlusses k\u00f6nnen Sie 60 ml E-Liquid vollst\u00e4ndig nutzen, ohne etwas zu verschwenden.<\/li>\n<li>Mesh-Spulen: Dreifaches Mesh-Design f\u00fcr gleichbleibenden und befriedigenden Geschmack.<\/li>\n<li>Klare Kontrollleuchten: Das Display f\u00fcr Akku und E-Liquid zeigt an, wann Akku oder E-Liquid aufgeladen oder ausgetauscht werden muss.<\/li>\n<li>Drei Geschmacksrichtungen in einem: Genie\u00dfen Sie mehrere Geschmacksrichtungen, ohne mehrere Ger\u00e4te mit sich f\u00fchren zu m\u00fcssen.<\/li>\n<\/ul>\n<h2 data-v-md-heading=\"why-choose-to-collaborate-with-agoravape\" data-v-md-line=\"51\">Warum sollten Sie sich f\u00fcr eine Zusammenarbeit mit AgoraVape entscheiden?<\/h2>\n<p data-v-md-line=\"52\">Wir kaufen und verkaufen ausschlie\u00dflich Originalger\u00e4te und bieten Ihnen kompetenten technischen Support. Gewerbliche Kunden profitieren von verg\u00fcnstigten Gro\u00dfhandelspreisen, schnellem, versteuertem Versand und zuverl\u00e4ssigem Service f\u00fcr die BANGBOX 80K Puffs E-Zigarette mit drei Verdampferk\u00f6pfen und drei Geschmacksrichtungen. Wenn Sie ein Ger\u00e4t mit hoher Kapazit\u00e4t und einer hohen Kundenzufriedenheitsrate suchen, kontaktieren Sie uns bitte.<\/p>","protected":false},"excerpt":{"rendered":"<p>&nbsp;<\/p>","protected":false},"featured_media":16960,"comment_status":"open","ping_status":"closed","template":"","meta":[],"product_brand":[231],"product_cat":[124,187,185,189,158,195,174,175,193,191,173,186,180,190,192],"product_tag":[],"class_list":{"0":"post-16942","1":"product","2":"type-product","3":"status-publish","4":"has-post-thumbnail","6":"product_brand-bang-box","7":"product_cat-vape-by-brand","8":"product_cat-0mg-nicotine-free-vapes","9":"product_cat-10000-puffs-high-capacity","10":"product_cat-20mg-standard-nicotine-vapes","11":"product_cat-bang-box","12":"product_cat-dual-flavor-switch","13":"product_cat-fruit-flavors","14":"product_cat-icy-mint","15":"product_cat-mesh-coil","16":"product_cat-rechargeable-disposables","17":"product_cat-vape-by-flavor-profile","18":"product_cat-vape-by-nicotine-strength","19":"product_cat-vape-by-puff-count","20":"product_cat-vape-by-feature-or-type","21":"product_cat-vapes-with-screens","23":"first","24":"instock","25":"shipping-taxable","26":"purchasable","27":"product-type-variable","28":"has-default-attributes"},"tiered_pricing_type":"percentage","tiered_pricing_fixed_rules":[],"tiered_pricing_product_settings":{"layout":"default","base_unit_name":{"singular":null,"plural":null},"default_variation":null},"tiered_pricing_minimum_quantity":10,"tiered_pricing_roles_data":[],"tiered_pricing_percentage_rules":{"30":"29","50":"35","100":"40","200":"44","500":"47","1000":"49"},"tiered_pricing_maximum_quantity":null,"tiered_pricing_quantity_step":"10","_links":{"self":[{"href":"https:\/\/agoravape.com\/de\/wp-json\/wp\/v2\/product\/16942","targetHints":{"allow":["GET"]}}],"collection":[{"href":"https:\/\/agoravape.com\/de\/wp-json\/wp\/v2\/product"}],"about":[{"href":"https:\/\/agoravape.com\/de\/wp-json\/wp\/v2\/types\/product"}],"replies":[{"embeddable":true,"href":"https:\/\/agoravape.com\/de\/wp-json\/wp\/v2\/comments?post=16942"}],"version-history":[{"count":1,"href":"https:\/\/agoravape.com\/de\/wp-json\/wp\/v2\/product\/16942\/revisions"}],"predecessor-version":[{"id":29818,"href":"https:\/\/agoravape.com\/de\/wp-json\/wp\/v2\/product\/16942\/revisions\/29818"}],"wp:featuredmedia":[{"embeddable":true,"href":"https:\/\/agoravape.com\/de\/wp-json\/wp\/v2\/media\/16960"}],"wp:attachment":[{"href":"https:\/\/agoravape.com\/de\/wp-json\/wp\/v2\/media?parent=16942"}],"wp:term":[{"taxonomy":"product_brand","embeddable":true,"href":"https:\/\/agoravape.com\/de\/wp-json\/wp\/v2\/product_brand?post=16942"},{"taxonomy":"product_cat","embeddable":true,"href":"https:\/\/agoravape.com\/de\/wp-json\/wp\/v2\/product_cat?post=16942"},{"taxonomy":"product_tag","embeddable":true,"href":"https:\/\/agoravape.com\/de\/wp-json\/wp\/v2\/product_tag?post=16942"}],"curies":[{"name":"wp","href":"https:\/\/api.w.org\/{rel}","templated":true}]}}