{"id":16994,"date":"2025-10-18T10:58:12","date_gmt":"2025-10-18T02:58:12","guid":{"rendered":"https:\/\/green-grasshopper-921422.hostingersite.com\/?post_type=product&#038;p=16994"},"modified":"2026-03-31T04:20:46","modified_gmt":"2026-03-31T02:20:46","slug":"bangbox-12000-puffs-vape","status":"publish","type":"product","link":"https:\/\/agoravape.com\/de\/product\/bangbox-12000-puffs-vape\/","title":{"rendered":"BANGBOX Wiederaufladbare E-Zigarette mit Licht f\u00fcr 12.000 Z\u00fcge | Gro\u00dfe Z\u00fcge, einfaches Aufladen"},"content":{"rendered":"<h2 data-v-md-heading=\"what-is-the-bangbox-12000-rechargeable-vape-with-a-light\" data-v-md-line=\"3\"><img loading=\"lazy\" decoding=\"async\" class=\"aligncenter size-full wp-image-17008\" src=\"https:\/\/agoravape.com\/wp-content\/uploads\/2025\/10\/BANGBOX-12000-Puffs-Rechargeable-Vape-with-Light_Agora_vape-2.webp\" alt=\"\" width=\"2500\" height=\"1406\" srcset=\"https:\/\/agoravape.com\/wp-content\/uploads\/2025\/10\/BANGBOX-12000-Puffs-Rechargeable-Vape-with-Light_Agora_vape-2.webp 2500w, https:\/\/agoravape.com\/wp-content\/uploads\/2025\/10\/BANGBOX-12000-Puffs-Rechargeable-Vape-with-Light_Agora_vape-2-1200x675.webp 1200w, https:\/\/agoravape.com\/wp-content\/uploads\/2025\/10\/BANGBOX-12000-Puffs-Rechargeable-Vape-with-Light_Agora_vape-2-300x169.webp 300w, https:\/\/agoravape.com\/wp-content\/uploads\/2025\/10\/BANGBOX-12000-Puffs-Rechargeable-Vape-with-Light_Agora_vape-2-1024x576.webp 1024w, https:\/\/agoravape.com\/wp-content\/uploads\/2025\/10\/BANGBOX-12000-Puffs-Rechargeable-Vape-with-Light_Agora_vape-2-768x432.webp 768w, https:\/\/agoravape.com\/wp-content\/uploads\/2025\/10\/BANGBOX-12000-Puffs-Rechargeable-Vape-with-Light_Agora_vape-2-1536x864.webp 1536w, https:\/\/agoravape.com\/wp-content\/uploads\/2025\/10\/BANGBOX-12000-Puffs-Rechargeable-Vape-with-Light_Agora_vape-2-2048x1152.webp 2048w\" sizes=\"auto, (max-width: 2500px) 100vw, 2500px\" \/><\/h2>\n<h2 data-v-md-heading=\"what-is-the-bangbox-12000-rechargeable-vape-with-a-light\" data-v-md-line=\"3\">Was ist die wiederaufladbare E-Zigarette BANGBOX 12000 mit Licht?<\/h2>\n<p data-v-md-line=\"4\">Sind Sie es leid, Einweg-E-Zigaretten schnell aufzubrauchen? Dann sollten Sie dieses Modell unbedingt ausprobieren. Die BANGBOX 12000 ist mit einem Akku ausgestattet und wird mit 20 ml E-Liquid geliefert. Damit genie\u00dfen Sie bis zu 12.000 Z\u00fcge und erhalten ein hervorragendes Preis-Leistungs-Verh\u00e4ltnis.<\/p>\n<p data-v-md-line=\"6\">Wenn Sie eine einfache und zuverl\u00e4ssige E-Zigarette suchen, mit der Sie jederzeit unkompliziert k\u00f6stliche Speisen genie\u00dfen k\u00f6nnen, ist diese E-Zigarette die ideale Wahl. Sie verf\u00fcgt \u00fcber eine sanfte Lampenschirmbeleuchtung, die ihr einen Hauch von Eleganz verleiht, ohne dabei aufdringlich zu wirken. Das Geh\u00e4use ist robust und dennoch kompakt. Mit einem Gewicht von nur 84 Gramm und Abmessungen von 137 x 40 x 40 Millimetern passt sie problemlos in jede Tasche.<\/p>\n<h2 data-v-md-heading=\"excellent-performance-and-easy-operation\" data-v-md-line=\"8\">Hervorragende Leistung und einfache Bedienung<\/h2>\n<p data-v-md-line=\"9\">Das Herzst\u00fcck dieses Ger\u00e4ts ist die Mesh-Spule, die f\u00fcr gleichbleibenden Geschmack vom ersten bis zum letzten Zug sorgt. Es gibt keine Probleme mit schwacher Saugkraft oder Trockensaugen. Bei niedrigem Akkustand laden Sie das Ger\u00e4t einfach \u00fcber denselben USB-C-Anschluss wie Ihr Handy auf. Ganz einfach.<\/p>\n<h2 data-v-md-heading=\"specification-introduction\" data-v-md-line=\"11\">Specification Introduction<\/h2>\n<p data-v-md-line=\"12\"><strong>Suction frequency<\/strong>bis zu 12000 Mal<br \/>\n<strong>Nikotin<\/strong>0 %, 2 %, 3 % und 5 % (optional)<br \/>\n<strong>Working principle<\/strong>: Wird durch Einatmen aktiviert<br \/>\n<strong>Charging<\/strong>Standardm\u00e4\u00dfige USB-Typ-C-Schnittstelle<br \/>\n<strong>Status<\/strong>Sofort einsatzbereit nach dem Auspacken<\/p>\n<h2 data-v-md-heading=\"full-range-of-flavors\" data-v-md-line=\"18\">Full range of flavors<\/h2>\n<ul data-v-md-line=\"19\">\n<li>Erdbeere und Banane<\/li>\n<li>Kiwi, Passionsfrucht, Guave<\/li>\n<li>Strawberry kiwi fruit<\/li>\n<li>Schwarzes Dracheneis<\/li>\n<li>Saurer Apfel Himbeere<\/li>\n<li>Watermelon Bubble Gum<\/li>\n<li>Strawberry watermelon<\/li>\n<li>Erdbeersaft<\/li>\n<li>Watermelon Ice<\/li>\n<li>Wassermelonenmann<\/li>\n<li>Blue Rink Ice<\/li>\n<\/ul>\n<p><img loading=\"lazy\" decoding=\"async\" class=\"aligncenter size-full wp-image-16993\" src=\"https:\/\/agoravape.com\/wp-content\/uploads\/2025\/10\/BANGBOX-12000-Puffs-Rechargeable-Vape-with-Light_Agora_vape-1-scaled.webp\" alt=\"\" width=\"1693\" height=\"2560\" srcset=\"https:\/\/agoravape.com\/wp-content\/uploads\/2025\/10\/BANGBOX-12000-Puffs-Rechargeable-Vape-with-Light_Agora_vape-1-scaled.webp 1693w, https:\/\/agoravape.com\/wp-content\/uploads\/2025\/10\/BANGBOX-12000-Puffs-Rechargeable-Vape-with-Light_Agora_vape-1-scaled-1200x1815.webp 1200w, https:\/\/agoravape.com\/wp-content\/uploads\/2025\/10\/BANGBOX-12000-Puffs-Rechargeable-Vape-with-Light_Agora_vape-1-198x300.webp 198w, https:\/\/agoravape.com\/wp-content\/uploads\/2025\/10\/BANGBOX-12000-Puffs-Rechargeable-Vape-with-Light_Agora_vape-1-677x1024.webp 677w, https:\/\/agoravape.com\/wp-content\/uploads\/2025\/10\/BANGBOX-12000-Puffs-Rechargeable-Vape-with-Light_Agora_vape-1-768x1161.webp 768w, https:\/\/agoravape.com\/wp-content\/uploads\/2025\/10\/BANGBOX-12000-Puffs-Rechargeable-Vape-with-Light_Agora_vape-1-1016x1536.webp 1016w, https:\/\/agoravape.com\/wp-content\/uploads\/2025\/10\/BANGBOX-12000-Puffs-Rechargeable-Vape-with-Light_Agora_vape-1-1355x2048.webp 1355w\" sizes=\"auto, (max-width: 1693px) 100vw, 1693px\" \/><\/p>\n<h2 data-v-md-heading=\"for-you-and-your-business\" data-v-md-line=\"31\">For you and your business<\/h2>\n<p data-v-md-line=\"32\">Sie k\u00f6nnen eine BANGBOX 12000 f\u00fcr den pers\u00f6nlichen Gebrauch erwerben oder 10 St\u00fcck pro Karton in gr\u00f6\u00dferen Mengen bestellen. Planen Sie eine Serienproduktion? Jeder Karton enth\u00e4lt 200 St\u00fcck, was die Nachbestellung vereinfacht. Wir arbeiten mit zuverl\u00e4ssigen Partnern wie UPS, DPD und DHL zusammen, um Waren europaweit verzollt und verzollt (DDP) zu versenden und so Probleme mit dem Zoll zu vermeiden.<\/p>\n<h2 data-v-md-heading=\"why-do-you-like-it\" data-v-md-line=\"34\">Why do you like it<\/h2>\n<p data-v-md-line=\"35\"><strong>Gro\u00dfes Rauchervolumen:<\/strong>\u00a0Langlebig und ergiebig, sodass Sie nicht st\u00e4ndig neue Zigaretten kaufen m\u00fcssen.<br \/>\n<strong>Nicotine selection:<\/strong>\u00a0W\u00e4hlen Sie die Nikotinkonzentration, die f\u00fcr Ihren Tag geeignet ist.<br \/>\n<strong>Rechargeable:<\/strong>\u00a0Verbrauchen Sie alle E-Liquids tropfenweise.<br \/>\n<strong>Mesh coil:<\/strong>\u00a0Gleichbleibender Geschmack und ein angenehmes Geschmackserlebnis.<\/p>\n<h2 data-v-md-heading=\"why-choose-agoravape\" data-v-md-line=\"40\">Why choose AgoraVape?<\/h2>\n<p data-v-md-line=\"41\">Wir verkaufen ausschlie\u00dflich 100% Originalprodukte \u2013 daran haben wir keinen Zweifel. F\u00fcr gewerbliche Abnehmer bedeutet das: Die wiederaufladbaren BANGBOX 12000 Vapes (mit Beleuchtung) bieten \u00e4u\u00dferst wettbewerbsf\u00e4hige Gro\u00dfhandelspreise, zuverl\u00e4ssigen Support und schnellen, zuverl\u00e4ssigen Versand innerhalb Europas. Kontaktieren Sie uns, um Ihren Kunden einen Vorrat anzulegen und sie zu einem erneuten Besuch zu bewegen.<\/p>","protected":false},"excerpt":{"rendered":"<p>&nbsp;<\/p>","protected":false},"featured_media":17019,"comment_status":"open","ping_status":"closed","template":"","meta":[],"product_brand":[231],"product_cat":[124,187,185,1634,189,158,174,175,193,191,173,186,180,190],"product_tag":[],"class_list":{"0":"post-16994","1":"product","2":"type-product","3":"status-publish","4":"has-post-thumbnail","6":"product_brand-bang-box","7":"product_cat-vape-by-brand","8":"product_cat-0mg-nicotine-free-vapes","9":"product_cat-10000-puffs-high-capacity","10":"product_cat-12000-puffs","11":"product_cat-20mg-standard-nicotine-vapes","12":"product_cat-bang-box","13":"product_cat-fruit-flavors","14":"product_cat-icy-mint","15":"product_cat-mesh-coil","16":"product_cat-rechargeable-disposables","17":"product_cat-vape-by-flavor-profile","18":"product_cat-vape-by-nicotine-strength","19":"product_cat-vape-by-puff-count","20":"product_cat-vape-by-feature-or-type","22":"first","23":"onbackorder","24":"shipping-taxable","25":"purchasable","26":"product-type-variable","27":"has-default-attributes"},"tiered_pricing_type":"percentage","tiered_pricing_fixed_rules":[],"tiered_pricing_product_settings":{"layout":"default","base_unit_name":{"singular":null,"plural":null},"default_variation":null},"tiered_pricing_minimum_quantity":10,"tiered_pricing_roles_data":[],"tiered_pricing_percentage_rules":{"30":"29","50":"35","100":"40","200":"44","500":"47","1000":"49"},"tiered_pricing_maximum_quantity":null,"tiered_pricing_quantity_step":"10","_links":{"self":[{"href":"https:\/\/agoravape.com\/de\/wp-json\/wp\/v2\/product\/16994","targetHints":{"allow":["GET"]}}],"collection":[{"href":"https:\/\/agoravape.com\/de\/wp-json\/wp\/v2\/product"}],"about":[{"href":"https:\/\/agoravape.com\/de\/wp-json\/wp\/v2\/types\/product"}],"replies":[{"embeddable":true,"href":"https:\/\/agoravape.com\/de\/wp-json\/wp\/v2\/comments?post=16994"}],"version-history":[{"count":1,"href":"https:\/\/agoravape.com\/de\/wp-json\/wp\/v2\/product\/16994\/revisions"}],"predecessor-version":[{"id":29817,"href":"https:\/\/agoravape.com\/de\/wp-json\/wp\/v2\/product\/16994\/revisions\/29817"}],"wp:featuredmedia":[{"embeddable":true,"href":"https:\/\/agoravape.com\/de\/wp-json\/wp\/v2\/media\/17019"}],"wp:attachment":[{"href":"https:\/\/agoravape.com\/de\/wp-json\/wp\/v2\/media?parent=16994"}],"wp:term":[{"taxonomy":"product_brand","embeddable":true,"href":"https:\/\/agoravape.com\/de\/wp-json\/wp\/v2\/product_brand?post=16994"},{"taxonomy":"product_cat","embeddable":true,"href":"https:\/\/agoravape.com\/de\/wp-json\/wp\/v2\/product_cat?post=16994"},{"taxonomy":"product_tag","embeddable":true,"href":"https:\/\/agoravape.com\/de\/wp-json\/wp\/v2\/product_tag?post=16994"}],"curies":[{"name":"wp","href":"https:\/\/api.w.org\/{rel}","templated":true}]}}