{"id":17136,"date":"2025-10-18T12:30:30","date_gmt":"2025-10-18T04:30:30","guid":{"rendered":"https:\/\/green-grasshopper-921422.hostingersite.com\/?post_type=product&#038;p=17136"},"modified":"2026-03-31T01:41:40","modified_gmt":"2026-03-30T23:41:40","slug":"bangbox-35000-puffs-vape","status":"publish","type":"product","link":"https:\/\/agoravape.com\/de\/product\/bangbox-35000-puffs-vape\/","title":{"rendered":"BANGBOX Einweg-E-Zigarette mit 35.000 Z\u00fcgen und einstellbarer Leistung | Gro\u00dfes Fassungsverm\u00f6gen, einfache Bedienung"},"content":{"rendered":"<h2 data-v-md-heading=\"what-is-special-about-bangbox-35k-disposable-vape-with-adjustable-power\" data-v-md-line=\"3\"><img loading=\"lazy\" decoding=\"async\" class=\"aligncenter size-full wp-image-17133\" src=\"https:\/\/agoravape.com\/wp-content\/uploads\/2025\/10\/BANGBOX-35K-Puffs-Adjustable-Power-Disposable-Vape_Agora_vape-1-scaled.webp\" alt=\"\" width=\"2560\" height=\"1805\" srcset=\"https:\/\/agoravape.com\/wp-content\/uploads\/2025\/10\/BANGBOX-35K-Puffs-Adjustable-Power-Disposable-Vape_Agora_vape-1-scaled.webp 2560w, https:\/\/agoravape.com\/wp-content\/uploads\/2025\/10\/BANGBOX-35K-Puffs-Adjustable-Power-Disposable-Vape_Agora_vape-1-scaled-1200x846.webp 1200w, https:\/\/agoravape.com\/wp-content\/uploads\/2025\/10\/BANGBOX-35K-Puffs-Adjustable-Power-Disposable-Vape_Agora_vape-1-300x212.webp 300w, https:\/\/agoravape.com\/wp-content\/uploads\/2025\/10\/BANGBOX-35K-Puffs-Adjustable-Power-Disposable-Vape_Agora_vape-1-1024x722.webp 1024w, https:\/\/agoravape.com\/wp-content\/uploads\/2025\/10\/BANGBOX-35K-Puffs-Adjustable-Power-Disposable-Vape_Agora_vape-1-768x542.webp 768w, https:\/\/agoravape.com\/wp-content\/uploads\/2025\/10\/BANGBOX-35K-Puffs-Adjustable-Power-Disposable-Vape_Agora_vape-1-1536x1083.webp 1536w, https:\/\/agoravape.com\/wp-content\/uploads\/2025\/10\/BANGBOX-35K-Puffs-Adjustable-Power-Disposable-Vape_Agora_vape-1-2048x1444.webp 2048w\" sizes=\"auto, (max-width: 2560px) 100vw, 2560px\" \/><\/h2>\n<h2 data-v-md-heading=\"what-is-special-about-bangbox-35k-disposable-vape-with-adjustable-power\" data-v-md-line=\"3\">Was ist das Besondere an der BANGBOX 35K Einweg-E-Zigarette mit einstellbarer Leistung?<\/h2>\n<p data-v-md-line=\"4\">Sind Sie genervt von Einweg-E-Zigaretten, die zu viel Strom verbrauchen? Dann sollten Sie sich dieses Produkt unbedingt ansehen. Die BANGBOX 35K Einweg-E-Zigarette mit einstellbarer Leistung bietet bis zu 35.000 Z\u00fcge und erm\u00f6glicht es Ihnen, die Zuganzahl je nach Lust und Laune anzupassen.<\/p>\n<p data-v-md-line=\"6\">F\u00fcr alle, die eine zuverl\u00e4ssige, genussvolle und praktische E-Zigarette suchen, ist dieses Ger\u00e4t die ideale Wahl. Dank der \u00fcbersichtlichen Akku- und Liquidanzeige wissen Sie immer, wann Sie laden m\u00fcssen oder der Akku fast leer ist. Trotz des gro\u00dfen Fassungsverm\u00f6gens wirkt die E-Zigarette vielleicht etwas klobig, passt aber problemlos in eine Jackentasche.<\/p>\n<h2 data-v-md-heading=\"excellent-performance-easy-and-convenient\" data-v-md-line=\"8\">Excellent performance, easy and convenient<\/h2>\n<p data-v-md-line=\"9\">Die 0,8 \u03a9 Doppel-Mesh-Coils garantieren gleichbleibenden Geschmack vom ersten bis zum letzten Zug. Dank Zugautomatik ist keine Bedienung per Knopfdruck n\u00f6tig. Bei niedrigem Akkustand einfach an das USB-C-Datenkabel anschlie\u00dfen, das m\u00f6glicherweise bereits mit dem Smartphone verbunden ist. Ganz einfach.<\/p>\n<h2 data-v-md-heading=\"specification-overview\" data-v-md-line=\"11\">Specification Overview<\/h2>\n<p data-v-md-line=\"12\"><strong>Anzahl der Saugvorg\u00e4nge<\/strong>: bis zu 35000 Saugvorg\u00e4nge<br \/>\n<strong>Nicotine content<\/strong>: 0 %, 2 %, 3 % oder 5 %<br \/>\n<strong>Working principle<\/strong>Aktivierung mit nur einem Zug<br \/>\n<strong>Charging<\/strong>Standardm\u00e4\u00dfige USB-Typ-C-Schnittstelle<br \/>\n<strong>Status<\/strong>Sofort einsatzbereit nach dem Auspacken<br \/>\n<strong>E-Liquid-Kapazit\u00e4t<\/strong>35 Milliliter<br \/>\n<strong>Zerst\u00e4uberkern<\/strong>: 0,8 \u03a9 Doppelspule<br \/>\n<strong>Leistung<\/strong>Einstellbarer Ausgang<br \/>\n<strong>Bildschirm<\/strong>: Akku- und E-Liquid-Anzeigeleuchten<br \/>\n<strong>Gr\u00f6\u00dfe und Gewicht<\/strong>115 \u00d7 68 \u00d7 33 Millimeter, 105 Gramm<\/p>\n<h2 data-v-md-heading=\"full-range-of-flavors\" data-v-md-line=\"23\">Full range of flavors<\/h2>\n<ul data-v-md-line=\"24\">\n<li>Strawberry kiwi fruit<\/li>\n<li>Blaubeer-Smoothie<\/li>\n<li>Strawberry watermelon<\/li>\n<li>Passionsfrucht<\/li>\n<li>Zitronen-Cola-Limonade<\/li>\n<li>Wassermelonen-Smoothie<\/li>\n<li>Watermelon Bubble Gum<\/li>\n<li>Kiwi, Passionsfrucht, Guave<\/li>\n<li>Blaubeer-Smoothie<\/li>\n<li>Wassermelonenkirsche<\/li>\n<li>Red Bull<\/li>\n<li>Minze-Grapefruit<\/li>\n<\/ul>\n<h2 data-v-md-heading=\"for-you-and-for-your-business-as-well\" data-v-md-line=\"37\">For you, and for your business as well<\/h2>\n<p data-v-md-line=\"38\">Sie k\u00f6nnen w\u00e4hlen <a class=\"wpil_keyword_link\" href=\"https:\/\/agoravape.com\/de\/verdampfen-nach-marke\/peng-box\/\" target=\"_blank\" rel=\"noopener\" title=\"BANG BOX\" data-wpil-keyword-link=\"linked\" data-wpil-monitor-id=\"7110\">BANGBOX<\/a> 35.000 St\u00fcck f\u00fcr den pers\u00f6nlichen Gebrauch oder zum Verkauf in Ihrem Gesch\u00e4ft. Gro\u00dfhandelsverpackung mit 10 Einheiten pro Karton f\u00fcr eine einfache Lagerverwaltung. Bei Gro\u00dfbestellungen k\u00f6nnen Sie zwischen einem kleinen Karton mit 100 Einheiten oder einem gro\u00dfen Karton mit 200 Einheiten w\u00e4hlen.<\/p>\n<p data-v-md-line=\"40\">Wir nutzen vertrauensw\u00fcrdige Partner wie UPS, DPD und DHL, um Ihre Waren in ganz Europa auf Basis von Delivered Duty Paid (DDP) zu versenden. Dies gew\u00e4hrleistet eine schnelle Lieferung und vermeidet Probleme mit dem Zoll.<\/p>\n<h2 data-v-md-heading=\"why-do-you-like-it\" data-v-md-line=\"42\">Why do you like it<\/h2>\n<p data-v-md-line=\"43\"><strong>Large caliber:<\/strong>\u00a0Langlebig und robust, die Ger\u00e4te m\u00fcssen nicht alle paar Tage ausgetauscht werden.<br \/>\n<strong>Nikotinauswahl<\/strong>Vier Nikotinkonzentrationen erm\u00f6glichen Ihnen die Feinabstimmung des gew\u00fcnschten Zuges.<br \/>\n<strong>Wiederaufladbar<\/strong>Sie k\u00f6nnen alle gekauften E-Liquids auf einmal verwenden, ohne sie vorher entsorgen zu m\u00fcssen.<br \/>\n<strong>Drahtspule<\/strong>Jeder Saugsto\u00df sorgt f\u00fcr gleichm\u00e4\u00dfigen Dampf und einen gleichbleibenden Geschmack.<br \/>\n<strong>Einstellbare Leistung<\/strong>Eine Erh\u00f6hung der Leistung sorgt f\u00fcr einen kr\u00e4ftigeren Geschmack, w\u00e4hrend eine Verringerung der Leistung einen milderen Geschmack ergibt.<br \/>\n<strong>Klare Anzeige<\/strong>: \u00dcberpr\u00fcfen Sie den verbleibenden Akku- und E-Liquid-Stand auf einen Blick, damit Sie jederzeit bereit sind.<\/p>\n<h2 data-v-md-heading=\"why-choose-agoravape\" data-v-md-line=\"50\">Why choose AgoraVape?<\/h2>\n<p data-v-md-line=\"51\">We only purchase 100% genuine equipment from trustworthy manufacturers. <a class=\"wpil_keyword_link\" href=\"https:\/\/agoravape.com\/de\/marke\/peng-box\/\" target=\"_blank\" rel=\"noopener\" title=\"BANG BOX\" data-wpil-keyword-link=\"linked\" data-wpil-monitor-id=\"7160\">BANGBOX<\/a> 35K adjustable power disposable vape, you will receive highly competitive wholesale prices, fast response support, and fast DDP delivery services within the European Union. We are responsible for compliance and age verification, ensuring you can sell with peace of mind. Please contact our team to reserve equipment worth returning to for your customers.<\/p>","protected":false},"excerpt":{"rendered":"<p>&nbsp;<\/p>","protected":false},"featured_media":17159,"comment_status":"open","ping_status":"closed","template":"","meta":[],"product_brand":[231],"product_cat":[124,187,185,189,158,174,175,193,191,173,186,180,190,192],"product_tag":[],"class_list":{"0":"post-17136","1":"product","2":"type-product","3":"status-publish","4":"has-post-thumbnail","6":"product_brand-bang-box","7":"product_cat-vape-by-brand","8":"product_cat-0mg-nicotine-free-vapes","9":"product_cat-10000-puffs-high-capacity","10":"product_cat-20mg-standard-nicotine-vapes","11":"product_cat-bang-box","12":"product_cat-fruit-flavors","13":"product_cat-icy-mint","14":"product_cat-mesh-coil","15":"product_cat-rechargeable-disposables","16":"product_cat-vape-by-flavor-profile","17":"product_cat-vape-by-nicotine-strength","18":"product_cat-vape-by-puff-count","19":"product_cat-vape-by-feature-or-type","20":"product_cat-vapes-with-screens","22":"first","23":"onbackorder","24":"shipping-taxable","25":"purchasable","26":"product-type-variable","27":"has-default-attributes"},"tiered_pricing_type":"percentage","tiered_pricing_fixed_rules":[],"tiered_pricing_product_settings":{"layout":"default","base_unit_name":{"singular":null,"plural":null},"default_variation":null},"tiered_pricing_minimum_quantity":10,"tiered_pricing_roles_data":[],"tiered_pricing_percentage_rules":{"30":"29","50":"35","100":"40","200":"44","500":"47","1000":"49"},"tiered_pricing_maximum_quantity":null,"tiered_pricing_quantity_step":"10","_links":{"self":[{"href":"https:\/\/agoravape.com\/de\/wp-json\/wp\/v2\/product\/17136","targetHints":{"allow":["GET"]}}],"collection":[{"href":"https:\/\/agoravape.com\/de\/wp-json\/wp\/v2\/product"}],"about":[{"href":"https:\/\/agoravape.com\/de\/wp-json\/wp\/v2\/types\/product"}],"replies":[{"embeddable":true,"href":"https:\/\/agoravape.com\/de\/wp-json\/wp\/v2\/comments?post=17136"}],"version-history":[{"count":2,"href":"https:\/\/agoravape.com\/de\/wp-json\/wp\/v2\/product\/17136\/revisions"}],"predecessor-version":[{"id":29812,"href":"https:\/\/agoravape.com\/de\/wp-json\/wp\/v2\/product\/17136\/revisions\/29812"}],"wp:featuredmedia":[{"embeddable":true,"href":"https:\/\/agoravape.com\/de\/wp-json\/wp\/v2\/media\/17159"}],"wp:attachment":[{"href":"https:\/\/agoravape.com\/de\/wp-json\/wp\/v2\/media?parent=17136"}],"wp:term":[{"taxonomy":"product_brand","embeddable":true,"href":"https:\/\/agoravape.com\/de\/wp-json\/wp\/v2\/product_brand?post=17136"},{"taxonomy":"product_cat","embeddable":true,"href":"https:\/\/agoravape.com\/de\/wp-json\/wp\/v2\/product_cat?post=17136"},{"taxonomy":"product_tag","embeddable":true,"href":"https:\/\/agoravape.com\/de\/wp-json\/wp\/v2\/product_tag?post=17136"}],"curies":[{"name":"wp","href":"https:\/\/api.w.org\/{rel}","templated":true}]}}