{"id":17167,"date":"2025-10-18T14:02:56","date_gmt":"2025-10-18T06:02:56","guid":{"rendered":"https:\/\/green-grasshopper-921422.hostingersite.com\/?post_type=product&#038;p=17167"},"modified":"2026-01-19T22:01:16","modified_gmt":"2026-01-19T14:01:16","slug":"wga-30k-puffs-dual-geschmack-tpd-vape","status":"publish","type":"product","link":"https:\/\/agoravape.com\/de\/product\/wga-30k-puffs-dual-flavor-tpd-vape\/","title":{"rendered":"WGA 30k Puffs Dual Flavor TPD-konformes Vape-Kit | Gro\u00dfes Leben, zwei Geschmacksrichtungen, kein Aufwand"},"content":{"rendered":"<h2 data-v-md-heading=\"what-is-special-about-the-wga-30k-dual-flavor-tpd-compatible-vape-set\" data-v-md-line=\"3\"><img loading=\"lazy\" decoding=\"async\" class=\"aligncenter size-full wp-image-17166\" src=\"https:\/\/agoravape.com\/wp-content\/uploads\/2025\/10\/WGA-30k-Puffs-Dual-Flavor-TPD-Compliant-Vape-Kit_Agora_vape-6.webp\" alt=\"\" width=\"1920\" height=\"874\" srcset=\"https:\/\/agoravape.com\/wp-content\/uploads\/2025\/10\/WGA-30k-Puffs-Dual-Flavor-TPD-Compliant-Vape-Kit_Agora_vape-6.webp 1920w, https:\/\/agoravape.com\/wp-content\/uploads\/2025\/10\/WGA-30k-Puffs-Dual-Flavor-TPD-Compliant-Vape-Kit_Agora_vape-6-1200x546.webp 1200w, https:\/\/agoravape.com\/wp-content\/uploads\/2025\/10\/WGA-30k-Puffs-Dual-Flavor-TPD-Compliant-Vape-Kit_Agora_vape-6-300x137.webp 300w, https:\/\/agoravape.com\/wp-content\/uploads\/2025\/10\/WGA-30k-Puffs-Dual-Flavor-TPD-Compliant-Vape-Kit_Agora_vape-6-1024x466.webp 1024w, https:\/\/agoravape.com\/wp-content\/uploads\/2025\/10\/WGA-30k-Puffs-Dual-Flavor-TPD-Compliant-Vape-Kit_Agora_vape-6-768x350.webp 768w, https:\/\/agoravape.com\/wp-content\/uploads\/2025\/10\/WGA-30k-Puffs-Dual-Flavor-TPD-Compliant-Vape-Kit_Agora_vape-6-1536x699.webp 1536w\" sizes=\"auto, (max-width: 1920px) 100vw, 1920px\" \/><\/h2>\n<h2 data-v-md-heading=\"what-is-special-about-the-wga-30k-dual-flavor-tpd-compatible-vape-set\" data-v-md-line=\"3\">Was ist das Besondere am WGA 30k Dual Flavor TPD-kompatiblen Vape-Set?<\/h2>\n<p data-v-md-line=\"4\">Sind Sie es leid, st\u00e4ndig Ihr Ger\u00e4t zu wechseln? Dieses Set wird Ihnen das Leben erleichtern. Die WGA 30k erf\u00fcllt die TPD-Standards und bietet bis zu 30.000 Dampfzyklen. Das stylische, wiederaufladbare Ger\u00e4t verf\u00fcgt \u00fcber ein vorinstalliertes 2-ml-E-Liquid-Fach und zwei 10-ml-Nikotinsalzfl\u00e4schchen. So genie\u00dfen Sie langanhaltenden Geschmack, ohne gegen die TPD-Richtlinien zu versto\u00dfen.<\/p>\n<p data-v-md-line=\"6\">Es eignet sich f\u00fcr jeden Nutzer, der Wert auf zuverl\u00e4ssige Leistung und einfache Wartung legt. Keine Men\u00fcs, keine umst\u00e4ndlichen Bedienungen. Nur ein satter Klang und ein Akku, der \u00fcber ein USB-C-Kabel aufgeladen werden kann.<\/p>\n<h2 data-v-md-heading=\"excellent-performance-easy-to-handle\" data-v-md-line=\"8\">Hervorragende Leistung, einfache Handhabung<\/h2>\n<p data-v-md-line=\"9\">Die Doppel-Mesh-Spule ist das Herzst\u00fcck dieses Sets. Deshalb ist jeder Zug so k\u00f6stlich wie der erste. Das Ger\u00e4t zeigt \u00fcbersichtlich den F\u00fcllstand des E-Liquids und den Akkustand an, sodass Sie immer alles im Blick haben. Bei niedrigem Akkustand k\u00f6nnen Sie das Ger\u00e4t \u00fcber den USB-C-Anschluss verbinden. Das Datenkabel ist m\u00f6glicherweise identisch mit dem Ihres Smartphones. Einfach und bequem.<\/p>\n<p data-v-md-line=\"11\">Man k\u00f6nnte meinen, dass die TPD-Beschr\u00e4nkungen eine k\u00fcrzere Nutzungsdauer bedeuten, aber das Doppelflaschen-Design erm\u00f6glicht eine l\u00e4ngere Nutzungsdauer.<\/p>\n<h2 data-v-md-heading=\"specification-introduction\" data-v-md-line=\"13\">Specification Introduction<\/h2>\n<ul data-v-md-line=\"14\">\n<li>Saugfrequenz: bis zu 30000 Mal<\/li>\n<li>Nikotin: Nikotinsalz, entspricht den TPD-Standards (Konzentration variiert je nach Markt)<\/li>\n<li>Funktionsprinzip: Aktivierung durch Einatmen<\/li>\n<li>Charging: Standard Type-C USB interface<\/li>\n<li>Status: Sofort einsatzbereit<\/li>\n<\/ul>\n<h2 data-v-md-heading=\"full-range-of-flavors\" data-v-md-line=\"20\">Full range of flavors<\/h2>\n<ul data-v-md-line=\"21\">\n<li>Blaubeer-, Himbeer- und Kirschgeschmack<\/li>\n<li>Blaubeer- und Zitronenwassergeschmack<\/li>\n<li>Teddyb\u00e4r-Gummib\u00e4rchengeschmack<\/li>\n<li>Mango-, Pfirsich- und Wassermelonengeschmack<\/li>\n<li>Und mehr Auswahl bei 27 Geschmacksrichtungen<\/li>\n<\/ul>\n<p><img loading=\"lazy\" decoding=\"async\" class=\"aligncenter size-full wp-image-17161\" src=\"https:\/\/agoravape.com\/wp-content\/uploads\/2025\/10\/WGA-30k-Puffs-Dual-Flavor-TPD-Compliant-Vape-Kit_Agora_vape-1.webp\" alt=\"\" width=\"1920\" height=\"753\" srcset=\"https:\/\/agoravape.com\/wp-content\/uploads\/2025\/10\/WGA-30k-Puffs-Dual-Flavor-TPD-Compliant-Vape-Kit_Agora_vape-1.webp 1920w, https:\/\/agoravape.com\/wp-content\/uploads\/2025\/10\/WGA-30k-Puffs-Dual-Flavor-TPD-Compliant-Vape-Kit_Agora_vape-1-1200x471.webp 1200w, https:\/\/agoravape.com\/wp-content\/uploads\/2025\/10\/WGA-30k-Puffs-Dual-Flavor-TPD-Compliant-Vape-Kit_Agora_vape-1-300x118.webp 300w, https:\/\/agoravape.com\/wp-content\/uploads\/2025\/10\/WGA-30k-Puffs-Dual-Flavor-TPD-Compliant-Vape-Kit_Agora_vape-1-1024x402.webp 1024w, https:\/\/agoravape.com\/wp-content\/uploads\/2025\/10\/WGA-30k-Puffs-Dual-Flavor-TPD-Compliant-Vape-Kit_Agora_vape-1-768x301.webp 768w, https:\/\/agoravape.com\/wp-content\/uploads\/2025\/10\/WGA-30k-Puffs-Dual-Flavor-TPD-Compliant-Vape-Kit_Agora_vape-1-1536x602.webp 1536w\" sizes=\"auto, (max-width: 1920px) 100vw, 1920px\" \/><\/p>\n<h2 data-v-md-heading=\"for-you-and-your-business\" data-v-md-line=\"27\">For you and your business<\/h2>\n<p data-v-md-line=\"28\">Kaufen Sie es f\u00fcr sich selbst. Sie werden die einfache Handhabung genie\u00dfen. Verwenden Sie die mitgelieferte 10-ml-Flasche E-Liquid, \u00fcberpr\u00fcfen Sie den F\u00fcllstand auf dem Display und laden Sie das Ger\u00e4t anschlie\u00dfend \u00fcber den USB-C-Anschluss auf. Fertig.<\/p>\n<p data-v-md-line=\"30\">Decken Sie sich f\u00fcr Ihr Gesch\u00e4ft ein. Wir liefern WGA 30000 Dual-Aromat-Vape-Sets nach TPD-Standard in 120er-Kartonverpackungen. Dank unserer Partnerschaften mit UPS, DPD und DHL bieten wir DDP-Lieferungen innerhalb Europas an, sodass Z\u00f6lle im Voraus abgewickelt werden k\u00f6nnen und Probleme beim Zoll vermieden werden.<\/p>\n<h2 data-v-md-heading=\"why-do-you-like-it\" data-v-md-line=\"32\">Why do you like it<\/h2>\n<ul data-v-md-line=\"33\">\n<li>Besonders hohe Kapazit\u00e4t: Bis zu 30.000 Ports k\u00f6nnen jeweils aufgef\u00fcllt werden, wodurch sich die Kaufh\u00e4ufigkeit reduziert.<\/li>\n<li>Zwei Geschmacksrichtungen: Ein Set enth\u00e4lt zwei Geschmacksrichtungen und bietet somit mehr Auswahlm\u00f6glichkeiten.<\/li>\n<li>Wiederaufladbar: Dank USB-C-Ladeanschluss k\u00f6nnen Sie jeden Tropfen nutzen.<\/li>\n<li>Doppelte Mesh-Spulen: von Anfang bis Ende ein gleichbleibend reichhaltiger Geschmack<\/li>\n<li>Intelligentes Display: Akku- und E-Liquid-Anzeigeleuchten informieren Sie jederzeit \u00fcber den aktuellen Stand.<\/li>\n<li>TPD-konformes Set: 2 ml vorgef\u00fclltes \u00d6l und zwei 10-ml-Fl\u00e4schchen mit Nikotinsalz zum einfachen Nachf\u00fcllen<\/li>\n<\/ul>\n<h2 data-v-md-heading=\"why-choose-to-collaborate-with-agoravape\" data-v-md-line=\"40\">Warum sollten Sie sich f\u00fcr eine Zusammenarbeit mit AgoraVape entscheiden?<\/h2>\n<p data-v-md-line=\"41\">Wir verkaufen ausschlie\u00dflich Originalprodukte \u2013 daran gibt es keinen Zweifel. F\u00fcr Gesch\u00e4ftskunden bedeutet das: Die WGA 30k Dual Flavor TPD-konformen Vape-Sets bieten verg\u00fcnstigte Gro\u00dfhandelspreise, transparente Kommunikation und einen schnellen und zuverl\u00e4ssigen DDP-Lieferservice. Sie w\u00fcnschen sich ein Produkt, das Ihre Kunden immer wieder begeistert? Dann kontaktieren Sie uns.<\/p>\n<p><script src=\"chrome-extension:\/\/fpelahbljekknahkcaegamhcndkfpfnc\/iFrame.js\" type=\"text\/javascript\"><\/script><\/p>","protected":false},"excerpt":{"rendered":"<p>&nbsp;<\/p>\n<p><script src=\"chrome-extension:\/\/fpelahbljekknahkcaegamhcndkfpfnc\/iFrame.js\" type=\"text\/javascript\"><\/script><\/p>\n<p><script src=\"chrome-extension:\/\/fpelahbljekknahkcaegamhcndkfpfnc\/iFrame.js\" type=\"text\/javascript\"><\/script><\/p>\n<p><script src=\"chrome-extension:\/\/fpelahbljekknahkcaegamhcndkfpfnc\/iFrame.js\" type=\"text\/javascript\"><\/script><\/p>\n<p><script src=\"chrome-extension:\/\/fpelahbljekknahkcaegamhcndkfpfnc\/iFrame.js\" type=\"text\/javascript\"><\/script><\/p>\n<p><script src=\"chrome-extension:\/\/fpelahbljekknahkcaegamhcndkfpfnc\/iFrame.js\" type=\"text\/javascript\"><\/script><\/p>\n<p><script src=\"chrome-extension:\/\/fpelahbljekknahkcaegamhcndkfpfnc\/iFrame.js\" type=\"text\/javascript\"><\/script><\/p>\n<p><script src=\"chrome-extension:\/\/fpelahbljekknahkcaegamhcndkfpfnc\/iFrame.js\" type=\"text\/javascript\"><\/script><\/p>\n<p><script src=\"chrome-extension:\/\/fpelahbljekknahkcaegamhcndkfpfnc\/iFrame.js\" type=\"text\/javascript\"><\/script><\/p>\n<p><script src=\"chrome-extension:\/\/fpelahbljekknahkcaegamhcndkfpfnc\/iFrame.js\" type=\"text\/javascript\"><\/script><\/p>\n<p><script src=\"chrome-extension:\/\/fpelahbljekknahkcaegamhcndkfpfnc\/iFrame.js\" type=\"text\/javascript\"><\/script><\/p>\n<p><script src=\"chrome-extension:\/\/fpelahbljekknahkcaegamhcndkfpfnc\/iFrame.js\" type=\"text\/javascript\"><\/script><\/p>\n<p><script src=\"chrome-extension:\/\/fpelahbljekknahkcaegamhcndkfpfnc\/iFrame.js\" type=\"text\/javascript\"><\/script><\/p>\n<p><script src=\"chrome-extension:\/\/fpelahbljekknahkcaegamhcndkfpfnc\/iFrame.js\" type=\"text\/javascript\"><\/script><\/p>\n<p><script src=\"chrome-extension:\/\/fpelahbljekknahkcaegamhcndkfpfnc\/iFrame.js\" type=\"text\/javascript\"><\/script><\/p>","protected":false},"featured_media":17163,"comment_status":"open","ping_status":"closed","template":"","meta":[],"product_brand":[232],"product_cat":[124,185,189,195,174,175,193,191,173,186,180,190,192,159],"product_tag":[],"class_list":{"0":"post-17167","1":"product","2":"type-product","3":"status-publish","4":"has-post-thumbnail","6":"product_brand-wga","7":"product_cat-vape-by-brand","8":"product_cat-10000-puffs-high-capacity","9":"product_cat-20mg-standard-nicotine-vapes","10":"product_cat-dual-flavor-switch","11":"product_cat-fruit-flavors","12":"product_cat-icy-mint","13":"product_cat-mesh-coil","14":"product_cat-rechargeable-disposables","15":"product_cat-vape-by-flavor-profile","16":"product_cat-vape-by-nicotine-strength","17":"product_cat-vape-by-puff-count","18":"product_cat-vape-by-feature-or-type","19":"product_cat-vapes-with-screens","20":"product_cat-wga","22":"first","23":"onbackorder","24":"shipping-taxable","25":"purchasable","26":"product-type-variable","27":"has-default-attributes"},"tiered_pricing_type":"percentage","tiered_pricing_fixed_rules":[],"tiered_pricing_product_settings":{"layout":"default","base_unit_name":{"singular":null,"plural":null},"default_variation":null},"tiered_pricing_minimum_quantity":50,"tiered_pricing_roles_data":[],"tiered_pricing_percentage_rules":{"100":"40","200":"44","500":"47","1000":"49"},"tiered_pricing_maximum_quantity":null,"tiered_pricing_quantity_step":"10","_links":{"self":[{"href":"https:\/\/agoravape.com\/de\/wp-json\/wp\/v2\/product\/17167","targetHints":{"allow":["GET"]}}],"collection":[{"href":"https:\/\/agoravape.com\/de\/wp-json\/wp\/v2\/product"}],"about":[{"href":"https:\/\/agoravape.com\/de\/wp-json\/wp\/v2\/types\/product"}],"replies":[{"embeddable":true,"href":"https:\/\/agoravape.com\/de\/wp-json\/wp\/v2\/comments?post=17167"}],"version-history":[{"count":0,"href":"https:\/\/agoravape.com\/de\/wp-json\/wp\/v2\/product\/17167\/revisions"}],"wp:featuredmedia":[{"embeddable":true,"href":"https:\/\/agoravape.com\/de\/wp-json\/wp\/v2\/media\/17163"}],"wp:attachment":[{"href":"https:\/\/agoravape.com\/de\/wp-json\/wp\/v2\/media?parent=17167"}],"wp:term":[{"taxonomy":"product_brand","embeddable":true,"href":"https:\/\/agoravape.com\/de\/wp-json\/wp\/v2\/product_brand?post=17167"},{"taxonomy":"product_cat","embeddable":true,"href":"https:\/\/agoravape.com\/de\/wp-json\/wp\/v2\/product_cat?post=17167"},{"taxonomy":"product_tag","embeddable":true,"href":"https:\/\/agoravape.com\/de\/wp-json\/wp\/v2\/product_tag?post=17167"}],"curies":[{"name":"wp","href":"https:\/\/api.w.org\/{rel}","templated":true}]}}