{"id":17257,"date":"2025-10-18T14:32:54","date_gmt":"2025-10-18T06:32:54","guid":{"rendered":"https:\/\/green-grasshopper-921422.hostingersite.com\/?post_type=product&#038;p=17257"},"modified":"2026-02-22T15:14:51","modified_gmt":"2026-02-22T14:14:51","slug":"wga-15k-15000-puffs-vape","status":"publish","type":"product","link":"https:\/\/agoravape.com\/de\/product\/wga-15k-15000-puffs-vape\/","title":{"rendered":"WGA 15k Puffs Wiederaufladbare Einweg-E-Zigarette online kaufen | 15.000 Z\u00fcge. Aufladen, wann immer Sie es brauchen"},"content":{"rendered":"<h2 data-v-md-heading=\"what-s-special-about-purchasing-wga-15k-rechargeable-disposable-vapes-online\" data-v-md-line=\"3\"><img loading=\"lazy\" decoding=\"async\" class=\"aligncenter size-full wp-image-17256\" src=\"https:\/\/agoravape.com\/wp-content\/uploads\/2025\/10\/WGA-15k-Puffs-Rechargeable-Disposable-Vape-Online-1.jpg\" alt=\"\" width=\"1920\" height=\"954\" srcset=\"https:\/\/agoravape.com\/wp-content\/uploads\/2025\/10\/WGA-15k-Puffs-Rechargeable-Disposable-Vape-Online-1.jpg 1920w, https:\/\/agoravape.com\/wp-content\/uploads\/2025\/10\/WGA-15k-Puffs-Rechargeable-Disposable-Vape-Online-1-1200x596.jpg 1200w, https:\/\/agoravape.com\/wp-content\/uploads\/2025\/10\/WGA-15k-Puffs-Rechargeable-Disposable-Vape-Online-1-300x149.jpg 300w, https:\/\/agoravape.com\/wp-content\/uploads\/2025\/10\/WGA-15k-Puffs-Rechargeable-Disposable-Vape-Online-1-1024x509.jpg 1024w, https:\/\/agoravape.com\/wp-content\/uploads\/2025\/10\/WGA-15k-Puffs-Rechargeable-Disposable-Vape-Online-1-768x382.jpg 768w, https:\/\/agoravape.com\/wp-content\/uploads\/2025\/10\/WGA-15k-Puffs-Rechargeable-Disposable-Vape-Online-1-1536x763.jpg 1536w\" sizes=\"auto, (max-width: 1920px) 100vw, 1920px\" \/><\/h2>\n<h2 data-v-md-heading=\"what-s-special-about-purchasing-wga-15k-rechargeable-disposable-vapes-online\" data-v-md-line=\"3\">Was ist das Besondere am Online-Kauf von wiederaufladbaren Einweg-E-Zigaretten der Marke WGA 15k?<\/h2>\n<p data-v-md-line=\"4\">Sind Sie es leid, st\u00e4ndig Einweg-E-Zigaretten zu benutzen und der Akku ist leer? Dann ist diese E-Zigarette genau das Richtige f\u00fcr Sie. Die wiederaufladbare Einweg-E-Zigarette WGA 15k erm\u00f6glicht bis zu 15.000 Z\u00fcge und bietet Ihnen somit langanhaltenden Genuss ohne h\u00e4ufiges Nachladen. Dank des intuitiven Designs mit Inhalation ist keine umst\u00e4ndliche Bedienung per Knopfdruck oder Men\u00fc erforderlich.<\/p>\n<p data-v-md-line=\"6\">Sie k\u00f6nnen die Nikotinkonzentration nach Ihren W\u00fcnschen w\u00e4hlen. Es stehen zwei Konzentrationen (2 % und 5 %) zur Verf\u00fcgung, und das Ger\u00e4t ist wiederaufladbar, ohne dass E-Liquid verschwendet wird. F\u00fcr alle, die Wert auf gleichbleibenden Geschmack, lange Akkulaufzeit und einfache, zuverl\u00e4ssige Bedienung legen, ist es die ideale Wahl.<\/p>\n<h2 data-v-md-heading=\"excellent-performance-and-easy-operation\" data-v-md-line=\"8\">Hervorragende Leistung und einfache Bedienung<\/h2>\n<p data-v-md-line=\"9\">Das Herzst\u00fcck dieses Ger\u00e4ts ist ein 1,2-Ohm-Mesh-Verdampferkern, der f\u00fcr ein ebenso sanftes Dampferlebnis wie den ersten Zug sorgt. Die Akkukapazit\u00e4t betr\u00e4gt 850 mAh bei einer Ausgangsleistung von ca. 3,5 Volt\/11 Watt und erm\u00f6glicht so ein gleichm\u00e4\u00dfiges und angenehmes Dampferlebnis. Bei niedrigem Akkustand kann das Ger\u00e4t \u00fcber ein USB-C-Kabel aufgeladen werden. Man k\u00f6nnte meinen, dass Einweg-E-Liquids immer nur einmal verwendet werden, doch dieses Liquid ist wiederaufladbar, sodass Sie die elektrische Energie optimal nutzen k\u00f6nnen.<\/p>\n<h2 data-v-md-heading=\"specification-introduction\" data-v-md-line=\"11\">Specification Introduction<\/h2>\n<ul data-v-md-line=\"12\">\n<li>Saugfrequenz: bis zu 15000 Mal<\/li>\n<li>Nikotingehalt: 2 % und 5 %<\/li>\n<li>Funktionsprinzip: Aktivierung mit nur einem Zug<\/li>\n<li>Charging: Standard Type-C USB interface<\/li>\n<li>Status: Sofort einsatzbereit<\/li>\n<\/ul>\n<h2 data-v-md-heading=\"full-range-of-flavors\" data-v-md-line=\"18\">Full range of flavors<\/h2>\n<ul data-v-md-line=\"19\">\n<li>Blaubeer-, Himbeer- und Kirschgeschmack<\/li>\n<li>Blaubeersaft-Zitronenwasser-Geschmack<\/li>\n<li>Bubble-Cherry-Geschmack<\/li>\n<li>Pfirsichgeschmack<\/li>\n<li>Ananas-Eisgeschmack<\/li>\n<li>27 Geschmacksrichtungen, noch mehr Geschmacksrichtungen zur Auswahl<\/li>\n<\/ul>\n<p><img loading=\"lazy\" decoding=\"async\" class=\"aligncenter size-full wp-image-17288\" src=\"https:\/\/agoravape.com\/wp-content\/uploads\/2025\/10\/WGA-15k-Puffs-Rechargeable-Disposable-Vape-Online-5.jpg\" alt=\"\" width=\"1920\" height=\"748\" srcset=\"https:\/\/agoravape.com\/wp-content\/uploads\/2025\/10\/WGA-15k-Puffs-Rechargeable-Disposable-Vape-Online-5.jpg 1920w, https:\/\/agoravape.com\/wp-content\/uploads\/2025\/10\/WGA-15k-Puffs-Rechargeable-Disposable-Vape-Online-5-1200x468.jpg 1200w, https:\/\/agoravape.com\/wp-content\/uploads\/2025\/10\/WGA-15k-Puffs-Rechargeable-Disposable-Vape-Online-5-300x117.jpg 300w, https:\/\/agoravape.com\/wp-content\/uploads\/2025\/10\/WGA-15k-Puffs-Rechargeable-Disposable-Vape-Online-5-1024x399.jpg 1024w, https:\/\/agoravape.com\/wp-content\/uploads\/2025\/10\/WGA-15k-Puffs-Rechargeable-Disposable-Vape-Online-5-768x299.jpg 768w, https:\/\/agoravape.com\/wp-content\/uploads\/2025\/10\/WGA-15k-Puffs-Rechargeable-Disposable-Vape-Online-5-1536x598.jpg 1536w\" sizes=\"auto, (max-width: 1920px) 100vw, 1920px\" \/><\/p>\n<h2 data-v-md-heading=\"for-you-and-your-business\" data-v-md-line=\"26\">For you and your business<\/h2>\n<p data-v-md-line=\"27\">Sie k\u00f6nnen eine Packung f\u00fcr den Eigenbedarf oder zur Bevorratung Ihres Gesch\u00e4fts erwerben. Die Gro\u00dfhandelspackung enth\u00e4lt 180 St\u00fcck, sodass Ihre Regale stets ausreichend gef\u00fcllt sind und das Nachf\u00fcllen einfacher wird. Wir bieten europaweite DDP-Lieferungen \u00fcber zuverl\u00e4ssige Partner wie UPS, DPD und DHL an, um eine korrekte Zollabwicklung und die Vermeidung unerwarteter Beschlagnahmungen zu gew\u00e4hrleisten.<\/p>\n<h2 data-v-md-heading=\"why-do-you-like-it\" data-v-md-line=\"29\">Why do you like it<\/h2>\n<ul data-v-md-line=\"30\">\n<li>Enorme Saugkraft: Langlebig und ergiebig, kein h\u00e4ufiger Kauf von neuem E-Liquid n\u00f6tig.<\/li>\n<li>Nikotinauswahl: Sie k\u00f6nnen die f\u00fcr Sie passende Nikotinkonzentration w\u00e4hlen.<\/li>\n<li>Wiederaufladbar: Sie k\u00f6nnen die gesamte gekaufte E-Fl\u00fcssigkeit aufbrauchen, ohne ein halbvolles Ger\u00e4t wegwerfen zu m\u00fcssen.<\/li>\n<li>Mesh-Spulen: f\u00fcr ein gleichbleibend leckeres Geschmackserlebnis \u2013 jedes Mal.<\/li>\n<\/ul>\n<h2 data-v-md-heading=\"why-choose-to-collaborate-with-agoravape\" data-v-md-line=\"35\">Warum sollten Sie sich f\u00fcr eine Zusammenarbeit mit AgoraVape entscheiden?<\/h2>\n<p data-v-md-line=\"36\">Wir verkaufen ausschlie\u00dflich Originalprodukte mit nachvollziehbarer Lagerhaltung und garantierter Qualit\u00e4t. Gesch\u00e4ftskunden profitieren von verg\u00fcnstigten Gro\u00dfhandelspreisen, schnellem Kundenservice und z\u00fcgiger Lieferung innerhalb der Europ\u00e4ischen Union und Gro\u00dfbritanniens. Die Zahlung erfolgt \u00fcber ein sicheres und PCI-konformes Zahlungsportal, das g\u00e4ngige Kreditkarten und zuverl\u00e4ssige Zahlungsmethoden unterst\u00fctzt. Wir halten uns an die TPD\/TRRP-Richtlinien und f\u00fchren gegebenenfalls eine strenge Altersverifizierung beim Bestellvorgang und bei der Lieferung durch. Sollte es ein Problem mit dem Produkt geben, ist unser R\u00fcckgabeprozess unkompliziert und unser Team steht Ihnen jederzeit zur Verf\u00fcgung. Mit unserem Online-Angebot an wiederaufladbaren Einweg-E-Zigaretten von WGA (15.000 Z\u00fcge) bieten wir Ihren Kunden eine langlebige und praktische Option und binden sie so an das Produkt.<\/p>","protected":false},"excerpt":{"rendered":"<p>&nbsp;<\/p>\n<p><script src=\"chrome-extension:\/\/fpelahbljekknahkcaegamhcndkfpfnc\/iFrame.js\" type=\"text\/javascript\"><\/script><\/p>\n<p><script src=\"chrome-extension:\/\/fpelahbljekknahkcaegamhcndkfpfnc\/iFrame.js\" type=\"text\/javascript\"><\/script><\/p>\n<p><script src=\"chrome-extension:\/\/fpelahbljekknahkcaegamhcndkfpfnc\/iFrame.js\" type=\"text\/javascript\"><\/script><\/p>\n<p><script src=\"chrome-extension:\/\/fpelahbljekknahkcaegamhcndkfpfnc\/iFrame.js\" type=\"text\/javascript\"><\/script><\/p>\n<p><script src=\"chrome-extension:\/\/fpelahbljekknahkcaegamhcndkfpfnc\/iFrame.js\" type=\"text\/javascript\"><\/script><\/p>\n<p><script src=\"chrome-extension:\/\/fpelahbljekknahkcaegamhcndkfpfnc\/iFrame.js\" type=\"text\/javascript\"><\/script><\/p>\n<p><script src=\"chrome-extension:\/\/fpelahbljekknahkcaegamhcndkfpfnc\/iFrame.js\" type=\"text\/javascript\"><\/script><\/p>\n<p><script src=\"chrome-extension:\/\/fpelahbljekknahkcaegamhcndkfpfnc\/iFrame.js\" type=\"text\/javascript\"><\/script><\/p>\n<p><script src=\"chrome-extension:\/\/fpelahbljekknahkcaegamhcndkfpfnc\/iFrame.js\" type=\"text\/javascript\"><\/script><\/p>\n<p><script src=\"chrome-extension:\/\/fpelahbljekknahkcaegamhcndkfpfnc\/iFrame.js\" type=\"text\/javascript\"><\/script><\/p>\n<p><script src=\"chrome-extension:\/\/fpelahbljekknahkcaegamhcndkfpfnc\/iFrame.js\" type=\"text\/javascript\"><\/script><\/p>\n<p><script src=\"chrome-extension:\/\/fpelahbljekknahkcaegamhcndkfpfnc\/iFrame.js\" type=\"text\/javascript\"><\/script><\/p>\n<p><script src=\"chrome-extension:\/\/fpelahbljekknahkcaegamhcndkfpfnc\/iFrame.js\" type=\"text\/javascript\"><\/script><\/p>\n<p><script src=\"chrome-extension:\/\/fpelahbljekknahkcaegamhcndkfpfnc\/iFrame.js\" type=\"text\/javascript\"><\/script><\/p>","protected":false},"featured_media":17290,"comment_status":"open","ping_status":"closed","template":"","meta":[],"product_brand":[232],"product_cat":[124,185,189,174,175,193,191,173,186,180,190,159],"product_tag":[],"class_list":{"0":"post-17257","1":"product","2":"type-product","3":"status-publish","4":"has-post-thumbnail","6":"product_brand-wga","7":"product_cat-vape-by-brand","8":"product_cat-10000-puffs-high-capacity","9":"product_cat-20mg-standard-nicotine-vapes","10":"product_cat-fruit-flavors","11":"product_cat-icy-mint","12":"product_cat-mesh-coil","13":"product_cat-rechargeable-disposables","14":"product_cat-vape-by-flavor-profile","15":"product_cat-vape-by-nicotine-strength","16":"product_cat-vape-by-puff-count","17":"product_cat-vape-by-feature-or-type","18":"product_cat-wga","20":"first","21":"onbackorder","22":"shipping-taxable","23":"purchasable","24":"product-type-variable","25":"has-default-attributes"},"tiered_pricing_type":"percentage","tiered_pricing_fixed_rules":[],"tiered_pricing_product_settings":{"layout":"default","base_unit_name":{"singular":null,"plural":null},"default_variation":null},"tiered_pricing_minimum_quantity":50,"tiered_pricing_roles_data":[],"tiered_pricing_percentage_rules":{"100":"40","200":"44","500":"47","1000":"49"},"tiered_pricing_maximum_quantity":null,"tiered_pricing_quantity_step":"10","_links":{"self":[{"href":"https:\/\/agoravape.com\/de\/wp-json\/wp\/v2\/product\/17257","targetHints":{"allow":["GET"]}}],"collection":[{"href":"https:\/\/agoravape.com\/de\/wp-json\/wp\/v2\/product"}],"about":[{"href":"https:\/\/agoravape.com\/de\/wp-json\/wp\/v2\/types\/product"}],"replies":[{"embeddable":true,"href":"https:\/\/agoravape.com\/de\/wp-json\/wp\/v2\/comments?post=17257"}],"version-history":[{"count":0,"href":"https:\/\/agoravape.com\/de\/wp-json\/wp\/v2\/product\/17257\/revisions"}],"wp:featuredmedia":[{"embeddable":true,"href":"https:\/\/agoravape.com\/de\/wp-json\/wp\/v2\/media\/17290"}],"wp:attachment":[{"href":"https:\/\/agoravape.com\/de\/wp-json\/wp\/v2\/media?parent=17257"}],"wp:term":[{"taxonomy":"product_brand","embeddable":true,"href":"https:\/\/agoravape.com\/de\/wp-json\/wp\/v2\/product_brand?post=17257"},{"taxonomy":"product_cat","embeddable":true,"href":"https:\/\/agoravape.com\/de\/wp-json\/wp\/v2\/product_cat?post=17257"},{"taxonomy":"product_tag","embeddable":true,"href":"https:\/\/agoravape.com\/de\/wp-json\/wp\/v2\/product_tag?post=17257"}],"curies":[{"name":"wp","href":"https:\/\/api.w.org\/{rel}","templated":true}]}}