{"id":17342,"date":"2025-10-18T16:38:23","date_gmt":"2025-10-18T08:38:23","guid":{"rendered":"https:\/\/green-grasshopper-921422.hostingersite.com\/?post_type=product&#038;p=17342"},"modified":"2026-02-22T15:16:06","modified_gmt":"2026-02-22T14:16:06","slug":"mesii-shisha-schwere-schlager-50k-vape","status":"publish","type":"product","link":"https:\/\/agoravape.com\/de\/product\/mesii-shisha-heavy-hitter-50k-vape\/","title":{"rendered":"Mesii Shisha Heavy Hitter 50k Z\u00fcge DTL\/MTL Vape | Hohe Zugzahl mit zwei Zugmodi"},"content":{"rendered":"<h2 data-v-md-heading=\"what-are-the-characteristics-of-mesii-shisha-heavy-hitter-50k-caliber-caliber-vapes\" data-v-md-line=\"3\"><img loading=\"lazy\" decoding=\"async\" class=\"aligncenter size-full wp-image-17354\" src=\"https:\/\/agoravape.com\/wp-content\/uploads\/2025\/10\/Mesii-Shisha-Heavy-Hitter-50k-Puffs-DTLMTL-Vape_Agora_vape-1-scaled.webp\" alt=\"\" width=\"1810\" height=\"2560\" srcset=\"https:\/\/agoravape.com\/wp-content\/uploads\/2025\/10\/Mesii-Shisha-Heavy-Hitter-50k-Puffs-DTLMTL-Vape_Agora_vape-1-scaled.webp 1810w, https:\/\/agoravape.com\/wp-content\/uploads\/2025\/10\/Mesii-Shisha-Heavy-Hitter-50k-Puffs-DTLMTL-Vape_Agora_vape-1-scaled-1200x1697.webp 1200w, https:\/\/agoravape.com\/wp-content\/uploads\/2025\/10\/Mesii-Shisha-Heavy-Hitter-50k-Puffs-DTLMTL-Vape_Agora_vape-1-212x300.webp 212w, https:\/\/agoravape.com\/wp-content\/uploads\/2025\/10\/Mesii-Shisha-Heavy-Hitter-50k-Puffs-DTLMTL-Vape_Agora_vape-1-724x1024.webp 724w, https:\/\/agoravape.com\/wp-content\/uploads\/2025\/10\/Mesii-Shisha-Heavy-Hitter-50k-Puffs-DTLMTL-Vape_Agora_vape-1-768x1086.webp 768w, https:\/\/agoravape.com\/wp-content\/uploads\/2025\/10\/Mesii-Shisha-Heavy-Hitter-50k-Puffs-DTLMTL-Vape_Agora_vape-1-1086x1536.webp 1086w, https:\/\/agoravape.com\/wp-content\/uploads\/2025\/10\/Mesii-Shisha-Heavy-Hitter-50k-Puffs-DTLMTL-Vape_Agora_vape-1-1448x2048.webp 1448w\" sizes=\"auto, (max-width: 1810px) 100vw, 1810px\" \/><\/h2>\n<h2 data-v-md-heading=\"what-are-the-characteristics-of-mesii-shisha-heavy-hitter-50k-caliber-caliber-vapes\" data-v-md-line=\"3\">Was sind die Merkmale der Mesii Shisha Heavy Hitter 50k Kaliber\/Kaliber E-Zigaretten?<\/h2>\n<p data-v-md-line=\"4\">Sind Sie es leid, dass Einweg-E-Zigaretten nach wenigen Tagen leer sind? Dann sollten Sie sich dieses Produkt unbedingt genauer ansehen. Die Mesii Shisha Heavy Hitter ist mit Mesh-Coils ausgestattet, die bis zu 50.000 Z\u00fcge erm\u00f6glichen und so jederzeit einen gleichbleibend reinen Geschmack garantieren.<\/p>\n<p data-v-md-line=\"6\">Es eignet sich f\u00fcr zwei Arten des Dampfens. Egal ob Sie einen engen Mundzug oder einen sanften, geraden Zug bevorzugen, dieses Ger\u00e4t meistert beides problemlos. Sie denken vielleicht, dass ein Verdampfer mit so gro\u00dfem Fassungsverm\u00f6gen sperrig w\u00e4re, aber sein geringes Gewicht und seine Handlichkeit werden Sie \u00fcberraschen.<\/p>\n<h2 data-v-md-heading=\"excellent-performance-and-easy-operation\" data-v-md-line=\"8\">Hervorragende Leistung und einfache Bedienung<\/h2>\n<p data-v-md-line=\"9\">Die integrierte Mesh-Spule sorgt f\u00fcr gleichm\u00e4\u00dfige W\u00e4rmeableitung und damit f\u00fcr ein ebenso sanftes Saugerlebnis wie beim ersten Mal. Die Aktivierung erfolgt durch Einatmen \u2013 ganz ohne Kn\u00f6pfe oder Men\u00fcs. Bei niedrigem Akkustand kann der Akku mit einem Standard-USB-C-Kabel (m\u00f6glicherweise dem gleichen wie beim Smartphone) aufgeladen werden. Einfach und bequem.<\/p>\n<h2 data-v-md-heading=\"specification-overview\" data-v-md-line=\"11\">Specification Overview<\/h2>\n<p data-v-md-line=\"12\"><strong>Suction frequency<\/strong>bis zu 50000 Mal<br \/>\n<strong>Nicotine content<\/strong>: 0%, 0.2%, 0.3%, 0.5%<br \/>\n<strong>Verwendung<\/strong>Nehmen Sie einen Zug, um das Ger\u00e4t zu aktivieren.<br \/>\n<strong>Ladeverfahren<\/strong>Standardm\u00e4\u00dfige USB-Typ-C-Schnittstelle<br \/>\n<strong>Status<\/strong>Sofort einsatzbereit nach dem Auspacken<br \/>\n<strong>Saugmethode<\/strong>: leichtes Absaugen oder orales Absaugen<br \/>\n<strong>E-Liquid-Kapazit\u00e4t<\/strong>45 Milliliter<br \/>\n<strong>Batterie<\/strong>: 800-mAh-Akku<br \/>\n<strong>Zerst\u00e4uberkern<\/strong>: Netzartig<\/p>\n<h2 data-v-md-heading=\"full-range-of-flavors\" data-v-md-line=\"22\">Full range of flavors<\/h2>\n<ul data-v-md-line=\"23\">\n<li>Erdbeer-Margarita (Wasserpfeife)<\/li>\n<li>Love 777 (Shisha)<\/li>\n<li>Traubenminze (Wasserpfeife)<\/li>\n<li>Doppelter Apfeleis (Wasserpfeife)<\/li>\n<li>Lady Killer (Wasserpfeife)<\/li>\n<li>Pfirsicheis<\/li>\n<li>Blue Rink Ice<\/li>\n<li>Watermelon Ice<\/li>\n<li>Berry Ice<\/li>\n<li>Blackberry Ice<\/li>\n<li>Erdbeer-Kirsch-Eis<\/li>\n<li>Blaubeer- und Wassermeloneneis<\/li>\n<li>Zitronen- und Limetteneis<\/li>\n<li>Saures Mango-Ananas-Eis<\/li>\n<li>Grape Ice<\/li>\n<\/ul>\n<h2 data-v-md-heading=\"for-you-and-for-your-business-as-well\" data-v-md-line=\"39\">For you, and for your business as well<\/h2>\n<p data-v-md-line=\"40\">Sie k\u00f6nnen Mesii Shisha Heavy Hitter 50k f\u00fcr den Eigenbedarf oder zur Best\u00fcckung Ihres Gesch\u00e4fts erwerben. Der Gro\u00dfhandelskarton enth\u00e4lt 150 St\u00fcck, sodass Sie ganz einfach eine beliebte Geschmacksserie kreieren k\u00f6nnen. Das Bruttogewicht des Kartons betr\u00e4gt ca. 17,5 Kilogramm und erleichtert Ihnen somit die Planung und den Versand.<\/p>\n<p data-v-md-line=\"42\">Wir versenden innerhalb Europas per UPS, DPD und DHL auf DDP-Basis (steuerfrei), sodass Bestellungen ohne zus\u00e4tzliche Geb\u00fchren oder Verz\u00f6gerungen abgefertigt werden k\u00f6nnen. Wir bieten Sendungsverfolgung und verpacken sorgf\u00e4ltig.<\/p>\n<h2 data-v-md-heading=\"why-do-you-like-it\" data-v-md-line=\"44\">Why do you like it<\/h2>\n<p data-v-md-line=\"45\"><strong>Enorme Saugkraft:<\/strong>\u00a0Die Saugzeit ist l\u00e4nger, sodass Sie nicht so h\u00e4ufig neue kaufen m\u00fcssen.<br \/>\n<strong>Nicotine selection:<\/strong>\u00a0W\u00e4hlen Sie die f\u00fcr Sie passende Konzentration.<br \/>\n<strong>Rechargeable:<\/strong>\u00a0Verbrauchen Sie das gesamte gekaufte E-Liquid auf einmal.<br \/>\n<strong>Mesh-Verdampferkern:<\/strong>\u00a0sorgt jedes Mal f\u00fcr einen gleichbleibend vollen Geschmack.<br \/>\n<strong>Flexibel und vielseitig:<\/strong>\u00a0Sie k\u00f6nnen die Saugmethode je nach Stimmungslage \u00e4ndern.<\/p>\n<h2 data-v-md-heading=\"why-collaborate-with-agoravape\" data-v-md-line=\"51\">Warum mit AgoraVape zusammenarbeiten?<\/h2>\n<p data-v-md-line=\"52\">Wir verkaufen ausschlie\u00dflich 100% Originalprodukte und geben darauf eine Garantie. Gewerbliche Kunden profitieren von verg\u00fcnstigten Gro\u00dfhandelspreisen, schnellem Kundenservice und z\u00fcgiger Lieferung inklusive Steuerzahlung f\u00fcr Mesii Shisha Heavy Hitter 50k Puffs DTL\/MTL-Vapes. Kontaktieren Sie uns \u2013 wir entwickeln f\u00fcr Sie ein langlebiges Einwegprodukt zur Steigerung Ihrer Kundenbindung.<\/p>\n<p><script src=\"chrome-extension:\/\/fpelahbljekknahkcaegamhcndkfpfnc\/iFrame.js\" type=\"text\/javascript\"><\/script><\/p>","protected":false},"excerpt":{"rendered":"<p>&nbsp;<\/p>\n<p><script src=\"chrome-extension:\/\/fpelahbljekknahkcaegamhcndkfpfnc\/iFrame.js\" type=\"text\/javascript\"><\/script><\/p>\n<p><script src=\"chrome-extension:\/\/fpelahbljekknahkcaegamhcndkfpfnc\/iFrame.js\" type=\"text\/javascript\"><\/script><\/p>\n<p><script src=\"chrome-extension:\/\/fpelahbljekknahkcaegamhcndkfpfnc\/iFrame.js\" type=\"text\/javascript\"><\/script><\/p>\n<p><script src=\"chrome-extension:\/\/fpelahbljekknahkcaegamhcndkfpfnc\/iFrame.js\" type=\"text\/javascript\"><\/script><\/p>\n<p><script src=\"chrome-extension:\/\/fpelahbljekknahkcaegamhcndkfpfnc\/iFrame.js\" type=\"text\/javascript\"><\/script><\/p>\n<p><script src=\"chrome-extension:\/\/fpelahbljekknahkcaegamhcndkfpfnc\/iFrame.js\" type=\"text\/javascript\"><\/script><\/p>\n<p><script src=\"chrome-extension:\/\/fpelahbljekknahkcaegamhcndkfpfnc\/iFrame.js\" type=\"text\/javascript\"><\/script><\/p>\n<p><script src=\"chrome-extension:\/\/fpelahbljekknahkcaegamhcndkfpfnc\/iFrame.js\" type=\"text\/javascript\"><\/script><\/p>\n<p><script src=\"chrome-extension:\/\/fpelahbljekknahkcaegamhcndkfpfnc\/iFrame.js\" type=\"text\/javascript\"><\/script><\/p>\n<p><script src=\"chrome-extension:\/\/fpelahbljekknahkcaegamhcndkfpfnc\/iFrame.js\" type=\"text\/javascript\"><\/script><\/p>\n<p><script src=\"chrome-extension:\/\/fpelahbljekknahkcaegamhcndkfpfnc\/iFrame.js\" type=\"text\/javascript\"><\/script><\/p>\n<p><script src=\"chrome-extension:\/\/fpelahbljekknahkcaegamhcndkfpfnc\/iFrame.js\" type=\"text\/javascript\"><\/script><\/p>\n<p><script src=\"chrome-extension:\/\/fpelahbljekknahkcaegamhcndkfpfnc\/iFrame.js\" type=\"text\/javascript\"><\/script><\/p>\n<p><script src=\"chrome-extension:\/\/fpelahbljekknahkcaegamhcndkfpfnc\/iFrame.js\" type=\"text\/javascript\"><\/script><\/p>\n<p><script src=\"chrome-extension:\/\/fpelahbljekknahkcaegamhcndkfpfnc\/iFrame.js\" type=\"text\/javascript\"><\/script><\/p>","protected":false},"featured_media":17366,"comment_status":"open","ping_status":"closed","template":"","meta":[],"product_brand":[234],"product_cat":[124,187,185,189,174,175,193,161,191,179,173,186,180,190,192],"product_tag":[],"class_list":{"0":"post-17342","1":"product","2":"type-product","3":"status-publish","4":"has-post-thumbnail","6":"product_brand-mesii","7":"product_cat-vape-by-brand","8":"product_cat-0mg-nicotine-free-vapes","9":"product_cat-10000-puffs-high-capacity","10":"product_cat-20mg-standard-nicotine-vapes","11":"product_cat-fruit-flavors","12":"product_cat-icy-mint","13":"product_cat-mesh-coil","14":"product_cat-mesii","15":"product_cat-rechargeable-disposables","16":"product_cat-unique-blends","17":"product_cat-vape-by-flavor-profile","18":"product_cat-vape-by-nicotine-strength","19":"product_cat-vape-by-puff-count","20":"product_cat-vape-by-feature-or-type","21":"product_cat-vapes-with-screens","23":"first","24":"onbackorder","25":"shipping-taxable","26":"purchasable","27":"product-type-variable","28":"has-default-attributes"},"tiered_pricing_type":"percentage","tiered_pricing_fixed_rules":[],"tiered_pricing_product_settings":{"layout":"default","base_unit_name":{"singular":null,"plural":null},"default_variation":null},"tiered_pricing_minimum_quantity":10,"tiered_pricing_roles_data":[],"tiered_pricing_percentage_rules":{"30":"29","50":"35","100":"40","200":"44","500":"47","1000":"49"},"tiered_pricing_maximum_quantity":null,"tiered_pricing_quantity_step":"10","_links":{"self":[{"href":"https:\/\/agoravape.com\/de\/wp-json\/wp\/v2\/product\/17342","targetHints":{"allow":["GET"]}}],"collection":[{"href":"https:\/\/agoravape.com\/de\/wp-json\/wp\/v2\/product"}],"about":[{"href":"https:\/\/agoravape.com\/de\/wp-json\/wp\/v2\/types\/product"}],"replies":[{"embeddable":true,"href":"https:\/\/agoravape.com\/de\/wp-json\/wp\/v2\/comments?post=17342"}],"version-history":[{"count":0,"href":"https:\/\/agoravape.com\/de\/wp-json\/wp\/v2\/product\/17342\/revisions"}],"wp:featuredmedia":[{"embeddable":true,"href":"https:\/\/agoravape.com\/de\/wp-json\/wp\/v2\/media\/17366"}],"wp:attachment":[{"href":"https:\/\/agoravape.com\/de\/wp-json\/wp\/v2\/media?parent=17342"}],"wp:term":[{"taxonomy":"product_brand","embeddable":true,"href":"https:\/\/agoravape.com\/de\/wp-json\/wp\/v2\/product_brand?post=17342"},{"taxonomy":"product_cat","embeddable":true,"href":"https:\/\/agoravape.com\/de\/wp-json\/wp\/v2\/product_cat?post=17342"},{"taxonomy":"product_tag","embeddable":true,"href":"https:\/\/agoravape.com\/de\/wp-json\/wp\/v2\/product_tag?post=17342"}],"curies":[{"name":"wp","href":"https:\/\/api.w.org\/{rel}","templated":true}]}}