{"id":17376,"date":"2025-10-18T16:52:16","date_gmt":"2025-10-18T08:52:16","guid":{"rendered":"https:\/\/green-grasshopper-921422.hostingersite.com\/?post_type=product&#038;p=17376"},"modified":"2025-12-15T21:30:17","modified_gmt":"2025-12-15T13:30:17","slug":"mesii-dreifach-niice-35k-einstellbar-vape","status":"publish","type":"product","link":"https:\/\/agoravape.com\/de\/product\/mesii-triple-niice-35k-adjustable-vape\/","title":{"rendered":"Mesii Triple NIICE 35K Z\u00fcge \u2013 Einstellbarer Ice &amp; Nic Vape | Hohe Zugzahl. Individuell einstellbarer Komfort."},"content":{"rendered":"<h2 data-v-md-heading=\"what-is-special-about-mesii-triple-niice-35000-puff-adjustable-freezing-point-and-nicotine-vape\" data-v-md-line=\"3\"><img loading=\"lazy\" decoding=\"async\" class=\"aligncenter size-full wp-image-17393\" src=\"https:\/\/agoravape.com\/wp-content\/uploads\/2025\/10\/Mesii-Triple-NIICE-35K-Puffs-Adjustable-Ice-Nic-Vape_Agora_vape-1.webp\" alt=\"\" width=\"1000\" height=\"1000\" srcset=\"https:\/\/agoravape.com\/wp-content\/uploads\/2025\/10\/Mesii-Triple-NIICE-35K-Puffs-Adjustable-Ice-Nic-Vape_Agora_vape-1.webp 1000w, https:\/\/agoravape.com\/wp-content\/uploads\/2025\/10\/Mesii-Triple-NIICE-35K-Puffs-Adjustable-Ice-Nic-Vape_Agora_vape-1-600x600.webp 600w, https:\/\/agoravape.com\/wp-content\/uploads\/2025\/10\/Mesii-Triple-NIICE-35K-Puffs-Adjustable-Ice-Nic-Vape_Agora_vape-1-300x300.webp 300w, https:\/\/agoravape.com\/wp-content\/uploads\/2025\/10\/Mesii-Triple-NIICE-35K-Puffs-Adjustable-Ice-Nic-Vape_Agora_vape-1-150x150.webp 150w, https:\/\/agoravape.com\/wp-content\/uploads\/2025\/10\/Mesii-Triple-NIICE-35K-Puffs-Adjustable-Ice-Nic-Vape_Agora_vape-1-768x768.webp 768w\" sizes=\"auto, (max-width: 1000px) 100vw, 1000px\" \/><\/h2>\n<h2 data-v-md-heading=\"what-is-special-about-mesii-triple-niice-35000-puff-adjustable-freezing-point-and-nicotine-vape\" data-v-md-line=\"3\">Was ist das Besondere an der Mesii Triple NIICE 35000-Zug-E-Zigarette mit einstellbarem Gefrierpunkt und Nikotingehalt?<\/h2>\n<p data-v-md-line=\"4\">Sind Sie es leid, dass Einweg-E-Zigaretten nach einer Woche leer sind? Dann sollten Sie sich dieses Produkt genauer ansehen. Der Mesii Triple NIICE bietet Platz f\u00fcr bis zu 35.000 Z\u00fcge, einen sanften und zuverl\u00e4ssigen Geschmack und langanhaltenden Genuss.<\/p>\n<p data-v-md-line=\"6\">Es wurde speziell f\u00fcr alle entwickelt, die Wert auf einfache Kontrolle legen. Sie k\u00f6nnen den Gefrierpunkt und die Nikotinkonzentration direkt am Ger\u00e4t einstellen. So finden Sie die perfekte Balance zwischen starkem Throat Hit und angenehmer K\u00fchle und k\u00f6nnen das Dampferlebnis in vollen Z\u00fcgen genie\u00dfen. Sie denken vielleicht, dass ein so leistungsstarkes Ger\u00e4t sperrig w\u00e4re, aber Sie werden von seinem geringen Gewicht und seiner Portabilit\u00e4t \u00fcberrascht sein.<\/p>\n<h2 data-v-md-heading=\"excellent-performance-and-easy-operation\" data-v-md-line=\"8\">Hervorragende Leistung und einfache Bedienung<\/h2>\n<p data-v-md-line=\"9\">Das Herzst\u00fcck des Triple NIICE ist eine Mesh-Spule. Sie sorgt f\u00fcr gleichm\u00e4\u00dfige Hitzeverteilung und macht jeden Zug so genussvoll wie den ersten. Bei niedrigem Akkustand einfach per USB-C aufladen. Spezialkabel oder umst\u00e4ndliche Schnittstellen sind nicht erforderlich. Kinderleichte Bedienung.<\/p>\n<h2 data-v-md-heading=\"specification-introduction\" data-v-md-line=\"11\">Specification Introduction<\/h2>\n<ul data-v-md-line=\"12\">\n<li>Saugfrequenz: bis zu 35000 Mal<\/li>\n<li>E-Liquid-Kapazit\u00e4t: 20 ml + 10 ml + 10 ml (drei Vorratstanks)<\/li>\n<li>Akku: Wiederaufladbarer 800-mAh-Akku<\/li>\n<li>Nikotinkonzentration: 0 %, 2 %, 3 %, 5 % (optional)<\/li>\n<li>Eisgehalt: kein Eis, gering, mittel, extrem hoch<\/li>\n<li>Das Ger\u00e4t verf\u00fcgt \u00fcber eine integrierte Nikotinkonzentrationsregelung: keine, niedrig, mittel, stark<\/li>\n<li>Working principle: Activated by inhalation<\/li>\n<li>Zerst\u00e4ubungskern: Mesh-Zerst\u00e4ubungskern, gleichbleibender Geschmack<\/li>\n<li>Laden: Standard-USB-C-Schnittstelle<\/li>\n<li>Status: Sofort einsatzbereit nach dem Auspacken<\/li>\n<\/ul>\n<h2 data-v-md-heading=\"full-range-of-flavors\" data-v-md-line=\"23\">Full range of flavors<\/h2>\n<ul data-v-md-line=\"24\">\n<li>Watermelon Ice<\/li>\n<li>Grape Ice<\/li>\n<li>Blue Rink Ice<\/li>\n<li>Blaubeer- und Wassermeloneneis<\/li>\n<li>Limetten- und Minzeis<\/li>\n<li>Pfirsicheis<\/li>\n<li>Strawberry Ice<\/li>\n<li>Eiscreme mit gemischten Beeren<\/li>\n<li>Doppelapfeleis<\/li>\n<li>Cherry Coke Ice<\/li>\n<\/ul>\n<h2 data-v-md-heading=\"to-create-for-you-and-your-business\" data-v-md-line=\"35\">Um etwas f\u00fcr Sie und Ihr Unternehmen zu schaffen<\/h2>\n<p data-v-md-line=\"36\">Sie k\u00f6nnen Mesii Triple NIICE 35K f\u00fcr sich selbst oder Ihr Gesch\u00e4ft erwerben. Die Gro\u00dfhandelsverpackung aus Karton enth\u00e4lt 160 St\u00fcck und erm\u00f6glicht Ihnen so die einfache Gestaltung einer ansprechenden und dynamischen Pr\u00e4sentation.<\/p>\n<p data-v-md-line=\"38\">Wir bieten europaweite DDP-Lieferungen \u00fcber zuverl\u00e4ssige Partner wie UPS, DPD und DHL an. Dadurch werden die Z\u00f6lle im Voraus abgewickelt, und es gibt keine unerwarteten Probleme beim Zoll. Nikotingehalt und Verf\u00fcgbarkeit variieren je nach Land\/Region. Bitte informieren Sie sich daher vor Ihrer Bestellung \u00fcber die lokalen Bestimmungen.<\/p>\n<h2 data-v-md-heading=\"why-do-you-like-it\" data-v-md-line=\"40\">Why do you like it<\/h2>\n<ul data-v-md-line=\"41\">\n<li>Massives Rauchen: Langlebig und ergiebig, kein h\u00e4ufiger Kauf neuer Zigaretten n\u00f6tig.<\/li>\n<li>Auswahl des Nikotingehalts: W\u00e4hlen Sie je nach Vorliebe 0 %, 2 %, 3 % oder 5 %.<\/li>\n<li>Rechargeable: You can use all purchased e-liquids.<\/li>\n<li>Mesh-Spulenspule: Sie sorgt jedes Mal f\u00fcr einen gleichbleibend vollen Geschmack.<\/li>\n<li>Einstellbarer Eisgehalt: Passen Sie den Eisgehalt Ihrer Stimmung an, von gar keinem bis hin zu extrem viel.<\/li>\n<\/ul>\n<h2 data-v-md-heading=\"why-collaborate-with-agoravape\" data-v-md-line=\"47\">Warum mit AgoraVape zusammenarbeiten?<\/h2>\n<p data-v-md-line=\"48\">Wir verkaufen ausschlie\u00dflich 100% Originalprodukte \u2013 daran bestehen keine Zweifel. F\u00fcr Gesch\u00e4ftskunden bedeutet das: Die Mesii Triple NIICE 35K E-Zigarette mit einstellbarem Gefrierpunkt und Nikotingehalt bietet \u00e4u\u00dferst wettbewerbsf\u00e4hige Gro\u00dfhandelspreise, einen komfortablen Kundendienst sowie schnelle und zuverl\u00e4ssige Lieferdienste. Wenn Sie eine energiereiche, einstellbare Einweg-E-Zigarette suchen, die Ihre Kundenbindung st\u00e4rkt, kontaktieren Sie uns.<\/p>","protected":false},"excerpt":{"rendered":"<p>&nbsp;<\/p>\n<p><script src=\"chrome-extension:\/\/fpelahbljekknahkcaegamhcndkfpfnc\/iFrame.js\" type=\"text\/javascript\"><\/script><\/p>\n<p><script src=\"chrome-extension:\/\/fpelahbljekknahkcaegamhcndkfpfnc\/iFrame.js\" type=\"text\/javascript\"><\/script><\/p>\n<p><script src=\"chrome-extension:\/\/fpelahbljekknahkcaegamhcndkfpfnc\/iFrame.js\" type=\"text\/javascript\"><\/script><\/p>\n<p><script src=\"chrome-extension:\/\/fpelahbljekknahkcaegamhcndkfpfnc\/iFrame.js\" type=\"text\/javascript\"><\/script><\/p>\n<p><script src=\"chrome-extension:\/\/fpelahbljekknahkcaegamhcndkfpfnc\/iFrame.js\" type=\"text\/javascript\"><\/script><\/p>\n<p><script src=\"chrome-extension:\/\/fpelahbljekknahkcaegamhcndkfpfnc\/iFrame.js\" type=\"text\/javascript\"><\/script><\/p>\n<p><script src=\"chrome-extension:\/\/fpelahbljekknahkcaegamhcndkfpfnc\/iFrame.js\" type=\"text\/javascript\"><\/script><\/p>\n<p><script src=\"chrome-extension:\/\/fpelahbljekknahkcaegamhcndkfpfnc\/iFrame.js\" type=\"text\/javascript\"><\/script><\/p>\n<p><script src=\"chrome-extension:\/\/fpelahbljekknahkcaegamhcndkfpfnc\/iFrame.js\" type=\"text\/javascript\"><\/script><\/p>\n<p><script src=\"chrome-extension:\/\/fpelahbljekknahkcaegamhcndkfpfnc\/iFrame.js\" type=\"text\/javascript\"><\/script><\/p>\n<p><script src=\"chrome-extension:\/\/fpelahbljekknahkcaegamhcndkfpfnc\/iFrame.js\" type=\"text\/javascript\"><\/script><\/p>\n<p><script src=\"chrome-extension:\/\/fpelahbljekknahkcaegamhcndkfpfnc\/iFrame.js\" type=\"text\/javascript\"><\/script><\/p>\n<p><script src=\"chrome-extension:\/\/fpelahbljekknahkcaegamhcndkfpfnc\/iFrame.js\" type=\"text\/javascript\"><\/script><\/p>\n<p><script src=\"chrome-extension:\/\/fpelahbljekknahkcaegamhcndkfpfnc\/iFrame.js\" type=\"text\/javascript\"><\/script><\/p>\n<p><script src=\"chrome-extension:\/\/fpelahbljekknahkcaegamhcndkfpfnc\/iFrame.js\" type=\"text\/javascript\"><\/script><\/p>","protected":false},"featured_media":17403,"comment_status":"open","ping_status":"closed","template":"","meta":[],"product_brand":[234],"product_cat":[124,187,185,189,174,175,193,161,191,173,186,180,190,192],"product_tag":[],"class_list":{"0":"post-17376","1":"product","2":"type-product","3":"status-publish","4":"has-post-thumbnail","6":"product_brand-mesii","7":"product_cat-vape-by-brand","8":"product_cat-0mg-nicotine-free-vapes","9":"product_cat-10000-puffs-high-capacity","10":"product_cat-20mg-standard-nicotine-vapes","11":"product_cat-fruit-flavors","12":"product_cat-icy-mint","13":"product_cat-mesh-coil","14":"product_cat-mesii","15":"product_cat-rechargeable-disposables","16":"product_cat-vape-by-flavor-profile","17":"product_cat-vape-by-nicotine-strength","18":"product_cat-vape-by-puff-count","19":"product_cat-vape-by-feature-or-type","20":"product_cat-vapes-with-screens","22":"first","23":"instock","24":"shipping-taxable","25":"purchasable","26":"product-type-variable","27":"has-default-attributes"},"tiered_pricing_type":"percentage","tiered_pricing_fixed_rules":[],"tiered_pricing_product_settings":{"layout":"default","base_unit_name":{"singular":null,"plural":null},"default_variation":null},"tiered_pricing_minimum_quantity":10,"tiered_pricing_roles_data":[],"tiered_pricing_percentage_rules":{"30":"29","50":"35","100":"40","200":"44","500":"47","1000":"49"},"tiered_pricing_maximum_quantity":null,"tiered_pricing_quantity_step":"10","_links":{"self":[{"href":"https:\/\/agoravape.com\/de\/wp-json\/wp\/v2\/product\/17376","targetHints":{"allow":["GET"]}}],"collection":[{"href":"https:\/\/agoravape.com\/de\/wp-json\/wp\/v2\/product"}],"about":[{"href":"https:\/\/agoravape.com\/de\/wp-json\/wp\/v2\/types\/product"}],"replies":[{"embeddable":true,"href":"https:\/\/agoravape.com\/de\/wp-json\/wp\/v2\/comments?post=17376"}],"version-history":[{"count":0,"href":"https:\/\/agoravape.com\/de\/wp-json\/wp\/v2\/product\/17376\/revisions"}],"wp:featuredmedia":[{"embeddable":true,"href":"https:\/\/agoravape.com\/de\/wp-json\/wp\/v2\/media\/17403"}],"wp:attachment":[{"href":"https:\/\/agoravape.com\/de\/wp-json\/wp\/v2\/media?parent=17376"}],"wp:term":[{"taxonomy":"product_brand","embeddable":true,"href":"https:\/\/agoravape.com\/de\/wp-json\/wp\/v2\/product_brand?post=17376"},{"taxonomy":"product_cat","embeddable":true,"href":"https:\/\/agoravape.com\/de\/wp-json\/wp\/v2\/product_cat?post=17376"},{"taxonomy":"product_tag","embeddable":true,"href":"https:\/\/agoravape.com\/de\/wp-json\/wp\/v2\/product_tag?post=17376"}],"curies":[{"name":"wp","href":"https:\/\/api.w.org\/{rel}","templated":true}]}}