{"id":17416,"date":"2025-10-18T17:04:25","date_gmt":"2025-10-18T09:04:25","guid":{"rendered":"https:\/\/green-grasshopper-921422.hostingersite.com\/?post_type=product&#038;p=17416"},"modified":"2026-02-22T15:15:40","modified_gmt":"2026-02-22T14:15:40","slug":"mesii-riesige-energie-30000-zuge-vape","status":"publish","type":"product","link":"https:\/\/agoravape.com\/de\/product\/mesii-vast-energy-30000-puffs-vape\/","title":{"rendered":"Mesii Vast Energy E-Zigarette mit 30.000 Z\u00fcgen, 4 Modi und LED-Anzeige | Hohe Zugzahl, einfache Touch-Steuerung"},"content":{"rendered":"<h2 data-v-md-heading=\"what-are-the-special-features-of-mesii-vast-energy-30k-suction-capacity-4-speed-led-screen-vape\" data-v-md-line=\"3\"><img loading=\"lazy\" decoding=\"async\" class=\"aligncenter size-full wp-image-17443\" src=\"https:\/\/agoravape.com\/wp-content\/uploads\/2025\/10\/Mesii-Vast-Energy-30K-Puffs-4-Mode-LED-Marquee-Vape_Agora_vape-16.webp\" alt=\"\" width=\"1600\" height=\"1600\" srcset=\"https:\/\/agoravape.com\/wp-content\/uploads\/2025\/10\/Mesii-Vast-Energy-30K-Puffs-4-Mode-LED-Marquee-Vape_Agora_vape-16.webp 1600w, https:\/\/agoravape.com\/wp-content\/uploads\/2025\/10\/Mesii-Vast-Energy-30K-Puffs-4-Mode-LED-Marquee-Vape_Agora_vape-16-600x600.webp 600w, https:\/\/agoravape.com\/wp-content\/uploads\/2025\/10\/Mesii-Vast-Energy-30K-Puffs-4-Mode-LED-Marquee-Vape_Agora_vape-16-1200x1200.webp 1200w, https:\/\/agoravape.com\/wp-content\/uploads\/2025\/10\/Mesii-Vast-Energy-30K-Puffs-4-Mode-LED-Marquee-Vape_Agora_vape-16-300x300.webp 300w, https:\/\/agoravape.com\/wp-content\/uploads\/2025\/10\/Mesii-Vast-Energy-30K-Puffs-4-Mode-LED-Marquee-Vape_Agora_vape-16-1024x1024.webp 1024w, https:\/\/agoravape.com\/wp-content\/uploads\/2025\/10\/Mesii-Vast-Energy-30K-Puffs-4-Mode-LED-Marquee-Vape_Agora_vape-16-150x150.webp 150w, https:\/\/agoravape.com\/wp-content\/uploads\/2025\/10\/Mesii-Vast-Energy-30K-Puffs-4-Mode-LED-Marquee-Vape_Agora_vape-16-768x768.webp 768w, https:\/\/agoravape.com\/wp-content\/uploads\/2025\/10\/Mesii-Vast-Energy-30K-Puffs-4-Mode-LED-Marquee-Vape_Agora_vape-16-1536x1536.webp 1536w\" sizes=\"auto, (max-width: 1600px) 100vw, 1600px\" \/><\/h2>\n<h2 data-v-md-heading=\"what-are-the-special-features-of-mesii-vast-energy-30k-suction-capacity-4-speed-led-screen-vape\" data-v-md-line=\"3\">Was sind die besonderen Merkmale von Mesii Vast Energy 30K Saugleistung 4-Gang LED Bildschirm vape?<\/h2>\n<p data-v-md-line=\"4\">Wenn Sie m\u00fcde von Einweg-Vapes sind und verwenden Sie sie schnell jedes Mal, dann ist diese vape definitiv Ihre beste Wahl. Mesii Vast Energy hat bis zu 30000 Puffs und ist mit einem auff\u00e4lligen 360 \u00b0 LED-Bildschirm Stil vape ausgestattet, so dass Sie es wirklich zu verwenden, anstatt nur auf sie zu schauen. Tippen Sie auf den Touch-Schalter, um zwischen den vier Modi zu zyklieren und er\u00f6ffnen Sie eine wunderbare Erfahrung f\u00fcr den ganzen Tag.<\/p>\n<p data-v-md-line=\"6\">Wenn Sie auf einfache Weise reiche Aromen genie\u00dfen wollen, ohne sich um die Bedienung zu k\u00fcmmern, ist dieser Vape die ideale Wahl. Keine Notwendigkeit f\u00fcr komplexe Men\u00fcs, keine komplizierten Tasten, stilvolles Aussehen, einfache Benutzererfahrung und hervorragende Leistung.<\/p>\n<h2 data-v-md-heading=\"excellent-performance-without-any-complex-operations\" data-v-md-line=\"8\">Hervorragende Leistung ohne komplexe Abl\u00e4ufe<\/h2>\n<p data-v-md-line=\"9\">Vier praktische Modi - ECO, PLUS, PRO und MAX - erm\u00f6glichen es Ihnen, die gew\u00fcnschte Saugst\u00e4rke und -kraft frei einzustellen. Der ECO-Modus verl\u00e4ngert Ihre Nutzungszeit. Der MAX-Modus bietet ein st\u00e4rkeres Erlebnis. Die Spule wurde abgestimmt und hat einen stabilen Geschmack, mit dem ersten Biss so glatt wie der letzte Biss. Angetrieben von einem 800mAh-Akku, ist es ausreichend, um eine gro\u00dfe Kapazit\u00e4t von 30ml zu behandeln. Tippen Sie einfach auf die Modi f\u00fcr den normalen Gebrauch zu wechseln.<\/p>\n<h2 data-v-md-heading=\"specification-overview\" data-v-md-line=\"11\">Specification Overview<\/h2>\n<p data-v-md-line=\"12\"><strong>Suction frequency<\/strong>: bis zu 30000 Mal<br \/>\n<strong>Nicotine content<\/strong>: 0%, 2%, 3%, 5%<br \/>\n<strong>Working principle<\/strong>: Ber\u00fchrungsschalter zum Umschalten zwischen ECO-, PLUS-, PRO- und MAX-Modus. Keine Notwendigkeit f\u00fcr komplexe Einstellungen<br \/>\n<strong>Aufladen:<\/strong>\u00a0Eingebauter 800mAh-Akku<br \/>\n<strong>Status:<\/strong>\u00a0Ready to use out of the box<\/p>\n<h2 data-v-md-heading=\"full-range-of-flavors\" data-v-md-line=\"18\">Full range of flavors<\/h2>\n<ul data-v-md-line=\"19\">\n<li>Watermelon Ice<\/li>\n<li>Grape Ice<\/li>\n<li>Beerenbombe<\/li>\n<li>Strawberry kiwi fruit<\/li>\n<li>Blue Rink Ice<\/li>\n<li>Pfirsicheis<\/li>\n<li>Cherry Coke Ice<\/li>\n<li>Saures Apfeleis<\/li>\n<li>Miami Mint<\/li>\n<li>Zitrone und Limette<\/li>\n<li>Strawberry watermelon<\/li>\n<li>Bai Xiang Orange Guave<\/li>\n<li>Raspberry watermelon<\/li>\n<li>Ananas Mango<\/li>\n<li>Drachenfrucht, Banane, Kirsche<\/li>\n<\/ul>\n<h2 data-v-md-heading=\"for-you-for-your-business\" data-v-md-line=\"35\">F\u00fcr Sie, f\u00fcr Ihr Unternehmen<\/h2>\n<p data-v-md-line=\"36\">Sie k\u00f6nnen einen f\u00fcr sich selbst w\u00e4hlen oder einen Vorrat f\u00fcr Ihr Gesch\u00e4ft anlegen. Gro\u00dfhandelskartons mit 150 St\u00fcck pro Karton und einem Bruttogewicht von etwa 18 Kilogramm. Wir versenden \u00fcber vertrauensw\u00fcrdige Partner wie UPS, DPD und DHL auf DDP-Basis (Delivered Duty Paid), sodass Ihre Bestellung schnell geliefert werden kann und unerwartete Zwischenf\u00e4lle beim Zoll vermieden werden.<\/p>\n<p data-v-md-line=\"38\">Wenn Sie Preise f\u00fcr Gro\u00dfbestellungen oder gemischte Geschmackspatronen ben\u00f6tigen, wenden Sie sich bitte an unser Team. Wir helfen Ihnen, eine Serie von wiederkehrenden Kunden zu schaffen, die wirklich Kunden anzieht.<\/p>\n<h2 data-v-md-heading=\"why-do-you-like-it\" data-v-md-line=\"40\">Why do you like it<\/h2>\n<p data-v-md-line=\"41\"><strong>\u00dcberm\u00e4\u00dfiger Sog:<\/strong>\u00a0Weniger Austauschzeiten, Zeit- und \u00c4rgerersparnis<br \/>\n<strong>Vier Leistungsmodi:<\/strong>\u00a0Passen Sie das Saugerlebnis an Ihre Stimmung an, egal ob Sie Sanftheit oder St\u00e4rke bevorzugen<br \/>\n<strong>360\u00b0 LED-Lauflicht:<\/strong>\u00a0Lebendiges Erscheinungsbild, klares und sichtbares Feedback zum Modus<br \/>\n<strong>Nicotine selection:<\/strong>\u00a0Von 0% bis zu h\u00f6heren Konzentrationen k\u00f6nnen Sie die f\u00fcr Sie am besten geeignete w\u00e4hlen<br \/>\n<strong>Ber\u00fchrungssteuerung:<\/strong>\u00a0Einfach antippen, um den Modus schnell zu wechseln<\/p>\n<h2 data-v-md-heading=\"why-collaborate-with-agoravape\" data-v-md-line=\"47\">Warum mit AgoraVape zusammenarbeiten?<\/h2>\n<p data-v-md-line=\"48\">Wir verkaufen nur 100% echte Produkte von unseren vertrauensw\u00fcrdigen Marken. Als einer der vertrauensw\u00fcrdigsten Vape-Distributoren in Europa bieten wir erm\u00e4\u00dfigte Gro\u00dfhandelspreise, zuverl\u00e4ssigen Support und schnelle DDP-Lieferung f\u00fcr Mesii Vast Energy 30K smoking 4-mode LED ticker vapes. M\u00f6chten Sie es kaufen? Bitte kontaktieren Sie uns und wir werden es f\u00fcr Sie arrangieren, so dass Sie sich keine Sorgen mehr machen m\u00fcssen.<\/p>\n<p data-v-md-line=\"50\">Hinweis f\u00fcr EU-Einzelh\u00e4ndler: Bitte pr\u00fcfen Sie vor dem Verkauf die \u00f6rtlichen Vorschriften f\u00fcr Tabakwaren (TPD)\/Tabakprodukte und Verpackungen (TRPR). Die Option von 30 ml Inhalt und h\u00f6herem Nikotingehalt ist in einigen europ\u00e4ischen M\u00e4rkten m\u00f6glicherweise nicht zul\u00e4ssig. Wir k\u00f6nnen Ihnen eine Beratung anbieten, die den Anforderungen Ihres Landes\/Ihrer Region entspricht.<\/p>","protected":false},"excerpt":{"rendered":"<p>&nbsp;<\/p>\n<p><script src=\"chrome-extension:\/\/fpelahbljekknahkcaegamhcndkfpfnc\/iFrame.js\" type=\"text\/javascript\"><\/script><\/p>\n<p><script src=\"chrome-extension:\/\/fpelahbljekknahkcaegamhcndkfpfnc\/iFrame.js\" type=\"text\/javascript\"><\/script><\/p>\n<p><script src=\"chrome-extension:\/\/fpelahbljekknahkcaegamhcndkfpfnc\/iFrame.js\" type=\"text\/javascript\"><\/script><\/p>\n<p><script src=\"chrome-extension:\/\/fpelahbljekknahkcaegamhcndkfpfnc\/iFrame.js\" type=\"text\/javascript\"><\/script><\/p>\n<p><script src=\"chrome-extension:\/\/fpelahbljekknahkcaegamhcndkfpfnc\/iFrame.js\" type=\"text\/javascript\"><\/script><\/p>\n<p><script src=\"chrome-extension:\/\/fpelahbljekknahkcaegamhcndkfpfnc\/iFrame.js\" type=\"text\/javascript\"><\/script><\/p>\n<p><script src=\"chrome-extension:\/\/fpelahbljekknahkcaegamhcndkfpfnc\/iFrame.js\" type=\"text\/javascript\"><\/script><\/p>\n<p><script src=\"chrome-extension:\/\/fpelahbljekknahkcaegamhcndkfpfnc\/iFrame.js\" type=\"text\/javascript\"><\/script><\/p>\n<p><script src=\"chrome-extension:\/\/fpelahbljekknahkcaegamhcndkfpfnc\/iFrame.js\" type=\"text\/javascript\"><\/script><\/p>\n<p><script src=\"chrome-extension:\/\/fpelahbljekknahkcaegamhcndkfpfnc\/iFrame.js\" type=\"text\/javascript\"><\/script><\/p>\n<p><script src=\"chrome-extension:\/\/fpelahbljekknahkcaegamhcndkfpfnc\/iFrame.js\" type=\"text\/javascript\"><\/script><\/p>\n<p><script src=\"chrome-extension:\/\/fpelahbljekknahkcaegamhcndkfpfnc\/iFrame.js\" type=\"text\/javascript\"><\/script><\/p>\n<p><script src=\"chrome-extension:\/\/fpelahbljekknahkcaegamhcndkfpfnc\/iFrame.js\" type=\"text\/javascript\"><\/script><\/p>\n<p><script src=\"chrome-extension:\/\/fpelahbljekknahkcaegamhcndkfpfnc\/iFrame.js\" type=\"text\/javascript\"><\/script><\/p>\n<p><script src=\"chrome-extension:\/\/fpelahbljekknahkcaegamhcndkfpfnc\/iFrame.js\" type=\"text\/javascript\"><\/script><\/p>","protected":false},"featured_media":17442,"comment_status":"open","ping_status":"closed","template":"","meta":[],"product_brand":[234],"product_cat":[124,187,185,189,1637,174,175,193,161,191,173,186,180,190,192],"product_tag":[],"class_list":{"0":"post-17416","1":"product","2":"type-product","3":"status-publish","4":"has-post-thumbnail","6":"product_brand-mesii","7":"product_cat-vape-by-brand","8":"product_cat-0mg-nicotine-free-vapes","9":"product_cat-10000-puffs-high-capacity","10":"product_cat-20mg-standard-nicotine-vapes","11":"product_cat-30000-puffs","12":"product_cat-fruit-flavors","13":"product_cat-icy-mint","14":"product_cat-mesh-coil","15":"product_cat-mesii","16":"product_cat-rechargeable-disposables","17":"product_cat-vape-by-flavor-profile","18":"product_cat-vape-by-nicotine-strength","19":"product_cat-vape-by-puff-count","20":"product_cat-vape-by-feature-or-type","21":"product_cat-vapes-with-screens","23":"first","24":"instock","25":"shipping-taxable","26":"purchasable","27":"product-type-variable","28":"has-default-attributes"},"tiered_pricing_type":"percentage","tiered_pricing_fixed_rules":[],"tiered_pricing_product_settings":{"layout":"default","base_unit_name":{"singular":null,"plural":null},"default_variation":null},"tiered_pricing_minimum_quantity":10,"tiered_pricing_roles_data":[],"tiered_pricing_percentage_rules":{"30":"29","50":"35","100":"40","200":"44","500":"47","1000":"49"},"tiered_pricing_maximum_quantity":null,"tiered_pricing_quantity_step":"10","_links":{"self":[{"href":"https:\/\/agoravape.com\/de\/wp-json\/wp\/v2\/product\/17416","targetHints":{"allow":["GET"]}}],"collection":[{"href":"https:\/\/agoravape.com\/de\/wp-json\/wp\/v2\/product"}],"about":[{"href":"https:\/\/agoravape.com\/de\/wp-json\/wp\/v2\/types\/product"}],"replies":[{"embeddable":true,"href":"https:\/\/agoravape.com\/de\/wp-json\/wp\/v2\/comments?post=17416"}],"version-history":[{"count":0,"href":"https:\/\/agoravape.com\/de\/wp-json\/wp\/v2\/product\/17416\/revisions"}],"wp:featuredmedia":[{"embeddable":true,"href":"https:\/\/agoravape.com\/de\/wp-json\/wp\/v2\/media\/17442"}],"wp:attachment":[{"href":"https:\/\/agoravape.com\/de\/wp-json\/wp\/v2\/media?parent=17416"}],"wp:term":[{"taxonomy":"product_brand","embeddable":true,"href":"https:\/\/agoravape.com\/de\/wp-json\/wp\/v2\/product_brand?post=17416"},{"taxonomy":"product_cat","embeddable":true,"href":"https:\/\/agoravape.com\/de\/wp-json\/wp\/v2\/product_cat?post=17416"},{"taxonomy":"product_tag","embeddable":true,"href":"https:\/\/agoravape.com\/de\/wp-json\/wp\/v2\/product_tag?post=17416"}],"curies":[{"name":"wp","href":"https:\/\/api.w.org\/{rel}","templated":true}]}}