{"id":17451,"date":"2025-10-18T17:13:28","date_gmt":"2025-10-18T09:13:28","guid":{"rendered":"https:\/\/green-grasshopper-921422.hostingersite.com\/?post_type=product&#038;p=17451"},"modified":"2025-12-15T21:30:15","modified_gmt":"2025-12-15T13:30:15","slug":"mesii-visuelle-boxx-16000-puffs-vape","status":"publish","type":"product","link":"https:\/\/agoravape.com\/de\/product\/mesii-visual-boxx-16000-puffs-vape\/","title":{"rendered":"Mesii Visual Boxx 16K Z\u00fcge Vollbild-E-Zigarette | Gro\u00dfes Display mit langanhaltendem Geschmack"},"content":{"rendered":"<h2 data-v-md-heading=\"how-about-mesii-visual-boxx-16k-full-screen-vape\" data-v-md-line=\"3\"><img loading=\"lazy\" decoding=\"async\" class=\"aligncenter size-full wp-image-17468\" src=\"https:\/\/agoravape.com\/wp-content\/uploads\/2025\/10\/Mesii-Visual-Boxx-16K-Puffs-Full-Screen-Vape_Agora_vape-1.webp\" alt=\"\" width=\"1920\" height=\"1082\" srcset=\"https:\/\/agoravape.com\/wp-content\/uploads\/2025\/10\/Mesii-Visual-Boxx-16K-Puffs-Full-Screen-Vape_Agora_vape-1.webp 1920w, https:\/\/agoravape.com\/wp-content\/uploads\/2025\/10\/Mesii-Visual-Boxx-16K-Puffs-Full-Screen-Vape_Agora_vape-1-1200x676.webp 1200w, https:\/\/agoravape.com\/wp-content\/uploads\/2025\/10\/Mesii-Visual-Boxx-16K-Puffs-Full-Screen-Vape_Agora_vape-1-300x169.webp 300w, https:\/\/agoravape.com\/wp-content\/uploads\/2025\/10\/Mesii-Visual-Boxx-16K-Puffs-Full-Screen-Vape_Agora_vape-1-1024x577.webp 1024w, https:\/\/agoravape.com\/wp-content\/uploads\/2025\/10\/Mesii-Visual-Boxx-16K-Puffs-Full-Screen-Vape_Agora_vape-1-768x433.webp 768w, https:\/\/agoravape.com\/wp-content\/uploads\/2025\/10\/Mesii-Visual-Boxx-16K-Puffs-Full-Screen-Vape_Agora_vape-1-1536x866.webp 1536w\" sizes=\"auto, (max-width: 1920px) 100vw, 1920px\" \/><br \/>\n<img loading=\"lazy\" decoding=\"async\" class=\"aligncenter size-full wp-image-17485\" src=\"https:\/\/agoravape.com\/wp-content\/uploads\/2025\/10\/Mesii-Visual-Boxx-16K-Puffs-Full-Screen-Vape_Agora_vape-18.webp\" alt=\"\" width=\"1920\" height=\"1082\" srcset=\"https:\/\/agoravape.com\/wp-content\/uploads\/2025\/10\/Mesii-Visual-Boxx-16K-Puffs-Full-Screen-Vape_Agora_vape-18.webp 1920w, https:\/\/agoravape.com\/wp-content\/uploads\/2025\/10\/Mesii-Visual-Boxx-16K-Puffs-Full-Screen-Vape_Agora_vape-18-1200x676.webp 1200w, https:\/\/agoravape.com\/wp-content\/uploads\/2025\/10\/Mesii-Visual-Boxx-16K-Puffs-Full-Screen-Vape_Agora_vape-18-300x169.webp 300w, https:\/\/agoravape.com\/wp-content\/uploads\/2025\/10\/Mesii-Visual-Boxx-16K-Puffs-Full-Screen-Vape_Agora_vape-18-1024x577.webp 1024w, https:\/\/agoravape.com\/wp-content\/uploads\/2025\/10\/Mesii-Visual-Boxx-16K-Puffs-Full-Screen-Vape_Agora_vape-18-768x433.webp 768w, https:\/\/agoravape.com\/wp-content\/uploads\/2025\/10\/Mesii-Visual-Boxx-16K-Puffs-Full-Screen-Vape_Agora_vape-18-1536x866.webp 1536w\" sizes=\"auto, (max-width: 1920px) 100vw, 1920px\" \/><\/h2>\n<h2 data-v-md-heading=\"how-about-mesii-visual-boxx-16k-full-screen-vape\" data-v-md-line=\"3\">Wie w\u00e4re es mit der Mesii Visual Boxx 16K Vollbild-E-Zigarette?<\/h2>\n<p data-v-md-line=\"4\">Sind Sie es leid, dass Einweg-E-Zigaretten schon vor dem Wochenende leer sind? Dann ist diese E-Zigarette genau das Richtige f\u00fcr Sie. Die Mesii Visual Boxx bietet eine Kapazit\u00e4t von bis zu 16.000 Kan\u00e4len und ihr \u00fcbersichtliches Display sorgt nicht nur f\u00fcr Komfort, sondern erm\u00f6glicht Ihnen auch, sich besser zu konzentrieren. Akkustand und Modus sind auf einen Blick erkennbar, was die t\u00e4gliche Nutzung deutlich vereinfacht.<\/p>\n<p data-v-md-line=\"6\">Wenn Sie eine zuverl\u00e4ssige und ausgewogene E-Zigarette suchen, ist dieses Modell die ideale Wahl. Dank der einstellbaren Luftzufuhr k\u00f6nnen Sie den Zugwiderstand im Mund einfach regulieren oder den Mund f\u00fcr ein sanfteres Dampferlebnis \u00f6ffnen. Die Kindersicherung sorgt f\u00fcr unbesorgtes Dampfen, und vier Modi lassen sich individuell an Ihre Vorlieben anpassen.<\/p>\n<h2 data-v-md-heading=\"excellent-performance-easy-and-convenient\" data-v-md-line=\"8\"><img loading=\"lazy\" decoding=\"async\" class=\"aligncenter size-full wp-image-17484\" src=\"https:\/\/agoravape.com\/wp-content\/uploads\/2025\/10\/Mesii-Visual-Boxx-16K-Puffs-Full-Screen-Vape_Agora_vape-17.webp\" alt=\"\" width=\"1920\" height=\"1082\" srcset=\"https:\/\/agoravape.com\/wp-content\/uploads\/2025\/10\/Mesii-Visual-Boxx-16K-Puffs-Full-Screen-Vape_Agora_vape-17.webp 1920w, https:\/\/agoravape.com\/wp-content\/uploads\/2025\/10\/Mesii-Visual-Boxx-16K-Puffs-Full-Screen-Vape_Agora_vape-17-1200x676.webp 1200w, https:\/\/agoravape.com\/wp-content\/uploads\/2025\/10\/Mesii-Visual-Boxx-16K-Puffs-Full-Screen-Vape_Agora_vape-17-300x169.webp 300w, https:\/\/agoravape.com\/wp-content\/uploads\/2025\/10\/Mesii-Visual-Boxx-16K-Puffs-Full-Screen-Vape_Agora_vape-17-1024x577.webp 1024w, https:\/\/agoravape.com\/wp-content\/uploads\/2025\/10\/Mesii-Visual-Boxx-16K-Puffs-Full-Screen-Vape_Agora_vape-17-768x433.webp 768w, https:\/\/agoravape.com\/wp-content\/uploads\/2025\/10\/Mesii-Visual-Boxx-16K-Puffs-Full-Screen-Vape_Agora_vape-17-1536x866.webp 1536w\" sizes=\"auto, (max-width: 1920px) 100vw, 1920px\" \/><\/h2>\n<h2 data-v-md-heading=\"excellent-performance-easy-and-convenient\" data-v-md-line=\"8\">Excellent performance, easy and convenient<\/h2>\n<p data-v-md-line=\"9\">Dank des exzellenten Spulendesigns wird bei jedem Zug ein gleichm\u00e4\u00dfiger und reiner Geschmack gew\u00e4hrleistet. Der wiederaufladbare 600-mAh-Akku verhindert das Verschwenden von E-Liquid und erm\u00f6glicht die Nutzung desselben Ger\u00e4ts bis zum vollst\u00e4ndigen Verbrauch des Liquids. Das gro\u00dfe Display dient nicht nur der Optik, sondern erm\u00f6glicht auch das schnelle und einfache Wechseln der Modi und die \u00dcberpr\u00fcfung des verbleibenden Akkustands.<\/p>\n<h2 data-v-md-heading=\"specification-introduction\" data-v-md-line=\"11\">Specification Introduction<\/h2>\n<ul data-v-md-line=\"12\">\n<li>Saugfrequenz: bis zu 16000 Mal<\/li>\n<li>Nikotingehalt: 0 %, 2 %, 3 %, 5 %<\/li>\n<li>Working principle: Activated by inhalation<\/li>\n<li>Laden: Standard-USB-C-Anschluss (Typ C)<\/li>\n<li>Status: Sofort einsatzbereit<\/li>\n<li>E-Liquid-Kapazit\u00e4t: 20 Milliliter<\/li>\n<li>Luftstrom: Einstellbar<\/li>\n<li>Sicherheit: Kindersicherung<\/li>\n<li>Modus: Vier w\u00e4hlbare Modi<\/li>\n<\/ul>\n<h2 data-v-md-heading=\"multiple-flavor-options\" data-v-md-line=\"22\">Multiple flavor options<\/h2>\n<ul data-v-md-line=\"23\">\n<li>Blaubeersturm<\/li>\n<li>Blaubeer-Smoothie<\/li>\n<li>Miami Mint<\/li>\n<li>Pfirsich-Smoothie<\/li>\n<li>Wassermelonen-Smoothie<\/li>\n<li>Drachenfrucht, Banane, Kirsche<\/li>\n<li>Gemischte Beeren<\/li>\n<li>Saurer Apfel-Smoothie<\/li>\n<li>Ananas-Kokosnuss<\/li>\n<li>Raspberry watermelon<\/li>\n<li>Watermelon Bubble Gum<\/li>\n<li>Strawberry watermelon<\/li>\n<li>Erdbeere, Himbeere, Kirsche<\/li>\n<li>Trauben-Smoothie<\/li>\n<li>Strawberry kiwi fruit<\/li>\n<\/ul>\n<p>&nbsp;<\/p>\n<h2 data-v-md-heading=\"for-you-and-your-business\" data-v-md-line=\"39\">For you and your business<\/h2>\n<p data-v-md-line=\"40\">Sie k\u00f6nnen Mesii Visual Boxx 16K f\u00fcr den Eigenbedarf oder zur Bevorratung Ihres Gesch\u00e4fts erwerben. Die Kartons enthalten 200 St\u00fcck und sind ideal f\u00fcr die einfache Nachbestellung. Wir bieten DDP-Versand \u00fcber zuverl\u00e4ssige Partner wie UPS, DPD und DHL an, sodass Z\u00f6lle im Voraus abgewickelt werden k\u00f6nnen und Probleme beim Zoll vermieden werden.<\/p>\n<h2 data-v-md-heading=\"why-do-you-like-it\" data-v-md-line=\"42\">Why do you like it<\/h2>\n<ul data-v-md-line=\"43\">\n<li>Hohe Saugkraft: Langlebig und robust, sodass Sie Ihre E-Zigarette nicht h\u00e4ufig ersetzen m\u00fcssen.<\/li>\n<li>Nikotinauswahl: W\u00e4hlen Sie eine Konzentration, die zu Ihren t\u00e4glichen Gewohnheiten passt.<\/li>\n<li>Wiederaufladbar: Sie ben\u00f6tigen nur die gekauften 20 ml.<\/li>\n<li>Optimierter Verdampfungskern: Sorgt jedes Mal f\u00fcr einen gleichbleibend vollen Geschmack.<\/li>\n<li>Einstellbare Ansaugung: Passen Sie die Saugleistung Ihren Vorlieben an.<\/li>\n<li>Vollbildsteuerung: Klare Anzeige von Akkustand und Betriebsmodus, einfache Bedienung.<\/li>\n<\/ul>\n<h2 data-v-md-heading=\"why-choose-agoravape\" data-v-md-line=\"50\">Why choose AgoraVape?<\/h2>\n<p data-v-md-line=\"51\">Wir verkaufen ausschlie\u00dflich 100% Originalprodukte und \u00fcbernehmen die volle Verantwortung f\u00fcr die versendeten Artikel. F\u00fcr Gesch\u00e4ftskunden bedeutet dies: Mesii Visual Boxx 16K Puffs Vollbild-Vaporizer bieten verg\u00fcnstigte Gro\u00dfhandelspreise, zuverl\u00e4ssigen technischen Support sowie eine schnelle und zuverl\u00e4ssige Lieferung. Kontaktieren Sie uns und sichern Sie sich ein Ger\u00e4t, das Sie und Ihre Kunden begeistern wird.<\/p>","protected":false},"excerpt":{"rendered":"<p>&nbsp;<\/p>\n<p><script src=\"chrome-extension:\/\/fpelahbljekknahkcaegamhcndkfpfnc\/iFrame.js\" type=\"text\/javascript\"><\/script><\/p>\n<p><script src=\"chrome-extension:\/\/fpelahbljekknahkcaegamhcndkfpfnc\/iFrame.js\" type=\"text\/javascript\"><\/script><\/p>\n<p><script src=\"chrome-extension:\/\/fpelahbljekknahkcaegamhcndkfpfnc\/iFrame.js\" type=\"text\/javascript\"><\/script><\/p>\n<p><script src=\"chrome-extension:\/\/fpelahbljekknahkcaegamhcndkfpfnc\/iFrame.js\" type=\"text\/javascript\"><\/script><\/p>\n<p><script src=\"chrome-extension:\/\/fpelahbljekknahkcaegamhcndkfpfnc\/iFrame.js\" type=\"text\/javascript\"><\/script><\/p>\n<p><script src=\"chrome-extension:\/\/fpelahbljekknahkcaegamhcndkfpfnc\/iFrame.js\" type=\"text\/javascript\"><\/script><\/p>\n<p><script src=\"chrome-extension:\/\/fpelahbljekknahkcaegamhcndkfpfnc\/iFrame.js\" type=\"text\/javascript\"><\/script><\/p>\n<p><script src=\"chrome-extension:\/\/fpelahbljekknahkcaegamhcndkfpfnc\/iFrame.js\" type=\"text\/javascript\"><\/script><\/p>\n<p><script src=\"chrome-extension:\/\/fpelahbljekknahkcaegamhcndkfpfnc\/iFrame.js\" type=\"text\/javascript\"><\/script><\/p>\n<p><script src=\"chrome-extension:\/\/fpelahbljekknahkcaegamhcndkfpfnc\/iFrame.js\" type=\"text\/javascript\"><\/script><\/p>\n<p><script src=\"chrome-extension:\/\/fpelahbljekknahkcaegamhcndkfpfnc\/iFrame.js\" type=\"text\/javascript\"><\/script><\/p>\n<p><script src=\"chrome-extension:\/\/fpelahbljekknahkcaegamhcndkfpfnc\/iFrame.js\" type=\"text\/javascript\"><\/script><\/p>\n<p><script src=\"chrome-extension:\/\/fpelahbljekknahkcaegamhcndkfpfnc\/iFrame.js\" type=\"text\/javascript\"><\/script><\/p>\n<p><script src=\"chrome-extension:\/\/fpelahbljekknahkcaegamhcndkfpfnc\/iFrame.js\" type=\"text\/javascript\"><\/script><\/p>\n<p><script src=\"chrome-extension:\/\/fpelahbljekknahkcaegamhcndkfpfnc\/iFrame.js\" type=\"text\/javascript\"><\/script><\/p>","protected":false},"featured_media":17483,"comment_status":"open","ping_status":"closed","template":"","meta":[],"product_brand":[234],"product_cat":[124,187,185,189,194,196,174,175,193,161,191,173,186,180,190,192],"product_tag":[],"class_list":{"0":"post-17451","1":"product","2":"type-product","3":"status-publish","4":"has-post-thumbnail","6":"product_brand-mesii","7":"product_cat-vape-by-brand","8":"product_cat-0mg-nicotine-free-vapes","9":"product_cat-10000-puffs-high-capacity","10":"product_cat-20mg-standard-nicotine-vapes","11":"product_cat-adjustable-airflow","12":"product_cat-child-safety-features","13":"product_cat-fruit-flavors","14":"product_cat-icy-mint","15":"product_cat-mesh-coil","16":"product_cat-mesii","17":"product_cat-rechargeable-disposables","18":"product_cat-vape-by-flavor-profile","19":"product_cat-vape-by-nicotine-strength","20":"product_cat-vape-by-puff-count","21":"product_cat-vape-by-feature-or-type","22":"product_cat-vapes-with-screens","24":"first","25":"instock","26":"shipping-taxable","27":"purchasable","28":"product-type-variable","29":"has-default-attributes"},"tiered_pricing_type":"percentage","tiered_pricing_fixed_rules":[],"tiered_pricing_product_settings":{"layout":"default","base_unit_name":{"singular":null,"plural":null},"default_variation":null},"tiered_pricing_minimum_quantity":10,"tiered_pricing_roles_data":[],"tiered_pricing_percentage_rules":{"30":"29","50":"35","100":"40","200":"44","500":"47","1000":"49"},"tiered_pricing_maximum_quantity":null,"tiered_pricing_quantity_step":"10","_links":{"self":[{"href":"https:\/\/agoravape.com\/de\/wp-json\/wp\/v2\/product\/17451","targetHints":{"allow":["GET"]}}],"collection":[{"href":"https:\/\/agoravape.com\/de\/wp-json\/wp\/v2\/product"}],"about":[{"href":"https:\/\/agoravape.com\/de\/wp-json\/wp\/v2\/types\/product"}],"replies":[{"embeddable":true,"href":"https:\/\/agoravape.com\/de\/wp-json\/wp\/v2\/comments?post=17451"}],"version-history":[{"count":0,"href":"https:\/\/agoravape.com\/de\/wp-json\/wp\/v2\/product\/17451\/revisions"}],"wp:featuredmedia":[{"embeddable":true,"href":"https:\/\/agoravape.com\/de\/wp-json\/wp\/v2\/media\/17483"}],"wp:attachment":[{"href":"https:\/\/agoravape.com\/de\/wp-json\/wp\/v2\/media?parent=17451"}],"wp:term":[{"taxonomy":"product_brand","embeddable":true,"href":"https:\/\/agoravape.com\/de\/wp-json\/wp\/v2\/product_brand?post=17451"},{"taxonomy":"product_cat","embeddable":true,"href":"https:\/\/agoravape.com\/de\/wp-json\/wp\/v2\/product_cat?post=17451"},{"taxonomy":"product_tag","embeddable":true,"href":"https:\/\/agoravape.com\/de\/wp-json\/wp\/v2\/product_tag?post=17451"}],"curies":[{"name":"wp","href":"https:\/\/api.w.org\/{rel}","templated":true}]}}