{"id":17491,"date":"2025-10-18T17:34:29","date_gmt":"2025-10-18T09:34:29","guid":{"rendered":"https:\/\/green-grasshopper-921422.hostingersite.com\/?post_type=product&#038;p=17491"},"modified":"2026-01-19T22:00:46","modified_gmt":"2026-01-19T14:00:46","slug":"lavande-bm18000-puffs-boost-vape","status":"publish","type":"product","link":"https:\/\/agoravape.com\/de\/product\/lavande-bm18000-puffs-boost-vape\/","title":{"rendered":"Lavande BM18000 Puffs Boost Mode Mesh Coil Vape | Langanhaltender Geschmack mit einfachem USB-C-Ladeanschluss"},"content":{"rendered":"<h2 data-v-md-heading=\"what-are-the-special-features-of-lavande-bm18000-enhanced-mode-mesh-coil-vape\" data-v-md-line=\"3\"><img loading=\"lazy\" decoding=\"async\" class=\"aligncenter size-full wp-image-17487\" src=\"https:\/\/agoravape.com\/wp-content\/uploads\/2025\/10\/Lavande-BM18000-Puffs-Boost-Mode-Mesh-Coil-Vape_Agora_vape-1-scaled.webp\" alt=\"\" width=\"2560\" height=\"1440\" srcset=\"https:\/\/agoravape.com\/wp-content\/uploads\/2025\/10\/Lavande-BM18000-Puffs-Boost-Mode-Mesh-Coil-Vape_Agora_vape-1-scaled.webp 2560w, https:\/\/agoravape.com\/wp-content\/uploads\/2025\/10\/Lavande-BM18000-Puffs-Boost-Mode-Mesh-Coil-Vape_Agora_vape-1-scaled-1200x675.webp 1200w, https:\/\/agoravape.com\/wp-content\/uploads\/2025\/10\/Lavande-BM18000-Puffs-Boost-Mode-Mesh-Coil-Vape_Agora_vape-1-300x169.webp 300w, https:\/\/agoravape.com\/wp-content\/uploads\/2025\/10\/Lavande-BM18000-Puffs-Boost-Mode-Mesh-Coil-Vape_Agora_vape-1-1024x576.webp 1024w, https:\/\/agoravape.com\/wp-content\/uploads\/2025\/10\/Lavande-BM18000-Puffs-Boost-Mode-Mesh-Coil-Vape_Agora_vape-1-768x432.webp 768w, https:\/\/agoravape.com\/wp-content\/uploads\/2025\/10\/Lavande-BM18000-Puffs-Boost-Mode-Mesh-Coil-Vape_Agora_vape-1-1536x864.webp 1536w, https:\/\/agoravape.com\/wp-content\/uploads\/2025\/10\/Lavande-BM18000-Puffs-Boost-Mode-Mesh-Coil-Vape_Agora_vape-1-2048x1152.webp 2048w\" sizes=\"auto, (max-width: 2560px) 100vw, 2560px\" \/><\/h2>\n<h2 data-v-md-heading=\"what-are-the-special-features-of-lavande-bm18000-enhanced-mode-mesh-coil-vape\" data-v-md-line=\"3\">Was sind die besonderen Merkmale des Lavande BM18000 enhanced mode mesh coil vape?<\/h2>\n<p data-v-md-line=\"4\">Wenn Sie es leid sind, alle paar Tage Einwegverdampfer zu ersetzen, wird dieses Produkt Ihr Leben einfacher machen. Der Lavande BM18000 ist f\u00fcr den Langzeitgebrauch konzipiert, unterst\u00fctzt bis zu 18000 Z\u00fcge und ist mit einem wiederaufladbaren Akku f\u00fcr eine einfache Nutzung ausgestattet.<\/p>\n<p data-v-md-line=\"6\">Er eignet sich f\u00fcr jeden Nutzer, der Sauberkeit und Stabilit\u00e4t w\u00fcnscht und keine umst\u00e4ndlichen Kn\u00f6pfe oder Einstellungen ben\u00f6tigt. Dank der Mesh-Spulen und der einstellbaren Luftzufuhr nach pers\u00f6nlichen Vorlieben k\u00f6nnen Sie einen sanften Geschmack erzielen. Wenn Sie einen reichhaltigeren Rauch w\u00fcnschen, schalten Sie einfach den Enhancement-Modus ein, ohne Ihre Gewohnheiten zu \u00e4ndern.<\/p>\n<h2 data-v-md-heading=\"excellent-performance-easy-and-convenient\" data-v-md-line=\"8\">Excellent performance, easy and convenient<\/h2>\n<p data-v-md-line=\"9\">Die Mesh-Spule ist die Seele dieses Verdampfers, die einen erfrischenden Geschmack vom ersten bis zum letzten Bissen beibehalten kann. Einstellbare Luftstrom erm\u00f6glicht es Ihnen, die Saugkraft nach Lust und Laune einzustellen. Wenn der Akku leer ist, schlie\u00dfen Sie einfach das Typ-C-Datenkabel an, um ihn normal zu verwenden. Keine Notwendigkeit f\u00fcr spezielle Ladeger\u00e4te, einfach zu handhaben.<\/p>\n<h2 data-v-md-heading=\"specification-overview\" data-v-md-line=\"11\">Specification Overview<\/h2>\n<p data-v-md-line=\"12\"><strong>Suction frequency<\/strong>: up to 18000 times<br \/>\n<strong>E-Liquid-Kapazit\u00e4t<\/strong>: 18 Milliliter, kann 1-2 Nachf\u00fcllungen w\u00e4hlen<br \/>\n<strong>Nikotin<\/strong>: 0,3% Salz Nikotin<br \/>\n<strong>Luftstrom<\/strong>: Einstellbar<br \/>\n<strong>Erweiterter Modus<\/strong>: bedarfsgerechte Stromversorgung, intensiverer Rauch<br \/>\n<strong>Batterie<\/strong>: 650-mAh-Akku<br \/>\n<strong>Working principle<\/strong>Aktivierung mit nur einem Zug<br \/>\n<strong>Charging<\/strong>Standardm\u00e4\u00dfige USB-Typ-C-Schnittstelle<br \/>\n<strong>Status<\/strong>: Ready to use out of the box<\/p>\n<h2 data-v-md-heading=\"to-create-for-you-and-your-business\" data-v-md-line=\"22\">Um etwas f\u00fcr Sie und Ihr Unternehmen zu schaffen<\/h2>\n<p data-v-md-line=\"23\">Sie k\u00f6nnen den Lavande BM18000 f\u00fcr den pers\u00f6nlichen Gebrauch kaufen oder in Ihrem Gesch\u00e4ft einsetzen. Der Gro\u00dfhandelskarton enth\u00e4lt 200 St\u00fcck, so dass die Regale ohne h\u00e4ufiges Nachf\u00fcllen leicht gef\u00fcllt werden k\u00f6nnen.<\/p>\n<p data-v-md-line=\"25\">Wir bieten steuerbezahlte DDP-Optionen \u00fcber vertrauensw\u00fcrdige Partner wie UPS, DPD und DHL an, die es Ihnen einfach und bequem machen, Ihre Waren zu erhalten und Zollunf\u00e4lle zu vermeiden. Wenn Sie Hilfe bei Gro\u00dfbestellungen oder gemischten Geschmacksrichtungen ben\u00f6tigen, kontaktieren Sie uns bitte und wir werden Ihnen gerne behilflich sein.<\/p>\n<h2 data-v-md-heading=\"why-do-you-like-it\" data-v-md-line=\"27\">Why do you like it<\/h2>\n<p data-v-md-line=\"28\"><strong>Absaugung mit gro\u00dfem Mund:<\/strong>\u00a0Langlebig und ergiebig, sodass Sie nicht st\u00e4ndig neue Zigaretten kaufen m\u00fcssen.<br \/>\n<strong>Adjustable intake:<\/strong>\u00a0Sie k\u00f6nnen die Saugleistung nach Ihren W\u00fcnschen einstellen.<br \/>\n<strong>Rechargeable battery:<\/strong>\u00a0Verbrauchen Sie das gesamte gekaufte E-Liquid auf einmal.<br \/>\n<strong>Erweiterter Modus:<\/strong>\u00a0Schnelles Erh\u00f6hen der Leistung f\u00fcr ein noch st\u00e4rkeres Erlebnis.<br \/>\n<strong>Mesh-Verdampferkern:<\/strong>\u00a0Konsistenter Geschmack.<\/p>\n<h2 data-v-md-heading=\"why-choose-to-collaborate-with-agoravape\" data-v-md-line=\"34\">Warum sollten Sie sich f\u00fcr eine Zusammenarbeit mit AgoraVape entscheiden?<\/h2>\n<p data-v-md-line=\"35\">Wir verkaufen nur Originalprodukte und gew\u00e4hren Garantien f\u00fcr sie. Unternehmenskunden k\u00f6nnen von \u00e4u\u00dferst wettbewerbsf\u00e4higen Gro\u00dfhandelspreisen, zuverl\u00e4ssigem Support und schnellen und zuverl\u00e4ssigen Transportdiensten in ganz Europa profitieren. Wir befolgen die Protokolle zur Altersverifizierung und arbeiten nach den europ\u00e4ischen Vape-Verkaufsstandards, was die Bestellung sicher und bequem macht. Kontaktieren Sie uns, um Lavande BM18000 auf Lager zu haben und Ihren Kunden ein Ger\u00e4t anzubieten, das sie gerne w\u00e4hlen.<\/p>\n<p><script src=\"chrome-extension:\/\/fpelahbljekknahkcaegamhcndkfpfnc\/iFrame.js\" type=\"text\/javascript\"><\/script><\/p>\n<p><script src=\"chrome-extension:\/\/fpelahbljekknahkcaegamhcndkfpfnc\/iFrame.js\" type=\"text\/javascript\"><\/script><\/p>","protected":false},"excerpt":{"rendered":"<p>&nbsp;<\/p>\n<p><script src=\"chrome-extension:\/\/fpelahbljekknahkcaegamhcndkfpfnc\/iFrame.js\" type=\"text\/javascript\"><\/script><\/p>\n<p><script src=\"chrome-extension:\/\/fpelahbljekknahkcaegamhcndkfpfnc\/iFrame.js\" type=\"text\/javascript\"><\/script><\/p>\n<p><script src=\"chrome-extension:\/\/fpelahbljekknahkcaegamhcndkfpfnc\/iFrame.js\" type=\"text\/javascript\"><\/script><\/p>\n<p><script src=\"chrome-extension:\/\/fpelahbljekknahkcaegamhcndkfpfnc\/iFrame.js\" type=\"text\/javascript\"><\/script><\/p>\n<p><script src=\"chrome-extension:\/\/fpelahbljekknahkcaegamhcndkfpfnc\/iFrame.js\" type=\"text\/javascript\"><\/script><\/p>\n<p><script src=\"chrome-extension:\/\/fpelahbljekknahkcaegamhcndkfpfnc\/iFrame.js\" type=\"text\/javascript\"><\/script><\/p>\n<p><script src=\"chrome-extension:\/\/fpelahbljekknahkcaegamhcndkfpfnc\/iFrame.js\" type=\"text\/javascript\"><\/script><\/p>\n<p><script src=\"chrome-extension:\/\/fpelahbljekknahkcaegamhcndkfpfnc\/iFrame.js\" type=\"text\/javascript\"><\/script><\/p>\n<p><script src=\"chrome-extension:\/\/fpelahbljekknahkcaegamhcndkfpfnc\/iFrame.js\" type=\"text\/javascript\"><\/script><\/p>\n<p><script src=\"chrome-extension:\/\/fpelahbljekknahkcaegamhcndkfpfnc\/iFrame.js\" type=\"text\/javascript\"><\/script><\/p>\n<p><script src=\"chrome-extension:\/\/fpelahbljekknahkcaegamhcndkfpfnc\/iFrame.js\" type=\"text\/javascript\"><\/script><\/p>\n<p><script src=\"chrome-extension:\/\/fpelahbljekknahkcaegamhcndkfpfnc\/iFrame.js\" type=\"text\/javascript\"><\/script><\/p>\n<p><script src=\"chrome-extension:\/\/fpelahbljekknahkcaegamhcndkfpfnc\/iFrame.js\" type=\"text\/javascript\"><\/script><\/p>\n<p><script src=\"chrome-extension:\/\/fpelahbljekknahkcaegamhcndkfpfnc\/iFrame.js\" type=\"text\/javascript\"><\/script><\/p>\n<p><script src=\"chrome-extension:\/\/fpelahbljekknahkcaegamhcndkfpfnc\/iFrame.js\" type=\"text\/javascript\"><\/script><\/p>","protected":false},"featured_media":17490,"comment_status":"open","ping_status":"closed","template":"","meta":[],"product_brand":[235],"product_cat":[124,185,194,174,175,162,193,191,173,186,180,190,192],"product_tag":[],"class_list":{"0":"post-17491","1":"product","2":"type-product","3":"status-publish","4":"has-post-thumbnail","6":"product_brand-lavande","7":"product_cat-vape-by-brand","8":"product_cat-10000-puffs-high-capacity","9":"product_cat-adjustable-airflow","10":"product_cat-fruit-flavors","11":"product_cat-icy-mint","12":"product_cat-lavande","13":"product_cat-mesh-coil","14":"product_cat-rechargeable-disposables","15":"product_cat-vape-by-flavor-profile","16":"product_cat-vape-by-nicotine-strength","17":"product_cat-vape-by-puff-count","18":"product_cat-vape-by-feature-or-type","19":"product_cat-vapes-with-screens","21":"first","22":"onbackorder","23":"shipping-taxable","24":"purchasable","25":"product-type-variable","26":"has-default-attributes"},"tiered_pricing_type":"percentage","tiered_pricing_fixed_rules":[],"tiered_pricing_product_settings":{"layout":"default","base_unit_name":{"singular":null,"plural":null},"default_variation":null},"tiered_pricing_minimum_quantity":50,"tiered_pricing_roles_data":[],"tiered_pricing_percentage_rules":{"100":"40","200":"44","500":"47","1000":"49"},"tiered_pricing_maximum_quantity":null,"tiered_pricing_quantity_step":"10","_links":{"self":[{"href":"https:\/\/agoravape.com\/de\/wp-json\/wp\/v2\/product\/17491","targetHints":{"allow":["GET"]}}],"collection":[{"href":"https:\/\/agoravape.com\/de\/wp-json\/wp\/v2\/product"}],"about":[{"href":"https:\/\/agoravape.com\/de\/wp-json\/wp\/v2\/types\/product"}],"replies":[{"embeddable":true,"href":"https:\/\/agoravape.com\/de\/wp-json\/wp\/v2\/comments?post=17491"}],"version-history":[{"count":0,"href":"https:\/\/agoravape.com\/de\/wp-json\/wp\/v2\/product\/17491\/revisions"}],"wp:featuredmedia":[{"embeddable":true,"href":"https:\/\/agoravape.com\/de\/wp-json\/wp\/v2\/media\/17490"}],"wp:attachment":[{"href":"https:\/\/agoravape.com\/de\/wp-json\/wp\/v2\/media?parent=17491"}],"wp:term":[{"taxonomy":"product_brand","embeddable":true,"href":"https:\/\/agoravape.com\/de\/wp-json\/wp\/v2\/product_brand?post=17491"},{"taxonomy":"product_cat","embeddable":true,"href":"https:\/\/agoravape.com\/de\/wp-json\/wp\/v2\/product_cat?post=17491"},{"taxonomy":"product_tag","embeddable":true,"href":"https:\/\/agoravape.com\/de\/wp-json\/wp\/v2\/product_tag?post=17491"}],"curies":[{"name":"wp","href":"https:\/\/api.w.org\/{rel}","templated":true}]}}