{"id":17532,"date":"2025-10-18T17:54:05","date_gmt":"2025-10-18T09:54:05","guid":{"rendered":"https:\/\/green-grasshopper-921422.hostingersite.com\/?post_type=product&#038;p=17532"},"modified":"2026-01-19T22:00:40","modified_gmt":"2026-01-19T14:00:40","slug":"lavande-nebula-15000-puffs-led-vape","status":"publish","type":"product","link":"https:\/\/agoravape.com\/de\/product\/lavande-nebula-15000-puffs-led-vape\/","title":{"rendered":"Lavande NEBULA 15K Puffs LED-Display Einweg-E-Zigarette | Langanhaltender Geschmack mit intelligenter Statusanzeige auf dem Display"},"content":{"rendered":"<h2 data-v-md-heading=\"what-is-special-about-lavande-nebula-s-15000-port-led-screen-disposable-vape\" data-v-md-line=\"3\"><img loading=\"lazy\" decoding=\"async\" class=\"aligncenter size-full wp-image-17564\" src=\"https:\/\/agoravape.com\/wp-content\/uploads\/2025\/10\/Lavande-NEBULA-15K-Puffs-LED-Screen-Disposable-Vape_Agora_vape-11-scaled.webp\" alt=\"\" width=\"2560\" height=\"1440\" srcset=\"https:\/\/agoravape.com\/wp-content\/uploads\/2025\/10\/Lavande-NEBULA-15K-Puffs-LED-Screen-Disposable-Vape_Agora_vape-11-scaled.webp 2560w, https:\/\/agoravape.com\/wp-content\/uploads\/2025\/10\/Lavande-NEBULA-15K-Puffs-LED-Screen-Disposable-Vape_Agora_vape-11-scaled-1200x675.webp 1200w, https:\/\/agoravape.com\/wp-content\/uploads\/2025\/10\/Lavande-NEBULA-15K-Puffs-LED-Screen-Disposable-Vape_Agora_vape-11-300x169.webp 300w, https:\/\/agoravape.com\/wp-content\/uploads\/2025\/10\/Lavande-NEBULA-15K-Puffs-LED-Screen-Disposable-Vape_Agora_vape-11-1024x576.webp 1024w, https:\/\/agoravape.com\/wp-content\/uploads\/2025\/10\/Lavande-NEBULA-15K-Puffs-LED-Screen-Disposable-Vape_Agora_vape-11-768x432.webp 768w, https:\/\/agoravape.com\/wp-content\/uploads\/2025\/10\/Lavande-NEBULA-15K-Puffs-LED-Screen-Disposable-Vape_Agora_vape-11-1536x864.webp 1536w, https:\/\/agoravape.com\/wp-content\/uploads\/2025\/10\/Lavande-NEBULA-15K-Puffs-LED-Screen-Disposable-Vape_Agora_vape-11-2048x1152.webp 2048w\" sizes=\"auto, (max-width: 2560px) 100vw, 2560px\" \/><\/h2>\n<h2 data-v-md-heading=\"what-is-special-about-lavande-nebula-s-15000-port-led-screen-disposable-vape\" data-v-md-line=\"3\">Was ist das Besondere am Lavande NEBULA 15000 Port LED-Bildschirm Einweg-Vape?<\/h2>\n<p data-v-md-line=\"4\">Wenn Sie es leid sind, Ihr Ger\u00e4t alle paar Tage zu wechseln, wird dieses Produkt Ihr Leben einfacher machen. Lavande NEBULA hat eine lange Akkulaufzeit von bis zu 15000 Ports und ist mit einem praktischen LED-Display ausgestattet, so dass Sie jederzeit den \u00dcberblick \u00fcber Ihren Status behalten k\u00f6nnen.<\/p>\n<p data-v-md-line=\"6\">Wenn Du ein einfaches und leicht zu bedienendes Vape-Erlebnis haben m\u00f6chtest, ohne dabei an Raffinesse zu verlieren, dann ist dieses Produkt die ideale Wahl. Keine Notwendigkeit f\u00fcr langwierige Einstellungen, keine Notwendigkeit zu erraten. Die Mesh-Spule bietet eine konsistente Textur und kann leicht durch die Typ-C-Schnittstelle aufgeladen werden, wenn n\u00f6tig.<\/p>\n<h2 data-v-md-heading=\"excellent-performance-worry-free\" data-v-md-line=\"8\">Hervorragende Leistung, sorgenfrei<\/h2>\n<p data-v-md-line=\"9\">Das Herzst\u00fcck des NEBULA ist eine 1,2 \u03a9 Mesh-Spule, so dass jeder Bissen einen reinen und stabilen Geschmack von Anfang bis Ende erhalten kann. LED-Bildschirme k\u00f6nnen schnell visuelles Feedback liefern, so dass Sie leicht den aktuellen Status zu erfassen. Wenn der Akku schwach ist, k\u00f6nnen Sie das Typ-C-Datenkabel verwenden, das Sie m\u00f6glicherweise bereits haben, um es aufzuladen. Bei Ger\u00e4ten mit hoher Kapazit\u00e4t k\u00f6nnen Sie sich nat\u00fcrlich Sorgen um die Akkulaufzeit machen, aber die Typ-C-Schnellladefunktion macht das Aufladen einfach und sorgenfrei.<\/p>\n<h2 data-v-md-heading=\"specification-overview\" data-v-md-line=\"11\">Specification Overview<\/h2>\n<ul data-v-md-line=\"12\">\n<li>Absaugleistung: bis zu 15000 Mundvoll<\/li>\n<li>Nikotinkonzentration: Die Hersteller bieten zwei Optionen an: 2% (20mg) und 5%<\/li>\n<li>E-Liquid-Kapazit\u00e4t: 15 Milliliter<\/li>\n<li>Akku: 550-mAh-Akku<\/li>\n<li>Zerst\u00e4ubungskern: 1,2 \u03a9 Maschenspule<\/li>\n<li>Bildschirm: Integrierter LED-Bildschirm<\/li>\n<li>Funktionsprinzip: Keine Einstellung erforderlich - \u00f6ffnen, inhalieren, nach Bedarf aufladen<\/li>\n<li>Laden: Standard-USB-Typ-C-Anschluss<\/li>\n<li>Status: Sofort einsatzbereit<\/li>\n<\/ul>\n<p data-v-md-line=\"22\">Erkl\u00e4rung zur Einhaltung der Vorschriften: Nikotinkonzentration und -kapazit\u00e4t variieren je nach Land\/Region. Wir bieten Produkte an, die die Anforderungen der lokalen Vorschriften erf\u00fcllen.<\/p>\n<h2 data-v-md-heading=\"for-you-and-your-business\" data-v-md-line=\"24\">For you and your business<\/h2>\n<p data-v-md-line=\"25\">Kaufen Sie f\u00fcr sich selbst, einfach und bequem. In den Warenkorb legen, um mit der Anwendung zu beginnen. Wenn Sie einen physischen oder Online-Laden betreiben, k\u00f6nnen Sie Lavande NEBULA in Gro\u00dfhandelsform kaufen, mit 100 Einheiten pro Box. Der volle Karton wiegt 7,26 Kilogramm, so dass Sie die Versandkosten leicht planen k\u00f6nnen.<\/p>\n<p data-v-md-line=\"27\">Wir arbeiten mit vertrauensw\u00fcrdigen Partnern wie UPS, DPD und DHL zusammen, um DDP-Dienste (Duty Paid Delivery) anzubieten, so dass Tarife im Voraus bearbeitet werden k\u00f6nnen, um unerwartete Situationen mit dem Zoll zu vermeiden. Das bedeutet schnellere Zustellung und weniger \u00c4rger.<\/p>\n<h2 data-v-md-heading=\"why-do-you-like-it\" data-v-md-line=\"29\">Why do you like it<\/h2>\n<ul data-v-md-line=\"30\">\n<li>Starke Saugkraft: bis zu 15000 Luftz\u00fcge, das bedeutet weniger Nachbestellungen und mehr sorgenfreie Tage<\/li>\n<li>Auswahl des Nikotins: W\u00e4hlen Sie einen Nikotingehalt von 2% oder 5% je nach Marktangebot und Pr\u00e4ferenz<\/li>\n<li>Wiederaufladbar: Typ-C-Ladeschnittstelle hilft Ihnen, jeden Tropfen E-Liquid aufzubrauchen<\/li>\n<li>Mesh-Zerst\u00e4uberkern: Jedes Saugen kann einen weichen und gleichm\u00e4\u00dfigen Geschmack bringen<\/li>\n<li>LED-Anzeige: Klarer und schneller Status auf einen Blick, so dass Sie jederzeit die verbleibende Menge wissen<\/li>\n<\/ul>\n<h2 data-v-md-heading=\"why-choose-to-collaborate-with-agoravape\" data-v-md-line=\"36\">Warum sollten Sie sich f\u00fcr eine Zusammenarbeit mit AgoraVape entscheiden?<\/h2>\n<p data-v-md-line=\"37\">Wir liefern nur 100% echte Produkte von verifizierten Herstellern. Lavande NEBULA 15K Einweg-Dampfger\u00e4t mit LED-Bildschirm, erhalten Sie erm\u00e4\u00dfigte Gro\u00dfhandelspreise, zuverl\u00e4ssige Unterst\u00fctzung, und schnelle und zuverl\u00e4ssige Lieferung Dienstleistungen innerhalb Europas. Ben\u00f6tigen Sie ein Angebot oder einen individuellen Bestellplan? Bitte kontaktieren Sie uns und wir werden Ihnen ein Ger\u00e4t anbieten, das Ihre Kunden wirklich wieder kaufen werden.<\/p>\n<p data-v-md-line=\"39\">Dieses Produkt hat eine Altersbeschr\u00e4nkung. Nur f\u00fcr Personen ab 18 Jahren. Bitte pr\u00fcfen Sie vor dem Kauf die \u00f6rtlichen Vorschriften.<\/p>","protected":false},"excerpt":{"rendered":"<p>&nbsp;<\/p>\n<p><script src=\"chrome-extension:\/\/fpelahbljekknahkcaegamhcndkfpfnc\/iFrame.js\" type=\"text\/javascript\"><\/script><\/p>\n<p><script src=\"chrome-extension:\/\/fpelahbljekknahkcaegamhcndkfpfnc\/iFrame.js\" type=\"text\/javascript\"><\/script><\/p>\n<p><script src=\"chrome-extension:\/\/fpelahbljekknahkcaegamhcndkfpfnc\/iFrame.js\" type=\"text\/javascript\"><\/script><\/p>\n<p><script src=\"chrome-extension:\/\/fpelahbljekknahkcaegamhcndkfpfnc\/iFrame.js\" type=\"text\/javascript\"><\/script><\/p>\n<p><script src=\"chrome-extension:\/\/fpelahbljekknahkcaegamhcndkfpfnc\/iFrame.js\" type=\"text\/javascript\"><\/script><\/p>\n<p><script src=\"chrome-extension:\/\/fpelahbljekknahkcaegamhcndkfpfnc\/iFrame.js\" type=\"text\/javascript\"><\/script><\/p>\n<p><script src=\"chrome-extension:\/\/fpelahbljekknahkcaegamhcndkfpfnc\/iFrame.js\" type=\"text\/javascript\"><\/script><\/p>\n<p><script src=\"chrome-extension:\/\/fpelahbljekknahkcaegamhcndkfpfnc\/iFrame.js\" type=\"text\/javascript\"><\/script><\/p>\n<p><script src=\"chrome-extension:\/\/fpelahbljekknahkcaegamhcndkfpfnc\/iFrame.js\" type=\"text\/javascript\"><\/script><\/p>\n<p><script src=\"chrome-extension:\/\/fpelahbljekknahkcaegamhcndkfpfnc\/iFrame.js\" type=\"text\/javascript\"><\/script><\/p>\n<p><script src=\"chrome-extension:\/\/fpelahbljekknahkcaegamhcndkfpfnc\/iFrame.js\" type=\"text\/javascript\"><\/script><\/p>\n<p><script src=\"chrome-extension:\/\/fpelahbljekknahkcaegamhcndkfpfnc\/iFrame.js\" type=\"text\/javascript\"><\/script><\/p>\n<p><script src=\"chrome-extension:\/\/fpelahbljekknahkcaegamhcndkfpfnc\/iFrame.js\" type=\"text\/javascript\"><\/script><\/p>\n<p><script src=\"chrome-extension:\/\/fpelahbljekknahkcaegamhcndkfpfnc\/iFrame.js\" type=\"text\/javascript\"><\/script><\/p>\n<p><script src=\"chrome-extension:\/\/fpelahbljekknahkcaegamhcndkfpfnc\/iFrame.js\" type=\"text\/javascript\"><\/script><\/p>","protected":false},"featured_media":17563,"comment_status":"open","ping_status":"closed","template":"","meta":[],"product_brand":[235],"product_cat":[124,185,1635,189,174,175,162,193,191,173,186,180,190,192],"product_tag":[],"class_list":{"0":"post-17532","1":"product","2":"type-product","3":"status-publish","4":"has-post-thumbnail","6":"product_brand-lavande","7":"product_cat-vape-by-brand","8":"product_cat-10000-puffs-high-capacity","9":"product_cat-15000-puffs","10":"product_cat-20mg-standard-nicotine-vapes","11":"product_cat-fruit-flavors","12":"product_cat-icy-mint","13":"product_cat-lavande","14":"product_cat-mesh-coil","15":"product_cat-rechargeable-disposables","16":"product_cat-vape-by-flavor-profile","17":"product_cat-vape-by-nicotine-strength","18":"product_cat-vape-by-puff-count","19":"product_cat-vape-by-feature-or-type","20":"product_cat-vapes-with-screens","22":"first","23":"onbackorder","24":"shipping-taxable","25":"purchasable","26":"product-type-variable","27":"has-default-attributes"},"tiered_pricing_type":"percentage","tiered_pricing_fixed_rules":[],"tiered_pricing_product_settings":{"layout":"default","base_unit_name":{"singular":null,"plural":null},"default_variation":null},"tiered_pricing_minimum_quantity":50,"tiered_pricing_roles_data":[],"tiered_pricing_percentage_rules":{"100":"40","200":"44","500":"47","1000":"49"},"tiered_pricing_maximum_quantity":null,"tiered_pricing_quantity_step":"10","_links":{"self":[{"href":"https:\/\/agoravape.com\/de\/wp-json\/wp\/v2\/product\/17532","targetHints":{"allow":["GET"]}}],"collection":[{"href":"https:\/\/agoravape.com\/de\/wp-json\/wp\/v2\/product"}],"about":[{"href":"https:\/\/agoravape.com\/de\/wp-json\/wp\/v2\/types\/product"}],"replies":[{"embeddable":true,"href":"https:\/\/agoravape.com\/de\/wp-json\/wp\/v2\/comments?post=17532"}],"version-history":[{"count":0,"href":"https:\/\/agoravape.com\/de\/wp-json\/wp\/v2\/product\/17532\/revisions"}],"wp:featuredmedia":[{"embeddable":true,"href":"https:\/\/agoravape.com\/de\/wp-json\/wp\/v2\/media\/17563"}],"wp:attachment":[{"href":"https:\/\/agoravape.com\/de\/wp-json\/wp\/v2\/media?parent=17532"}],"wp:term":[{"taxonomy":"product_brand","embeddable":true,"href":"https:\/\/agoravape.com\/de\/wp-json\/wp\/v2\/product_brand?post=17532"},{"taxonomy":"product_cat","embeddable":true,"href":"https:\/\/agoravape.com\/de\/wp-json\/wp\/v2\/product_cat?post=17532"},{"taxonomy":"product_tag","embeddable":true,"href":"https:\/\/agoravape.com\/de\/wp-json\/wp\/v2\/product_tag?post=17532"}],"curies":[{"name":"wp","href":"https:\/\/api.w.org\/{rel}","templated":true}]}}