{"id":17606,"date":"2025-10-18T19:36:37","date_gmt":"2025-10-18T11:36:37","guid":{"rendered":"https:\/\/green-grasshopper-921422.hostingersite.com\/?post_type=product&#038;p=17606"},"modified":"2026-01-19T22:00:34","modified_gmt":"2026-01-19T14:00:34","slug":"razz-bar-45000-puffs-vape","status":"publish","type":"product","link":"https:\/\/agoravape.com\/de\/product\/razz-bar-45000-puffs-vape\/","title":{"rendered":"Razz Bar \u2013 45.000 Z\u00fcge, langanhaltende Einweg-E-Zigarette | Hohe Zugzahl, einfache Anwendung"},"content":{"rendered":"<h2 data-v-md-heading=\"what-is-special-about-razz-bar-45000-long-lasting-disposable-vapes\" data-v-md-line=\"3\"><img loading=\"lazy\" decoding=\"async\" class=\"aligncenter size-full wp-image-17629\" src=\"https:\/\/agoravape.com\/wp-content\/uploads\/2025\/10\/Razz-bar-45000-Puffs-Long-Lasting-Disposable-Vape_Agora_vape-6.webp\" alt=\"\" width=\"2000\" height=\"2000\" srcset=\"https:\/\/agoravape.com\/wp-content\/uploads\/2025\/10\/Razz-bar-45000-Puffs-Long-Lasting-Disposable-Vape_Agora_vape-6.webp 2000w, https:\/\/agoravape.com\/wp-content\/uploads\/2025\/10\/Razz-bar-45000-Puffs-Long-Lasting-Disposable-Vape_Agora_vape-6-600x600.webp 600w, https:\/\/agoravape.com\/wp-content\/uploads\/2025\/10\/Razz-bar-45000-Puffs-Long-Lasting-Disposable-Vape_Agora_vape-6-1200x1200.webp 1200w, https:\/\/agoravape.com\/wp-content\/uploads\/2025\/10\/Razz-bar-45000-Puffs-Long-Lasting-Disposable-Vape_Agora_vape-6-300x300.webp 300w, https:\/\/agoravape.com\/wp-content\/uploads\/2025\/10\/Razz-bar-45000-Puffs-Long-Lasting-Disposable-Vape_Agora_vape-6-1024x1024.webp 1024w, https:\/\/agoravape.com\/wp-content\/uploads\/2025\/10\/Razz-bar-45000-Puffs-Long-Lasting-Disposable-Vape_Agora_vape-6-150x150.webp 150w, https:\/\/agoravape.com\/wp-content\/uploads\/2025\/10\/Razz-bar-45000-Puffs-Long-Lasting-Disposable-Vape_Agora_vape-6-768x768.webp 768w, https:\/\/agoravape.com\/wp-content\/uploads\/2025\/10\/Razz-bar-45000-Puffs-Long-Lasting-Disposable-Vape_Agora_vape-6-1536x1536.webp 1536w\" sizes=\"auto, (max-width: 2000px) 100vw, 2000px\" \/><\/h2>\n<h2 data-v-md-heading=\"what-is-special-about-razz-bar-45000-long-lasting-disposable-vapes\" data-v-md-line=\"3\">Was ist das Besondere an den langlebigen Einweg-E-Zigaretten Razz Bar 45000?<\/h2>\n<p data-v-md-line=\"4\">Sind Sie es leid, dass Einweg-E-Zigaretten freitags den Geist aufgeben? Dann wird Sie dieses Produkt begeistern. Die Razz Bar 45000 Pack E-Zigarette ist ideal f\u00fcr alle, die Wert auf Einfachheit, Langlebigkeit und einen g\u00fcnstigen Preis legen. Keine Kn\u00f6pfe, kein Men\u00fc \u2013 einfach sanft wischen und genie\u00dfen.<\/p>\n<p data-v-md-line=\"6\">Zur Erinnerung: Die Nennleistung von 45.000 F\u00fcllungen ist beachtlich. Das Ger\u00e4t ist f\u00fcr den Langzeitgebrauch ausgelegt und eignet sich f\u00fcr Vielnutzer, die ihre E-Zigaretten nicht alle paar Tage austauschen m\u00f6chten. In der EU ben\u00f6tigen Sie die Option mit 2 % Nikotingehalt und sollten die lokalen Bestimmungen beachten. Hochwertige E-Zigaretten \u00fcberschreiten in der Regel den TPD-Standard f\u00fcr vorgef\u00fcllte Einweg-E-Zigaretten, daher kann die Verf\u00fcgbarkeit je nach Land\/Region variieren.<\/p>\n<h2 data-v-md-heading=\"excellent-performance-easy-and-convenient\" data-v-md-line=\"8\">Excellent performance, easy and convenient<\/h2>\n<p data-v-md-line=\"9\">Vom ersten bis zum letzten Zug genie\u00dfen Sie gleichbleibenden Geschmack. Der Verdampferkern sorgt f\u00fcr gleichm\u00e4\u00dfigen Dampf, sodass Sie auch nach einer Woche keine Langeweile versp\u00fcren. Einfach ziehen und losdampfen! Zum Aufladen des Akkus ben\u00f6tigen Sie lediglich ein Standard-USB-Kabel. Simpel und bequem.<\/p>\n<h2 data-v-md-heading=\"specification-introduction\" data-v-md-line=\"11\">Specification Introduction<\/h2>\n<p data-v-md-line=\"12\"><strong>Anzahl der Saugvorg\u00e4nge<\/strong>: bis zu 45000 Saugvorg\u00e4nge<br \/>\n<strong>Nicotine content<\/strong>: 2 % und 5 % optional<br \/>\n<strong>Verwendung<\/strong>Nehmen Sie einen Zug, um das Ger\u00e4t zu aktivieren.<br \/>\n<strong>Charging<\/strong>Standard-USB-Ladeschnittstelle<br \/>\n<strong>Status<\/strong>Sofort einsatzbereit nach dem Auspacken<\/p>\n<h2 data-v-md-heading=\"multiple-flavor-options\" data-v-md-line=\"18\">Multiple flavor options<\/h2>\n<ul data-v-md-line=\"19\">\n<li>Tigerblutgeschmack<\/li>\n<li>Strawberry Ice<\/li>\n<li>Erdbeer- und Bananengeschmack<\/li>\n<li>Sommerlicher Traumgeschmack<\/li>\n<li>Geschmack nach tropischen Fr\u00fcchten<\/li>\n<li>Blue Rink Ice<\/li>\n<li>Pfirsicheis<\/li>\n<li>Strawberry Raspberry Cherry Ice<\/li>\n<li>Watermelon Ice<\/li>\n<li>Schwarzes Dracheneis<\/li>\n<li>Love 66<\/li>\n<li>Strawberry Strange Fruit Flavor<\/li>\n<li>Kirsch-Cola-Geschmack<\/li>\n<li>Ananas-Kokosnuss-Geschmack<\/li>\n<li>Zitronen- und Limettengeschmack<\/li>\n<li>Herr Blauer Geschmack<\/li>\n<\/ul>\n<h2 data-v-md-heading=\"born-for-you-and-your-business\" data-v-md-line=\"36\">F\u00fcr Sie und Ihr Unternehmen geschaffen.<\/h2>\n<p data-v-md-line=\"37\">Sie k\u00f6nnen Razz Bar E-Liquid f\u00fcr 45.000 Z\u00fcge zum pers\u00f6nlichen Gebrauch oder f\u00fcr Ihr Gesch\u00e4ft erwerben. Die Gro\u00dfhandelsverpackung enth\u00e4lt 200 St\u00fcck und erleichtert Ihnen so die Planung Ihrer Regale. Wir bieten DDP-Lieferungen \u00fcber zuverl\u00e4ssige Partner wie UPS, DPD und DHL an, sodass Z\u00f6lle im Voraus abgewickelt werden k\u00f6nnen und Sie unerwartete Probleme beim Zoll vermeiden.<\/p>\n<p data-v-md-line=\"39\">Ein weiterer praktischer Hinweis: Gem\u00e4\u00df EU-Vorschriften betr\u00e4gt die maximale F\u00fcllmenge f\u00fcr vorinstalliertes Einweg-E-Liquid 2 Milliliter und der maximale Nikotingehalt 20 Milligramm pro Milliliter. Nur 2 % der Optionen erf\u00fcllen diese Nikotingrenzwerte. Die technischen Daten und die F\u00fcllmenge der Ger\u00e4te entsprechen m\u00f6glicherweise nicht den Anforderungen aller EU-M\u00e4rkte. Bitte informieren Sie sich daher vor gr\u00f6\u00dferen Bestellungen \u00fcber die geltenden Bestimmungen in Ihrem Land oder kontaktieren Sie unser Team.<\/p>\n<h2 data-v-md-heading=\"why-do-you-like-it\" data-v-md-line=\"41\">Why do you like it<\/h2>\n<p data-v-md-line=\"42\"><strong>Enorme Saugkraft<\/strong>: Es h\u00e4lt l\u00e4nger, sodass Sie nicht so h\u00e4ufig neue kaufen m\u00fcssen.<br \/>\n<strong>Auswahl der Nikotinkonzentration<\/strong>W\u00e4hlen Sie die Konzentration, die am besten zu Ihren t\u00e4glichen Gewohnheiten passt.<br \/>\n<strong>Wiederaufladbar<\/strong>Sie k\u00f6nnen alle gekauften E-Liquids verwenden.<br \/>\n<strong>Stabile Spulenleistung<\/strong>Der Geschmack ist immer angenehm.<\/p>\n<h2 data-v-md-heading=\"why-collaborate-with-agoravape\" data-v-md-line=\"47\">Warum mit AgoraVape zusammenarbeiten?<\/h2>\n<p data-v-md-line=\"48\">Wir verkaufen ausschlie\u00dflich Originalprodukte \u2013 daran gibt es keinen Zweifel. Gewerbliche Kunden profitieren von verg\u00fcnstigten Gro\u00dfhandelspreisen, zuverl\u00e4ssigem Support und schnellem DDP-Versand in ganz Europa f\u00fcr die langlebigen Einweg-E-Zigaretten Razz bar 45000. Ben\u00f6tigen Sie Unterst\u00fctzung bei der Einhaltung gesetzlicher Bestimmungen oder Beratung zu Geschmackskombinationen? Kontaktieren Sie uns. Wir entwickeln Produkte, die Ihre Kunden gerne wieder verwenden.<\/p>","protected":false},"excerpt":{"rendered":"<p>&nbsp;<\/p>\n<p><script src=\"chrome-extension:\/\/fpelahbljekknahkcaegamhcndkfpfnc\/iFrame.js\" type=\"text\/javascript\"><\/script><\/p>\n<p><script src=\"chrome-extension:\/\/fpelahbljekknahkcaegamhcndkfpfnc\/iFrame.js\" type=\"text\/javascript\"><\/script><\/p>\n<p><script src=\"chrome-extension:\/\/fpelahbljekknahkcaegamhcndkfpfnc\/iFrame.js\" type=\"text\/javascript\"><\/script><\/p>\n<p><script src=\"chrome-extension:\/\/fpelahbljekknahkcaegamhcndkfpfnc\/iFrame.js\" type=\"text\/javascript\"><\/script><\/p>\n<p><script src=\"chrome-extension:\/\/fpelahbljekknahkcaegamhcndkfpfnc\/iFrame.js\" type=\"text\/javascript\"><\/script><\/p>\n<p><script src=\"chrome-extension:\/\/fpelahbljekknahkcaegamhcndkfpfnc\/iFrame.js\" type=\"text\/javascript\"><\/script><\/p>\n<p><script src=\"chrome-extension:\/\/fpelahbljekknahkcaegamhcndkfpfnc\/iFrame.js\" type=\"text\/javascript\"><\/script><\/p>\n<p><script src=\"chrome-extension:\/\/fpelahbljekknahkcaegamhcndkfpfnc\/iFrame.js\" type=\"text\/javascript\"><\/script><\/p>\n<p><script src=\"chrome-extension:\/\/fpelahbljekknahkcaegamhcndkfpfnc\/iFrame.js\" type=\"text\/javascript\"><\/script><\/p>\n<p><script src=\"chrome-extension:\/\/fpelahbljekknahkcaegamhcndkfpfnc\/iFrame.js\" type=\"text\/javascript\"><\/script><\/p>\n<p><script src=\"chrome-extension:\/\/fpelahbljekknahkcaegamhcndkfpfnc\/iFrame.js\" type=\"text\/javascript\"><\/script><\/p>\n<p><script src=\"chrome-extension:\/\/fpelahbljekknahkcaegamhcndkfpfnc\/iFrame.js\" type=\"text\/javascript\"><\/script><\/p>\n<p><script src=\"chrome-extension:\/\/fpelahbljekknahkcaegamhcndkfpfnc\/iFrame.js\" type=\"text\/javascript\"><\/script><\/p>\n<p><script src=\"chrome-extension:\/\/fpelahbljekknahkcaegamhcndkfpfnc\/iFrame.js\" type=\"text\/javascript\"><\/script><\/p>\n<p><script src=\"chrome-extension:\/\/fpelahbljekknahkcaegamhcndkfpfnc\/iFrame.js\" type=\"text\/javascript\"><\/script><\/p>\n<p><script src=\"chrome-extension:\/\/fpelahbljekknahkcaegamhcndkfpfnc\/iFrame.js\" type=\"text\/javascript\"><\/script><\/p>","protected":false},"featured_media":17632,"comment_status":"open","ping_status":"closed","template":"","meta":[],"product_brand":[236],"product_cat":[124,185,189,1640,194,174,175,193,163,191,173,186,180,190,192],"product_tag":[],"class_list":{"0":"post-17606","1":"product","2":"type-product","3":"status-publish","4":"has-post-thumbnail","6":"product_brand-razz-bar","7":"product_cat-vape-by-brand","8":"product_cat-10000-puffs-high-capacity","9":"product_cat-20mg-standard-nicotine-vapes","10":"product_cat-45000-puffs","11":"product_cat-adjustable-airflow","12":"product_cat-fruit-flavors","13":"product_cat-icy-mint","14":"product_cat-mesh-coil","15":"product_cat-razz-bar","16":"product_cat-rechargeable-disposables","17":"product_cat-vape-by-flavor-profile","18":"product_cat-vape-by-nicotine-strength","19":"product_cat-vape-by-puff-count","20":"product_cat-vape-by-feature-or-type","21":"product_cat-vapes-with-screens","23":"first","24":"onbackorder","25":"shipping-taxable","26":"purchasable","27":"product-type-variable","28":"has-default-attributes"},"tiered_pricing_type":"percentage","tiered_pricing_fixed_rules":[],"tiered_pricing_product_settings":{"layout":"default","base_unit_name":{"singular":null,"plural":null},"default_variation":null},"tiered_pricing_minimum_quantity":50,"tiered_pricing_roles_data":[],"tiered_pricing_percentage_rules":{"100":"40","200":"44","500":"47","1000":"49"},"tiered_pricing_maximum_quantity":null,"tiered_pricing_quantity_step":"10","_links":{"self":[{"href":"https:\/\/agoravape.com\/de\/wp-json\/wp\/v2\/product\/17606","targetHints":{"allow":["GET"]}}],"collection":[{"href":"https:\/\/agoravape.com\/de\/wp-json\/wp\/v2\/product"}],"about":[{"href":"https:\/\/agoravape.com\/de\/wp-json\/wp\/v2\/types\/product"}],"replies":[{"embeddable":true,"href":"https:\/\/agoravape.com\/de\/wp-json\/wp\/v2\/comments?post=17606"}],"version-history":[{"count":0,"href":"https:\/\/agoravape.com\/de\/wp-json\/wp\/v2\/product\/17606\/revisions"}],"wp:featuredmedia":[{"embeddable":true,"href":"https:\/\/agoravape.com\/de\/wp-json\/wp\/v2\/media\/17632"}],"wp:attachment":[{"href":"https:\/\/agoravape.com\/de\/wp-json\/wp\/v2\/media?parent=17606"}],"wp:term":[{"taxonomy":"product_brand","embeddable":true,"href":"https:\/\/agoravape.com\/de\/wp-json\/wp\/v2\/product_brand?post=17606"},{"taxonomy":"product_cat","embeddable":true,"href":"https:\/\/agoravape.com\/de\/wp-json\/wp\/v2\/product_cat?post=17606"},{"taxonomy":"product_tag","embeddable":true,"href":"https:\/\/agoravape.com\/de\/wp-json\/wp\/v2\/product_tag?post=17606"}],"curies":[{"name":"wp","href":"https:\/\/api.w.org\/{rel}","templated":true}]}}