{"id":17677,"date":"2025-10-18T20:43:53","date_gmt":"2025-10-18T12:43:53","guid":{"rendered":"https:\/\/green-grasshopper-921422.hostingersite.com\/?post_type=product&#038;p=17677"},"modified":"2026-03-31T04:20:40","modified_gmt":"2026-03-31T02:20:40","slug":"razz-bar-30000-puffs-wegwerfbares-vape","status":"publish","type":"product","link":"https:\/\/agoravape.com\/de\/product\/razz-bar-30000-puffs-disposable-vape\/","title":{"rendered":"Razz Bar \u2013 Wiederaufladbare Einweg-E-Zigarette f\u00fcr 30.000 Z\u00fcge | Gro\u00dfes Fassungsverm\u00f6gen. Unkomplizierter Geschmack."},"content":{"rendered":"<h2 data-v-md-heading=\"what-is-special-about-the-razz-bar-30000-rechargeable-disposable-vape\" data-v-md-line=\"3\"><img loading=\"lazy\" decoding=\"async\" class=\"aligncenter size-full wp-image-17689\" src=\"https:\/\/agoravape.com\/wp-content\/uploads\/2025\/10\/Razz-bar-30000-Puffs-Rechargeable-Disposable-Vape_Agora_vape-3.webp\" alt=\"\" width=\"2000\" height=\"2000\" srcset=\"https:\/\/agoravape.com\/wp-content\/uploads\/2025\/10\/Razz-bar-30000-Puffs-Rechargeable-Disposable-Vape_Agora_vape-3.webp 2000w, https:\/\/agoravape.com\/wp-content\/uploads\/2025\/10\/Razz-bar-30000-Puffs-Rechargeable-Disposable-Vape_Agora_vape-3-600x600.webp 600w, https:\/\/agoravape.com\/wp-content\/uploads\/2025\/10\/Razz-bar-30000-Puffs-Rechargeable-Disposable-Vape_Agora_vape-3-1200x1200.webp 1200w, https:\/\/agoravape.com\/wp-content\/uploads\/2025\/10\/Razz-bar-30000-Puffs-Rechargeable-Disposable-Vape_Agora_vape-3-300x300.webp 300w, https:\/\/agoravape.com\/wp-content\/uploads\/2025\/10\/Razz-bar-30000-Puffs-Rechargeable-Disposable-Vape_Agora_vape-3-1024x1024.webp 1024w, https:\/\/agoravape.com\/wp-content\/uploads\/2025\/10\/Razz-bar-30000-Puffs-Rechargeable-Disposable-Vape_Agora_vape-3-150x150.webp 150w, https:\/\/agoravape.com\/wp-content\/uploads\/2025\/10\/Razz-bar-30000-Puffs-Rechargeable-Disposable-Vape_Agora_vape-3-768x768.webp 768w, https:\/\/agoravape.com\/wp-content\/uploads\/2025\/10\/Razz-bar-30000-Puffs-Rechargeable-Disposable-Vape_Agora_vape-3-1536x1536.webp 1536w\" sizes=\"auto, (max-width: 2000px) 100vw, 2000px\" \/><\/h2>\n<h2 data-v-md-heading=\"what-is-special-about-the-razz-bar-30000-rechargeable-disposable-vape\" data-v-md-line=\"3\">Was ist das Besondere an der wiederaufladbaren Einweg-E-Zigarette Razz Bar 30000?<\/h2>\n<p data-v-md-line=\"4\">Sind Sie es leid, dass Ihre E-Zigarette unter der Woche nicht funktioniert? Dann ist dieses Produkt genau das Richtige f\u00fcr Sie. Die Razz Bar bietet eine Kapazit\u00e4t von bis zu 30.000 Z\u00fcgen und einen 650-mAh-Akku, sodass Sie Ihr gekauftes E-Liquid vollst\u00e4ndig aufbrauchen k\u00f6nnen.<\/p>\n<p data-v-md-line=\"6\">Wenn Sie ein zuverl\u00e4ssiges, leckeres und unkompliziertes Vape-Erlebnis suchen, ist Razz Bar die ideale Wahl. Keine Kn\u00f6pfe, keine Men\u00fcs. Dank sanftem Zug und gleichbleibendem Geschmack l\u00e4sst es sich leicht transportieren.<\/p>\n<h2 data-v-md-heading=\"excellent-performance-easy-and-convenient\" data-v-md-line=\"8\">Excellent performance, easy and convenient<\/h2>\n<p data-v-md-line=\"9\">Die Spule und der Lufteinlass wurden sorgf\u00e4ltig abgestimmt, um ein gleichm\u00e4\u00dfiges und sauberes Raucherlebnis zu gew\u00e4hrleisten \u2013 vom ersten bis zum tausendsten Bissen. Bei niedrigem Akkustand einfach anschlie\u00dfen und vollst\u00e4ndig aufladen. Dank Schnellladefunktion ist das Ger\u00e4t jederzeit wieder einsatzbereit, ohne dass ein Austausch oder unn\u00f6tiger Stromverbrauch n\u00f6tig ist.<\/p>\n<p data-v-md-line=\"11\">Man k\u00f6nnte meinen, dass eine E-Zigarette mit so gro\u00dfem Fassungsverm\u00f6gen sperrig sei, aber Sie werden \u00fcberrascht sein, wie einfach sie sich jeden Tag mit nach Hause nehmen l\u00e4sst.<\/p>\n<h2 data-v-md-heading=\"specification-introduction\" data-v-md-line=\"13\">Specification Introduction<\/h2>\n<ul data-v-md-line=\"14\">\n<li>Saugfrequenz: bis zu 30000 Mal<\/li>\n<li>Nicotine content: 2% and 5% optional<\/li>\n<li>Funktionsprinzip: Aktivierung mit nur einem Zug<\/li>\n<li>Ladeverfahren: Kann \u00fcber einen Standard-USB-Anschluss aufgeladen werden.<\/li>\n<li>Akkukapazit\u00e4t: 650 mAh<\/li>\n<li>Status: Sofort einsatzbereit<\/li>\n<\/ul>\n<h2 data-v-md-heading=\"full-range-of-flavors\" data-v-md-line=\"21\">Full range of flavors<\/h2>\n<ul data-v-md-line=\"22\">\n<li>Dreifach s\u00fc\u00dfe Melone<\/li>\n<li>Strawberry Ice<\/li>\n<li>Saure \u00c4pfel<\/li>\n<li>Mango, Pfirsich, Wassermelone<\/li>\n<li>Erdbeere und Banane<\/li>\n<li>Blue Rink Ice<\/li>\n<li>Pfirsicheis<\/li>\n<li>Strawberry kiwi fruit<\/li>\n<li>Watermelon Ice<\/li>\n<li>Sommertr\u00e4ume<\/li>\n<li>Strawberry watermelon<\/li>\n<li>Gemischte Beeren<\/li>\n<li>Blue Rink Ice<\/li>\n<li>Zitrone und Limette<\/li>\n<li>Coca Cola Ice<\/li>\n<li>Blackberry Ice<\/li>\n<\/ul>\n<h2 data-v-md-heading=\"for-you-and-your-business\" data-v-md-line=\"39\">For you and your business<\/h2>\n<p data-v-md-line=\"40\">Sie k\u00f6nnen Razz Bar 30000 f\u00fcr den pers\u00f6nlichen Gebrauch oder f\u00fcr Ihr Gesch\u00e4ft erwerben. Gro\u00dfhandelskartons mit 200 St\u00fcck pro Karton, zu g\u00fcnstigen Preisen und mit einfacher Nachbestellung.<\/p>\n<p data-v-md-line=\"42\">Wir bieten europaweite DDP-Lieferungen \u00fcber vertrauensw\u00fcrdige Partner wie UPS, DPD und DHL an. Dadurch k\u00f6nnen Z\u00f6lle und Geb\u00fchren im Voraus abgewickelt werden und Sie erhalten eine Sendungsverfolgung von T\u00fcr zu T\u00fcr. Da die Bestimmungen in verschiedenen L\u00e4ndern unterschiedlich sein k\u00f6nnen, informieren Sie sich bitte vor der Ver\u00f6ffentlichung oder dem Kauf \u00fcber die lokalen Vorschriften bez\u00fcglich Ger\u00e4tegr\u00f6\u00dfe und Nikotinkonzentration.<\/p>\n<h2 data-v-md-heading=\"why-do-you-like-it\" data-v-md-line=\"44\">Why do you like it<\/h2>\n<ul data-v-md-line=\"45\">\n<li>Hohe Dampfkapazit\u00e4t: l\u00e4ngere Akkulaufzeit, kein h\u00e4ufiger Akkuwechsel n\u00f6tig<\/li>\n<li>Auswahl der Nikotinkonzentration: W\u00e4hlen Sie je nach Vorliebe eine Nikotinkonzentration von 2 % oder 5 %.<\/li>\n<li>Wiederaufladbar: Schnelles Nachf\u00fcllen von E-Liquid, ohne die H\u00e4lfte des Ger\u00e4ts wegwerfen zu m\u00fcssen.<\/li>\n<li>Gleichbleibende Spulenleistung: Genie\u00dfen Sie jedes Mal ein gleichm\u00e4\u00dfiges und genussvolles Saugerlebnis.<\/li>\n<\/ul>\n<h2 data-v-md-heading=\"why-choose-to-collaborate-with-agoravape\" data-v-md-line=\"50\">Warum sollten Sie sich f\u00fcr eine Zusammenarbeit mit AgoraVape entscheiden?<\/h2>\n<p data-v-md-line=\"51\">Wir bieten ausschlie\u00dflich 100 % Originalprodukte mit transparenter Preisgestaltung und schnellem Kundenservice. Gewerbliche Abnehmer, die 30.000 wiederaufladbare Einweg-E-Zigaretten von Razz Bar beziehen, profitieren von \u00e4u\u00dferst wettbewerbsf\u00e4higen Gro\u00dfhandelspreisen, zuverl\u00e4ssigem Kundenservice und schnellen, zuverl\u00e4ssigen DDP-Lieferungen. Wenn Sie eine langlebige und lohnenswerte E-Zigarette suchen, kontaktieren Sie uns.<\/p>","protected":false},"excerpt":{"rendered":"<p>&nbsp;<\/p>","protected":false},"featured_media":17694,"comment_status":"open","ping_status":"closed","template":"","meta":[],"product_brand":[236],"product_cat":[124,185,189,1637,194,1674,174,175,193,163,191,173,186,180,190],"product_tag":[],"class_list":{"0":"post-17677","1":"product","2":"type-product","3":"status-publish","4":"has-post-thumbnail","6":"product_brand-razz-bar","7":"product_cat-vape-by-brand","8":"product_cat-10000-puffs-high-capacity","9":"product_cat-20mg-standard-nicotine-vapes","10":"product_cat-30000-puffs","11":"product_cat-adjustable-airflow","12":"product_cat-eu-warehouse","13":"product_cat-fruit-flavors","14":"product_cat-icy-mint","15":"product_cat-mesh-coil","16":"product_cat-razz-bar","17":"product_cat-rechargeable-disposables","18":"product_cat-vape-by-flavor-profile","19":"product_cat-vape-by-nicotine-strength","20":"product_cat-vape-by-puff-count","21":"product_cat-vape-by-feature-or-type","23":"first","24":"instock","25":"shipping-taxable","26":"purchasable","27":"product-type-variable","28":"has-default-attributes"},"tiered_pricing_type":"percentage","tiered_pricing_fixed_rules":[],"tiered_pricing_product_settings":{"layout":"default","base_unit_name":{"singular":null,"plural":null},"default_variation":null},"tiered_pricing_minimum_quantity":50,"tiered_pricing_roles_data":[],"tiered_pricing_percentage_rules":{"100":"40","200":"44","500":"47","1000":"49"},"tiered_pricing_maximum_quantity":null,"tiered_pricing_quantity_step":"10","_links":{"self":[{"href":"https:\/\/agoravape.com\/de\/wp-json\/wp\/v2\/product\/17677","targetHints":{"allow":["GET"]}}],"collection":[{"href":"https:\/\/agoravape.com\/de\/wp-json\/wp\/v2\/product"}],"about":[{"href":"https:\/\/agoravape.com\/de\/wp-json\/wp\/v2\/types\/product"}],"replies":[{"embeddable":true,"href":"https:\/\/agoravape.com\/de\/wp-json\/wp\/v2\/comments?post=17677"}],"version-history":[{"count":1,"href":"https:\/\/agoravape.com\/de\/wp-json\/wp\/v2\/product\/17677\/revisions"}],"predecessor-version":[{"id":29811,"href":"https:\/\/agoravape.com\/de\/wp-json\/wp\/v2\/product\/17677\/revisions\/29811"}],"wp:featuredmedia":[{"embeddable":true,"href":"https:\/\/agoravape.com\/de\/wp-json\/wp\/v2\/media\/17694"}],"wp:attachment":[{"href":"https:\/\/agoravape.com\/de\/wp-json\/wp\/v2\/media?parent=17677"}],"wp:term":[{"taxonomy":"product_brand","embeddable":true,"href":"https:\/\/agoravape.com\/de\/wp-json\/wp\/v2\/product_brand?post=17677"},{"taxonomy":"product_cat","embeddable":true,"href":"https:\/\/agoravape.com\/de\/wp-json\/wp\/v2\/product_cat?post=17677"},{"taxonomy":"product_tag","embeddable":true,"href":"https:\/\/agoravape.com\/de\/wp-json\/wp\/v2\/product_tag?post=17677"}],"curies":[{"name":"wp","href":"https:\/\/api.w.org\/{rel}","templated":true}]}}