{"id":17707,"date":"2025-10-18T21:04:07","date_gmt":"2025-10-18T13:04:07","guid":{"rendered":"https:\/\/green-grasshopper-921422.hostingersite.com\/?post_type=product&#038;p=17707"},"modified":"2026-03-31T04:20:40","modified_gmt":"2026-03-31T02:20:40","slug":"razz-bar-15000-puffs-vape","status":"publish","type":"product","link":"https:\/\/agoravape.com\/de\/product\/razz-bar-15000-puffs-vape\/","title":{"rendered":"Razz Bar Einweg-E-Zigarette f\u00fcr 15.000 Z\u00fcge | Hohe Zugzahl und intensive Aromen"},"content":{"rendered":"<h2 data-v-md-heading=\"how-about-razz-bar-15000-disposable-vapes-online-shopping\" data-v-md-line=\"3\"><img loading=\"lazy\" decoding=\"async\" class=\"aligncenter size-full wp-image-17705\" src=\"https:\/\/agoravape.com\/wp-content\/uploads\/2025\/10\/Razz-bar-15000-Puffs-Disposable-Vape-Shop-Online_Agora_vape-1.webp\" alt=\"\" width=\"1250\" height=\"800\" srcset=\"https:\/\/agoravape.com\/wp-content\/uploads\/2025\/10\/Razz-bar-15000-Puffs-Disposable-Vape-Shop-Online_Agora_vape-1.webp 1250w, https:\/\/agoravape.com\/wp-content\/uploads\/2025\/10\/Razz-bar-15000-Puffs-Disposable-Vape-Shop-Online_Agora_vape-1-1200x768.webp 1200w, https:\/\/agoravape.com\/wp-content\/uploads\/2025\/10\/Razz-bar-15000-Puffs-Disposable-Vape-Shop-Online_Agora_vape-1-300x192.webp 300w, https:\/\/agoravape.com\/wp-content\/uploads\/2025\/10\/Razz-bar-15000-Puffs-Disposable-Vape-Shop-Online_Agora_vape-1-1024x655.webp 1024w, https:\/\/agoravape.com\/wp-content\/uploads\/2025\/10\/Razz-bar-15000-Puffs-Disposable-Vape-Shop-Online_Agora_vape-1-768x492.webp 768w\" sizes=\"auto, (max-width: 1250px) 100vw, 1250px\" \/><\/h2>\n<h2 data-v-md-heading=\"how-about-razz-bar-15000-disposable-vapes-online-shopping\" data-v-md-line=\"3\">Wie w\u00e4re es mit Razz Bar 15000 Einweg-E-Zigaretten? Jetzt online bestellen!<\/h2>\n<p data-v-md-line=\"4\">Sind Sie es leid, mitten im Arbeitstag Einweg-E-Zigaretten zu benutzen? Dann ist dieses Produkt die ideale Wahl. Die Razz Bar E-Zigarette mit 15.000 Z\u00fcgen erm\u00f6glicht Ihnen bis zu 15.000 genussvolle Z\u00fcge und verstr\u00f6mt ein erfrischendes, fruchtiges Aroma.<\/p>\n<p data-v-md-line=\"6\">Ideal f\u00fcr alle, die Wert auf Langlebigkeit und einfache Bedienung legen. Sofort einsatzbereit. Kein \u00d6len oder Einstellen n\u00f6tig, gleichbleibender Geschmack und sanftes Saugen.<\/p>\n<h2 data-v-md-heading=\"excellent-performance-worry-free\" data-v-md-line=\"8\">Hervorragende Leistung, sorgenfrei<\/h2>\n<p data-v-md-line=\"9\">Dieses Ger\u00e4t vereint Leistung und Spulendesign zu einem gleichm\u00e4\u00dfigen Geschmackserlebnis von Anfang bis Ende. Es ist weder aufdringlich noch wird der Dampffluss unterbrochen. Der wiederaufladbare 650-mAh-Akku sorgt f\u00fcr ungetr\u00fcbten Genuss, sodass Sie Ihr gekauftes E-Liquid verwenden k\u00f6nnen. Ist der Akku schwach, laden Sie ihn einfach wieder auf.<\/p>\n<h2 data-v-md-heading=\"specification-introduction\" data-v-md-line=\"11\">Specification Introduction<\/h2>\n<p data-v-md-line=\"12\"><strong>Anzahl der Saugvorg\u00e4nge<\/strong>: bis zu 15000 Saugvorg\u00e4nge<br \/>\n<strong>Nicotine content<\/strong>: 2 % und 5 % optional<br \/>\n<strong>Working principle<\/strong>: Aktivierung beim Einatmen<br \/>\n<strong>Charging<\/strong>: 650-mAh-Akku<br \/>\n<strong>Status<\/strong>Sofort einsatzbereit nach dem Auspacken<\/p>\n<h2 data-v-md-heading=\"full-range-of-flavors\" data-v-md-line=\"18\">Full range of flavors<\/h2>\n<ul data-v-md-line=\"19\">\n<li>Himbeergummib\u00e4rchen<\/li>\n<li>Erdbeer-Smoothie<\/li>\n<li>Red Bull Eiscreme<\/li>\n<li>Kiwi, Passionsfrucht, Guave<\/li>\n<li>Mamba-Schlange<\/li>\n<li>Blaubeer-Smoothie<\/li>\n<li>Pfirsich-Smoothie<\/li>\n<li>Strawberry kiwi fruit<\/li>\n<li>Wassermelonen-Smoothie<\/li>\n<li>Pfirsich, Mango, Ananas<\/li>\n<li>Watermelon Bubble Gum<\/li>\n<li>Gemischte Beeren<\/li>\n<li>Blaubeeren, Himbeeren, Zitronen<\/li>\n<li>Zitrone und Limette<\/li>\n<li>Cola-Smoothie<\/li>\n<li>Doppelte \u00c4pfel<\/li>\n<\/ul>\n<h2 data-v-md-heading=\"for-you-and-your-business\" data-v-md-line=\"36\">For you and your business<\/h2>\n<p data-v-md-line=\"37\">Sie k\u00f6nnen w\u00e4hlen <a class=\"wpil_keyword_link\" href=\"https:\/\/agoravape.com\/de\/produkt\/razz-bar-50k-50000-puffs-vape\/\" target=\"_blank\" rel=\"noopener\" title=\"Razz Bar 50K Puffs Einweg-Vape mit hoher Kapazit\u00e4t | Langlebig und einfach in der Anwendung\" data-wpil-keyword-link=\"linked\" data-wpil-monitor-id=\"7158\">Razz Bar<\/a> 15000 Zigaretten f\u00fcr den pers\u00f6nlichen Gebrauch oder auf Vorrat f\u00fcr Ihr Gesch\u00e4ft. Gro\u00dfhandelskartons von 200 Einheiten pro Box, bequem f\u00fcr Sie zu planen Inventar. Wir versenden durch vertrauensw\u00fcrdige Partner wie UPS, DPD und DHL in DDP nach Steuerzahlung, so gibt es keine Unf\u00e4lle am Zoll.<\/p>\n<p data-v-md-line=\"39\">Der Bestellvorgang ist einfach und bequem. Wir verwenden sichere Zahlungsportale und SSL-verschl\u00fcsselte Kasse, um die Sicherheit Ihrer Daten zu gew\u00e4hrleisten.<\/p>\n<p data-v-md-line=\"41\">Einf\u00fchrung in die EU-Vorschriften: Viele EU-L\u00e4nder legen den Nikotingehalt auf maximal 20 Milligramm pro Milliliter fest und begrenzen die F\u00fcllmenge von Einweg-E-Liquids. Die 2%-Variante entspricht diesem Grenzwert, Ger\u00e4te mit hoher F\u00fcllmenge und die 5%-Variante sind jedoch m\u00f6glicherweise nicht zul\u00e4ssig. Bitte informieren Sie sich vor Ihrer Bestellung \u00fcber die geltenden Bestimmungen in Ihrem Land. Wir unterst\u00fctzen Sie gerne dabei, Ihnen konforme Produkte an den gew\u00fcnschten Ort zu liefern.<\/p>\n<h2 data-v-md-heading=\"why-do-you-like-it\" data-v-md-line=\"43\">Why do you like it<\/h2>\n<p data-v-md-line=\"44\"><strong>Gro\u00dfe Menge an Rauchbomben<\/strong>: bis zu 15.000 Z\u00fcge, was weniger Nachf\u00fcllungen und einen h\u00f6heren Wert bedeutet.<br \/>\n<strong>Nikotinauswahl<\/strong>W\u00e4hlen Sie je nach Vorliebe einen Nikotingehalt von 2 % oder 5 %.<br \/>\n<strong>Wiederaufladbar<\/strong>Unbenutztes E-Liquid muss nicht entsorgt werden, einfach aufladen und verwenden.<br \/>\n<strong>Gleichbleibender Geschmack<\/strong>: Entwickelt, um Ihnen ein gleichbleibend k\u00f6stliches Erlebnis vom ersten bis zum letzten Bissen zu bieten.<\/p>\n<h2 data-v-md-heading=\"why-choose-to-collaborate-with-agoravape\" data-v-md-line=\"49\">Warum sollten Sie sich f\u00fcr eine Zusammenarbeit mit AgoraVape entscheiden?<\/h2>\n<p data-v-md-line=\"50\">Wir verkaufen ausschlie\u00dflich Originalprodukte mit transparenter Lieferkette und ordnungsgem\u00e4\u00dfer Altersverifizierung. Gesch\u00e4ftskunden profitieren von wettbewerbsf\u00e4higen Gro\u00dfhandelspreisen, zuverl\u00e4ssigem Support und schnellem, zuverl\u00e4ssigem Versand innerhalb Europas. Wenn Sie Einwegprodukte in Ihr Sortiment aufnehmen und Ihre Kundenbindung st\u00e4rken m\u00f6chten, kontaktieren Sie uns \u2013 wir platzieren den Razz Bar 15000 Zigarettenst\u00e4nder gerne in Ihrem Regal.<\/p>","protected":false},"excerpt":{"rendered":"<p>Wie w\u00e4re es mit Razz Bar 15000 Einwegvapes? Online einkaufen! Wenn Sie es satt haben, Einwegverdampfer auf halbem Weg zu benutzen<\/p>","protected":false},"featured_media":17728,"comment_status":"open","ping_status":"closed","template":"","meta":[],"product_brand":[236],"product_cat":[124,185,1635,189,194,1674,174,175,193,163,191,173,186,180,190],"product_tag":[],"class_list":{"0":"post-17707","1":"product","2":"type-product","3":"status-publish","4":"has-post-thumbnail","6":"product_brand-razz-bar","7":"product_cat-vape-by-brand","8":"product_cat-10000-puffs-high-capacity","9":"product_cat-15000-puffs","10":"product_cat-20mg-standard-nicotine-vapes","11":"product_cat-adjustable-airflow","12":"product_cat-eu-warehouse","13":"product_cat-fruit-flavors","14":"product_cat-icy-mint","15":"product_cat-mesh-coil","16":"product_cat-razz-bar","17":"product_cat-rechargeable-disposables","18":"product_cat-vape-by-flavor-profile","19":"product_cat-vape-by-nicotine-strength","20":"product_cat-vape-by-puff-count","21":"product_cat-vape-by-feature-or-type","23":"first","24":"instock","25":"shipping-taxable","26":"purchasable","27":"product-type-variable","28":"has-default-attributes"},"tiered_pricing_type":"percentage","tiered_pricing_fixed_rules":[],"tiered_pricing_product_settings":{"layout":"default","base_unit_name":{"singular":null,"plural":null},"default_variation":null},"tiered_pricing_minimum_quantity":50,"tiered_pricing_roles_data":[],"tiered_pricing_percentage_rules":{"100":"40","200":"44","500":"47","1000":"49"},"tiered_pricing_maximum_quantity":null,"tiered_pricing_quantity_step":"10","_links":{"self":[{"href":"https:\/\/agoravape.com\/de\/wp-json\/wp\/v2\/product\/17707","targetHints":{"allow":["GET"]}}],"collection":[{"href":"https:\/\/agoravape.com\/de\/wp-json\/wp\/v2\/product"}],"about":[{"href":"https:\/\/agoravape.com\/de\/wp-json\/wp\/v2\/types\/product"}],"replies":[{"embeddable":true,"href":"https:\/\/agoravape.com\/de\/wp-json\/wp\/v2\/comments?post=17707"}],"version-history":[{"count":1,"href":"https:\/\/agoravape.com\/de\/wp-json\/wp\/v2\/product\/17707\/revisions"}],"predecessor-version":[{"id":29810,"href":"https:\/\/agoravape.com\/de\/wp-json\/wp\/v2\/product\/17707\/revisions\/29810"}],"wp:featuredmedia":[{"embeddable":true,"href":"https:\/\/agoravape.com\/de\/wp-json\/wp\/v2\/media\/17728"}],"wp:attachment":[{"href":"https:\/\/agoravape.com\/de\/wp-json\/wp\/v2\/media?parent=17707"}],"wp:term":[{"taxonomy":"product_brand","embeddable":true,"href":"https:\/\/agoravape.com\/de\/wp-json\/wp\/v2\/product_brand?post=17707"},{"taxonomy":"product_cat","embeddable":true,"href":"https:\/\/agoravape.com\/de\/wp-json\/wp\/v2\/product_cat?post=17707"},{"taxonomy":"product_tag","embeddable":true,"href":"https:\/\/agoravape.com\/de\/wp-json\/wp\/v2\/product_tag?post=17707"}],"curies":[{"name":"wp","href":"https:\/\/api.w.org\/{rel}","templated":true}]}}