{"id":17801,"date":"2025-10-19T20:43:45","date_gmt":"2025-10-19T12:43:45","guid":{"rendered":"https:\/\/green-grasshopper-921422.hostingersite.com\/?post_type=product&#038;p=17801"},"modified":"2026-01-12T10:38:42","modified_gmt":"2026-01-12T02:38:42","slug":"hazey-d195-18000-puffs-vape","status":"publish","type":"product","link":"https:\/\/agoravape.com\/de\/product\/hazey-d195-18000-puffs-vape\/","title":{"rendered":"Hazey D195 18K Puffs Mesh Coil Vape with Screen | Big Puffs, Clear Display"},"content":{"rendered":"<h2 data-v-md-heading=\"what-is-special-about-hazey-d195-18k-suction-mesh-coil-vape-with-screen\" data-v-md-line=\"3\">Was ist das Besondere an der Hazey D195 18K Saug-Mesh-Coil-E-Zigarette (mit Sieb)?<\/h2>\n<p data-v-md-line=\"4\">Wenn Sie es leid sind, st\u00e4ndig Ihr Ger\u00e4t zu wechseln, sollten Sie sich dieses Produkt unbedingt ansehen. Der Hazey D195 liefert bis zu 18.000 Portionen und sorgt dabei stets f\u00fcr einen reinen und gleichbleibenden Geschmack.<\/p>\n<p data-v-md-line=\"6\">Es wurde speziell f\u00fcr den t\u00e4glichen Gebrauch entwickelt. Das helle Dual-Display zeigt den F\u00fcllstand von E-Liquid und Akku auf einen Blick an, sodass Sie nicht raten m\u00fcssen und kein unerwartetes Austrocknen erleben. Wenn Sie zuverl\u00e4ssigen und unbeschwerten Genuss w\u00fcnschen, ist dieses Produkt die ideale Wahl.<\/p>\n<h2 data-v-md-heading=\"excellent-performance-worry-free\" data-v-md-line=\"8\">Hervorragende Leistung, sorgenfrei<\/h2>\n<p data-v-md-line=\"9\">Die 0,8-\u03a9-Mesh-Spule wird gleichm\u00e4\u00dfig erhitzt und sorgt so f\u00fcr ein sanftes und anhaltendes Geschmackserlebnis. Der Geschmack bleibt lange erhalten. Zwei Displays erleichtern die Bedienung. Sie k\u00f6nnen den Akkustand \u00fcberpr\u00fcfen und Ihre Tagesplanung so gestalten, ohne eine zus\u00e4tzliche Powerbank mitnehmen zu m\u00fcssen. Ist der Akku fast leer, laden Sie das Ger\u00e4t einfach auf und k\u00f6nnen weiterdampfen.<\/p>\n<h2 data-v-md-heading=\"specification-introduction\" data-v-md-line=\"11\">Specification Introduction<\/h2>\n<ul data-v-md-line=\"12\">\n<li>Saugfrequenz: bis zu 18000 Mal<\/li>\n<li>Nikotingehalt: 2 % oder 5 %<\/li>\n<li>Working principle: Activated by inhalation<\/li>\n<li>Ladeverfahren: wiederaufladbar<\/li>\n<li>Status: Sofort einsatzbereit<\/li>\n<li>Spule: 0,8 \u03a9 Drahtspule<\/li>\n<li>Akku: 600 mAh<\/li>\n<li>E-Liquid-Kapazit\u00e4t: 28 Milliliter<\/li>\n<li>Display: Dual-Screen-Anzeige f\u00fcr E-Liquid-F\u00fcllstand und Akkustand<\/li>\n<\/ul>\n<h2 data-v-md-heading=\"full-range-of-flavors\" data-v-md-line=\"22\">Full range of flavors<\/h2>\n<ul data-v-md-line=\"23\">\n<li>Strawberry Ice<\/li>\n<li>Watermelon Ice<\/li>\n<li>Blue Rink Ice<\/li>\n<li>Grape Ice<\/li>\n<li>Ananas-Eis<\/li>\n<li>Strawberry watermelon ice<\/li>\n<li>Kiwi-Passionsfrucht-Guave-Eis<\/li>\n<li>Dreifaches Mango-Eis<\/li>\n<li>Doppelapfeleis<\/li>\n<li>Coca Cola Ice<\/li>\n<li>Zitronen- und Limetteneis<\/li>\n<li>Limetten-Passionsfrucht-Eis<\/li>\n<li>Schwarze Johannisbeere Traubeneis<\/li>\n<li>Strawberry Raspberry Cherry Ice<\/li>\n<li>Apple Grape Ice<\/li>\n<\/ul>\n<p><img loading=\"lazy\" decoding=\"async\" class=\"aligncenter size-full wp-image-17822\" src=\"https:\/\/agoravape.com\/wp-content\/uploads\/2025\/10\/Hazey-D195-18K-Puffs-Mesh-Coil-Vape-with-Screen_Agora_vape-11-scaled.webp\" alt=\"\" width=\"2560\" height=\"2125\" srcset=\"https:\/\/agoravape.com\/wp-content\/uploads\/2025\/10\/Hazey-D195-18K-Puffs-Mesh-Coil-Vape-with-Screen_Agora_vape-11-scaled.webp 2560w, https:\/\/agoravape.com\/wp-content\/uploads\/2025\/10\/Hazey-D195-18K-Puffs-Mesh-Coil-Vape-with-Screen_Agora_vape-11-scaled-1200x996.webp 1200w, https:\/\/agoravape.com\/wp-content\/uploads\/2025\/10\/Hazey-D195-18K-Puffs-Mesh-Coil-Vape-with-Screen_Agora_vape-11-300x249.webp 300w, https:\/\/agoravape.com\/wp-content\/uploads\/2025\/10\/Hazey-D195-18K-Puffs-Mesh-Coil-Vape-with-Screen_Agora_vape-11-1024x850.webp 1024w, https:\/\/agoravape.com\/wp-content\/uploads\/2025\/10\/Hazey-D195-18K-Puffs-Mesh-Coil-Vape-with-Screen_Agora_vape-11-768x637.webp 768w, https:\/\/agoravape.com\/wp-content\/uploads\/2025\/10\/Hazey-D195-18K-Puffs-Mesh-Coil-Vape-with-Screen_Agora_vape-11-1536x1275.webp 1536w, https:\/\/agoravape.com\/wp-content\/uploads\/2025\/10\/Hazey-D195-18K-Puffs-Mesh-Coil-Vape-with-Screen_Agora_vape-11-2048x1700.webp 2048w\" sizes=\"auto, (max-width: 2560px) 100vw, 2560px\" \/><\/p>\n<h2 data-v-md-heading=\"for-you-for-your-business\" data-v-md-line=\"39\">F\u00fcr Sie, f\u00fcr Ihr Unternehmen<\/h2>\n<p data-v-md-line=\"40\">Sie k\u00f6nnen Hazey D195 einzeln bestellen oder in Ihr Sortiment aufnehmen. Wir bieten sowohl Einzel- als auch Gro\u00dfhandelsbestellungen an, und Sie k\u00f6nnen ganz nach Ihren W\u00fcnschen bestellen. Bei gr\u00f6\u00dferen Bestellmengen bieten wir Ihnen DDP-Versand \u00fcber Partner wie UPS, DPD und DHL an, sodass Sie sich keine Sorgen um Probleme beim Zoll machen m\u00fcssen.<\/p>\n<p data-v-md-line=\"42\">Suchen Sie einen zuverl\u00e4ssigen Anbieter mit \u00fcbersichtlichen Produktinformationen und einer gro\u00dfen Auswahl an Geschmacksrichtungen? Egal, ob Sie Wert auf Komfort legen oder Wert auf guten Geschmack \u2013 dieses Produkt wird Ihren Anspr\u00fcchen gerecht.<\/p>\n<h2 data-v-md-heading=\"why-do-you-like-it\" data-v-md-line=\"44\">Why do you like it<\/h2>\n<ul data-v-md-line=\"45\">\n<li>Enorme Saugkraft: Eine Kapazit\u00e4t von bis zu 18.000 U\/min bedeutet weniger Austausch und eine h\u00f6here Kosteneffizienz.<\/li>\n<li>Auswahl des Nikotingehalts: W\u00e4hlen Sie je nach Vorliebe 2 % oder 5 %.<\/li>\n<li>Wiederaufladbar: Nutzen Sie die gesamten 28 Milliliter E-Liquid, ohne etwas zu verschwenden.<\/li>\n<li>Mesh-Spule: Die 0,8 \u03a9 Mesh-Spule sorgt stets f\u00fcr einen gleichbleibend vollen Geschmack.<\/li>\n<li>Doppelbildschirmanzeige: Einfache Anzeige von E-Liquid- und Akkustand, wodurch Trockensaugen und Akkuentladung vermieden werden.<\/li>\n<\/ul>\n<h2 data-v-md-heading=\"why-collaborate-with-agoravape\" data-v-md-line=\"51\">Warum mit AgoraVape zusammenarbeiten?<\/h2>\n<p data-v-md-line=\"52\">Als einer der vertrauensw\u00fcrdigen Vape-Distributoren in Europa bieten wir ausschlie\u00dflich 100 % Originalware an. Die Hazey D195 18K Saugmesh-Coil-E-Zigarette (mit Sieb) erhalten Sie zu fairen Gro\u00dfhandelspreisen, mit freundlichem Kundenservice und schnellem DDP-Versand innerhalb Europas. Kontaktieren Sie unser Team, um mehr \u00fcber die Ger\u00e4te zu erfahren, die Ihre Kunden immer wieder kaufen werden.<\/p>","protected":false},"excerpt":{"rendered":"<p>&nbsp;<\/p>\n<p><script src=\"chrome-extension:\/\/fpelahbljekknahkcaegamhcndkfpfnc\/iFrame.js\" type=\"text\/javascript\"><\/script><\/p>\n<p><script src=\"chrome-extension:\/\/fpelahbljekknahkcaegamhcndkfpfnc\/iFrame.js\" type=\"text\/javascript\"><\/script><\/p>\n<p><script src=\"chrome-extension:\/\/fpelahbljekknahkcaegamhcndkfpfnc\/iFrame.js\" type=\"text\/javascript\"><\/script><\/p>\n<p><script src=\"chrome-extension:\/\/fpelahbljekknahkcaegamhcndkfpfnc\/iFrame.js\" type=\"text\/javascript\"><\/script><\/p>\n<p><script src=\"chrome-extension:\/\/fpelahbljekknahkcaegamhcndkfpfnc\/iFrame.js\" type=\"text\/javascript\"><\/script><\/p>\n<p><script src=\"chrome-extension:\/\/fpelahbljekknahkcaegamhcndkfpfnc\/iFrame.js\" type=\"text\/javascript\"><\/script><\/p>\n<p><script src=\"chrome-extension:\/\/fpelahbljekknahkcaegamhcndkfpfnc\/iFrame.js\" type=\"text\/javascript\"><\/script><\/p>\n<p><script src=\"chrome-extension:\/\/fpelahbljekknahkcaegamhcndkfpfnc\/iFrame.js\" type=\"text\/javascript\"><\/script><\/p>\n<p><script src=\"chrome-extension:\/\/fpelahbljekknahkcaegamhcndkfpfnc\/iFrame.js\" type=\"text\/javascript\"><\/script><\/p>\n<p><script src=\"chrome-extension:\/\/fpelahbljekknahkcaegamhcndkfpfnc\/iFrame.js\" type=\"text\/javascript\"><\/script><\/p>\n<p><script src=\"chrome-extension:\/\/fpelahbljekknahkcaegamhcndkfpfnc\/iFrame.js\" type=\"text\/javascript\"><\/script><\/p>\n<p><script src=\"chrome-extension:\/\/fpelahbljekknahkcaegamhcndkfpfnc\/iFrame.js\" type=\"text\/javascript\"><\/script><\/p>\n<p><script src=\"chrome-extension:\/\/fpelahbljekknahkcaegamhcndkfpfnc\/iFrame.js\" type=\"text\/javascript\"><\/script><\/p>\n<p><script src=\"chrome-extension:\/\/fpelahbljekknahkcaegamhcndkfpfnc\/iFrame.js\" type=\"text\/javascript\"><\/script><\/p>\n<p><script src=\"chrome-extension:\/\/fpelahbljekknahkcaegamhcndkfpfnc\/iFrame.js\" type=\"text\/javascript\"><\/script><\/p>\n<p><script src=\"chrome-extension:\/\/fpelahbljekknahkcaegamhcndkfpfnc\/iFrame.js\" type=\"text\/javascript\"><\/script><\/p>\n<p><script src=\"chrome-extension:\/\/fpelahbljekknahkcaegamhcndkfpfnc\/iFrame.js\" type=\"text\/javascript\"><\/script><\/p>","protected":false},"featured_media":17821,"comment_status":"open","ping_status":"closed","template":"","meta":[],"product_brand":[237],"product_cat":[124,185,189,174,164,175,193,191,173,186,180,190,192],"product_tag":[],"class_list":{"0":"post-17801","1":"product","2":"type-product","3":"status-publish","4":"has-post-thumbnail","6":"product_brand-hazey","7":"product_cat-vape-by-brand","8":"product_cat-10000-puffs-high-capacity","9":"product_cat-20mg-standard-nicotine-vapes","10":"product_cat-fruit-flavors","11":"product_cat-hazey","12":"product_cat-icy-mint","13":"product_cat-mesh-coil","14":"product_cat-rechargeable-disposables","15":"product_cat-vape-by-flavor-profile","16":"product_cat-vape-by-nicotine-strength","17":"product_cat-vape-by-puff-count","18":"product_cat-vape-by-feature-or-type","19":"product_cat-vapes-with-screens","21":"first","22":"instock","23":"shipping-taxable","24":"purchasable","25":"product-type-variable","26":"has-default-attributes"},"tiered_pricing_type":"percentage","tiered_pricing_fixed_rules":[],"tiered_pricing_product_settings":{"layout":"default","base_unit_name":{"singular":null,"plural":null},"default_variation":null},"tiered_pricing_minimum_quantity":50,"tiered_pricing_roles_data":[],"tiered_pricing_percentage_rules":{"100":"29","200":"35","500":"40","1000":"44"},"tiered_pricing_maximum_quantity":null,"tiered_pricing_quantity_step":"10","_links":{"self":[{"href":"https:\/\/agoravape.com\/de\/wp-json\/wp\/v2\/product\/17801","targetHints":{"allow":["GET"]}}],"collection":[{"href":"https:\/\/agoravape.com\/de\/wp-json\/wp\/v2\/product"}],"about":[{"href":"https:\/\/agoravape.com\/de\/wp-json\/wp\/v2\/types\/product"}],"replies":[{"embeddable":true,"href":"https:\/\/agoravape.com\/de\/wp-json\/wp\/v2\/comments?post=17801"}],"version-history":[{"count":0,"href":"https:\/\/agoravape.com\/de\/wp-json\/wp\/v2\/product\/17801\/revisions"}],"wp:featuredmedia":[{"embeddable":true,"href":"https:\/\/agoravape.com\/de\/wp-json\/wp\/v2\/media\/17821"}],"wp:attachment":[{"href":"https:\/\/agoravape.com\/de\/wp-json\/wp\/v2\/media?parent=17801"}],"wp:term":[{"taxonomy":"product_brand","embeddable":true,"href":"https:\/\/agoravape.com\/de\/wp-json\/wp\/v2\/product_brand?post=17801"},{"taxonomy":"product_cat","embeddable":true,"href":"https:\/\/agoravape.com\/de\/wp-json\/wp\/v2\/product_cat?post=17801"},{"taxonomy":"product_tag","embeddable":true,"href":"https:\/\/agoravape.com\/de\/wp-json\/wp\/v2\/product_tag?post=17801"}],"curies":[{"name":"wp","href":"https:\/\/api.w.org\/{rel}","templated":true}]}}