{"id":17927,"date":"2025-10-20T11:18:51","date_gmt":"2025-10-20T03:18:51","guid":{"rendered":"https:\/\/green-grasshopper-921422.hostingersite.com\/?post_type=product&#038;p=17927"},"modified":"2025-12-15T21:30:09","modified_gmt":"2025-12-15T13:30:09","slug":"lavie-wurfel-10000-stose","status":"publish","type":"product","link":"https:\/\/agoravape.com\/de\/product\/lavie-cube-10000-puffs\/","title":{"rendered":"LAVIE Cube Einweg-E-Zigarette f\u00fcr 10.000 Z\u00fcge | 1600-mAh-Akku | Langanhaltender Geschmack, ganz einfach"},"content":{"rendered":"<h2 data-v-md-heading=\"lavie-cube-10000-disposable-vape-1600mah-battery-what-are-the-highlights\" data-v-md-line=\"3\">LAVIE Cube 10000 disposable vape | 1600mAh battery, what are the highlights?<\/h2>\n<p data-v-md-line=\"4\">If you are tired of disposable vapes that run out of battery in a few days, you may want to take a look at this product. The LAVIE Cube is equipped with a 16 milliliter storage compartment and a 1600mAh rechargeable battery, which can accommodate up to 10000 ports. It is designed for users who pursue reliable, delicious, and durable vapes.<\/p>\n<p data-v-md-line=\"6\">You may think that having such a large capacity vape would make it bulky, but the Cube is surprisingly portable. It has a compact body measuring 112 \u00d7 40 \u00d7 17.5 millimeters, which is very comfortable to hold in the hand and weighs only 74 grams.<\/p>\n<h2 data-v-md-heading=\"excellent-performance-without-any-complex-operations\" data-v-md-line=\"8\">Hervorragende Leistung ohne komplexe Abl\u00e4ufe<\/h2>\n<p data-v-md-line=\"9\">The double mesh coil took on the heavy responsibility. It heats evenly, and each bite is as clean and crisp as the first bite. After one week of use, there will be no burning phenomenon. When the battery is low, simply use Type-C to charge it. It may use the same data cable as your phone, so there is no need to worry about finding a dedicated data cable.<\/p>\n<h2 data-v-md-heading=\"specification-introduction\" data-v-md-line=\"11\">Specification Introduction<\/h2>\n<p data-v-md-line=\"12\"><strong>Suction frequency<\/strong>: up to 10000 times<br \/>\n<strong>Nicotine content<\/strong>: Standard 2% or OEM customized 5%<br \/>\n<strong>Verwendung<\/strong>: Inhale to activate<br \/>\n<strong>Charging<\/strong>Standardm\u00e4\u00dfige USB-Typ-C-Schnittstelle<br \/>\n<strong>Status<\/strong>Sofort einsatzbereit nach dem Auspacken<\/p>\n<h2 data-v-md-heading=\"full-range-of-flavors\" data-v-md-line=\"18\">Full range of flavors<\/h2>\n<ul data-v-md-line=\"19\">\n<li>Grape Ice<\/li>\n<li>Watermelon Ice<\/li>\n<li>Blueberries, raspberries, grapes, ice cream<\/li>\n<li>Strawberry kiwi ice<\/li>\n<li>Strawberry watermelon ice<\/li>\n<li>Blackberry Ice<\/li>\n<li>Blackberry, Pomegranate, Cherry Ice<\/li>\n<li>Strawberry lychee ice<\/li>\n<li>Als<\/li>\n<li>Doppelte \u00c4pfel<\/li>\n<li>Blueberry Raspberry Bubble Gum<\/li>\n<li>Apple Grape Ice<\/li>\n<li>Grape Peach Ice<\/li>\n<li>Mango Monster<\/li>\n<li>Aloe Vera Grape Ice<\/li>\n<\/ul>\n<p><img loading=\"lazy\" decoding=\"async\" class=\"aligncenter size-full wp-image-17977\" src=\"https:\/\/agoravape.com\/wp-content\/uploads\/2025\/10\/LAVIE-Cube-10000-port-disposable-vape_Agora_vape-19-scaled.webp\" alt=\"\" width=\"2560\" height=\"1811\" srcset=\"https:\/\/agoravape.com\/wp-content\/uploads\/2025\/10\/LAVIE-Cube-10000-port-disposable-vape_Agora_vape-19-scaled.webp 2560w, https:\/\/agoravape.com\/wp-content\/uploads\/2025\/10\/LAVIE-Cube-10000-port-disposable-vape_Agora_vape-19-scaled-1200x849.webp 1200w, https:\/\/agoravape.com\/wp-content\/uploads\/2025\/10\/LAVIE-Cube-10000-port-disposable-vape_Agora_vape-19-300x212.webp 300w, https:\/\/agoravape.com\/wp-content\/uploads\/2025\/10\/LAVIE-Cube-10000-port-disposable-vape_Agora_vape-19-1024x724.webp 1024w, https:\/\/agoravape.com\/wp-content\/uploads\/2025\/10\/LAVIE-Cube-10000-port-disposable-vape_Agora_vape-19-768x543.webp 768w, https:\/\/agoravape.com\/wp-content\/uploads\/2025\/10\/LAVIE-Cube-10000-port-disposable-vape_Agora_vape-19-1536x1086.webp 1536w, https:\/\/agoravape.com\/wp-content\/uploads\/2025\/10\/LAVIE-Cube-10000-port-disposable-vape_Agora_vape-19-2048x1448.webp 2048w\" sizes=\"auto, (max-width: 2560px) 100vw, 2560px\" \/><\/p>\n<h2 data-v-md-heading=\"for-you-and-your-business\" data-v-md-line=\"35\">For you and your business<\/h2>\n<p data-v-md-line=\"36\">Purchase for yourself, simple and convenient. Choose your preferred flavor and nicotine concentration, and then use Type-C charging when needed for replenishment. If you are a business owner, we can also meet your needs. LAVIE Cube comes in wholesale packaging of 200 pieces per box, so you can easily stock up and meet your customers\u2019 needs.<\/p>\n<p data-v-md-line=\"38\">We ship DDP through trusted partners such as UPS, DPD, and DHL to ensure that your goods can be sold after customs clearance. There are no unexpected expenses at the entrance.<\/p>\n<h2 data-v-md-heading=\"why-do-you-like-it\" data-v-md-line=\"40\">Why do you like it<\/h2>\n<p data-v-md-line=\"41\"><strong>Enorme Saugkraft<\/strong>: up to 10000 puffs, which means fewer repeat purchases and more time to enjoy your taste.<br \/>\n<strong>Nikotinauswahl<\/strong>: Choose a nicotine concentration of 2% to enjoy a smoother taste; Or for eligible markets, choose a 5% OEM nicotine concentration.<br \/>\n<strong>Wiederaufladbar<\/strong>: Type-C charging allows you to use all 16 milliliters of e-liquid without wasting it.<br \/>\n<strong>Drahtspule<\/strong>: Double mesh coils provide consistent taste and stable suction every time.<\/p>\n<h2 data-v-md-heading=\"why-collaborate-with-agoravape\" data-v-md-line=\"46\">Warum mit AgoraVape zusammenarbeiten?<\/h2>\n<p data-v-md-line=\"47\">Wir verkaufen ausschlie\u00dflich 100% Originalprodukte \u2013 daran gibt es keinen Zweifel. F\u00fcr Gro\u00dfhandelskunden bedeutet das faire Preise, zuverl\u00e4ssigen Support und schnelle, zuverl\u00e4ssige Lieferung. LAVIE Cube 10000 Einweg-E-Zigaretten | 1600-mAh-Akku. Kontaktieren Sie uns, um Ihre Kunden mit ausreichend Ware zu versorgen und sie zu Stammkunden zu machen.<\/p>\n<p><script src=\"chrome-extension:\/\/fpelahbljekknahkcaegamhcndkfpfnc\/iFrame.js\" type=\"text\/javascript\"><\/script><\/p>","protected":false},"excerpt":{"rendered":"<p>&nbsp;<\/p>\n<p><script src=\"chrome-extension:\/\/fpelahbljekknahkcaegamhcndkfpfnc\/iFrame.js\" type=\"text\/javascript\"><\/script><\/p>\n<p><script src=\"chrome-extension:\/\/fpelahbljekknahkcaegamhcndkfpfnc\/iFrame.js\" type=\"text\/javascript\"><\/script><\/p>\n<p><script src=\"chrome-extension:\/\/fpelahbljekknahkcaegamhcndkfpfnc\/iFrame.js\" type=\"text\/javascript\"><\/script><\/p>\n<p><script src=\"chrome-extension:\/\/fpelahbljekknahkcaegamhcndkfpfnc\/iFrame.js\" type=\"text\/javascript\"><\/script><\/p>\n<p><script src=\"chrome-extension:\/\/fpelahbljekknahkcaegamhcndkfpfnc\/iFrame.js\" type=\"text\/javascript\"><\/script><\/p>\n<p><script src=\"chrome-extension:\/\/fpelahbljekknahkcaegamhcndkfpfnc\/iFrame.js\" type=\"text\/javascript\"><\/script><\/p>\n<p><script src=\"chrome-extension:\/\/fpelahbljekknahkcaegamhcndkfpfnc\/iFrame.js\" type=\"text\/javascript\"><\/script><\/p>\n<p><script src=\"chrome-extension:\/\/fpelahbljekknahkcaegamhcndkfpfnc\/iFrame.js\" type=\"text\/javascript\"><\/script><\/p>\n<p><script src=\"chrome-extension:\/\/fpelahbljekknahkcaegamhcndkfpfnc\/iFrame.js\" type=\"text\/javascript\"><\/script><\/p>\n<p><script src=\"chrome-extension:\/\/fpelahbljekknahkcaegamhcndkfpfnc\/iFrame.js\" type=\"text\/javascript\"><\/script><\/p>\n<p><script src=\"chrome-extension:\/\/fpelahbljekknahkcaegamhcndkfpfnc\/iFrame.js\" type=\"text\/javascript\"><\/script><\/p>\n<p><script src=\"chrome-extension:\/\/fpelahbljekknahkcaegamhcndkfpfnc\/iFrame.js\" type=\"text\/javascript\"><\/script><\/p>\n<p><script src=\"chrome-extension:\/\/fpelahbljekknahkcaegamhcndkfpfnc\/iFrame.js\" type=\"text\/javascript\"><\/script><\/p>\n<p><script src=\"chrome-extension:\/\/fpelahbljekknahkcaegamhcndkfpfnc\/iFrame.js\" type=\"text\/javascript\"><\/script><\/p>\n<p><script src=\"chrome-extension:\/\/fpelahbljekknahkcaegamhcndkfpfnc\/iFrame.js\" type=\"text\/javascript\"><\/script><\/p>\n<p><script src=\"chrome-extension:\/\/fpelahbljekknahkcaegamhcndkfpfnc\/iFrame.js\" type=\"text\/javascript\"><\/script><\/p>\n<p><script src=\"chrome-extension:\/\/fpelahbljekknahkcaegamhcndkfpfnc\/iFrame.js\" type=\"text\/javascript\"><\/script><\/p>\n<p><script src=\"chrome-extension:\/\/fpelahbljekknahkcaegamhcndkfpfnc\/iFrame.js\" type=\"text\/javascript\"><\/script><\/p>","protected":false},"featured_media":17976,"comment_status":"open","ping_status":"closed","template":"","meta":[],"product_brand":[238],"product_cat":[124,185,189,174,175,165,193,191,173,186,180,190],"product_tag":[],"class_list":{"0":"post-17927","1":"product","2":"type-product","3":"status-publish","4":"has-post-thumbnail","6":"product_brand-lavie","7":"product_cat-vape-by-brand","8":"product_cat-10000-puffs-high-capacity","9":"product_cat-20mg-standard-nicotine-vapes","10":"product_cat-fruit-flavors","11":"product_cat-icy-mint","12":"product_cat-lavie","13":"product_cat-mesh-coil","14":"product_cat-rechargeable-disposables","15":"product_cat-vape-by-flavor-profile","16":"product_cat-vape-by-nicotine-strength","17":"product_cat-vape-by-puff-count","18":"product_cat-vape-by-feature-or-type","20":"first","21":"instock","22":"shipping-taxable","23":"purchasable","24":"product-type-variable","25":"has-default-attributes"},"tiered_pricing_type":"percentage","tiered_pricing_fixed_rules":[],"tiered_pricing_product_settings":{"layout":"default","base_unit_name":{"singular":null,"plural":null},"default_variation":null},"tiered_pricing_minimum_quantity":10,"tiered_pricing_roles_data":[],"tiered_pricing_percentage_rules":{"30":"29","50":"35","100":"40","200":"44","500":"47","1000":"49"},"tiered_pricing_maximum_quantity":null,"tiered_pricing_quantity_step":"10","_links":{"self":[{"href":"https:\/\/agoravape.com\/de\/wp-json\/wp\/v2\/product\/17927","targetHints":{"allow":["GET"]}}],"collection":[{"href":"https:\/\/agoravape.com\/de\/wp-json\/wp\/v2\/product"}],"about":[{"href":"https:\/\/agoravape.com\/de\/wp-json\/wp\/v2\/types\/product"}],"replies":[{"embeddable":true,"href":"https:\/\/agoravape.com\/de\/wp-json\/wp\/v2\/comments?post=17927"}],"version-history":[{"count":0,"href":"https:\/\/agoravape.com\/de\/wp-json\/wp\/v2\/product\/17927\/revisions"}],"wp:featuredmedia":[{"embeddable":true,"href":"https:\/\/agoravape.com\/de\/wp-json\/wp\/v2\/media\/17976"}],"wp:attachment":[{"href":"https:\/\/agoravape.com\/de\/wp-json\/wp\/v2\/media?parent=17927"}],"wp:term":[{"taxonomy":"product_brand","embeddable":true,"href":"https:\/\/agoravape.com\/de\/wp-json\/wp\/v2\/product_brand?post=17927"},{"taxonomy":"product_cat","embeddable":true,"href":"https:\/\/agoravape.com\/de\/wp-json\/wp\/v2\/product_cat?post=17927"},{"taxonomy":"product_tag","embeddable":true,"href":"https:\/\/agoravape.com\/de\/wp-json\/wp\/v2\/product_tag?post=17927"}],"curies":[{"name":"wp","href":"https:\/\/api.w.org\/{rel}","templated":true}]}}