{"id":18050,"date":"2025-10-20T12:35:54","date_gmt":"2025-10-20T04:35:54","guid":{"rendered":"https:\/\/green-grasshopper-921422.hostingersite.com\/?post_type=product&#038;p=18050"},"modified":"2026-01-12T13:57:30","modified_gmt":"2026-01-12T05:57:30","slug":"pluscig-x30-hitze-nicht-brennen-gerat","status":"publish","type":"product","link":"https:\/\/agoravape.com\/de\/product\/pluscig-x30-heat-not-burn-device\/","title":{"rendered":"Pluscig X30 Heat-Not-Burn-Ger\u00e4t f\u00fcr TEREA Sticks | Ganzt\u00e4gige Leistung, saubere und gleichm\u00e4\u00dfige Hitze"},"content":{"rendered":"<h2 data-v-md-heading=\"pluscig-x30-heating-non-combustible-device-suitable-for-terea-cigars-what-are-the-advantages\" data-v-md-line=\"3\"><img loading=\"lazy\" decoding=\"async\" class=\"size-full wp-image-18067 alignright\" src=\"https:\/\/agoravape.com\/wp-content\/uploads\/2025\/10\/Pluscig-X30-Heat-Not-Burn-Device-for-Terea-Vape-Online_Agora_vape-3-scaled.webp\" alt=\"\" width=\"588\" height=\"2560\" srcset=\"https:\/\/agoravape.com\/wp-content\/uploads\/2025\/10\/Pluscig-X30-Heat-Not-Burn-Device-for-Terea-Vape-Online_Agora_vape-3-scaled.webp 588w, https:\/\/agoravape.com\/wp-content\/uploads\/2025\/10\/Pluscig-X30-Heat-Not-Burn-Device-for-Terea-Vape-Online_Agora_vape-3-69x300.webp 69w, https:\/\/agoravape.com\/wp-content\/uploads\/2025\/10\/Pluscig-X30-Heat-Not-Burn-Device-for-Terea-Vape-Online_Agora_vape-3-235x1024.webp 235w, https:\/\/agoravape.com\/wp-content\/uploads\/2025\/10\/Pluscig-X30-Heat-Not-Burn-Device-for-Terea-Vape-Online_Agora_vape-3-353x1536.webp 353w\" sizes=\"auto, (max-width: 588px) 100vw, 588px\" \/><\/h2>\n<h2 data-v-md-heading=\"pluscig-x30-heating-non-combustible-device-suitable-for-terea-cigars-what-are-the-advantages\" data-v-md-line=\"3\">Pluscig X30 ist ein nicht brennbares Heizger\u00e4t, geeignet f\u00fcr TEREA-Zigarren \u2013 welche Vorteile bietet es?<\/h2>\n<p data-v-md-line=\"4\">Mit dem Pluscig X30 genie\u00dfen Sie das TEREA-Zigarrenerlebnis ganz unkompliziert. Er wurde f\u00fcr alle entwickelt, die Wert auf gleichm\u00e4\u00dfige Hitze, langanhaltende Leistung und sanftes Rauchvergn\u00fcgen legen \u2013 von der ersten bis zur f\u00fcnfzigsten Zigarre. Legen Sie einfach die TEREA-Zigarre ein, stellen Sie die gew\u00fcnschte Temperatur ein und schon kann es losgehen.<\/p>\n<p data-v-md-line=\"6\">Es eignet sich f\u00fcr alle, die eine vertraute Bedienung w\u00fcnschen und Temperatur und Zeit pr\u00e4zise steuern m\u00f6chten. Es bietet zuverl\u00e4ssige Leistung und ein Aufladen w\u00e4hrend der Nutzung ist nicht n\u00f6tig.<\/p>\n<h2 data-v-md-heading=\"excellent-performance-easy-and-convenient\" data-v-md-line=\"8\">Excellent performance, easy and convenient<\/h2>\n<p data-v-md-line=\"9\">Der X30 erhitzt Ihre TEREA-Zigarre pr\u00e4zise, \u200b\u200bohne sie zu verbrennen. Das sorgt f\u00fcr gleichbleibenden Geschmack und ein sanfteres Raucherlebnis. Die Temperatur l\u00e4sst sich zwischen 200 und 350 \u00b0C nach Belieben einstellen \u2013 ob warm oder mild, der Einstieg ist kinderleicht. Dank der automatischen Reinigungsfunktion bleibt der Brennraum zwischen den Anwendungen stets in einwandfreiem Zustand. Bei niedrigem Akkustand laden Sie den X30 einfach \u00fcber den USB-C-Anschluss mit demselben Ladekabel wie Ihr Smartphone. Ganz einfach.<\/p>\n<p data-v-md-line=\"11\">Man k\u00f6nnte meinen, dass ein so gro\u00dfer Akku auch eine sperrige Gr\u00f6\u00dfe bedeutet, aber das X30 passt problemlos in eine Hosentasche und liegt sehr angenehm in der Hand.<\/p>\n<h2 data-v-md-heading=\"specification-introduction\" data-v-md-line=\"13\">Specification Introduction<\/h2>\n<ul data-v-md-line=\"14\">\n<li>Pro Ladung k\u00f6nnen 45\u201350 Einheiten TEREA E-Liquid verwendet werden.<\/li>\n<li>Akku: Eingebauter Akku mit 3500 mAh<\/li>\n<li>Dauer jeder Nutzung: standardm\u00e4\u00dfig 240 Sekunden<\/li>\n<li>Temperaturregelung: einstellbar von 200-350 \u00b0C<\/li>\n<li>Aufladen: USB Typ-C, ca. 120-180 Minuten zum vollst\u00e4ndigen Aufladen<\/li>\n<li>Anwendung: TEREA E-Liquid einf\u00fcllen, zum Erhitzen dr\u00fccken und genie\u00dfen.<\/li>\n<li>Reinigung: Eingebaute automatische Reinigungsfunktion<\/li>\n<li>Material: PEEK-Material, Lederverzierung<\/li>\n<li>Gr\u00f6\u00dfe und Gewicht: 106,7 \u00d7 32 \u00d7 23 Millimeter, 86,7 Gramm<\/li>\n<li>Farben: Schwarz, Orange, Blau, Braun<\/li>\n<li>Packliste: X30-Ger\u00e4t, USB-C-Datenkabel, Benutzerhandbuch, Garantiekarte, Geschenkbox<\/li>\n<li>Status: Sofort einsatzbereit nach dem Auspacken<\/li>\n<\/ul>\n<h2 data-v-md-heading=\"full-range-of-products\" data-v-md-line=\"27\">Vollst\u00e4ndiges Produktsortiment<\/h2>\n<ul data-v-md-line=\"28\">\n<li>Dieses Ger\u00e4t verwendet TEREA E-Liquid. Geschmack und Nikotinkonzentration h\u00e4ngen vom gew\u00e4hlten TEREA Tabakstab ab.<\/li>\n<\/ul>\n<h2 data-v-md-heading=\"for-you-and-for-your-business-as-well\" data-v-md-line=\"30\">For you, and for your business as well<\/h2>\n<p data-v-md-line=\"31\">M\u00f6chten Sie es f\u00fcr sich selbst kaufen? W\u00e4hlen Sie einfach die Farbe. X30 ist einfach zu bedienen, leicht zu pflegen und l\u00e4sst sich problemlos in Ihren Alltag integrieren.<\/p>\n<p data-v-md-line=\"33\">M\u00f6chten Sie sich f\u00fcr Ihr Gesch\u00e4ft eindecken? Wir bieten authentische <a class=\"wpil_keyword_link\" title=\"Pluscig\" href=\"https:\/\/agoravape.com\/de\/verdampfen-nach-marke\/pluscig\/\" data-wpil-keyword-link=\"linked\" data-wpil-monitor-id=\"43\">Pluscig X30<\/a> Zigarettensticks zu \u00e4u\u00dferst wettbewerbsf\u00e4higen Gro\u00dfhandelspreisen. Sammelbestellungen werden \u00fcber Partner wie UPS, DPD und DHL in DDP-Lieferungen innerhalb Europas versandt, wodurch unerwartete Zwischenf\u00e4lle beim Zoll vermieden werden und eine zuverl\u00e4ssige Sendungsverfolgung von Anfang bis Ende gew\u00e4hrleistet ist. M\u00f6chten Sie eine bestimmte Anzahl an Kartons oder eine Bestellung mit verschiedenen Farben angeben? Bitte kontaktieren Sie uns, wir k\u00fcmmern uns darum.<\/p>\n<h2 data-v-md-heading=\"why-do-you-like-it\" data-v-md-line=\"35\">Why do you like it<\/h2>\n<ul data-v-md-line=\"36\">\n<li>Akku mit hoher Kapazit\u00e4t, sorgenfrei und m\u00fchelos: Bis zu 45-50 Zigaretten k\u00f6nnen pro Ladung geraucht werden, sodass ein h\u00e4ufiges Aufladen im Laufe des Tages nicht erforderlich ist.<\/li>\n<li>Kontinuierliche Heizung f\u00fcr bessere Kontrolle: Einstellbare Temperatur f\u00fcr ein optimales Benutzererlebnis \u2013 jedes Mal.<\/li>\n<li>Typ-C-Schnittstelle, bequemes Laden: Sie k\u00f6nnen Ihr Ger\u00e4t mit dem Kabel aufladen, das Sie mit sich f\u00fchren.<\/li>\n<li>Ein saubereres E-Liquid-Fach f\u00fcr besseren Geschmack: Die automatische Reinigungsfunktion hilft, E-Liquid-R\u00fcckst\u00e4nde nach jeder Benutzung zu reduzieren.<\/li>\n<li>Langlebig und robust, angenehm anzufassen: PEEK-Material kombiniert mit Lederverzierungen, robust und langlebig, stilvolles Aussehen.<\/li>\n<li>Speziell f\u00fcr TEREA entwickelt: Entwickelt, um die Verwendung von TEREA-Tabaksticks zu erg\u00e4nzen und ein vertrautes Benutzererlebnis zu bieten.<\/li>\n<\/ul>\n<h2 data-v-md-heading=\"why-collaborate-with-agoravape\" data-v-md-line=\"43\">Warum mit AgoraVape zusammenarbeiten?<\/h2>\n<p data-v-md-line=\"44\">Wir verkaufen ausschlie\u00dflich 100%-Originalprodukte und haben daran keinen Zweifel. Das bedeutet: Original-Pluscig-Best\u00e4nde, klare Garantiebedingungen und reaktionsschneller Kundendienst. Unsere B2B-Kunden profitieren von Sonderpreisen, schnellen DDP-Lieferdiensten innerhalb Europas und flexiblen Lieferdiensten von vertrauensw\u00fcrdigen Transportunternehmen wie UPS, DPD und DHL. Wenn Sie ein nicht brennbares Heizger\u00e4t suchen, das Ihre Kunden Tag f\u00fcr Tag nutzen werden, <a class=\"wpil_keyword_link\" title=\"Pluscig\" href=\"https:\/\/agoravape.com\/de\/marke\/pluscig\/\" data-wpil-keyword-link=\"linked\" data-wpil-monitor-id=\"64\">Pluscig X30<\/a> ist Ihre ideale Wahl.<\/p>\n<p data-v-md-line=\"46\">Vorsichtsma\u00dfnahmen und Wartungstechniken:<\/p>\n<ul data-v-md-line=\"47\">\n<li>F\u00fcr eine optimale Leistung lassen Sie das Ger\u00e4t bitte ausreichend Zeit, den automatischen Reinigungszyklus abzuschlie\u00dfen. Reinigen Sie bei Bedarf das E-Liquid-Fach vorsichtig manuell mit einem trockenen Wattest\u00e4bchen, um es sauber zu halten.<\/li>\n<li>TEREA Tabaksticks erm\u00f6glichen die Anpassung von Geschmack und Nikotinkonzentration. W\u00e4hlen Sie einen Tabakstick, der Ihren Geschmacks- und Konzentrationsvorlieben entspricht.<\/li>\n<li>Der Preis variiert je nach Kapazit\u00e4t. Bitte kontaktieren Sie uns, um sich \u00fcber aktuelle Einzel- und Gro\u00dfhandelsrabatte zu informieren.<\/li>\n<\/ul>","protected":false},"excerpt":{"rendered":"<p>Pluscig X30 Heizung nicht brennbaren Ger\u00e4t, geeignet f\u00fcr TEREA Zigarren, was sind die Vorteile? Wenn Sie einfach genie\u00dfen wollen<\/p>","protected":false},"featured_media":18069,"comment_status":"open","ping_status":"closed","template":"","meta":[],"product_brand":[239],"product_cat":[124,165,166,191,178,173,190],"product_tag":[],"class_list":{"0":"post-18050","1":"product","2":"type-product","3":"status-publish","4":"has-post-thumbnail","6":"product_brand-pluscig","7":"product_cat-vape-by-brand","8":"product_cat-lavie","9":"product_cat-pluscig","10":"product_cat-rechargeable-disposables","11":"product_cat-tobacco","12":"product_cat-vape-by-flavor-profile","13":"product_cat-vape-by-feature-or-type","15":"first","16":"instock","17":"shipping-taxable","18":"purchasable","19":"product-type-variable","20":"has-default-attributes"},"tiered_pricing_type":"percentage","tiered_pricing_fixed_rules":[],"tiered_pricing_product_settings":{"layout":"default","base_unit_name":{"singular":null,"plural":null},"default_variation":null},"tiered_pricing_minimum_quantity":20,"tiered_pricing_roles_data":[],"tiered_pricing_percentage_rules":{"50":"35","100":"40","200":"44","500":"47","1000":"49"},"tiered_pricing_maximum_quantity":null,"tiered_pricing_quantity_step":"10","_links":{"self":[{"href":"https:\/\/agoravape.com\/de\/wp-json\/wp\/v2\/product\/18050","targetHints":{"allow":["GET"]}}],"collection":[{"href":"https:\/\/agoravape.com\/de\/wp-json\/wp\/v2\/product"}],"about":[{"href":"https:\/\/agoravape.com\/de\/wp-json\/wp\/v2\/types\/product"}],"replies":[{"embeddable":true,"href":"https:\/\/agoravape.com\/de\/wp-json\/wp\/v2\/comments?post=18050"}],"version-history":[{"count":0,"href":"https:\/\/agoravape.com\/de\/wp-json\/wp\/v2\/product\/18050\/revisions"}],"wp:featuredmedia":[{"embeddable":true,"href":"https:\/\/agoravape.com\/de\/wp-json\/wp\/v2\/media\/18069"}],"wp:attachment":[{"href":"https:\/\/agoravape.com\/de\/wp-json\/wp\/v2\/media?parent=18050"}],"wp:term":[{"taxonomy":"product_brand","embeddable":true,"href":"https:\/\/agoravape.com\/de\/wp-json\/wp\/v2\/product_brand?post=18050"},{"taxonomy":"product_cat","embeddable":true,"href":"https:\/\/agoravape.com\/de\/wp-json\/wp\/v2\/product_cat?post=18050"},{"taxonomy":"product_tag","embeddable":true,"href":"https:\/\/agoravape.com\/de\/wp-json\/wp\/v2\/product_tag?post=18050"}],"curies":[{"name":"wp","href":"https:\/\/api.w.org\/{rel}","templated":true}]}}