{"id":18093,"date":"2025-10-20T13:13:45","date_gmt":"2025-10-20T05:13:45","guid":{"rendered":"https:\/\/green-grasshopper-921422.hostingersite.com\/?post_type=product&#038;p=18093"},"modified":"2026-01-12T13:57:57","modified_gmt":"2026-01-12T05:57:57","slug":"pluscig-c10-hitze-nicht-brennen","status":"publish","type":"product","link":"https:\/\/agoravape.com\/de\/product\/pluscig-c10-heat-not-burn\/","title":{"rendered":"Pluscig C10 Heat-Not-Burn-System | Lange, gleichm\u00e4\u00dfige Sessions mit einstellbarer Hitze"},"content":{"rendered":"<h2 data-v-md-heading=\"pluscig-c10-heating-non-combustion-system-what-are-the-highlights-of-the-3500mah-battery\" data-v-md-line=\"3\"><img loading=\"lazy\" decoding=\"async\" class=\"aligncenter size-full wp-image-18099\" src=\"https:\/\/agoravape.com\/wp-content\/uploads\/2025\/10\/Pluscig-C10-Heat-Not-Burn-System-3500mAh-Battery_Agora_vape-1.webp\" alt=\"\" width=\"1500\" height=\"1500\" srcset=\"https:\/\/agoravape.com\/wp-content\/uploads\/2025\/10\/Pluscig-C10-Heat-Not-Burn-System-3500mAh-Battery_Agora_vape-1.webp 1500w, https:\/\/agoravape.com\/wp-content\/uploads\/2025\/10\/Pluscig-C10-Heat-Not-Burn-System-3500mAh-Battery_Agora_vape-1-600x600.webp 600w, https:\/\/agoravape.com\/wp-content\/uploads\/2025\/10\/Pluscig-C10-Heat-Not-Burn-System-3500mAh-Battery_Agora_vape-1-1200x1200.webp 1200w, https:\/\/agoravape.com\/wp-content\/uploads\/2025\/10\/Pluscig-C10-Heat-Not-Burn-System-3500mAh-Battery_Agora_vape-1-300x300.webp 300w, https:\/\/agoravape.com\/wp-content\/uploads\/2025\/10\/Pluscig-C10-Heat-Not-Burn-System-3500mAh-Battery_Agora_vape-1-1024x1024.webp 1024w, https:\/\/agoravape.com\/wp-content\/uploads\/2025\/10\/Pluscig-C10-Heat-Not-Burn-System-3500mAh-Battery_Agora_vape-1-150x150.webp 150w, https:\/\/agoravape.com\/wp-content\/uploads\/2025\/10\/Pluscig-C10-Heat-Not-Burn-System-3500mAh-Battery_Agora_vape-1-768x768.webp 768w\" sizes=\"auto, (max-width: 1500px) 100vw, 1500px\" \/><\/h2>\n<h2 data-v-md-heading=\"pluscig-c10-heating-non-combustion-system-what-are-the-highlights-of-the-3500mah-battery\" data-v-md-line=\"3\">Pluscig C10 Heizsystem ohne Verbrennung | Was sind die Highlights des 3500-mAh-Akkus?<\/h2>\n<p data-v-md-line=\"4\">Sind Sie es leid, dass Ger\u00e4te schon nach wenigen Kabeln den Geist aufgeben? Dann ist die Pluscig C10 genau das Richtige f\u00fcr Sie. Ihr 3500-mAh-Akku ist auf Langlebigkeit ausgelegt und erm\u00f6glicht Ihnen einen problemlosen Tag ohne Aufladen.<\/p>\n<p data-v-md-line=\"6\">Dies ist ein kompaktes und tragbares Ger\u00e4t zum Erhitzen von nicht brennbarem Tabak, dessen Temperatur Sie nach Ihren W\u00fcnschen einstellen k\u00f6nnen. Wenn Sie mit dem Terea-Tabakstab unkompliziert und zuverl\u00e4ssig arbeiten m\u00f6chten, ist dieses Ger\u00e4t genau das Richtige f\u00fcr Sie.<\/p>\n<h2 data-v-md-heading=\"excellent-performance-easy-and-convenient\" data-v-md-line=\"8\">Excellent performance, easy and convenient<\/h2>\n<p data-v-md-line=\"9\">Mit dem C10 k\u00f6nnen Sie die Temperatur zwischen 200 und 350 \u00b0C einstellen und so die f\u00fcr Sie optimale Temperatur finden. Die Nutzungsdauer betr\u00e4gt konstant 240 Sekunden. Zus\u00e4tzlich verf\u00fcgt das Ger\u00e4t \u00fcber eine automatische Reinigungsfunktion und ist besonders wartungsarm. Der vollst\u00e4ndige Ladevorgang dauert ca. 120\u2013180 Minuten.<\/p>\n<h2 data-v-md-heading=\"specification-introduction\" data-v-md-line=\"11\">Specification Introduction<\/h2>\n<ul data-v-md-line=\"12\">\n<li>Maximale Nutzung pro Ladung: 45-50 Mal<\/li>\n<li>Akku: 3500 mAh<\/li>\n<li>Dauer jeder Nutzung: 240 Sekunden (Standard)<\/li>\n<li>Temperaturbereich: einstellbar von 200-350 \u00b0C<\/li>\n<li>Kompatibilit\u00e4t: Geeignet f\u00fcr Terea-Tabaksticks<\/li>\n<li>Ladezeit: ca. 120\u2013180 Minuten<\/li>\n<li>Material: PEEK (langlebiger Hochleistungskunststoff) und Aluminiumlegierung<\/li>\n<li>Gr\u00f6\u00dfe und Gewicht: 106,7 \u00d7 31,5 \u00d7 22 Millimeter, 97 Gramm<\/li>\n<li>Farben: Schwarz, Lila, Gold, Blau, Grau<\/li>\n<li>Funktionsprinzip: Ein kompatibler Tabakstab wird eingef\u00fchrt, um ein 240-sek\u00fcndiges Erlebnis zu starten.<\/li>\n<li>Status: Sofort nach dem Auspacken zur Verwendung mit dem Terea-Tabakstab bereit (Tabakstab separat erh\u00e4ltlich)<\/li>\n<\/ul>\n<h2 data-v-md-heading=\"for-you-for-your-business\" data-v-md-line=\"24\">F\u00fcr Sie, f\u00fcr Ihr Unternehmen<\/h2>\n<p data-v-md-line=\"25\">Sie k\u00f6nnen Pluscig C10 f\u00fcr den pers\u00f6nlichen Gebrauch w\u00e4hlen oder in Ihrem Gesch\u00e4ft lagern. Wir bieten Gro\u00dfhandelsverpackungen an, die Ihnen die Bestellung gr\u00f6\u00dferer Mengen erleichtern. Die Kartongr\u00f6\u00dfen variieren je nach Markt. Bitte kontaktieren Sie uns f\u00fcr die aktuellsten Informationen zu Verpackungsmenge und Preis.<\/p>\n<p data-v-md-line=\"27\">Wir versenden europaweit mit vertrauensw\u00fcrdigen Partnern wie UPS, DPD und DHL auf Basis von Delivered Duty Paid (DDP), sodass Sie sich keine Sorgen um die Zollabwicklung machen m\u00fcssen. Sobald Ihre Bestellung geliefert wurde, verfolgen Sie bitte die Zustellung und pr\u00fcfen Sie die Verpackung auf Unversehrtheit, um einen reibungslosen Lagerumschlag und Ihre Zufriedenheit zu gew\u00e4hrleisten.<\/p>\n<h2 data-v-md-heading=\"why-do-you-like-it\" data-v-md-line=\"29\">Why do you like it<\/h2>\n<ul data-v-md-line=\"30\">\n<li>Akku mit hoher Kapazit\u00e4t: Erm\u00f6glicht h\u00e4ufigere Nutzung zwischen zwei Ladevorg\u00e4ngen und verk\u00fcrzt so die Ladezeit.<\/li>\n<li>Einstellbare Temperatur: Passen Sie die Temperatur an Ihre Tabaksorte und Ihren Geschmack an.<\/li>\n<li>Automatische Reinigung: einfachere Wartung und stabilere Leistung.<\/li>\n<li>Kompatibel mit Terea: Finden Sie Tabaksticks ganz einfach und stellen Sie sicher, dass Ihnen nie der Vorrat ausgeht.<\/li>\n<li>Kompakte Bauweise: kompakt und leicht, daher wirklich bequem zu transportieren.<\/li>\n<li>Langlebige und robuste Materialien: Hergestellt aus hochwertigem Kunststoff und Aluminium, speziell f\u00fcr den t\u00e4glichen Gebrauch konzipiert.<\/li>\n<\/ul>\n<h2 data-v-md-heading=\"why-choose-agoravape\" data-v-md-line=\"37\">Why choose AgoraVape?<\/h2>\n<p data-v-md-line=\"38\">Wir verkaufen ausschlie\u00dflich Originalprodukte und \u00fcbernehmen die volle Verantwortung f\u00fcr die versendeten Artikel. Das bedeutet, dass wir f\u00fcr das Pluscig C10 Heizsystem ohne Verbrennung faire Gro\u00dfhandelspreise, schnellen technischen Support und eine z\u00fcgige Lieferung (DDP) in ganz Europa anbieten. Dank unseres sicheren Zahlungsportals und der Einhaltung aller geltenden EU-Vorschriften k\u00f6nnen Sie unbesorgt einkaufen. Wenn Sie ein Ger\u00e4t erwerben m\u00f6chten, das Ihre Kunden begeistert, kontaktieren Sie uns bitte.<\/p>","protected":false},"excerpt":{"rendered":"<p>&nbsp;<\/p>\n<p><script src=\"chrome-extension:\/\/fpelahbljekknahkcaegamhcndkfpfnc\/iFrame.js\" type=\"text\/javascript\"><\/script><\/p>\n<p><script src=\"chrome-extension:\/\/fpelahbljekknahkcaegamhcndkfpfnc\/iFrame.js\" type=\"text\/javascript\"><\/script><\/p>\n<p><script src=\"chrome-extension:\/\/fpelahbljekknahkcaegamhcndkfpfnc\/iFrame.js\" type=\"text\/javascript\"><\/script><\/p>\n<p><script src=\"chrome-extension:\/\/fpelahbljekknahkcaegamhcndkfpfnc\/iFrame.js\" type=\"text\/javascript\"><\/script><\/p>\n<p><script src=\"chrome-extension:\/\/fpelahbljekknahkcaegamhcndkfpfnc\/iFrame.js\" type=\"text\/javascript\"><\/script><\/p>\n<p><script src=\"chrome-extension:\/\/fpelahbljekknahkcaegamhcndkfpfnc\/iFrame.js\" type=\"text\/javascript\"><\/script><\/p>\n<p><script src=\"chrome-extension:\/\/fpelahbljekknahkcaegamhcndkfpfnc\/iFrame.js\" type=\"text\/javascript\"><\/script><\/p>\n<p><script src=\"chrome-extension:\/\/fpelahbljekknahkcaegamhcndkfpfnc\/iFrame.js\" type=\"text\/javascript\"><\/script><\/p>\n<p><script src=\"chrome-extension:\/\/fpelahbljekknahkcaegamhcndkfpfnc\/iFrame.js\" type=\"text\/javascript\"><\/script><\/p>\n<p><script src=\"chrome-extension:\/\/fpelahbljekknahkcaegamhcndkfpfnc\/iFrame.js\" type=\"text\/javascript\"><\/script><\/p>\n<p><script src=\"chrome-extension:\/\/fpelahbljekknahkcaegamhcndkfpfnc\/iFrame.js\" type=\"text\/javascript\"><\/script><\/p>\n<p><script src=\"chrome-extension:\/\/fpelahbljekknahkcaegamhcndkfpfnc\/iFrame.js\" type=\"text\/javascript\"><\/script><\/p>\n<p><script src=\"chrome-extension:\/\/fpelahbljekknahkcaegamhcndkfpfnc\/iFrame.js\" type=\"text\/javascript\"><\/script><\/p>\n<p><script src=\"chrome-extension:\/\/fpelahbljekknahkcaegamhcndkfpfnc\/iFrame.js\" type=\"text\/javascript\"><\/script><\/p>\n<p><script src=\"chrome-extension:\/\/fpelahbljekknahkcaegamhcndkfpfnc\/iFrame.js\" type=\"text\/javascript\"><\/script><\/p>\n<p><script src=\"chrome-extension:\/\/fpelahbljekknahkcaegamhcndkfpfnc\/iFrame.js\" type=\"text\/javascript\"><\/script><\/p>\n<p><script src=\"chrome-extension:\/\/fpelahbljekknahkcaegamhcndkfpfnc\/iFrame.js\" type=\"text\/javascript\"><\/script><\/p>\n<p><script src=\"chrome-extension:\/\/fpelahbljekknahkcaegamhcndkfpfnc\/iFrame.js\" type=\"text\/javascript\"><\/script><\/p>","protected":false},"featured_media":18103,"comment_status":"open","ping_status":"closed","template":"","meta":[],"product_brand":[239],"product_cat":[124,165,166,191,178,173,190],"product_tag":[],"class_list":{"0":"post-18093","1":"product","2":"type-product","3":"status-publish","4":"has-post-thumbnail","6":"product_brand-pluscig","7":"product_cat-vape-by-brand","8":"product_cat-lavie","9":"product_cat-pluscig","10":"product_cat-rechargeable-disposables","11":"product_cat-tobacco","12":"product_cat-vape-by-flavor-profile","13":"product_cat-vape-by-feature-or-type","15":"first","16":"instock","17":"shipping-taxable","18":"purchasable","19":"product-type-variable","20":"has-default-attributes"},"tiered_pricing_type":"percentage","tiered_pricing_fixed_rules":[],"tiered_pricing_product_settings":{"layout":"default","base_unit_name":{"singular":null,"plural":null},"default_variation":null},"tiered_pricing_minimum_quantity":20,"tiered_pricing_roles_data":[],"tiered_pricing_percentage_rules":{"50":"35","100":"40","200":"44","500":"47","1000":"49"},"tiered_pricing_maximum_quantity":null,"tiered_pricing_quantity_step":"10","_links":{"self":[{"href":"https:\/\/agoravape.com\/de\/wp-json\/wp\/v2\/product\/18093","targetHints":{"allow":["GET"]}}],"collection":[{"href":"https:\/\/agoravape.com\/de\/wp-json\/wp\/v2\/product"}],"about":[{"href":"https:\/\/agoravape.com\/de\/wp-json\/wp\/v2\/types\/product"}],"replies":[{"embeddable":true,"href":"https:\/\/agoravape.com\/de\/wp-json\/wp\/v2\/comments?post=18093"}],"version-history":[{"count":0,"href":"https:\/\/agoravape.com\/de\/wp-json\/wp\/v2\/product\/18093\/revisions"}],"wp:featuredmedia":[{"embeddable":true,"href":"https:\/\/agoravape.com\/de\/wp-json\/wp\/v2\/media\/18103"}],"wp:attachment":[{"href":"https:\/\/agoravape.com\/de\/wp-json\/wp\/v2\/media?parent=18093"}],"wp:term":[{"taxonomy":"product_brand","embeddable":true,"href":"https:\/\/agoravape.com\/de\/wp-json\/wp\/v2\/product_brand?post=18093"},{"taxonomy":"product_cat","embeddable":true,"href":"https:\/\/agoravape.com\/de\/wp-json\/wp\/v2\/product_cat?post=18093"},{"taxonomy":"product_tag","embeddable":true,"href":"https:\/\/agoravape.com\/de\/wp-json\/wp\/v2\/product_tag?post=18093"}],"curies":[{"name":"wp","href":"https:\/\/api.w.org\/{rel}","templated":true}]}}