{"id":18156,"date":"2025-10-20T13:42:41","date_gmt":"2025-10-20T05:42:41","guid":{"rendered":"https:\/\/green-grasshopper-921422.hostingersite.com\/?post_type=product&#038;p=18156"},"modified":"2026-03-31T04:20:33","modified_gmt":"2026-03-31T02:20:33","slug":"pluscig-p7-hnb-tabak-heizung","status":"publish","type":"product","link":"https:\/\/agoravape.com\/de\/product\/pluscig-p7-hnb-tobacco-heating\/","title":{"rendered":"Pluscig P7 HNB Tabakerhitzungssystem | Langanhaltende Leistung mit einstellbarer Heizleistung"},"content":{"rendered":"<h2 data-v-md-heading=\"pluscig-p7-non-combustible-tobacco-heating-system-3350mah-battery-what-are-the-highlights\" data-v-md-line=\"3\"><img loading=\"lazy\" decoding=\"async\" class=\"size-full wp-image-18166 alignright\" src=\"https:\/\/agoravape.com\/wp-content\/uploads\/2025\/10\/Pluscig-P7-HNB-Tobacco-Heating-System-3350mAh_Agora_vape-8.webp\" alt=\"\" width=\"800\" height=\"799\" srcset=\"https:\/\/agoravape.com\/wp-content\/uploads\/2025\/10\/Pluscig-P7-HNB-Tobacco-Heating-System-3350mAh_Agora_vape-8.webp 800w, https:\/\/agoravape.com\/wp-content\/uploads\/2025\/10\/Pluscig-P7-HNB-Tobacco-Heating-System-3350mAh_Agora_vape-8-600x600.webp 600w, https:\/\/agoravape.com\/wp-content\/uploads\/2025\/10\/Pluscig-P7-HNB-Tobacco-Heating-System-3350mAh_Agora_vape-8-300x300.webp 300w, https:\/\/agoravape.com\/wp-content\/uploads\/2025\/10\/Pluscig-P7-HNB-Tobacco-Heating-System-3350mAh_Agora_vape-8-150x150.webp 150w, https:\/\/agoravape.com\/wp-content\/uploads\/2025\/10\/Pluscig-P7-HNB-Tobacco-Heating-System-3350mAh_Agora_vape-8-768x767.webp 768w\" sizes=\"auto, (max-width: 800px) 100vw, 800px\" \/><\/h2>\n<h2 data-v-md-heading=\"pluscig-p7-non-combustible-tobacco-heating-system-3350mah-battery-what-are-the-highlights\" data-v-md-line=\"3\">Pluscig P7 Tabakerhitzungssystem ohne Verbrennung | 3350-mAh-Akku, was sind die Highlights?<\/h2>\n<p data-v-md-line=\"4\">Wenn Sie es leid sind, mittags aufzuladen und unn\u00f6tige Einstellungen vorzunehmen, ist die Pluscig P7 die ideale Wahl. Dieses Ger\u00e4t erhitzt Zigaretten gleichm\u00e4\u00dfig und ohne Verbrennung und erm\u00f6glicht Ihnen so ein angenehmes und stabiles Raucherlebnis.<\/p>\n<p data-v-md-line=\"6\">Ausgestattet mit einem 3350-mAh-Akku, der f\u00fcr 40\u201350 Zigaretten pro Ladung reicht, bietet die P7 die M\u00f6glichkeit, Heizleistung und Nutzungsdauer individuell anzupassen. Ein Ger\u00e4t mit solch einem leistungsstarken Akku mag auf den ersten Blick klobig wirken, doch die P7 ist kompakt und leicht und passt problemlos in jede Jackentasche. Sie besteht aus robustem PEEK+ABS-Material und ist in drei Farben erh\u00e4ltlich: Schwarz, Wei\u00df und Rot.<\/p>\n<h2 data-v-md-heading=\"excellent-performance-easy-and-convenient\" data-v-md-line=\"8\">Excellent performance, easy and convenient<\/h2>\n<p data-v-md-line=\"9\">Der P7 ben\u00f6tigt keine Z\u00fcndspule, sondern erhitzt Ihren Tabak schonend durch pr\u00e4zise Temperaturregelung. Sie k\u00f6nnen eine Temperatur zwischen 250 und 350 \u00b0C w\u00e4hlen, die Vorheizzeit (5\u201320 Sekunden) einstellen und anschlie\u00dfend bis zu 180\u2013300 Sekunden lang dampfen. Die automatische Reinigungsfunktion verhindert effektiv R\u00fcckst\u00e4nde und sorgt f\u00fcr gleichbleibenden Geschmack jedes E-Liquids. Zum Aufladen schlie\u00dfen Sie den Verdampfer einfach an eine Stromquelle an; der vollst\u00e4ndige Ladevorgang dauert ca. 2\u20133 Stunden. Einfache Bedienung.<\/p>\n<h2 data-v-md-heading=\"specification-overview\" data-v-md-line=\"11\">Specification Overview<\/h2>\n<ul data-v-md-line=\"12\">\n<li>Anzahl der Z\u00fcge: variiert je nach E-Liquid; Jede Ladung reicht f\u00fcr 40-50 E-Liquids.<\/li>\n<li>Nikotingehalt: h\u00e4ngt von der gew\u00e4hlten kompatiblen E-Fl\u00fcssigkeit ab.<\/li>\n<li>Funktionsprinzip: Nach dem Dr\u00fccken der Vorheiztaste einatmen.<\/li>\n<li>Aufladen: USB-Aufladung; die vollst\u00e4ndige Aufladung dauert etwa 2-3 Stunden.<\/li>\n<li>Status: Sofort einsatzbereit<\/li>\n<\/ul>\n<h2 data-v-md-heading=\"for-you-for-your-business\" data-v-md-line=\"18\">F\u00fcr Sie, f\u00fcr Ihr Unternehmen<\/h2>\n<p data-v-md-line=\"19\">Sie k\u00f6nnen kaufen <a class=\"wpil_keyword_link\" href=\"https:\/\/agoravape.com\/de\/produkt\/pluscig-c10-hitze-nicht-brennen\/\" target=\"_blank\" rel=\"noopener\" title=\"Pluscig C10 Heat-Not-Burn-System | Lange, gleichm\u00e4\u00dfige Sessions mit einstellbarer Hitze\" data-wpil-keyword-link=\"linked\" data-wpil-monitor-id=\"7154\">Pluscig<\/a> P7 f\u00fcr den pers\u00f6nlichen Gebrauch oder zum Verkauf in Ihrem Gesch\u00e4ft. Wir bieten Gro\u00dfhandelslieferungen mit flexiblen Mengen und k\u00f6nnen uns ganz nach Ihren Regalbed\u00fcrfnissen richten. Wir nutzen die DDP-Transportmethode und arbeiten mit vertrauensw\u00fcrdigen Partnern wie UPS, DPD und DHL zusammen, um sicherzustellen, dass es zu keinen Zwischenf\u00e4llen beim Zoll kommt.<\/p>\n<p data-v-md-line=\"21\">Wenn Sie ein zuverl\u00e4ssiges, nicht brennbares Heizger\u00e4t ben\u00f6tigen, das Ihre Kunden nicht nach einer Woche zur\u00fcckgeben, ist P7 die ideale Wahl. Es ist einfach aufzubauen, leicht zu reinigen und langlebig.<\/p>\n<p data-v-md-line=\"21\"><img loading=\"lazy\" decoding=\"async\" class=\"size-full wp-image-18165 alignright\" src=\"https:\/\/agoravape.com\/wp-content\/uploads\/2025\/10\/Pluscig-P7-HNB-Tobacco-Heating-System-3350mAh_Agora_vape-7.webp\" alt=\"\" width=\"785\" height=\"785\" srcset=\"https:\/\/agoravape.com\/wp-content\/uploads\/2025\/10\/Pluscig-P7-HNB-Tobacco-Heating-System-3350mAh_Agora_vape-7.webp 785w, https:\/\/agoravape.com\/wp-content\/uploads\/2025\/10\/Pluscig-P7-HNB-Tobacco-Heating-System-3350mAh_Agora_vape-7-600x600.webp 600w, https:\/\/agoravape.com\/wp-content\/uploads\/2025\/10\/Pluscig-P7-HNB-Tobacco-Heating-System-3350mAh_Agora_vape-7-300x300.webp 300w, https:\/\/agoravape.com\/wp-content\/uploads\/2025\/10\/Pluscig-P7-HNB-Tobacco-Heating-System-3350mAh_Agora_vape-7-150x150.webp 150w, https:\/\/agoravape.com\/wp-content\/uploads\/2025\/10\/Pluscig-P7-HNB-Tobacco-Heating-System-3350mAh_Agora_vape-7-768x768.webp 768w\" sizes=\"auto, (max-width: 785px) 100vw, 785px\" \/><\/p>\n<h2 data-v-md-heading=\"why-do-you-like-it\" data-v-md-line=\"23\">Why do you like it<\/h2>\n<ul data-v-md-line=\"24\">\n<li>Extrem lange Akkulaufzeit: Der 3350-mAh-Akku erm\u00f6glicht 40\u201350 Anwendungen pro Ladung, sodass Sie seltener laden und mehr genie\u00dfen k\u00f6nnen.<\/li>\n<li>Einstellbare Temperatur: 250-350 \u00b0C, passend zu Ihren Lieblingszigaretten und -aromen.<\/li>\n<li>Ein saubereres Benutzererlebnis: Die automatische Reinigungsfunktion tr\u00e4gt zur Aufrechterhaltung einer stabilen Leistung ohne zus\u00e4tzlichen Betrieb bei.<\/li>\n<li>Tragbares Design: Mit Abmessungen von 110 \u00d7 23 \u00d7 33 Millimetern und einem Gewicht von nur 85,2 Gramm ist es leicht zu transportieren.<\/li>\n<\/ul>\n<h2 data-v-md-heading=\"why-choose-to-collaborate-with-agoravape\" data-v-md-line=\"29\">Warum sollten Sie sich f\u00fcr eine Zusammenarbeit mit AgoraVape entscheiden?<\/h2>\n<p data-v-md-line=\"30\">Wir verkaufen ausschlie\u00dflich 100% Originalprodukte und garantieren die Qualit\u00e4t der von uns versendeten Produkte. F\u00fcr Gesch\u00e4ftskunden bedeutet dies, dass das Pluscig P7 HNB Tabakerhitzungssystem wettbewerbsf\u00e4hige Gro\u00dfhandelspreise, kompetenten technischen Support und schnelle DDP-Lieferungen in ganz Europa bietet. Kontaktieren Sie uns, um zu erfahren, wie Sie ein wirklich vertrauensw\u00fcrdiges Ger\u00e4t f\u00fcr Ihre Kunden entwickeln k\u00f6nnen.<\/p>","protected":false},"excerpt":{"rendered":"<p>Pluscig P7 non combustible tobacco heating system | 3350mAh battery, what are the highlights? If you\u2019re tired of charging at<\/p>","protected":false},"featured_media":18164,"comment_status":"open","ping_status":"closed","template":"","meta":[],"product_brand":[239],"product_cat":[124,165,166,191,178,173,190],"product_tag":[],"class_list":{"0":"post-18156","1":"product","2":"type-product","3":"status-publish","4":"has-post-thumbnail","6":"product_brand-pluscig","7":"product_cat-vape-by-brand","8":"product_cat-lavie","9":"product_cat-pluscig","10":"product_cat-rechargeable-disposables","11":"product_cat-tobacco","12":"product_cat-vape-by-flavor-profile","13":"product_cat-vape-by-feature-or-type","15":"first","16":"instock","17":"shipping-taxable","18":"purchasable","19":"product-type-variable","20":"has-default-attributes"},"tiered_pricing_type":"percentage","tiered_pricing_fixed_rules":[],"tiered_pricing_product_settings":{"layout":"default","base_unit_name":{"singular":null,"plural":null},"default_variation":null},"tiered_pricing_minimum_quantity":50,"tiered_pricing_roles_data":[],"tiered_pricing_percentage_rules":{"100":"40","200":"44","500":"47","1000":"49"},"tiered_pricing_maximum_quantity":null,"tiered_pricing_quantity_step":"10","_links":{"self":[{"href":"https:\/\/agoravape.com\/de\/wp-json\/wp\/v2\/product\/18156","targetHints":{"allow":["GET"]}}],"collection":[{"href":"https:\/\/agoravape.com\/de\/wp-json\/wp\/v2\/product"}],"about":[{"href":"https:\/\/agoravape.com\/de\/wp-json\/wp\/v2\/types\/product"}],"replies":[{"embeddable":true,"href":"https:\/\/agoravape.com\/de\/wp-json\/wp\/v2\/comments?post=18156"}],"version-history":[{"count":1,"href":"https:\/\/agoravape.com\/de\/wp-json\/wp\/v2\/product\/18156\/revisions"}],"predecessor-version":[{"id":29806,"href":"https:\/\/agoravape.com\/de\/wp-json\/wp\/v2\/product\/18156\/revisions\/29806"}],"wp:featuredmedia":[{"embeddable":true,"href":"https:\/\/agoravape.com\/de\/wp-json\/wp\/v2\/media\/18164"}],"wp:attachment":[{"href":"https:\/\/agoravape.com\/de\/wp-json\/wp\/v2\/media?parent=18156"}],"wp:term":[{"taxonomy":"product_brand","embeddable":true,"href":"https:\/\/agoravape.com\/de\/wp-json\/wp\/v2\/product_brand?post=18156"},{"taxonomy":"product_cat","embeddable":true,"href":"https:\/\/agoravape.com\/de\/wp-json\/wp\/v2\/product_cat?post=18156"},{"taxonomy":"product_tag","embeddable":true,"href":"https:\/\/agoravape.com\/de\/wp-json\/wp\/v2\/product_tag?post=18156"}],"curies":[{"name":"wp","href":"https:\/\/api.w.org\/{rel}","templated":true}]}}