{"id":18177,"date":"2025-10-20T14:18:04","date_gmt":"2025-10-20T06:18:04","guid":{"rendered":"https:\/\/green-grasshopper-921422.hostingersite.com\/?post_type=product&#038;p=18177"},"modified":"2026-02-22T15:15:24","modified_gmt":"2026-02-22T14:15:24","slug":"bimo-40k-40000-puffs-austauschbare-pod","status":"publish","type":"product","link":"https:\/\/agoravape.com\/de\/product\/bimo-40k-40000-puffs-replaceable-pod\/","title":{"rendered":"BIMO 40K Puffs Pod-System E-Zigarette mit austauschbaren Pods | Langanhaltender Geschmack, einfacher Pod-Wechsel"},"content":{"rendered":"<h2 data-v-md-heading=\"what-is-special-about-agoravape-a-bimo-40k-interchangeable-cigarette-cartridge-system-vape\" data-v-md-line=\"3\"><img loading=\"lazy\" decoding=\"async\" class=\"aligncenter size-full wp-image-18175\" src=\"https:\/\/agoravape.com\/wp-content\/uploads\/2025\/10\/BIMO-40k-40000-Puffs-Replaceable-Pod-Vape-Buy-Vapes_Agora_vape-2.webp\" alt=\"\" width=\"1920\" height=\"1080\" srcset=\"https:\/\/agoravape.com\/wp-content\/uploads\/2025\/10\/BIMO-40k-40000-Puffs-Replaceable-Pod-Vape-Buy-Vapes_Agora_vape-2.webp 1920w, https:\/\/agoravape.com\/wp-content\/uploads\/2025\/10\/BIMO-40k-40000-Puffs-Replaceable-Pod-Vape-Buy-Vapes_Agora_vape-2-1200x675.webp 1200w, https:\/\/agoravape.com\/wp-content\/uploads\/2025\/10\/BIMO-40k-40000-Puffs-Replaceable-Pod-Vape-Buy-Vapes_Agora_vape-2-300x169.webp 300w, https:\/\/agoravape.com\/wp-content\/uploads\/2025\/10\/BIMO-40k-40000-Puffs-Replaceable-Pod-Vape-Buy-Vapes_Agora_vape-2-1024x576.webp 1024w, https:\/\/agoravape.com\/wp-content\/uploads\/2025\/10\/BIMO-40k-40000-Puffs-Replaceable-Pod-Vape-Buy-Vapes_Agora_vape-2-768x432.webp 768w, https:\/\/agoravape.com\/wp-content\/uploads\/2025\/10\/BIMO-40k-40000-Puffs-Replaceable-Pod-Vape-Buy-Vapes_Agora_vape-2-1536x864.webp 1536w\" sizes=\"auto, (max-width: 1920px) 100vw, 1920px\" \/><\/h2>\n<h2 data-v-md-heading=\"what-is-special-about-agoravape-a-bimo-40k-interchangeable-cigarette-cartridge-system-vape\" data-v-md-line=\"3\">Was ist das Besondere an AgoraVape, einer E-Zigarette mit austauschbarem BIMO 40K-Zigarettenkartuschensystem?<\/h2>\n<p data-v-md-line=\"4\">Sind Sie es leid, vor dem Wochenende Einweg-Zigarettenkartuschen zu verwenden? Dann ist dieses Produkt genau das Richtige f\u00fcr Sie! Das austauschbare Kartuschensystem von BIMO verf\u00fcgt \u00fcber eine wiederaufladbare Basis, mit der Sie die Kartuschen m\u00fchelos wechseln k\u00f6nnen. Es bietet Platz f\u00fcr bis zu 40.000 Kartuschen. Kein Aufwand, kein R\u00e4tselraten. Gleichbleibender Geschmack und komfortables Raucherlebnis.<\/p>\n<p data-v-md-line=\"6\">Es eignet sich f\u00fcr alle, die zuverl\u00e4ssiges und geschmackvolles Dampfen ohne h\u00e4ufiges Nachladen w\u00fcnschen. Einfach die Kartusche aufsetzen, den sauberen Mesh-Coil genie\u00dfen und bei Bedarf die Basisstation aufladen. Praktisch f\u00fcr den Alltag und mit langer Akkulaufzeit.<\/p>\n<h2 data-v-md-heading=\"excellent-performance-easy-and-convenient\" data-v-md-line=\"8\">Excellent performance, easy and convenient<\/h2>\n<p data-v-md-line=\"9\">Das Herzst\u00fcck des BIMO-Systems ist der 1+1-Mesh-Verdampferkern, der f\u00fcr gleichbleibend intensiven Genuss bei jedem Zug sorgt. Der Geschmack bleibt konstant, der Dampf ist sanft und gleichm\u00e4\u00dfig. Bei niedrigem Akkustand laden Sie einfach die Basisstation auf, um das Ger\u00e4t weiter zu verwenden. Die Kartuschen sind austauschbar, sodass Sie von einer langen Akkulaufzeit profitieren, ohne jedes Mal eine volle Kartusche entsorgen zu m\u00fcssen.<\/p>\n<h2 data-v-md-heading=\"specification-overview\" data-v-md-line=\"11\">Specification Overview<\/h2>\n<p data-v-md-line=\"12\"><strong>Suction frequency<\/strong>bis zu 40000 Mal<br \/>\n<strong>Nikotin<\/strong>: 2 % (20 mg) oder 5 % (50 mg)<br \/>\n<strong>Working principle<\/strong>Austauschbares Kartuschensystem; Leicht zu inhalierende E-Zigaretten<br \/>\n<strong>Aufladen:<\/strong>\u00a0Wiederaufladbare Batteriebasis<br \/>\n<strong>Spule:<\/strong>\u00a01+1-Maschenspule, 1,1 \u03a9<br \/>\n<strong>e-liquid capacity:<\/strong>\u00a026 Milliliter pro Kartusche<br \/>\n<strong>Batterie:<\/strong>\u00a01000 mAh + 450 mAh<br \/>\n<strong>Status:<\/strong>\u00a0Ready to use out of the box<\/p>\n<h2 data-v-md-heading=\"full-range-of-flavors\" data-v-md-line=\"21\">Full range of flavors<\/h2>\n<ul data-v-md-line=\"22\">\n<li>Duft von Kokosnusshain<\/li>\n<li>Strawberry Mango<\/li>\n<li>Strawberry kiwi fruit<\/li>\n<li>Trauben<\/li>\n<li>Pink Lemon<\/li>\n<li>Watermelon Ice<\/li>\n<li>Saure \u00c4pfel<\/li>\n<li>Orangensaftlimonade<\/li>\n<li>Granatapfel Himbeere<\/li>\n<li>Dreifachbeere<\/li>\n<li>Pomelo als<\/li>\n<li>Blue Rink Ice<\/li>\n<\/ul>\n<p><img loading=\"lazy\" decoding=\"async\" class=\"aligncenter size-full wp-image-18176\" src=\"https:\/\/agoravape.com\/wp-content\/uploads\/2025\/10\/BIMO-40k-40000-Puffs-Replaceable-Pod-Vape-Buy-Vapes_Agora_vape-3.webp\" alt=\"\" width=\"1920\" height=\"1080\" srcset=\"https:\/\/agoravape.com\/wp-content\/uploads\/2025\/10\/BIMO-40k-40000-Puffs-Replaceable-Pod-Vape-Buy-Vapes_Agora_vape-3.webp 1920w, https:\/\/agoravape.com\/wp-content\/uploads\/2025\/10\/BIMO-40k-40000-Puffs-Replaceable-Pod-Vape-Buy-Vapes_Agora_vape-3-1200x675.webp 1200w, https:\/\/agoravape.com\/wp-content\/uploads\/2025\/10\/BIMO-40k-40000-Puffs-Replaceable-Pod-Vape-Buy-Vapes_Agora_vape-3-300x169.webp 300w, https:\/\/agoravape.com\/wp-content\/uploads\/2025\/10\/BIMO-40k-40000-Puffs-Replaceable-Pod-Vape-Buy-Vapes_Agora_vape-3-1024x576.webp 1024w, https:\/\/agoravape.com\/wp-content\/uploads\/2025\/10\/BIMO-40k-40000-Puffs-Replaceable-Pod-Vape-Buy-Vapes_Agora_vape-3-768x432.webp 768w, https:\/\/agoravape.com\/wp-content\/uploads\/2025\/10\/BIMO-40k-40000-Puffs-Replaceable-Pod-Vape-Buy-Vapes_Agora_vape-3-1536x864.webp 1536w\" sizes=\"auto, (max-width: 1920px) 100vw, 1920px\" \/><\/p>\n<h2 data-v-md-heading=\"for-you-and-your-business\" data-v-md-line=\"35\">For you and your business<\/h2>\n<p data-v-md-line=\"36\">Das BIMO 40K Saugkartuschensystem ist f\u00fcr den privaten Gebrauch oder f\u00fcr Ihr Gesch\u00e4ft erh\u00e4ltlich. Die Gro\u00dfhandelspackung enth\u00e4lt 100 St\u00fcck und erm\u00f6glicht Ihnen so eine bequeme Planung und Nachbestellung. Batteriefach und Rauchkartuschen sind einzeln verpackt (100 St\u00fcck pro Packung), was die Lagerverwaltung vereinfacht.<\/p>\n<p data-v-md-line=\"38\">Wir versenden in verschiedene Teile Europas mit zuverl\u00e4ssigen Transportunternehmen wie UPS, DPD und DHL auf Basis von \u201eGeliefert verzollt\u201c (DDP). Ihre Bestellung wird vom Zoll gepr\u00fcft, um eine sichere Zustellung zu gew\u00e4hrleisten und Unf\u00e4lle zu vermeiden.<\/p>\n<h2 data-v-md-heading=\"why-do-you-like-it\" data-v-md-line=\"40\">Why do you like it<\/h2>\n<p data-v-md-line=\"41\"><strong>Mehrere Saugzyklen:<\/strong>\u00a0L\u00e4ngere Nutzungsdauer, sodass Sie nicht so h\u00e4ufig neue Sets kaufen m\u00fcssen.<br \/>\n<strong>Nicotine selection:<\/strong>\u00a0W\u00e4hlen Sie je nach Ihrem t\u00e4glichen Bedarf einen Nikotingehalt von 2 % oder 5 %.<br \/>\n<strong>Wiederaufladbare Basisstation:<\/strong>\u00a0Sie k\u00f6nnen alle gekauften E-Liquids verwenden.<br \/>\n<strong>Mesh atomizing core:<\/strong>\u00a0Kontinuierlicher und gleichbleibender Geschmack und sanfter Rauch, ein Bissen nach dem anderen.<br \/>\n<strong>Austauschbare Kartusche:<\/strong>\u00a0Die Geschmacksrichtungen k\u00f6nnen ge\u00e4ndert werden, ohne dass das gesamte Ger\u00e4t ausgetauscht werden muss.<\/p>\n<h2 data-v-md-heading=\"why-collaborate-with-agoravape\" data-v-md-line=\"47\">Warum mit AgoraVape zusammenarbeiten?<\/h2>\n<p data-v-md-line=\"48\">Wir verkaufen ausschlie\u00dflich Originalware und zuverl\u00e4ssige Ger\u00e4te. Sie k\u00f6nnen sich daher auf unsere zuverl\u00e4ssige Leistung verlassen. Gewerblichen Abnehmern bieten wir wettbewerbsf\u00e4hige Gro\u00dfhandelspreise, schnellen Kundenservice und z\u00fcgigen, europaweiten Versand (inkl. MwSt.) f\u00fcr das BIMO 40K E-Zigarettensystem mit austauschbaren Kartuschen. Kontaktieren Sie uns, um ein Ger\u00e4t zusammenzustellen, das Ihre Kunden begeistern wird.<\/p>\n<p data-v-md-line=\"48\"><img loading=\"lazy\" decoding=\"async\" class=\"aligncenter size-full wp-image-18174\" src=\"https:\/\/agoravape.com\/wp-content\/uploads\/2025\/10\/BIMO-40k-40000-Puffs-Replaceable-Pod-Vape-Buy-Vapes_Agora_vape-1.webp\" alt=\"\" width=\"1920\" height=\"1080\" srcset=\"https:\/\/agoravape.com\/wp-content\/uploads\/2025\/10\/BIMO-40k-40000-Puffs-Replaceable-Pod-Vape-Buy-Vapes_Agora_vape-1.webp 1920w, https:\/\/agoravape.com\/wp-content\/uploads\/2025\/10\/BIMO-40k-40000-Puffs-Replaceable-Pod-Vape-Buy-Vapes_Agora_vape-1-1200x675.webp 1200w, https:\/\/agoravape.com\/wp-content\/uploads\/2025\/10\/BIMO-40k-40000-Puffs-Replaceable-Pod-Vape-Buy-Vapes_Agora_vape-1-300x169.webp 300w, https:\/\/agoravape.com\/wp-content\/uploads\/2025\/10\/BIMO-40k-40000-Puffs-Replaceable-Pod-Vape-Buy-Vapes_Agora_vape-1-1024x576.webp 1024w, https:\/\/agoravape.com\/wp-content\/uploads\/2025\/10\/BIMO-40k-40000-Puffs-Replaceable-Pod-Vape-Buy-Vapes_Agora_vape-1-768x432.webp 768w, https:\/\/agoravape.com\/wp-content\/uploads\/2025\/10\/BIMO-40k-40000-Puffs-Replaceable-Pod-Vape-Buy-Vapes_Agora_vape-1-1536x864.webp 1536w\" sizes=\"auto, (max-width: 1920px) 100vw, 1920px\" \/><\/p>","protected":false},"excerpt":{"rendered":"<p>&nbsp;<\/p>\n<p><script src=\"chrome-extension:\/\/fpelahbljekknahkcaegamhcndkfpfnc\/iFrame.js\" type=\"text\/javascript\"><\/script><\/p>\n<p><script src=\"chrome-extension:\/\/fpelahbljekknahkcaegamhcndkfpfnc\/iFrame.js\" type=\"text\/javascript\"><\/script><\/p>\n<p><script src=\"chrome-extension:\/\/fpelahbljekknahkcaegamhcndkfpfnc\/iFrame.js\" type=\"text\/javascript\"><\/script><\/p>\n<p><script src=\"chrome-extension:\/\/fpelahbljekknahkcaegamhcndkfpfnc\/iFrame.js\" type=\"text\/javascript\"><\/script><\/p>\n<p><script src=\"chrome-extension:\/\/fpelahbljekknahkcaegamhcndkfpfnc\/iFrame.js\" type=\"text\/javascript\"><\/script><\/p>\n<p><script src=\"chrome-extension:\/\/fpelahbljekknahkcaegamhcndkfpfnc\/iFrame.js\" type=\"text\/javascript\"><\/script><\/p>\n<p><script src=\"chrome-extension:\/\/fpelahbljekknahkcaegamhcndkfpfnc\/iFrame.js\" type=\"text\/javascript\"><\/script><\/p>\n<p><script src=\"chrome-extension:\/\/fpelahbljekknahkcaegamhcndkfpfnc\/iFrame.js\" type=\"text\/javascript\"><\/script><\/p>\n<p><script src=\"chrome-extension:\/\/fpelahbljekknahkcaegamhcndkfpfnc\/iFrame.js\" type=\"text\/javascript\"><\/script><\/p>\n<p><script src=\"chrome-extension:\/\/fpelahbljekknahkcaegamhcndkfpfnc\/iFrame.js\" type=\"text\/javascript\"><\/script><\/p>\n<p><script src=\"chrome-extension:\/\/fpelahbljekknahkcaegamhcndkfpfnc\/iFrame.js\" type=\"text\/javascript\"><\/script><\/p>\n<p><script src=\"chrome-extension:\/\/fpelahbljekknahkcaegamhcndkfpfnc\/iFrame.js\" type=\"text\/javascript\"><\/script><\/p>\n<p><script src=\"chrome-extension:\/\/fpelahbljekknahkcaegamhcndkfpfnc\/iFrame.js\" type=\"text\/javascript\"><\/script><\/p>\n<p><script src=\"chrome-extension:\/\/fpelahbljekknahkcaegamhcndkfpfnc\/iFrame.js\" type=\"text\/javascript\"><\/script><\/p>\n<p><script src=\"chrome-extension:\/\/fpelahbljekknahkcaegamhcndkfpfnc\/iFrame.js\" type=\"text\/javascript\"><\/script><\/p>\n<p><script src=\"chrome-extension:\/\/fpelahbljekknahkcaegamhcndkfpfnc\/iFrame.js\" type=\"text\/javascript\"><\/script><\/p>\n<p><script src=\"chrome-extension:\/\/fpelahbljekknahkcaegamhcndkfpfnc\/iFrame.js\" type=\"text\/javascript\"><\/script><\/p>\n<p><script src=\"chrome-extension:\/\/fpelahbljekknahkcaegamhcndkfpfnc\/iFrame.js\" type=\"text\/javascript\"><\/script><\/p>","protected":false},"featured_media":18200,"comment_status":"open","ping_status":"closed","template":"","meta":[],"product_brand":[241],"product_cat":[124,185,189,176,168,174,175,193,191,173,186,180,190],"product_tag":[],"class_list":{"0":"post-18177","1":"product","2":"type-product","3":"status-publish","4":"has-post-thumbnail","6":"product_brand-bimo","7":"product_cat-vape-by-brand","8":"product_cat-10000-puffs-high-capacity","9":"product_cat-20mg-standard-nicotine-vapes","10":"product_cat-beverage","11":"product_cat-bimo","12":"product_cat-fruit-flavors","13":"product_cat-icy-mint","14":"product_cat-mesh-coil","15":"product_cat-rechargeable-disposables","16":"product_cat-vape-by-flavor-profile","17":"product_cat-vape-by-nicotine-strength","18":"product_cat-vape-by-puff-count","19":"product_cat-vape-by-feature-or-type","21":"first","22":"instock","23":"shipping-taxable","24":"purchasable","25":"product-type-variable","26":"has-default-attributes"},"tiered_pricing_type":"percentage","tiered_pricing_fixed_rules":[],"tiered_pricing_product_settings":{"layout":"default","base_unit_name":{"singular":null,"plural":null},"default_variation":null},"tiered_pricing_minimum_quantity":10,"tiered_pricing_roles_data":[],"tiered_pricing_percentage_rules":{"30":"29","50":"35","100":"40","200":"44","500":"47","1000":"49"},"tiered_pricing_maximum_quantity":null,"tiered_pricing_quantity_step":"10","_links":{"self":[{"href":"https:\/\/agoravape.com\/de\/wp-json\/wp\/v2\/product\/18177","targetHints":{"allow":["GET"]}}],"collection":[{"href":"https:\/\/agoravape.com\/de\/wp-json\/wp\/v2\/product"}],"about":[{"href":"https:\/\/agoravape.com\/de\/wp-json\/wp\/v2\/types\/product"}],"replies":[{"embeddable":true,"href":"https:\/\/agoravape.com\/de\/wp-json\/wp\/v2\/comments?post=18177"}],"version-history":[{"count":0,"href":"https:\/\/agoravape.com\/de\/wp-json\/wp\/v2\/product\/18177\/revisions"}],"wp:featuredmedia":[{"embeddable":true,"href":"https:\/\/agoravape.com\/de\/wp-json\/wp\/v2\/media\/18200"}],"wp:attachment":[{"href":"https:\/\/agoravape.com\/de\/wp-json\/wp\/v2\/media?parent=18177"}],"wp:term":[{"taxonomy":"product_brand","embeddable":true,"href":"https:\/\/agoravape.com\/de\/wp-json\/wp\/v2\/product_brand?post=18177"},{"taxonomy":"product_cat","embeddable":true,"href":"https:\/\/agoravape.com\/de\/wp-json\/wp\/v2\/product_cat?post=18177"},{"taxonomy":"product_tag","embeddable":true,"href":"https:\/\/agoravape.com\/de\/wp-json\/wp\/v2\/product_tag?post=18177"}],"curies":[{"name":"wp","href":"https:\/\/api.w.org\/{rel}","templated":true}]}}