{"id":18205,"date":"2025-10-20T16:36:52","date_gmt":"2025-10-20T08:36:52","guid":{"rendered":"https:\/\/green-grasshopper-921422.hostingersite.com\/?post_type=product&#038;p=18205"},"modified":"2026-01-13T00:54:52","modified_gmt":"2026-01-12T16:54:52","slug":"bimo-turbo-20000-puffs-vape","status":"publish","type":"product","link":"https:\/\/agoravape.com\/de\/product\/bimo-turbo-20000-puffs-vape\/","title":{"rendered":"BIMO TURBO 20K Puffs Dual Mesh Coil Einweg-E-Zigarette | Gro\u00dfe Z\u00fcge, gleichbleibender Geschmack"},"content":{"rendered":"<h2 data-v-md-heading=\"what-are-the-special-features-of-bimo-turbo-20k-disposable-vape-with-dual-mesh-coil-suction\" data-v-md-line=\"3\"><img loading=\"lazy\" decoding=\"async\" class=\"size-full wp-image-18219 alignright\" src=\"https:\/\/agoravape.com\/wp-content\/uploads\/2025\/10\/BIMO-TURBO-20k-Puffs-Dual-Mesh-Coil-Disposable-Vape_Agora_vape-1.webp\" alt=\"\" width=\"1000\" height=\"1000\" srcset=\"https:\/\/agoravape.com\/wp-content\/uploads\/2025\/10\/BIMO-TURBO-20k-Puffs-Dual-Mesh-Coil-Disposable-Vape_Agora_vape-1.webp 1000w, https:\/\/agoravape.com\/wp-content\/uploads\/2025\/10\/BIMO-TURBO-20k-Puffs-Dual-Mesh-Coil-Disposable-Vape_Agora_vape-1-600x600.webp 600w, https:\/\/agoravape.com\/wp-content\/uploads\/2025\/10\/BIMO-TURBO-20k-Puffs-Dual-Mesh-Coil-Disposable-Vape_Agora_vape-1-300x300.webp 300w, https:\/\/agoravape.com\/wp-content\/uploads\/2025\/10\/BIMO-TURBO-20k-Puffs-Dual-Mesh-Coil-Disposable-Vape_Agora_vape-1-150x150.webp 150w, https:\/\/agoravape.com\/wp-content\/uploads\/2025\/10\/BIMO-TURBO-20k-Puffs-Dual-Mesh-Coil-Disposable-Vape_Agora_vape-1-768x768.webp 768w\" sizes=\"auto, (max-width: 1000px) 100vw, 1000px\" \/><\/h2>\n<h2 data-v-md-heading=\"what-are-the-special-features-of-bimo-turbo-20k-disposable-vape-with-dual-mesh-coil-suction\" data-v-md-line=\"3\">Was sind die besonderen Merkmale des BIMO TURBO 20K Einwegdampfers mit Dual Mesh Coil Absaugung?<\/h2>\n<p data-v-md-line=\"4\">Wenn Sie es leid sind, alle paar Tage Einweg-E-Zigaretten zu ersetzen, wird dieses Produkt Ihnen eine Menge \u00c4rger ersparen. BIMO TURBO verwendet eine Doppelmaschenspule, die eine Saugkapazit\u00e4t von bis zu 20000 Bissen bietet und den Geschmack vom ersten bis zum letzten Bissen stabil h\u00e4lt.<\/p>\n<p data-v-md-line=\"6\">Wenn Sie nur einen zuverl\u00e4ssigen und k\u00f6stlichen Dampf haben wollen, ohne die M\u00fche, die Patrone oder Einstellungen anzupassen, dann ist dieses Produkt Ihre ideale Wahl. Nimm es in die Hand, inhaliere es nach Herzenslust und genie\u00dfe jedes Mal eine weiche Textur.<\/p>\n<h2 data-v-md-heading=\"excellent-performance-without-any-complexity\" data-v-md-line=\"8\">Excellent performance without any complexity<\/h2>\n<p data-v-md-line=\"9\">Die doppelte Netzspirale ist seine Geheimwaffe. Es kann gleichm\u00e4\u00dfig erhitzen, so dass Sie einen reinen und vollen Geschmack mit jedem Biss zu genie\u00dfen. Es gibt keinen verbrannten Geruch, und es wird keine Situation von \u00d6l Unterbrechung auf halbem Weg sein. Wenn der Akku leer ist, laden Sie ihn einfach auf, um ihn weiter zu benutzen. Ein Datenkabel kann so praktisch sein wie ein Mobiltelefon.<\/p>\n<h2 data-v-md-heading=\"specification-overview\" data-v-md-line=\"11\">Specification Overview<\/h2>\n<ul data-v-md-line=\"12\">\n<li>Saugfrequenz: bis zu 20000 Mal<\/li>\n<li>Nikotin: Die verschiedenen M\u00e4rkte bieten unterschiedliche Konzentrationen an. EU-Produkte bieten in der Regel eine Nikotinkonzentration von bis zu 20 Milligramm pro Milliliter (2%). Bitte kontaktieren Sie uns, um die Nikotinkonzentration in Ihrem Land\/Ihrer Region zu erfahren.<\/li>\n<li>Working principle: Activated by inhalation<\/li>\n<li>Aufladen: Die meisten Chargen verwenden eine USB Typ-C Schnittstelle. Wir werden das Ladeger\u00e4t Typ best\u00e4tigen, bevor Sie Ihre Bestellung aufgeben.<\/li>\n<li>Status: Sofort einsatzbereit<\/li>\n<\/ul>\n<h2 data-v-md-heading=\"to-serve-you-and-your-business\" data-v-md-line=\"18\">Um Ihnen und Ihrem Unternehmen zu dienen<\/h2>\n<p data-v-md-line=\"19\">Sie k\u00f6nnen ein einzelnes Ger\u00e4t f\u00fcr den pers\u00f6nlichen Gebrauch kaufen oder einen Vorrat f\u00fcr Ihr Gesch\u00e4ft anlegen. Wir bieten flexible Verpackungsl\u00f6sungen f\u00fcr den Gro\u00dfhandel, die es Ihnen erm\u00f6glichen, je nach Regal und Budget die passenden Produkte zu bestellen. Bitte wenden Sie sich an unser Team, um sich \u00fcber die aktuelle Anzahl der Boxen und Geschmackskombinationen zu informieren.<\/p>\n<p data-v-md-line=\"21\">Wir bieten DDP-Versanddienste innerhalb Europas durch vertrauensw\u00fcrdige Spediteure wie UPS, DPD und DHL an, so dass Tarife im Voraus bearbeitet werden k\u00f6nnen. Ihre Bestellung wird mit Hilfe von Tracking- und Zollabfertigungsverfahren zugestellt, und es gibt keine unerwarteten Zwischenf\u00e4lle beim Zoll.<\/p>\n<h2 data-v-md-heading=\"why-do-you-like-it\" data-v-md-line=\"23\">Why do you like it<\/h2>\n<ul data-v-md-line=\"24\">\n<li>Massives Rauchen: l\u00e4ngere Rauchdauer, keine Notwendigkeit, h\u00e4ufig neue Zigaretten zu kaufen<\/li>\n<li>Auswahl der Nikotinkonzentration: W\u00e4hlen Sie die Konzentration, die Ihrem Geschmack und den \u00f6rtlichen Vorschriften entspricht<\/li>\n<li>Wiederaufladbar: Sie k\u00f6nnen alle gekauften E-Liquids verwenden.<\/li>\n<li>Netzspule: sorgt jedes Mal f\u00fcr einen gleichbleibenden Geschmack und ein sanftes Saugerlebnis<\/li>\n<\/ul>\n<h2 data-v-md-heading=\"why-collaborate-with-agoravape\" data-v-md-line=\"29\">Warum mit AgoraVape zusammenarbeiten?<\/h2>\n<p data-v-md-line=\"30\">Wir verkaufen nur 100%-Originalprodukte. Dies bedeutet, dass wir echte Inventar haben und haben entsprechende Batch-Tracking und europ\u00e4ischen Markt Compliance-Zertifizierung durchlaufen. Wenn Sie Gro\u00dfhandel Kauf BIMO TURBO 20K Einweg vapes mit Dual-Mesh-Coils, erhalten Sie erm\u00e4\u00dfigte Preise, zuverl\u00e4ssige Unterst\u00fctzung, und schnelle Steuer bezahlt Versand. Kontaktieren Sie uns und wir werden Ihnen helfen, ein Ger\u00e4t zu reservieren, das Ihre Kunden wirklich wieder kaufen werden.<\/p>","protected":false},"excerpt":{"rendered":"<p>&nbsp;<\/p>\n<p><script src=\"chrome-extension:\/\/fpelahbljekknahkcaegamhcndkfpfnc\/iFrame.js\" type=\"text\/javascript\"><\/script><\/p>\n<p><script src=\"chrome-extension:\/\/fpelahbljekknahkcaegamhcndkfpfnc\/iFrame.js\" type=\"text\/javascript\"><\/script><\/p>\n<p><script src=\"chrome-extension:\/\/fpelahbljekknahkcaegamhcndkfpfnc\/iFrame.js\" type=\"text\/javascript\"><\/script><\/p>\n<p><script src=\"chrome-extension:\/\/fpelahbljekknahkcaegamhcndkfpfnc\/iFrame.js\" type=\"text\/javascript\"><\/script><\/p>\n<p><script src=\"chrome-extension:\/\/fpelahbljekknahkcaegamhcndkfpfnc\/iFrame.js\" type=\"text\/javascript\"><\/script><\/p>\n<p><script src=\"chrome-extension:\/\/fpelahbljekknahkcaegamhcndkfpfnc\/iFrame.js\" type=\"text\/javascript\"><\/script><\/p>\n<p><script src=\"chrome-extension:\/\/fpelahbljekknahkcaegamhcndkfpfnc\/iFrame.js\" type=\"text\/javascript\"><\/script><\/p>\n<p><script src=\"chrome-extension:\/\/fpelahbljekknahkcaegamhcndkfpfnc\/iFrame.js\" type=\"text\/javascript\"><\/script><\/p>\n<p><script src=\"chrome-extension:\/\/fpelahbljekknahkcaegamhcndkfpfnc\/iFrame.js\" type=\"text\/javascript\"><\/script><\/p>\n<p><script src=\"chrome-extension:\/\/fpelahbljekknahkcaegamhcndkfpfnc\/iFrame.js\" type=\"text\/javascript\"><\/script><\/p>\n<p><script src=\"chrome-extension:\/\/fpelahbljekknahkcaegamhcndkfpfnc\/iFrame.js\" type=\"text\/javascript\"><\/script><\/p>\n<p><script src=\"chrome-extension:\/\/fpelahbljekknahkcaegamhcndkfpfnc\/iFrame.js\" type=\"text\/javascript\"><\/script><\/p>\n<p><script src=\"chrome-extension:\/\/fpelahbljekknahkcaegamhcndkfpfnc\/iFrame.js\" type=\"text\/javascript\"><\/script><\/p>\n<p><script src=\"chrome-extension:\/\/fpelahbljekknahkcaegamhcndkfpfnc\/iFrame.js\" type=\"text\/javascript\"><\/script><\/p>\n<p><script src=\"chrome-extension:\/\/fpelahbljekknahkcaegamhcndkfpfnc\/iFrame.js\" type=\"text\/javascript\"><\/script><\/p>\n<p><script src=\"chrome-extension:\/\/fpelahbljekknahkcaegamhcndkfpfnc\/iFrame.js\" type=\"text\/javascript\"><\/script><\/p>\n<p><script src=\"chrome-extension:\/\/fpelahbljekknahkcaegamhcndkfpfnc\/iFrame.js\" type=\"text\/javascript\"><\/script><\/p>\n<p><script src=\"chrome-extension:\/\/fpelahbljekknahkcaegamhcndkfpfnc\/iFrame.js\" type=\"text\/javascript\"><\/script><\/p>\n<p><script src=\"chrome-extension:\/\/fpelahbljekknahkcaegamhcndkfpfnc\/iFrame.js\" type=\"text\/javascript\"><\/script><\/p>","protected":false},"featured_media":18231,"comment_status":"open","ping_status":"closed","template":"","meta":[],"product_brand":[241],"product_cat":[124,187,185,1636,189,176,168,177,174,175,193,191,173,186,180,190],"product_tag":[],"class_list":{"0":"post-18205","1":"product","2":"type-product","3":"status-publish","4":"has-post-thumbnail","6":"product_brand-bimo","7":"product_cat-vape-by-brand","8":"product_cat-0mg-nicotine-free-vapes","9":"product_cat-10000-puffs-high-capacity","10":"product_cat-20000-puffs","11":"product_cat-20mg-standard-nicotine-vapes","12":"product_cat-beverage","13":"product_cat-bimo","14":"product_cat-dessert-sweets","15":"product_cat-fruit-flavors","16":"product_cat-icy-mint","17":"product_cat-mesh-coil","18":"product_cat-rechargeable-disposables","19":"product_cat-vape-by-flavor-profile","20":"product_cat-vape-by-nicotine-strength","21":"product_cat-vape-by-puff-count","22":"product_cat-vape-by-feature-or-type","24":"first","25":"instock","26":"shipping-taxable","27":"purchasable","28":"product-type-variable","29":"has-default-attributes"},"tiered_pricing_type":"percentage","tiered_pricing_fixed_rules":[],"tiered_pricing_product_settings":{"layout":"default","base_unit_name":{"singular":null,"plural":null},"default_variation":null},"tiered_pricing_minimum_quantity":10,"tiered_pricing_roles_data":[],"tiered_pricing_percentage_rules":{"30":"29","50":"35","100":"40","200":"44","500":"47","1000":"49"},"tiered_pricing_maximum_quantity":null,"tiered_pricing_quantity_step":"10","_links":{"self":[{"href":"https:\/\/agoravape.com\/de\/wp-json\/wp\/v2\/product\/18205","targetHints":{"allow":["GET"]}}],"collection":[{"href":"https:\/\/agoravape.com\/de\/wp-json\/wp\/v2\/product"}],"about":[{"href":"https:\/\/agoravape.com\/de\/wp-json\/wp\/v2\/types\/product"}],"replies":[{"embeddable":true,"href":"https:\/\/agoravape.com\/de\/wp-json\/wp\/v2\/comments?post=18205"}],"version-history":[{"count":0,"href":"https:\/\/agoravape.com\/de\/wp-json\/wp\/v2\/product\/18205\/revisions"}],"wp:featuredmedia":[{"embeddable":true,"href":"https:\/\/agoravape.com\/de\/wp-json\/wp\/v2\/media\/18231"}],"wp:attachment":[{"href":"https:\/\/agoravape.com\/de\/wp-json\/wp\/v2\/media?parent=18205"}],"wp:term":[{"taxonomy":"product_brand","embeddable":true,"href":"https:\/\/agoravape.com\/de\/wp-json\/wp\/v2\/product_brand?post=18205"},{"taxonomy":"product_cat","embeddable":true,"href":"https:\/\/agoravape.com\/de\/wp-json\/wp\/v2\/product_cat?post=18205"},{"taxonomy":"product_tag","embeddable":true,"href":"https:\/\/agoravape.com\/de\/wp-json\/wp\/v2\/product_tag?post=18205"}],"curies":[{"name":"wp","href":"https:\/\/api.w.org\/{rel}","templated":true}]}}