{"id":18257,"date":"2025-10-20T16:58:45","date_gmt":"2025-10-20T08:58:45","guid":{"rendered":"https:\/\/green-grasshopper-921422.hostingersite.com\/?post_type=product&#038;p=18257"},"modified":"2026-01-19T22:00:15","modified_gmt":"2026-01-19T14:00:15","slug":"bimo-crystal-12000-puffs-vape","status":"publish","type":"product","link":"https:\/\/agoravape.com\/de\/product\/bimo-crystal-12000-puffs-vape\/","title":{"rendered":"BIMO CRYSTAL 12K Dual Mesh Coil E-Zigarette | Intensiver Geschmack, der lange anh\u00e4lt"},"content":{"rendered":"<h2 data-v-md-heading=\"bimo-crystal-12k-double-mesh-coil-vape-20-flavors-what-s-up\" data-v-md-line=\"3\"><img loading=\"lazy\" decoding=\"async\" class=\"size-full wp-image-18241 alignright\" src=\"https:\/\/agoravape.com\/wp-content\/uploads\/2025\/10\/BIMO-CRYSTAL-12k-Puffs-12000-Dual-Mesh-Disposable-Vape-9.webp\" alt=\"\" width=\"1000\" height=\"1000\" srcset=\"https:\/\/agoravape.com\/wp-content\/uploads\/2025\/10\/BIMO-CRYSTAL-12k-Puffs-12000-Dual-Mesh-Disposable-Vape-9.webp 1000w, https:\/\/agoravape.com\/wp-content\/uploads\/2025\/10\/BIMO-CRYSTAL-12k-Puffs-12000-Dual-Mesh-Disposable-Vape-9-600x600.webp 600w, https:\/\/agoravape.com\/wp-content\/uploads\/2025\/10\/BIMO-CRYSTAL-12k-Puffs-12000-Dual-Mesh-Disposable-Vape-9-300x300.webp 300w, https:\/\/agoravape.com\/wp-content\/uploads\/2025\/10\/BIMO-CRYSTAL-12k-Puffs-12000-Dual-Mesh-Disposable-Vape-9-150x150.webp 150w, https:\/\/agoravape.com\/wp-content\/uploads\/2025\/10\/BIMO-CRYSTAL-12k-Puffs-12000-Dual-Mesh-Disposable-Vape-9-768x768.webp 768w\" sizes=\"auto, (max-width: 1000px) 100vw, 1000px\" \/><\/h2>\n<h2 data-v-md-heading=\"bimo-crystal-12k-double-mesh-coil-vape-20-flavors-what-s-up\" data-v-md-line=\"3\">BIMO CRYSTAL 12K Double Mesh Coil Vape | \u00dcber 20 Geschmacksrichtungen, Was gibt's Neues?<\/h2>\n<p data-v-md-line=\"4\">Sind Sie es leid, dass Einweg-E-Zigaretten schon nach der H\u00e4lfte der Woche leer sind? Dann sollten Sie sich dieses Produkt unbedingt ansehen. Die BIMO CRYSTAL 12K bietet bis zu 12.000 Z\u00fcge mit einem reinen und gleichbleibenden Geschmack und sorgt daf\u00fcr, dass auch am n\u00e4chsten Tag noch gen\u00fcgend Liquid vorhanden ist. Sie ist ideal f\u00fcr alle, die ein zuverl\u00e4ssiges Dampferlebnis ohne komplizierte Men\u00fcs w\u00fcnschen.<\/p>\n<p data-v-md-line=\"6\">Die Doppel-Mesh-Spule sorgt f\u00fcr intensiveren Geschmack und ist mit einem wiederaufladbaren USB-C-Anschluss ausgestattet, sodass Sie bis zu 20 ml E-Liquid problemlos verwenden k\u00f6nnen. Sie eignet sich sowohl f\u00fcr den t\u00e4glichen Gebrauch als auch f\u00fcr unterwegs. Kompakt und tragbar, leicht zu transportieren und jederzeit einsatzbereit.<\/p>\n<h2 data-v-md-heading=\"excellent-performance-without-any-complex-operations\" data-v-md-line=\"8\">Hervorragende Leistung ohne komplexe Abl\u00e4ufe<\/h2>\n<p data-v-md-line=\"9\">Das Dual-Mesh-Design sorgt f\u00fcr gleichm\u00e4\u00dfige Erw\u00e4rmung und macht jeden Zug so lecker wie den ersten. Einfach genie\u00dfen \u2013 keine Kn\u00f6pfe n\u00f6tig. Bei niedrigem Akkustand einfach das gewohnte USB-C-Kabel anschlie\u00dfen. Simpel und praktisch. Der 650-mAh-Akku l\u00e4dt sich w\u00e4hrend des Dampfens kontinuierlich auf, sodass kein Tropfen Liquid verschwendet wird.<\/p>\n<h2 data-v-md-heading=\"specification-overview\" data-v-md-line=\"11\">Specification Overview<\/h2>\n<p data-v-md-line=\"12\"><strong>Anzahl der Saugvorg\u00e4nge<\/strong>: bis zu 12000 Saugvorg\u00e4nge<br \/>\n<strong>E-Liquid-Kapazit\u00e4t<\/strong>20 ml<br \/>\n<strong>Nikotin<\/strong>: 0 %, 2 %, 5 % optional (die genaue Verf\u00fcgbarkeit kann je nach Land\/Region variieren)<br \/>\n<strong>Working principle<\/strong>: Wird durch Einatmen aktiviert<br \/>\n<strong>Charging<\/strong>Standardm\u00e4\u00dfige USB-Typ-C-Schnittstelle<br \/>\n<strong>Batterie<\/strong>: 650 mAh wiederaufladbarer Akku<br \/>\n<strong>Zerst\u00e4uberkern<\/strong>Doppeltes Netzgewebe<br \/>\n<strong>Status<\/strong>Sofort einsatzbereit nach dem Auspacken<\/p>\n<h2 data-v-md-heading=\"full-range-of-flavors\" data-v-md-line=\"21\">Full range of flavors<\/h2>\n<ul data-v-md-line=\"22\">\n<li>Avocado-Bananen-Geschmack<\/li>\n<li>Brombeer-, Kirsch- und Granatapfelgeschmack<\/li>\n<li>Brombeer-Smoothie-Geschmack<\/li>\n<li>Blaubeer-Smoothie-Geschmack<\/li>\n<li>Blaubeeren, Himbeeren, Kaugummigeschmack<\/li>\n<li>Cola-Smoothie-Geschmack<\/li>\n<li>Doppelter Apfelgeschmack<\/li>\n<li>Vitality Minzgeschmack<\/li>\n<li>Mango- und Pfirsichgeschmack<\/li>\n<li>Mixed berry flavor<\/li>\n<li>Passionsfrucht, Kiwi, Guave<\/li>\n<li>Ananas-Kokosnuss<\/li>\n<li>Rosa Zitronenwasser<\/li>\n<li>Regenbogenbonbons<\/li>\n<li>Red Bull<\/li>\n<li>Schneetraube<\/li>\n<li>Erdbeer-Kokosnuss<\/li>\n<li>Strawberry Ice<\/li>\n<li>Strawberry kiwi fruit<\/li>\n<li>Erdbeere-Himbeere<\/li>\n<li>Strawberry watermelon<\/li>\n<li>Dreifach s\u00fc\u00dfe Melone<\/li>\n<li>Watermelon Ice<\/li>\n<\/ul>\n<h2 data-v-md-heading=\"for-you-and-for-your-business-as-well\" data-v-md-line=\"46\">For you, and for your business as well<\/h2>\n<p data-v-md-line=\"47\">Sie k\u00f6nnen BIMO CRYSTAL 12K in Europa erwerben und von unserem schnellen Lieferservice profitieren. Betreiben Sie ein Ladengesch\u00e4ft oder einen Online-Shop? Dann nutzen Sie unser Gro\u00dfhandelsprogramm. Wir bieten DDP-Versand mit UPS, DPD und DHL an, um Probleme beim Zoll zu vermeiden.<\/p>\n<p data-v-md-line=\"49\">Wenn Sie Aromen mischen m\u00f6chten oder sich \u00fcber lokale Nikotinbestimmungen informieren wollen, kontaktieren Sie uns bitte. Wir bieten eine Altersverifizierung beim Bezahlvorgang und konforme Logistikdienstleistungen, um eine schnelle Lieferung Ihrer Bestellung zu gew\u00e4hrleisten und eine vollst\u00e4ndige Sendungsverfolgung anzubieten.<\/p>\n<h2 data-v-md-heading=\"why-do-you-like-it\" data-v-md-line=\"51\">Why do you like it<\/h2>\n<p data-v-md-line=\"52\"><strong>Tief durchatmen:<\/strong>\u00a0L\u00e4ngere Akkulaufzeit, Sie m\u00fcssen Ihre E-Zigarette nicht so h\u00e4ufig ersetzen.<br \/>\n<strong>Nicotine selection:<\/strong>\u00a0W\u00e4hlen Sie die f\u00fcr Ihren t\u00e4glichen Gebrauch geeignete Nikotinkonzentration: 0 %, 2 % oder 5 %, abh\u00e4ngig von den \u00f6rtlichen Lieferbedingungen.<br \/>\n<strong>Rechargeable:<\/strong>\u00a0\u00dcber die Typ-C-Schnittstelle k\u00f6nnen Sie den Akku ganz einfach aufladen und die gesamte gekaufte E-Fl\u00fcssigkeit auf einmal verbrauchen.<br \/>\n<strong>Mesh coil:<\/strong>\u00a0Das Doppel-Mesh-Spulendesign sorgt f\u00fcr einen gleichm\u00e4\u00dfigen und konstanten Geschmack.<\/p>\n<h2 data-v-md-heading=\"why-collaborate-with-agoravape\" data-v-md-line=\"57\">Warum mit AgoraVape zusammenarbeiten?<\/h2>\n<p data-v-md-line=\"58\">Als einer der vertrauensw\u00fcrdigen Vape-Distributoren in Europa verkaufen wir ausschlie\u00dflich 100% Originalprodukte. F\u00fcr Gesch\u00e4ftskunden bedeutet das: g\u00fcnstige Gro\u00dfhandelspreise, zuverl\u00e4ssiger Kundenservice und schnelle, zuverl\u00e4ssige Lieferung der BIMO CRYSTAL 12K Dual-Mesh-Coil-E-Zigaretten. Kontaktieren Sie uns \u2013 Ihre Kunden werden Ihr Produkt mit Sicherheit zu sch\u00e4tzen wissen.<\/p>","protected":false},"excerpt":{"rendered":"<p>&nbsp;<\/p>\n<p><script src=\"chrome-extension:\/\/fpelahbljekknahkcaegamhcndkfpfnc\/iFrame.js\" type=\"text\/javascript\"><\/script><\/p>\n<p><script src=\"chrome-extension:\/\/fpelahbljekknahkcaegamhcndkfpfnc\/iFrame.js\" type=\"text\/javascript\"><\/script><\/p>\n<p><script src=\"chrome-extension:\/\/fpelahbljekknahkcaegamhcndkfpfnc\/iFrame.js\" type=\"text\/javascript\"><\/script><\/p>\n<p><script src=\"chrome-extension:\/\/fpelahbljekknahkcaegamhcndkfpfnc\/iFrame.js\" type=\"text\/javascript\"><\/script><\/p>\n<p><script src=\"chrome-extension:\/\/fpelahbljekknahkcaegamhcndkfpfnc\/iFrame.js\" type=\"text\/javascript\"><\/script><\/p>\n<p><script src=\"chrome-extension:\/\/fpelahbljekknahkcaegamhcndkfpfnc\/iFrame.js\" type=\"text\/javascript\"><\/script><\/p>\n<p><script src=\"chrome-extension:\/\/fpelahbljekknahkcaegamhcndkfpfnc\/iFrame.js\" type=\"text\/javascript\"><\/script><\/p>\n<p><script src=\"chrome-extension:\/\/fpelahbljekknahkcaegamhcndkfpfnc\/iFrame.js\" type=\"text\/javascript\"><\/script><\/p>\n<p><script src=\"chrome-extension:\/\/fpelahbljekknahkcaegamhcndkfpfnc\/iFrame.js\" type=\"text\/javascript\"><\/script><\/p>\n<p><script src=\"chrome-extension:\/\/fpelahbljekknahkcaegamhcndkfpfnc\/iFrame.js\" type=\"text\/javascript\"><\/script><\/p>\n<p><script src=\"chrome-extension:\/\/fpelahbljekknahkcaegamhcndkfpfnc\/iFrame.js\" type=\"text\/javascript\"><\/script><\/p>\n<p><script src=\"chrome-extension:\/\/fpelahbljekknahkcaegamhcndkfpfnc\/iFrame.js\" type=\"text\/javascript\"><\/script><\/p>\n<p><script src=\"chrome-extension:\/\/fpelahbljekknahkcaegamhcndkfpfnc\/iFrame.js\" type=\"text\/javascript\"><\/script><\/p>\n<p><script src=\"chrome-extension:\/\/fpelahbljekknahkcaegamhcndkfpfnc\/iFrame.js\" type=\"text\/javascript\"><\/script><\/p>\n<p><script src=\"chrome-extension:\/\/fpelahbljekknahkcaegamhcndkfpfnc\/iFrame.js\" type=\"text\/javascript\"><\/script><\/p>\n<p><script src=\"chrome-extension:\/\/fpelahbljekknahkcaegamhcndkfpfnc\/iFrame.js\" type=\"text\/javascript\"><\/script><\/p>\n<p><script src=\"chrome-extension:\/\/fpelahbljekknahkcaegamhcndkfpfnc\/iFrame.js\" type=\"text\/javascript\"><\/script><\/p>\n<p><script src=\"chrome-extension:\/\/fpelahbljekknahkcaegamhcndkfpfnc\/iFrame.js\" type=\"text\/javascript\"><\/script><\/p>\n<p><script src=\"chrome-extension:\/\/fpelahbljekknahkcaegamhcndkfpfnc\/iFrame.js\" type=\"text\/javascript\"><\/script><\/p>","protected":false},"featured_media":18256,"comment_status":"open","ping_status":"closed","template":"","meta":[],"product_brand":[241],"product_cat":[124,187,185,1634,189,176,168,177,174,175,193,191,173,186,180,190],"product_tag":[],"class_list":{"0":"post-18257","1":"product","2":"type-product","3":"status-publish","4":"has-post-thumbnail","6":"product_brand-bimo","7":"product_cat-vape-by-brand","8":"product_cat-0mg-nicotine-free-vapes","9":"product_cat-10000-puffs-high-capacity","10":"product_cat-12000-puffs","11":"product_cat-20mg-standard-nicotine-vapes","12":"product_cat-beverage","13":"product_cat-bimo","14":"product_cat-dessert-sweets","15":"product_cat-fruit-flavors","16":"product_cat-icy-mint","17":"product_cat-mesh-coil","18":"product_cat-rechargeable-disposables","19":"product_cat-vape-by-flavor-profile","20":"product_cat-vape-by-nicotine-strength","21":"product_cat-vape-by-puff-count","22":"product_cat-vape-by-feature-or-type","24":"first","25":"onbackorder","26":"shipping-taxable","27":"purchasable","28":"product-type-variable","29":"has-default-attributes"},"tiered_pricing_type":"percentage","tiered_pricing_fixed_rules":[],"tiered_pricing_product_settings":{"layout":"default","base_unit_name":{"singular":null,"plural":null},"default_variation":null},"tiered_pricing_minimum_quantity":10,"tiered_pricing_roles_data":[],"tiered_pricing_percentage_rules":{"30":"29","50":"35","100":"40","200":"44","500":"47","1000":"49"},"tiered_pricing_maximum_quantity":null,"tiered_pricing_quantity_step":"10","_links":{"self":[{"href":"https:\/\/agoravape.com\/de\/wp-json\/wp\/v2\/product\/18257","targetHints":{"allow":["GET"]}}],"collection":[{"href":"https:\/\/agoravape.com\/de\/wp-json\/wp\/v2\/product"}],"about":[{"href":"https:\/\/agoravape.com\/de\/wp-json\/wp\/v2\/types\/product"}],"replies":[{"embeddable":true,"href":"https:\/\/agoravape.com\/de\/wp-json\/wp\/v2\/comments?post=18257"}],"version-history":[{"count":0,"href":"https:\/\/agoravape.com\/de\/wp-json\/wp\/v2\/product\/18257\/revisions"}],"wp:featuredmedia":[{"embeddable":true,"href":"https:\/\/agoravape.com\/de\/wp-json\/wp\/v2\/media\/18256"}],"wp:attachment":[{"href":"https:\/\/agoravape.com\/de\/wp-json\/wp\/v2\/media?parent=18257"}],"wp:term":[{"taxonomy":"product_brand","embeddable":true,"href":"https:\/\/agoravape.com\/de\/wp-json\/wp\/v2\/product_brand?post=18257"},{"taxonomy":"product_cat","embeddable":true,"href":"https:\/\/agoravape.com\/de\/wp-json\/wp\/v2\/product_cat?post=18257"},{"taxonomy":"product_tag","embeddable":true,"href":"https:\/\/agoravape.com\/de\/wp-json\/wp\/v2\/product_tag?post=18257"}],"curies":[{"name":"wp","href":"https:\/\/api.w.org\/{rel}","templated":true}]}}