{"id":18300,"date":"2025-10-20T18:03:19","date_gmt":"2025-10-20T10:03:19","guid":{"rendered":"https:\/\/green-grasshopper-921422.hostingersite.com\/?post_type=product&#038;p=18300"},"modified":"2025-12-31T22:59:16","modified_gmt":"2025-12-31T14:59:16","slug":"bimo-30k-puffs-wegwerfbar","status":"publish","type":"product","link":"https:\/\/agoravape.com\/de\/product\/bimo-30k-puffs-disposable\/","title":{"rendered":"BIMO Einweg-E-Zigarette mit 30.000 Z\u00fcgen | 30 ml | Langanhaltender Geschmack, kinderleichte Anwendung"},"content":{"rendered":"<h2 data-v-md-heading=\"bimo-30k-large-capacity-disposable-vape-what-s-special-about-30ml\" data-v-md-line=\"3\"><img loading=\"lazy\" decoding=\"async\" class=\"aligncenter size-full wp-image-18283\" src=\"https:\/\/agoravape.com\/wp-content\/uploads\/2025\/10\/BIMO-30K-Puffs-High-Capacity-Disposable-Vape-30ml_Agora_vape-1.webp\" alt=\"\" width=\"1920\" height=\"900\" srcset=\"https:\/\/agoravape.com\/wp-content\/uploads\/2025\/10\/BIMO-30K-Puffs-High-Capacity-Disposable-Vape-30ml_Agora_vape-1.webp 1920w, https:\/\/agoravape.com\/wp-content\/uploads\/2025\/10\/BIMO-30K-Puffs-High-Capacity-Disposable-Vape-30ml_Agora_vape-1-1200x563.webp 1200w, https:\/\/agoravape.com\/wp-content\/uploads\/2025\/10\/BIMO-30K-Puffs-High-Capacity-Disposable-Vape-30ml_Agora_vape-1-300x141.webp 300w, https:\/\/agoravape.com\/wp-content\/uploads\/2025\/10\/BIMO-30K-Puffs-High-Capacity-Disposable-Vape-30ml_Agora_vape-1-1024x480.webp 1024w, https:\/\/agoravape.com\/wp-content\/uploads\/2025\/10\/BIMO-30K-Puffs-High-Capacity-Disposable-Vape-30ml_Agora_vape-1-768x360.webp 768w, https:\/\/agoravape.com\/wp-content\/uploads\/2025\/10\/BIMO-30K-Puffs-High-Capacity-Disposable-Vape-30ml_Agora_vape-1-1536x720.webp 1536w\" sizes=\"auto, (max-width: 1920px) 100vw, 1920px\" \/> <img loading=\"lazy\" decoding=\"async\" class=\"aligncenter size-full wp-image-18289\" src=\"https:\/\/agoravape.com\/wp-content\/uploads\/2025\/10\/BIMO-30K-Puffs-High-Capacity-Disposable-Vape-30ml_Agora_vape-7.webp\" alt=\"\" width=\"1920\" height=\"900\" srcset=\"https:\/\/agoravape.com\/wp-content\/uploads\/2025\/10\/BIMO-30K-Puffs-High-Capacity-Disposable-Vape-30ml_Agora_vape-7.webp 1920w, https:\/\/agoravape.com\/wp-content\/uploads\/2025\/10\/BIMO-30K-Puffs-High-Capacity-Disposable-Vape-30ml_Agora_vape-7-1200x563.webp 1200w, https:\/\/agoravape.com\/wp-content\/uploads\/2025\/10\/BIMO-30K-Puffs-High-Capacity-Disposable-Vape-30ml_Agora_vape-7-300x141.webp 300w, https:\/\/agoravape.com\/wp-content\/uploads\/2025\/10\/BIMO-30K-Puffs-High-Capacity-Disposable-Vape-30ml_Agora_vape-7-1024x480.webp 1024w, https:\/\/agoravape.com\/wp-content\/uploads\/2025\/10\/BIMO-30K-Puffs-High-Capacity-Disposable-Vape-30ml_Agora_vape-7-768x360.webp 768w, https:\/\/agoravape.com\/wp-content\/uploads\/2025\/10\/BIMO-30K-Puffs-High-Capacity-Disposable-Vape-30ml_Agora_vape-7-1536x720.webp 1536w\" sizes=\"auto, (max-width: 1920px) 100vw, 1920px\" \/> <img loading=\"lazy\" decoding=\"async\" class=\"aligncenter size-full wp-image-18288\" src=\"https:\/\/agoravape.com\/wp-content\/uploads\/2025\/10\/BIMO-30K-Puffs-High-Capacity-Disposable-Vape-30ml_Agora_vape-6.webp\" alt=\"\" width=\"1920\" height=\"900\" srcset=\"https:\/\/agoravape.com\/wp-content\/uploads\/2025\/10\/BIMO-30K-Puffs-High-Capacity-Disposable-Vape-30ml_Agora_vape-6.webp 1920w, https:\/\/agoravape.com\/wp-content\/uploads\/2025\/10\/BIMO-30K-Puffs-High-Capacity-Disposable-Vape-30ml_Agora_vape-6-1200x563.webp 1200w, https:\/\/agoravape.com\/wp-content\/uploads\/2025\/10\/BIMO-30K-Puffs-High-Capacity-Disposable-Vape-30ml_Agora_vape-6-300x141.webp 300w, https:\/\/agoravape.com\/wp-content\/uploads\/2025\/10\/BIMO-30K-Puffs-High-Capacity-Disposable-Vape-30ml_Agora_vape-6-1024x480.webp 1024w, https:\/\/agoravape.com\/wp-content\/uploads\/2025\/10\/BIMO-30K-Puffs-High-Capacity-Disposable-Vape-30ml_Agora_vape-6-768x360.webp 768w, https:\/\/agoravape.com\/wp-content\/uploads\/2025\/10\/BIMO-30K-Puffs-High-Capacity-Disposable-Vape-30ml_Agora_vape-6-1536x720.webp 1536w\" sizes=\"auto, (max-width: 1920px) 100vw, 1920px\" \/> <img loading=\"lazy\" decoding=\"async\" class=\"aligncenter size-full wp-image-18287\" src=\"https:\/\/agoravape.com\/wp-content\/uploads\/2025\/10\/BIMO-30K-Puffs-High-Capacity-Disposable-Vape-30ml_Agora_vape-5.webp\" alt=\"\" width=\"1920\" height=\"900\" srcset=\"https:\/\/agoravape.com\/wp-content\/uploads\/2025\/10\/BIMO-30K-Puffs-High-Capacity-Disposable-Vape-30ml_Agora_vape-5.webp 1920w, https:\/\/agoravape.com\/wp-content\/uploads\/2025\/10\/BIMO-30K-Puffs-High-Capacity-Disposable-Vape-30ml_Agora_vape-5-1200x563.webp 1200w, https:\/\/agoravape.com\/wp-content\/uploads\/2025\/10\/BIMO-30K-Puffs-High-Capacity-Disposable-Vape-30ml_Agora_vape-5-300x141.webp 300w, https:\/\/agoravape.com\/wp-content\/uploads\/2025\/10\/BIMO-30K-Puffs-High-Capacity-Disposable-Vape-30ml_Agora_vape-5-1024x480.webp 1024w, https:\/\/agoravape.com\/wp-content\/uploads\/2025\/10\/BIMO-30K-Puffs-High-Capacity-Disposable-Vape-30ml_Agora_vape-5-768x360.webp 768w, https:\/\/agoravape.com\/wp-content\/uploads\/2025\/10\/BIMO-30K-Puffs-High-Capacity-Disposable-Vape-30ml_Agora_vape-5-1536x720.webp 1536w\" sizes=\"auto, (max-width: 1920px) 100vw, 1920px\" \/> <img loading=\"lazy\" decoding=\"async\" class=\"aligncenter size-full wp-image-18286\" src=\"https:\/\/agoravape.com\/wp-content\/uploads\/2025\/10\/BIMO-30K-Puffs-High-Capacity-Disposable-Vape-30ml_Agora_vape-4.webp\" alt=\"\" width=\"1920\" height=\"900\" srcset=\"https:\/\/agoravape.com\/wp-content\/uploads\/2025\/10\/BIMO-30K-Puffs-High-Capacity-Disposable-Vape-30ml_Agora_vape-4.webp 1920w, https:\/\/agoravape.com\/wp-content\/uploads\/2025\/10\/BIMO-30K-Puffs-High-Capacity-Disposable-Vape-30ml_Agora_vape-4-1200x563.webp 1200w, https:\/\/agoravape.com\/wp-content\/uploads\/2025\/10\/BIMO-30K-Puffs-High-Capacity-Disposable-Vape-30ml_Agora_vape-4-300x141.webp 300w, https:\/\/agoravape.com\/wp-content\/uploads\/2025\/10\/BIMO-30K-Puffs-High-Capacity-Disposable-Vape-30ml_Agora_vape-4-1024x480.webp 1024w, https:\/\/agoravape.com\/wp-content\/uploads\/2025\/10\/BIMO-30K-Puffs-High-Capacity-Disposable-Vape-30ml_Agora_vape-4-768x360.webp 768w, https:\/\/agoravape.com\/wp-content\/uploads\/2025\/10\/BIMO-30K-Puffs-High-Capacity-Disposable-Vape-30ml_Agora_vape-4-1536x720.webp 1536w\" sizes=\"auto, (max-width: 1920px) 100vw, 1920px\" \/> <img loading=\"lazy\" decoding=\"async\" class=\"aligncenter size-full wp-image-18285\" src=\"https:\/\/agoravape.com\/wp-content\/uploads\/2025\/10\/BIMO-30K-Puffs-High-Capacity-Disposable-Vape-30ml_Agora_vape-3.webp\" alt=\"\" width=\"1920\" height=\"900\" srcset=\"https:\/\/agoravape.com\/wp-content\/uploads\/2025\/10\/BIMO-30K-Puffs-High-Capacity-Disposable-Vape-30ml_Agora_vape-3.webp 1920w, https:\/\/agoravape.com\/wp-content\/uploads\/2025\/10\/BIMO-30K-Puffs-High-Capacity-Disposable-Vape-30ml_Agora_vape-3-1200x563.webp 1200w, https:\/\/agoravape.com\/wp-content\/uploads\/2025\/10\/BIMO-30K-Puffs-High-Capacity-Disposable-Vape-30ml_Agora_vape-3-300x141.webp 300w, https:\/\/agoravape.com\/wp-content\/uploads\/2025\/10\/BIMO-30K-Puffs-High-Capacity-Disposable-Vape-30ml_Agora_vape-3-1024x480.webp 1024w, https:\/\/agoravape.com\/wp-content\/uploads\/2025\/10\/BIMO-30K-Puffs-High-Capacity-Disposable-Vape-30ml_Agora_vape-3-768x360.webp 768w, https:\/\/agoravape.com\/wp-content\/uploads\/2025\/10\/BIMO-30K-Puffs-High-Capacity-Disposable-Vape-30ml_Agora_vape-3-1536x720.webp 1536w\" sizes=\"auto, (max-width: 1920px) 100vw, 1920px\" \/> <img loading=\"lazy\" decoding=\"async\" class=\"aligncenter size-full wp-image-18284\" src=\"https:\/\/agoravape.com\/wp-content\/uploads\/2025\/10\/BIMO-30K-Puffs-High-Capacity-Disposable-Vape-30ml_Agora_vape-2.webp\" alt=\"\" width=\"1920\" height=\"900\" srcset=\"https:\/\/agoravape.com\/wp-content\/uploads\/2025\/10\/BIMO-30K-Puffs-High-Capacity-Disposable-Vape-30ml_Agora_vape-2.webp 1920w, https:\/\/agoravape.com\/wp-content\/uploads\/2025\/10\/BIMO-30K-Puffs-High-Capacity-Disposable-Vape-30ml_Agora_vape-2-1200x563.webp 1200w, https:\/\/agoravape.com\/wp-content\/uploads\/2025\/10\/BIMO-30K-Puffs-High-Capacity-Disposable-Vape-30ml_Agora_vape-2-300x141.webp 300w, https:\/\/agoravape.com\/wp-content\/uploads\/2025\/10\/BIMO-30K-Puffs-High-Capacity-Disposable-Vape-30ml_Agora_vape-2-1024x480.webp 1024w, https:\/\/agoravape.com\/wp-content\/uploads\/2025\/10\/BIMO-30K-Puffs-High-Capacity-Disposable-Vape-30ml_Agora_vape-2-768x360.webp 768w, https:\/\/agoravape.com\/wp-content\/uploads\/2025\/10\/BIMO-30K-Puffs-High-Capacity-Disposable-Vape-30ml_Agora_vape-2-1536x720.webp 1536w\" sizes=\"auto, (max-width: 1920px) 100vw, 1920px\" \/><\/h2>\n<h2 data-v-md-heading=\"bimo-30k-large-capacity-disposable-vape-what-s-special-about-30ml\" data-v-md-line=\"3\">BIMO 30K Einweg-E-Zigarette mit gro\u00dfem Fassungsverm\u00f6gen | Was ist das Besondere an 30 ml?<\/h2>\n<p data-v-md-line=\"4\">Sind Sie es leid, alle paar Tage Einweg-E-Zigaretten zu ersetzen? Dann sollten Sie sich dieses Produkt genauer ansehen. Die BIMO 30K bietet eine Kapazit\u00e4t von bis zu 30.000 Anwendungen und einen gro\u00dfen 30-Milliliter-Tank. So haben Sie mehr Zeit, leckeres Essen zu genie\u00dfen, ohne st\u00e4ndig Ihre Ausr\u00fcstung wechseln zu m\u00fcssen.<\/p>\n<p data-v-md-line=\"6\">Es eignet sich f\u00fcr jeden Dampfer, der Wert auf Einfachheit, Zuverl\u00e4ssigkeit und lange Akkulaufzeit legt. Ganz einfach: W\u00e4hlen Sie Ihre bevorzugte Geschmacksrichtung und Nikotinst\u00e4rke und schon kann es losgehen. Das Ger\u00e4t mag auf den ersten Blick klobig wirken, aber der g\u00fcnstige Preis wird Sie \u00fcberraschen.<\/p>\n<h2 data-v-md-heading=\"excellent-performance-easy-and-convenient\" data-v-md-line=\"8\">Excellent performance, easy and convenient<\/h2>\n<p data-v-md-line=\"9\">BIMO verwendet Mesh-Spulen f\u00fcr einen stets gleichm\u00e4\u00dfigen und konstanten Geschmack. Schnelle Schwei\u00dfabsorption, gleichm\u00e4\u00dfige Erw\u00e4rmung, erfrischender Geschmack und geringe Fl\u00fcchtigkeit. Der integrierte 700-mAh-Akku l\u00e4sst sich \u00fcber einen USB-Anschluss aufladen, sodass Sie jeden Tropfen der 30 ml Wasser optimal nutzen k\u00f6nnen. Zum Aufladen einfach anschlie\u00dfen und loslegen. Unkompliziert und komfortabel.<\/p>\n<h2 data-v-md-heading=\"specification-introduction\" data-v-md-line=\"11\">Specification Introduction<\/h2>\n<ul data-v-md-line=\"12\">\n<li>E-liquid capacity: 30 milliliters<\/li>\n<li>Saugfrequenz: bis zu 30000 Mal<\/li>\n<li>Nikotingehalt: Je nach Markt und lokalen Vorschriften kann er auf 2 % oder 5 % eingestellt werden.<\/li>\n<li>Working principle: Activated by inhalation<\/li>\n<li>Atomisierender Kern: netzartig<\/li>\n<li>Akku: Wiederaufladbarer 700-mAh-Akku<\/li>\n<li>Ladeverfahren: USB-Ladeschnittstelle<\/li>\n<li>Status: Sofort einsatzbereit nach dem Auspacken<\/li>\n<\/ul>\n<h2 data-v-md-heading=\"multiple-flavor-options\" data-v-md-line=\"21\">Multiple flavor options<\/h2>\n<ul data-v-md-line=\"22\">\n<li>Passionsfrucht, Kiwi, Guave<\/li>\n<li>K\u00fchle Minze<\/li>\n<li>Mango-Milchshake<\/li>\n<li>Kirsch-Cola<\/li>\n<li>Erdbeertrauben<\/li>\n<li>Blaubeer-Smoothie<\/li>\n<li>Blackberry Wave<\/li>\n<li>Erdbeer-Smoothie<\/li>\n<li>Wassermelonen-Smoothie<\/li>\n<li>Drachenfrucht, Banane, Kirsche<\/li>\n<\/ul>\n<h2 data-v-md-heading=\"for-you-and-your-business\" data-v-md-line=\"33\">For you and your business<\/h2>\n<p data-v-md-line=\"34\">Wenn Sie ein Produkt mit hoher Kapazit\u00e4t und geringen Wartungskosten suchen, ist BIMO 30K die richtige Wahl. Auch f\u00fcr Einzelh\u00e4ndler und Filialketten bieten wir die passenden L\u00f6sungen. Gro\u00dfhandelskartons enthalten 10 St\u00fcck, Standardkartons 120 St\u00fcck \u2013 so wird die Regalbest\u00fcckung und Bedarfsplanung zum Kinderspiel.<\/p>\n<p data-v-md-line=\"36\">Wir bieten DDP-Lieferungen innerhalb Europas \u00fcber vertrauensw\u00fcrdige Partner wie UPS, DPD und DHL an. Das bedeutet klare Lieferzeiten und keine unerwarteten Zollprobleme. Alle Produkte sind original und werden fachgerecht gelagert, damit Sie stets frisches und haltbares E-Liquid erhalten.<\/p>\n<h2 data-v-md-heading=\"why-do-you-like-it\" data-v-md-line=\"38\">Why do you like it<\/h2>\n<ul data-v-md-line=\"39\">\n<li>Extrem hohe Kapazit\u00e4t: bis zu 30.000 Ports, sodass Sie nicht st\u00e4ndig neue Produkte kaufen m\u00fcssen.<\/li>\n<li>Auswahl des Nikotingehalts: W\u00e4hlen Sie je nach Ihren Bed\u00fcrfnissen und den \u00f6rtlichen Vorschriften einen Nikotingehalt von 2 % oder 5 %.<\/li>\n<li>Wiederaufladbar: Sie k\u00f6nnen das 30-ml-Fassungsverm\u00f6gen voll ausnutzen.<\/li>\n<li>Mesh-Verdampferkern: Kontinuierlicher und reichhaltiger Geschmack, der Sie stets zufriedenstellt.<\/li>\n<li>Keine Kn\u00f6pfe: Einfaches Inhalieren ohne Dr\u00fccken von Kn\u00f6pfen \u2013 f\u00fcr ein sauberes und sorgenfreies Erlebnis.<\/li>\n<\/ul>\n<h2 data-v-md-heading=\"why-choose-to-collaborate-with-agoravape\" data-v-md-line=\"45\">Warum sollten Sie sich f\u00fcr eine Zusammenarbeit mit AgoraVape entscheiden?<\/h2>\n<p data-v-md-line=\"46\">Wir verkaufen ausschlie\u00dflich 100% Originalprodukte und garantieren deren Qualit\u00e4t. Als einer der vertrauensw\u00fcrdigen Vape-Distributoren in Europa bieten wir Ihnen g\u00fcnstige Gro\u00dfhandelspreise, umfassenden Kundenservice und schnelle DDP-Lieferungen f\u00fcr die BIMO 30K Puffs Einweg-E-Zigarette (30 ml). Gerne besprechen wir mit Ihnen Geschmackskombinationen und Nachbestellungspl\u00e4ne, damit Sie immer die Produkte vorr\u00e4tig haben, die Ihre Kunden wirklich brauchen.<\/p>","protected":false},"excerpt":{"rendered":"<p>&nbsp;<\/p>","protected":false},"featured_media":18299,"comment_status":"open","ping_status":"closed","template":"","meta":[],"product_brand":[241],"product_cat":[124,185,189,176,168,174,175,193,191,173,186,180,190],"product_tag":[],"class_list":{"0":"post-18300","1":"product","2":"type-product","3":"status-publish","4":"has-post-thumbnail","6":"product_brand-bimo","7":"product_cat-vape-by-brand","8":"product_cat-10000-puffs-high-capacity","9":"product_cat-20mg-standard-nicotine-vapes","10":"product_cat-beverage","11":"product_cat-bimo","12":"product_cat-fruit-flavors","13":"product_cat-icy-mint","14":"product_cat-mesh-coil","15":"product_cat-rechargeable-disposables","16":"product_cat-vape-by-flavor-profile","17":"product_cat-vape-by-nicotine-strength","18":"product_cat-vape-by-puff-count","19":"product_cat-vape-by-feature-or-type","21":"first","22":"instock","23":"shipping-taxable","24":"purchasable","25":"product-type-variable","26":"has-default-attributes"},"tiered_pricing_type":"percentage","tiered_pricing_fixed_rules":[],"tiered_pricing_product_settings":{"layout":"default","base_unit_name":{"singular":null,"plural":null},"default_variation":null},"tiered_pricing_minimum_quantity":10,"tiered_pricing_roles_data":[],"tiered_pricing_percentage_rules":{"30":"29","50":"35","100":"40","200":"44","500":"47","1000":"49"},"tiered_pricing_maximum_quantity":null,"tiered_pricing_quantity_step":"10","_links":{"self":[{"href":"https:\/\/agoravape.com\/de\/wp-json\/wp\/v2\/product\/18300","targetHints":{"allow":["GET"]}}],"collection":[{"href":"https:\/\/agoravape.com\/de\/wp-json\/wp\/v2\/product"}],"about":[{"href":"https:\/\/agoravape.com\/de\/wp-json\/wp\/v2\/types\/product"}],"replies":[{"embeddable":true,"href":"https:\/\/agoravape.com\/de\/wp-json\/wp\/v2\/comments?post=18300"}],"version-history":[{"count":0,"href":"https:\/\/agoravape.com\/de\/wp-json\/wp\/v2\/product\/18300\/revisions"}],"wp:featuredmedia":[{"embeddable":true,"href":"https:\/\/agoravape.com\/de\/wp-json\/wp\/v2\/media\/18299"}],"wp:attachment":[{"href":"https:\/\/agoravape.com\/de\/wp-json\/wp\/v2\/media?parent=18300"}],"wp:term":[{"taxonomy":"product_brand","embeddable":true,"href":"https:\/\/agoravape.com\/de\/wp-json\/wp\/v2\/product_brand?post=18300"},{"taxonomy":"product_cat","embeddable":true,"href":"https:\/\/agoravape.com\/de\/wp-json\/wp\/v2\/product_cat?post=18300"},{"taxonomy":"product_tag","embeddable":true,"href":"https:\/\/agoravape.com\/de\/wp-json\/wp\/v2\/product_tag?post=18300"}],"curies":[{"name":"wp","href":"https:\/\/api.w.org\/{rel}","templated":true}]}}