{"id":18348,"date":"2025-10-20T18:16:09","date_gmt":"2025-10-20T10:16:09","guid":{"rendered":"https:\/\/green-grasshopper-921422.hostingersite.com\/?post_type=product&#038;p=18348"},"modified":"2026-01-12T13:50:21","modified_gmt":"2026-01-12T05:50:21","slug":"uwin-randm-tornado-60k-dreifach-geschmack-vape","status":"publish","type":"product","link":"https:\/\/agoravape.com\/de\/product\/uwin-randm-tornado-60k-triple-flavor-vape\/","title":{"rendered":"Uwin RandM Tornado 60K Z\u00fcge 3-in-1 Einweg-E-Zigarette | Drei Geschmacksrichtungen, bis zu 60.000 Z\u00fcge"},"content":{"rendered":"<h2 data-v-md-heading=\"what-is-special-about-the-uwin-randm-tornado-60k-disposable-vape\" data-v-md-line=\"3\">Was ist das Besondere an der Uwin RandM Tornado 60K Einweg-E-Zigarette?<\/h2>\n<p data-v-md-line=\"4\">Sind Sie es leid, Tag f\u00fcr Tag den gleichen Geschmack zu genie\u00dfen? Dann ist dieses Produkt die perfekte L\u00f6sung. Der Uwin RandM Tornado 60K vereint drei Geschmacksrichtungen in einem Ger\u00e4t und bietet eine Kapazit\u00e4t von bis zu 60.000 Z\u00fcgen. Genie\u00dfen Sie m\u00fchelos und unkompliziert eine Vielfalt an Aromen. Sie ben\u00f6tigen weder E-Liquid-Flaschen noch m\u00fcssen Sie Kartuschen wechseln.<\/p>\n<p data-v-md-line=\"6\">Sie eignet sich f\u00fcr alle, die Wert auf Reichweite und einen entspannten Lebensstil legen \u2013 egal ob t\u00e4gliche Dampfer, Pendler oder Reisende. Man k\u00f6nnte meinen, dass die vielen Z\u00fcge sie sperrig machen, aber die Tornado 60K passt problemlos in die Hosentasche und liegt angenehm in der Hand.<\/p>\n<h2 data-v-md-heading=\"excellent-performance-easy-and-convenient\" data-v-md-line=\"8\">Excellent performance, easy and convenient<\/h2>\n<p data-v-md-line=\"9\">Die Mesh-Spule befindet sich im Zentrum des Verdampfers und sorgt so f\u00fcr gleichm\u00e4\u00dfigen und kraftvollen Zug von Anfang bis Ende. Bei niedrigem Akkustand laden Sie den Akku einfach \u00fcber das USB-C-Kabel schnell auf. Sowohl der Akku- als auch der Liquidstand sind mit gut sichtbaren LEDs versehen, sodass Sie den F\u00fcllstand auf einen Blick ablesen k\u00f6nnen.<\/p>\n<h2 data-v-md-heading=\"specification-introduction\" data-v-md-line=\"11\">Specification Introduction<\/h2>\n<ul data-v-md-line=\"12\">\n<li>Saugfrequenz: bis zu 60000 Mal<\/li>\n<li>Nikotingehalt: 0 %, 2 %, 3 % oder 5 %<\/li>\n<li>Funktionsprinzip: Aktivierung mit nur einem Zug<\/li>\n<li>Ladeverfahren: Standard-USB-Typ-C-Schnittstelle<\/li>\n<li>Status: Sofort einsatzbereit<\/li>\n<li>Atomisierender Kern: netzartig<\/li>\n<li>Batterie: Wiederaufladbarer 650-mAh-Kobaltakku<\/li>\n<li>Gr\u00f6\u00dfe: 47 \u00d7 47 \u00d7 116 Millimeter<\/li>\n<li>Kontrollleuchten: Akkuladestandsanzeige und E-Liquid-F\u00fcllstandsanzeige<\/li>\n<li>Dreifach in einem: Drei Geschmackskombinationen<\/li>\n<\/ul>\n<h2 data-v-md-heading=\"complete-flavor-series\" data-v-md-line=\"23\">Complete flavor series<\/h2>\n<p data-v-md-line=\"24\">Jedes Ger\u00e4t ist mit drei Geschmacksrichtungen ausgestattet. Zehn Geschmackssets stehen zur Auswahl:<\/p>\n<ul data-v-md-line=\"25\">\n<li>Cherry Ice\/Strawberry Red Bull\/Blueberry Raspberry<\/li>\n<li>Blaubeereis\/Erdbeer-Wassermeloneneis\/Erdbeer-Himbeer-Kirsch-Eis<\/li>\n<li>Rosa Limonade\/Vanilleeis\/Erdbeer-Himbeer-Bonbons<\/li>\n<li>Erdbeer-Kiwi\/Love 66 (Passionsfrucht-Melone)\/Blaubeer-Eis<\/li>\n<li>Zitrone, Limette, Erdbeere, Banane, gemischtes Obst<\/li>\n<li>Wassermeloneneis\/Cola-Eis\/Mr. Blue<\/li>\n<li>Sommer-Pfirsich-Eis\/Blaubeer-Himbeere\/Erdbeer-Red Bull<\/li>\n<li>Kiwi, Passionsfrucht, Guave\/Pfirsich, Mango\/Himbeere, Wassermelone<\/li>\n<li>Red Bull\/Cherry Ice\/Lemon Lime<\/li>\n<li>Erdbeereis\/Sommerpfirsicheis\/Traubeneis<\/li>\n<\/ul>\n<h2 data-v-md-heading=\"for-you-and-your-business\" data-v-md-line=\"36\">For you and your business<\/h2>\n<p data-v-md-line=\"37\">Wenn Sie einen zuverl\u00e4ssigen, langlebigen, einfach aufladbaren und vielseitigen Vape suchen, entscheiden Sie sich f\u00fcr den Uwin. <a class=\"wpil_keyword_link\" title=\"RandM\" href=\"https:\/\/agoravape.com\/de\/verdampfen-nach-marke\/randm\/\" data-wpil-keyword-link=\"linked\" data-wpil-monitor-id=\"7\">RandM<\/a> Tornado 60K. Es macht alles einfach und erm\u00f6glicht Ihnen, es weiterhin zu verwenden.<\/p>\n<p data-v-md-line=\"39\">Die Vorbereitung f\u00fcr Einzelhandelsgesch\u00e4fte oder Lounges ist genauso einfach. 10 St\u00fcck pro Gro\u00dfhandelskarton und 160 St\u00fcck pro Standardkarton. Wir bieten europaweite DDP-Lieferungen \u00fcber zuverl\u00e4ssige Partner wie UPS, DPD und DHL an, sodass Sie transparente Preise erhalten und keine unangenehmen Zoll\u00fcberraschungen bef\u00fcrchten m\u00fcssen.<\/p>\n<h2 data-v-md-heading=\"why-do-you-like-it\" data-v-md-line=\"41\">Why do you like it<\/h2>\n<ul data-v-md-line=\"42\">\n<li>Enorme Saugkraft: bis zu 60.000 Z\u00fcge, was weniger Nachbestellungen und Unterbrechungen bedeutet.<\/li>\n<li>Nikotingehaltsoptionen: 0 %, 2 %, 3 % oder 5 %. Sie k\u00f6nnen den f\u00fcr Sie am besten geeigneten Nikotingehalt ausw\u00e4hlen.<\/li>\n<li>Wiederaufladbar: Dank des USB-C-Ladeanschlusses k\u00f6nnen Sie jeden Tropfen E-Liquid aufbrauchen.<\/li>\n<li>Mesh-Spule: Gleichbleibender und befriedigender Geschmack bei jedem Zug.<\/li>\n<li>Dreifacher Geschmack: Ein Ger\u00e4t mit drei Geschmacksrichtungen, kein Austausch des Kits n\u00f6tig, immer frisch.<\/li>\n<li>Klare Kontrollleuchten: Der Akku- und E-Liquid-F\u00fcllstand ist auf einen Blick erkennbar, sodass kein R\u00e4tselraten n\u00f6tig ist.<\/li>\n<\/ul>\n<h2 data-v-md-heading=\"why-choose-to-collaborate-with-agoravape\" data-v-md-line=\"49\">Warum sollten Sie sich f\u00fcr eine Zusammenarbeit mit AgoraVape entscheiden?<\/h2>\n<p data-v-md-line=\"50\">Wir liefern ausschlie\u00dflich Originalprodukte zu verg\u00fcnstigten Gro\u00dfhandelspreisen und bieten zuverl\u00e4ssigen Support. Dank unserer schnellen und zuverl\u00e4ssigen DDP-Lieferungen in ganz Europa stellen wir sicher, dass Ihr Lagerbestand stets ausreichend ist und Ihre Kosten kontrollierbar bleiben. Gerne beraten wir Sie zum Uwin RandM Tornado 60K Puffs, einer 3-in-1-Einweg-E-Zigarette \u2013 einem hochgelobten und mit Spannung erwarteten Produkt, das Kunden begeistert.<\/p>","protected":false},"excerpt":{"rendered":"<p>&nbsp;<\/p>\n<p><script src=\"chrome-extension:\/\/fpelahbljekknahkcaegamhcndkfpfnc\/iFrame.js\" type=\"text\/javascript\"><\/script><\/p>\n<p><script src=\"chrome-extension:\/\/fpelahbljekknahkcaegamhcndkfpfnc\/iFrame.js\" type=\"text\/javascript\"><\/script><\/p>\n<p><script src=\"chrome-extension:\/\/fpelahbljekknahkcaegamhcndkfpfnc\/iFrame.js\" type=\"text\/javascript\"><\/script><\/p>\n<p><script src=\"chrome-extension:\/\/fpelahbljekknahkcaegamhcndkfpfnc\/iFrame.js\" type=\"text\/javascript\"><\/script><\/p>\n<p><script src=\"chrome-extension:\/\/fpelahbljekknahkcaegamhcndkfpfnc\/iFrame.js\" type=\"text\/javascript\"><\/script><\/p>\n<p><script src=\"chrome-extension:\/\/fpelahbljekknahkcaegamhcndkfpfnc\/iFrame.js\" type=\"text\/javascript\"><\/script><\/p>\n<p><script src=\"chrome-extension:\/\/fpelahbljekknahkcaegamhcndkfpfnc\/iFrame.js\" type=\"text\/javascript\"><\/script><\/p>\n<p><script src=\"chrome-extension:\/\/fpelahbljekknahkcaegamhcndkfpfnc\/iFrame.js\" type=\"text\/javascript\"><\/script><\/p>\n<p><script src=\"chrome-extension:\/\/fpelahbljekknahkcaegamhcndkfpfnc\/iFrame.js\" type=\"text\/javascript\"><\/script><\/p>\n<p><script src=\"chrome-extension:\/\/fpelahbljekknahkcaegamhcndkfpfnc\/iFrame.js\" type=\"text\/javascript\"><\/script><\/p>\n<p><script src=\"chrome-extension:\/\/fpelahbljekknahkcaegamhcndkfpfnc\/iFrame.js\" type=\"text\/javascript\"><\/script><\/p>\n<p><script src=\"chrome-extension:\/\/fpelahbljekknahkcaegamhcndkfpfnc\/iFrame.js\" type=\"text\/javascript\"><\/script><\/p>\n<p><script src=\"chrome-extension:\/\/fpelahbljekknahkcaegamhcndkfpfnc\/iFrame.js\" type=\"text\/javascript\"><\/script><\/p>\n<p><script src=\"chrome-extension:\/\/fpelahbljekknahkcaegamhcndkfpfnc\/iFrame.js\" type=\"text\/javascript\"><\/script><\/p>\n<p><script src=\"chrome-extension:\/\/fpelahbljekknahkcaegamhcndkfpfnc\/iFrame.js\" type=\"text\/javascript\"><\/script><\/p>\n<p><script src=\"chrome-extension:\/\/fpelahbljekknahkcaegamhcndkfpfnc\/iFrame.js\" type=\"text\/javascript\"><\/script><\/p>\n<p><script src=\"chrome-extension:\/\/fpelahbljekknahkcaegamhcndkfpfnc\/iFrame.js\" type=\"text\/javascript\"><\/script><\/p>\n<p><script src=\"chrome-extension:\/\/fpelahbljekknahkcaegamhcndkfpfnc\/iFrame.js\" type=\"text\/javascript\"><\/script><\/p>\n<p><script src=\"chrome-extension:\/\/fpelahbljekknahkcaegamhcndkfpfnc\/iFrame.js\" type=\"text\/javascript\"><\/script><\/p>","protected":false},"featured_media":18347,"comment_status":"open","ping_status":"closed","template":"","meta":[],"product_brand":[244],"product_cat":[124,187,185,189,195,174,175,193,191,179,171,173,186,180,190,192],"product_tag":[],"class_list":{"0":"post-18348","1":"product","2":"type-product","3":"status-publish","4":"has-post-thumbnail","6":"product_brand-uwin","7":"product_cat-vape-by-brand","8":"product_cat-0mg-nicotine-free-vapes","9":"product_cat-10000-puffs-high-capacity","10":"product_cat-20mg-standard-nicotine-vapes","11":"product_cat-dual-flavor-switch","12":"product_cat-fruit-flavors","13":"product_cat-icy-mint","14":"product_cat-mesh-coil","15":"product_cat-rechargeable-disposables","16":"product_cat-unique-blends","17":"product_cat-uwin","18":"product_cat-vape-by-flavor-profile","19":"product_cat-vape-by-nicotine-strength","20":"product_cat-vape-by-puff-count","21":"product_cat-vape-by-feature-or-type","22":"product_cat-vapes-with-screens","24":"first","25":"instock","26":"shipping-taxable","27":"purchasable","28":"product-type-variable","29":"has-default-attributes"},"tiered_pricing_type":"percentage","tiered_pricing_fixed_rules":[],"tiered_pricing_product_settings":{"layout":"default","base_unit_name":{"singular":null,"plural":null},"default_variation":null},"tiered_pricing_minimum_quantity":100,"tiered_pricing_roles_data":[],"tiered_pricing_percentage_rules":{"200":"44","500":"47","1000":"49"},"tiered_pricing_maximum_quantity":null,"tiered_pricing_quantity_step":"10","_links":{"self":[{"href":"https:\/\/agoravape.com\/de\/wp-json\/wp\/v2\/product\/18348","targetHints":{"allow":["GET"]}}],"collection":[{"href":"https:\/\/agoravape.com\/de\/wp-json\/wp\/v2\/product"}],"about":[{"href":"https:\/\/agoravape.com\/de\/wp-json\/wp\/v2\/types\/product"}],"replies":[{"embeddable":true,"href":"https:\/\/agoravape.com\/de\/wp-json\/wp\/v2\/comments?post=18348"}],"version-history":[{"count":0,"href":"https:\/\/agoravape.com\/de\/wp-json\/wp\/v2\/product\/18348\/revisions"}],"wp:featuredmedia":[{"embeddable":true,"href":"https:\/\/agoravape.com\/de\/wp-json\/wp\/v2\/media\/18347"}],"wp:attachment":[{"href":"https:\/\/agoravape.com\/de\/wp-json\/wp\/v2\/media?parent=18348"}],"wp:term":[{"taxonomy":"product_brand","embeddable":true,"href":"https:\/\/agoravape.com\/de\/wp-json\/wp\/v2\/product_brand?post=18348"},{"taxonomy":"product_cat","embeddable":true,"href":"https:\/\/agoravape.com\/de\/wp-json\/wp\/v2\/product_cat?post=18348"},{"taxonomy":"product_tag","embeddable":true,"href":"https:\/\/agoravape.com\/de\/wp-json\/wp\/v2\/product_tag?post=18348"}],"curies":[{"name":"wp","href":"https:\/\/api.w.org\/{rel}","templated":true}]}}