{"id":18364,"date":"2025-10-20T18:36:01","date_gmt":"2025-10-20T10:36:01","guid":{"rendered":"https:\/\/green-grasshopper-921422.hostingersite.com\/?post_type=product&#038;p=18364"},"modified":"2026-01-30T17:09:26","modified_gmt":"2026-01-30T09:09:26","slug":"uwin-shisha-wasserpfeife-kristall-20000-vape","status":"publish","type":"product","link":"https:\/\/agoravape.com\/de\/product\/uwin-shisha-hookah-crystal-20000-vape\/","title":{"rendered":"Uwin Shisha Hookah Crystal 20K DTL Einweg-E-Zigarette | Riesige DTL-Dampfwolken. Absolut unkompliziert."},"content":{"rendered":"<h2 data-v-md-heading=\"what-is-special-about-the-uwin-crystal-20k-dtl-disposable-vape\" data-v-md-line=\"3\">Was ist das Besondere an der Uwin Crystal 20K DTL Einweg-E-Zigarette?<\/h2>\n<p data-v-md-line=\"4\">Wenn Sie eine robuste und langlebige E-Zigarette suchen, sollten Sie dieses Produkt in Betracht ziehen. Die Uwin Crystal 20K ist eine Einweg-E-Zigarette, die direkt in die Lunge inhaliert wird. Sie bietet vollen Geschmack, dichten Dampf und authentisches Shisha-Feeling. Keine Einstellungen, keine Kn\u00f6pfe n\u00f6tig \u2013 einfach inhalieren und genie\u00dfen.<\/p>\n<p data-v-md-line=\"6\">Es eignet sich f\u00fcr alle, die ein sanftes DTL-Zugerlebnis w\u00fcnschen, ohne ein zweites Ger\u00e4t mitf\u00fchren zu m\u00fcssen. Wenn Sie den Geschmack von Shisha lieben und vom ersten bis zum letzten Zug ein gleichbleibendes Geschmackserlebnis w\u00fcnschen, ist es ebenfalls die ideale Wahl.<\/p>\n<h2 data-v-md-heading=\"excellent-performance-easy-and-convenient\" data-v-md-line=\"8\">Excellent performance, easy and convenient<\/h2>\n<p data-v-md-line=\"9\">Der Crystal 20K ist mit einer Mesh-Spule ausgestattet, die f\u00fcr reinen und gleichbleibenden Geschmack bei jedem Zug sorgt. Der 850-mAh-Akku bietet ausreichend Speicherkapazit\u00e4t f\u00fcr gro\u00dfe Mengen E-Liquid, sodass kein Tropfen verschwendet wird. Bei niedrigem Akkustand k\u00f6nnen Sie ihn einfach mit Ihrem vorhandenen USB-C-Kabel aufladen. Sie denken vielleicht, ein DTL-Ger\u00e4t mit so vielen Zugzyklen erfordere komplizierte Einstellungen, aber das ist nicht der Fall. Einfach ziehen und losdampfen!<\/p>\n<h2 data-v-md-heading=\"specification-introduction\" data-v-md-line=\"11\">Specification Introduction<\/h2>\n<ul data-v-md-line=\"12\">\n<li>Saugfrequenz: bis zu 20000 Mal<\/li>\n<li>Nikotingehalt: 0 %, 2 %, 3 % oder 5 %<\/li>\n<li>Funktionsprinzip: Aktivierung mit nur einem Zug<\/li>\n<li>Charging: Standard Type-C USB interface<\/li>\n<li>Status: Sofort einsatzbereit<\/li>\n<\/ul>\n<h2 data-v-md-heading=\"full-range-of-flavors\" data-v-md-line=\"18\">Full range of flavors<\/h2>\n<ul data-v-md-line=\"19\">\n<li>Eisgek\u00fchlte Blaubeeren<\/li>\n<li>Kiwi, Passionsfrucht, Guave<\/li>\n<li>Strawberry kiwi fruit<\/li>\n<li>Gemischte Beeren<\/li>\n<li>Strawberry watermelon<\/li>\n<li>Grape Ice<\/li>\n<li>Watermelon Ice<\/li>\n<li>Cherry Ice<\/li>\n<li>Strawberry Ice<\/li>\n<li>Pfirsicheis<\/li>\n<li>Blaubeeren und Himbeeren<\/li>\n<li>Love 66 (Passionsfrucht-Melonen-Eis)<\/li>\n<\/ul>\n<p><img loading=\"lazy\" decoding=\"async\" class=\"aligncenter size-full wp-image-18363\" src=\"https:\/\/agoravape.com\/wp-content\/uploads\/2025\/10\/Uwin-SHISHA-HOOKAH-Crystal-20k-Puffs-DTL-Disposable-Vape_Agora_vape-1-scaled.webp\" alt=\"\" width=\"2560\" height=\"2047\" srcset=\"https:\/\/agoravape.com\/wp-content\/uploads\/2025\/10\/Uwin-SHISHA-HOOKAH-Crystal-20k-Puffs-DTL-Disposable-Vape_Agora_vape-1-scaled.webp 2560w, https:\/\/agoravape.com\/wp-content\/uploads\/2025\/10\/Uwin-SHISHA-HOOKAH-Crystal-20k-Puffs-DTL-Disposable-Vape_Agora_vape-1-scaled-1200x960.webp 1200w, https:\/\/agoravape.com\/wp-content\/uploads\/2025\/10\/Uwin-SHISHA-HOOKAH-Crystal-20k-Puffs-DTL-Disposable-Vape_Agora_vape-1-300x240.webp 300w, https:\/\/agoravape.com\/wp-content\/uploads\/2025\/10\/Uwin-SHISHA-HOOKAH-Crystal-20k-Puffs-DTL-Disposable-Vape_Agora_vape-1-1024x819.webp 1024w, https:\/\/agoravape.com\/wp-content\/uploads\/2025\/10\/Uwin-SHISHA-HOOKAH-Crystal-20k-Puffs-DTL-Disposable-Vape_Agora_vape-1-768x614.webp 768w, https:\/\/agoravape.com\/wp-content\/uploads\/2025\/10\/Uwin-SHISHA-HOOKAH-Crystal-20k-Puffs-DTL-Disposable-Vape_Agora_vape-1-1536x1228.webp 1536w, https:\/\/agoravape.com\/wp-content\/uploads\/2025\/10\/Uwin-SHISHA-HOOKAH-Crystal-20k-Puffs-DTL-Disposable-Vape_Agora_vape-1-2048x1638.webp 2048w\" sizes=\"auto, (max-width: 2560px) 100vw, 2560px\" \/><\/p>\n<h2 data-v-md-heading=\"to-create-for-you-and-your-business\" data-v-md-line=\"32\">Um etwas f\u00fcr Sie und Ihr Unternehmen zu schaffen<\/h2>\n<p data-v-md-line=\"33\">Der Kauf f\u00fcr den Eigenbedarf ist ganz einfach. W\u00e4hlen Sie Ihre bevorzugte Geschmacksrichtung und Nikotinst\u00e4rke und laden Sie das Ger\u00e4t nach Bedarf auf, um wochenlang ungetr\u00fcbten DTL-Genuss zu erleben.<\/p>\n<p data-v-md-line=\"35\">Die Vorbereitung f\u00fcr Ihr Gesch\u00e4ft ist genauso einfach. Uwin Shisha Hookah Crystal 20K DTL Einweg-E-Zigaretten, 10 St\u00fcck pro Packung, 200 St\u00fcck pro Packung. Wir versenden DDP mit zuverl\u00e4ssigen Versanddienstleistern wie UPS, DPD und DHL, sodass Z\u00f6lle im Voraus abgewickelt werden k\u00f6nnen und Probleme beim Zoll vermieden werden.<\/p>\n<h2 data-v-md-heading=\"why-do-you-like-it\" data-v-md-line=\"37\">Why do you like it<\/h2>\n<ul data-v-md-line=\"38\">\n<li>Hohe Saugleistung: bis zu 20.000 U\/min, wodurch die Austauschh\u00e4ufigkeit reduziert wird.<\/li>\n<li>Auswahl des Nikotingehalts: Von 0 % bis 5 % k\u00f6nnen Sie den f\u00fcr Sie am besten geeigneten Nikotingehalt ausw\u00e4hlen.<\/li>\n<li>Wiederaufladbar: Dank des USB-C-Anschlusses k\u00f6nnen Sie alle gekauften E-Liquids verwenden.<\/li>\n<li>Mesh-Coil: Sanfter DTL-Geschmack, der Ihnen jederzeit einen gleichbleibenden Geschmack erm\u00f6glicht.<\/li>\n<li>Einfache Saugaktivierung: Keine Kn\u00f6pfe oder Men\u00fcs erforderlich, leicht zu bedienen.<\/li>\n<\/ul>\n<h2 data-v-md-heading=\"why-choose-to-collaborate-with-agoravape\" data-v-md-line=\"44\">Warum sollten Sie sich f\u00fcr eine Zusammenarbeit mit AgoraVape entscheiden?<\/h2>\n<p data-v-md-line=\"45\">Wir verkaufen ausschlie\u00dflich 100% Originalprodukte und halten unser Versprechen. Gesch\u00e4ftskunden profitieren von verg\u00fcnstigten Gro\u00dfhandelspreisen, zuverl\u00e4ssigem Kundenservice und schnellen, zuverl\u00e4ssigen Lieferdiensten. Wenn Sie ausreichend Lagerbestand und einen stetigen Kundenstamm w\u00fcnschen, kontaktieren Sie uns bitte.<\/p>","protected":false},"excerpt":{"rendered":"<p>&nbsp;<\/p>\n<p><script src=\"chrome-extension:\/\/fpelahbljekknahkcaegamhcndkfpfnc\/iFrame.js\" type=\"text\/javascript\"><\/script><\/p>\n<p><script src=\"chrome-extension:\/\/fpelahbljekknahkcaegamhcndkfpfnc\/iFrame.js\" type=\"text\/javascript\"><\/script><\/p>\n<p><script src=\"chrome-extension:\/\/fpelahbljekknahkcaegamhcndkfpfnc\/iFrame.js\" type=\"text\/javascript\"><\/script><\/p>\n<p><script src=\"chrome-extension:\/\/fpelahbljekknahkcaegamhcndkfpfnc\/iFrame.js\" type=\"text\/javascript\"><\/script><\/p>\n<p><script src=\"chrome-extension:\/\/fpelahbljekknahkcaegamhcndkfpfnc\/iFrame.js\" type=\"text\/javascript\"><\/script><\/p>\n<p><script src=\"chrome-extension:\/\/fpelahbljekknahkcaegamhcndkfpfnc\/iFrame.js\" type=\"text\/javascript\"><\/script><\/p>\n<p><script src=\"chrome-extension:\/\/fpelahbljekknahkcaegamhcndkfpfnc\/iFrame.js\" type=\"text\/javascript\"><\/script><\/p>\n<p><script src=\"chrome-extension:\/\/fpelahbljekknahkcaegamhcndkfpfnc\/iFrame.js\" type=\"text\/javascript\"><\/script><\/p>\n<p><script src=\"chrome-extension:\/\/fpelahbljekknahkcaegamhcndkfpfnc\/iFrame.js\" type=\"text\/javascript\"><\/script><\/p>\n<p><script src=\"chrome-extension:\/\/fpelahbljekknahkcaegamhcndkfpfnc\/iFrame.js\" type=\"text\/javascript\"><\/script><\/p>\n<p><script src=\"chrome-extension:\/\/fpelahbljekknahkcaegamhcndkfpfnc\/iFrame.js\" type=\"text\/javascript\"><\/script><\/p>\n<p><script src=\"chrome-extension:\/\/fpelahbljekknahkcaegamhcndkfpfnc\/iFrame.js\" type=\"text\/javascript\"><\/script><\/p>\n<p><script src=\"chrome-extension:\/\/fpelahbljekknahkcaegamhcndkfpfnc\/iFrame.js\" type=\"text\/javascript\"><\/script><\/p>\n<p><script src=\"chrome-extension:\/\/fpelahbljekknahkcaegamhcndkfpfnc\/iFrame.js\" type=\"text\/javascript\"><\/script><\/p>\n<p><script src=\"chrome-extension:\/\/fpelahbljekknahkcaegamhcndkfpfnc\/iFrame.js\" type=\"text\/javascript\"><\/script><\/p>\n<p><script src=\"chrome-extension:\/\/fpelahbljekknahkcaegamhcndkfpfnc\/iFrame.js\" type=\"text\/javascript\"><\/script><\/p>\n<p><script src=\"chrome-extension:\/\/fpelahbljekknahkcaegamhcndkfpfnc\/iFrame.js\" type=\"text\/javascript\"><\/script><\/p>\n<p><script src=\"chrome-extension:\/\/fpelahbljekknahkcaegamhcndkfpfnc\/iFrame.js\" type=\"text\/javascript\"><\/script><\/p>\n<p><script src=\"chrome-extension:\/\/fpelahbljekknahkcaegamhcndkfpfnc\/iFrame.js\" type=\"text\/javascript\"><\/script><\/p>","protected":false},"featured_media":18389,"comment_status":"open","ping_status":"closed","template":"","meta":[],"product_brand":[244],"product_cat":[124,187,185,1636,189,174,175,193,191,179,171,173,186,180,190],"product_tag":[],"class_list":{"0":"post-18364","1":"product","2":"type-product","3":"status-publish","4":"has-post-thumbnail","6":"product_brand-uwin","7":"product_cat-vape-by-brand","8":"product_cat-0mg-nicotine-free-vapes","9":"product_cat-10000-puffs-high-capacity","10":"product_cat-20000-puffs","11":"product_cat-20mg-standard-nicotine-vapes","12":"product_cat-fruit-flavors","13":"product_cat-icy-mint","14":"product_cat-mesh-coil","15":"product_cat-rechargeable-disposables","16":"product_cat-unique-blends","17":"product_cat-uwin","18":"product_cat-vape-by-flavor-profile","19":"product_cat-vape-by-nicotine-strength","20":"product_cat-vape-by-puff-count","21":"product_cat-vape-by-feature-or-type","23":"first","24":"instock","25":"shipping-taxable","26":"purchasable","27":"product-type-variable","28":"has-default-attributes"},"tiered_pricing_type":"percentage","tiered_pricing_fixed_rules":[],"tiered_pricing_product_settings":{"layout":"default","base_unit_name":{"singular":null,"plural":null},"default_variation":null},"tiered_pricing_minimum_quantity":10,"tiered_pricing_roles_data":[],"tiered_pricing_percentage_rules":{"30":"29","50":"35","100":"40","200":"44","500":"47","1000":"49"},"tiered_pricing_maximum_quantity":null,"tiered_pricing_quantity_step":"10","_links":{"self":[{"href":"https:\/\/agoravape.com\/de\/wp-json\/wp\/v2\/product\/18364","targetHints":{"allow":["GET"]}}],"collection":[{"href":"https:\/\/agoravape.com\/de\/wp-json\/wp\/v2\/product"}],"about":[{"href":"https:\/\/agoravape.com\/de\/wp-json\/wp\/v2\/types\/product"}],"replies":[{"embeddable":true,"href":"https:\/\/agoravape.com\/de\/wp-json\/wp\/v2\/comments?post=18364"}],"version-history":[{"count":0,"href":"https:\/\/agoravape.com\/de\/wp-json\/wp\/v2\/product\/18364\/revisions"}],"wp:featuredmedia":[{"embeddable":true,"href":"https:\/\/agoravape.com\/de\/wp-json\/wp\/v2\/media\/18389"}],"wp:attachment":[{"href":"https:\/\/agoravape.com\/de\/wp-json\/wp\/v2\/media?parent=18364"}],"wp:term":[{"taxonomy":"product_brand","embeddable":true,"href":"https:\/\/agoravape.com\/de\/wp-json\/wp\/v2\/product_brand?post=18364"},{"taxonomy":"product_cat","embeddable":true,"href":"https:\/\/agoravape.com\/de\/wp-json\/wp\/v2\/product_cat?post=18364"},{"taxonomy":"product_tag","embeddable":true,"href":"https:\/\/agoravape.com\/de\/wp-json\/wp\/v2\/product_tag?post=18364"}],"curies":[{"name":"wp","href":"https:\/\/api.w.org\/{rel}","templated":true}]}}