{"id":18392,"date":"2025-10-20T18:47:21","date_gmt":"2025-10-20T10:47:21","guid":{"rendered":"https:\/\/green-grasshopper-921422.hostingersite.com\/?post_type=product&#038;p=18392"},"modified":"2025-12-15T21:29:59","modified_gmt":"2025-12-15T13:29:59","slug":"uwin-crystal-10k-puffs-rgb","status":"publish","type":"product","link":"https:\/\/agoravape.com\/de\/product\/uwin-crystal-10k-puffs-rgb\/","title":{"rendered":"Uwin Crystal 10K Puffs RGB Light Disposable Vape | Long-Lasting Puffs, No Fuss"},"content":{"rendered":"<h2 data-v-md-heading=\"what-are-the-highlights-of-uwin-crystal-10k-rgb-disposable-vape-30-e-liquids\" data-v-md-line=\"3\"><img loading=\"lazy\" decoding=\"async\" class=\"aligncenter size-full wp-image-18413\" src=\"https:\/\/agoravape.com\/wp-content\/uploads\/2025\/10\/Uwin-Crystal-10K-Puffs-RGB-Light-Disposable-Vape-30-Flaros_Agora_vape-8-scaled.webp\" alt=\"\" width=\"2560\" height=\"1922\" srcset=\"https:\/\/agoravape.com\/wp-content\/uploads\/2025\/10\/Uwin-Crystal-10K-Puffs-RGB-Light-Disposable-Vape-30-Flaros_Agora_vape-8-scaled.webp 2560w, https:\/\/agoravape.com\/wp-content\/uploads\/2025\/10\/Uwin-Crystal-10K-Puffs-RGB-Light-Disposable-Vape-30-Flaros_Agora_vape-8-scaled-1200x901.webp 1200w, https:\/\/agoravape.com\/wp-content\/uploads\/2025\/10\/Uwin-Crystal-10K-Puffs-RGB-Light-Disposable-Vape-30-Flaros_Agora_vape-8-300x225.webp 300w, https:\/\/agoravape.com\/wp-content\/uploads\/2025\/10\/Uwin-Crystal-10K-Puffs-RGB-Light-Disposable-Vape-30-Flaros_Agora_vape-8-1024x769.webp 1024w, https:\/\/agoravape.com\/wp-content\/uploads\/2025\/10\/Uwin-Crystal-10K-Puffs-RGB-Light-Disposable-Vape-30-Flaros_Agora_vape-8-768x577.webp 768w, https:\/\/agoravape.com\/wp-content\/uploads\/2025\/10\/Uwin-Crystal-10K-Puffs-RGB-Light-Disposable-Vape-30-Flaros_Agora_vape-8-1536x1153.webp 1536w, https:\/\/agoravape.com\/wp-content\/uploads\/2025\/10\/Uwin-Crystal-10K-Puffs-RGB-Light-Disposable-Vape-30-Flaros_Agora_vape-8-2048x1537.webp 2048w\" sizes=\"auto, (max-width: 2560px) 100vw, 2560px\" \/><\/h2>\n<h2 data-v-md-heading=\"what-are-the-highlights-of-uwin-crystal-10k-rgb-disposable-vape-30-e-liquids\" data-v-md-line=\"3\">Was sind die Highlights von Uwin Crystal 10K RGB Einweg-Vape | 30 E-Liquids?<\/h2>\n<p data-v-md-line=\"4\">Wenn Sie es leid sind, alle paar Tage das Ger\u00e4t zu wechseln, ist dieses Produkt einen Blick wert. Der Uwin Crystal 10K hat sich dem Ziel verschrieben, ein einfaches und zuverl\u00e4ssiges Dampferlebnis zu schaffen, mit einer langen Akkulaufzeit und einem sauberen und klaren Raucherlebnis. Sie brauchen kein Men\u00fc, Sie brauchen sich keine Sorgen zu machen. W\u00e4hlen Sie einfach die Geschmacksrichtung und Sie k\u00f6nnen es leicht inhalieren.<\/p>\n<p data-v-md-line=\"6\">Wenn Sie einen langlebigen und sorgenfreien Einweg-Vaporizer suchen, dann ist dieses Produkt die ideale Wahl. Helle RGB-Lichter flackern auf, wenn Du inhalierst, und verleihen Dir einen Hauch von Mode, ohne Dich zu st\u00f6ren. Sie denken vielleicht, dass ein 10K Vape sich wie ein Ziegelstein anf\u00fchlt, aber dieses Produkt ist sehr bequem in der Hand zu halten und kann leicht in Ihre Tasche passen.<\/p>\n<h2 data-v-md-heading=\"excellent-performance-easy-and-convenient\" data-v-md-line=\"8\">Excellent performance, easy and convenient<\/h2>\n<p data-v-md-line=\"9\">Dieses Ger\u00e4t verf\u00fcgt \u00fcber einen effizienten Zerst\u00e4ubungskern und einen dichten Lufteinlass, der einen stabilen Geschmack vom ersten bis zum letzten Bissen gew\u00e4hrleistet. Glatter Sog, lang anhaltende Stabilit\u00e4t. Wenn die Batterie niedrig ist, k\u00f6nnen Sie es durch die eingebaute USB-Schnittstelle aufladen, um alle e-Fl\u00fcssigkeit, die Sie gekauft haben, vollst\u00e4ndig zu nutzen. Einfach und bequem.<\/p>\n<h2 data-v-md-heading=\"specification-overview\" data-v-md-line=\"11\">Specification Overview<\/h2>\n<ul data-v-md-line=\"12\">\n<li>Saugfrequenz: bis zu 10000 Mal<\/li>\n<li>Nikotingehalt: Die verschiedenen Marktoptionen k\u00f6nnen variieren. In den TPD-Regionen ist in der Regel ein maximaler Nikotingehalt von 20 Milligramm zul\u00e4ssig, und es kann auch eine Option ohne Nikotingehalt angeboten werden. Aktuelle Auswahl ansehen<\/li>\n<li>Working principle: Activated by inhalation<\/li>\n<li>Lademethode: USB-Laden (viele Ger\u00e4te verwenden die Typ-C-Schnittstelle)<\/li>\n<li>Status: Sofort einsatzbereit<\/li>\n<\/ul>\n<h2 data-v-md-heading=\"for-you-and-your-business\" data-v-md-line=\"18\">For you and your business<\/h2>\n<p data-v-md-line=\"19\">Kaufen Sie f\u00fcr sich selbst? W\u00e4hlen Sie Ihren Lieblingsgeschmack aus 30 Optionen. Kaufen Sie f\u00fcr Ihr Gesch\u00e4ft? Wir bieten Ihnen flexible Gro\u00dfhandelsoptionen, die es Ihnen erm\u00f6glichen, entsprechend dem tats\u00e4chlichen Bedarf Ihrer Kunden einzukaufen. Nehmen Sie Kontakt mit uns auf, um mehr \u00fcber Zigarettenschachtelgr\u00f6\u00dfen, Geschmackskombinationen und optimale Gro\u00dfhandelspreise zu erfahren.<\/p>\n<p data-v-md-line=\"21\">Wir versenden E-Liquids an die meisten europ\u00e4ischen Bestimmungsorte mit UPS, DPD und DHL \u00fcber DDP. Dies bedeutet, dass die Z\u00f6lle vorverarbeitet werden, um unerwartete Zollvorf\u00e4lle zu vermeiden. Die Bestellung wird sicher verpackt und Tracking-Services werden zur Verf\u00fcgung gestellt werden.<\/p>\n<h2 data-v-md-heading=\"why-do-you-like-it\" data-v-md-line=\"23\">Why do you like it<\/h2>\n<ul data-v-md-line=\"24\">\n<li>Gro\u00dfes Kaliber: Langlebig und langlebig, keine Notwendigkeit, h\u00e4ufig neue Zigaretten zu kaufen<\/li>\n<li>Auswahl des Nikotins: W\u00e4hlen Sie ein Nikotin, das Ihren t\u00e4glichen Gewohnheiten und den \u00f6rtlichen Vorschriften entspricht<\/li>\n<li>Wiederaufladbar: Sie k\u00f6nnen den Akku aufladen und das E-Liquid ablassen<\/li>\n<li>Konsistenter Geschmack: Spule und Ansaugsystem sorgen f\u00fcr ein stabiles und zufriedenstellendes Saugerlebnis<\/li>\n<\/ul>\n<h2 data-v-md-heading=\"brief-explanation-on-compliance-and-authenticity\" data-v-md-line=\"29\">Kurze Erl\u00e4uterung zu Compliance und Authentizit\u00e4t<\/h2>\n<ul data-v-md-line=\"30\">\n<li>EU\/UK TPD: Auf vielen EU-M\u00e4rkten m\u00fcssen Nikotinprodukte die Beschr\u00e4nkungen von 2 Millilitern und maximal 20 Milligramm einhalten. Gro\u00dfkalibrige Ger\u00e4te werden in der Regel nikotinfrei geliefert oder sind f\u00fcr bestimmte Regionen bestimmt. Bevor Sie eine Bestellung aufgeben, pr\u00fcfen Sie bitte die Produktoptionen und die \u00f6rtlichen Vorschriften.<\/li>\n<li>Authentischer Bestand: Wir kaufen authentische Produkte von vertrauensw\u00fcrdigen Lieferanten und f\u00fchren eine Chargenverfolgung durch. Wenn Sie Details zur Sendungsverifizierung ben\u00f6tigen, wenden Sie sich bitte an unser Team.<\/li>\n<\/ul>\n<h2 data-v-md-heading=\"why-choose-to-collaborate-with-agoravape\" data-v-md-line=\"33\">Warum sollten Sie sich f\u00fcr eine Zusammenarbeit mit AgoraVape entscheiden?<\/h2>\n<p data-v-md-line=\"34\">Wir sind einer der vertrauensw\u00fcrdigsten Vape-Distributoren in Europa, deshalb verkaufen wir nur 100% Originalprodukte. F\u00fcr gewerbliche Kunden bedeutet dies erm\u00e4\u00dfigte Gro\u00dfhandelspreise, echte Unterst\u00fctzung von Branchenexperten und schnelle, zuverl\u00e4ssige und steuerpflichtige Lieferdienste f\u00fcr Uwin Crystal 10K Puffs RGB Light Einwegdampfer | 30 Flaros. Kontaktieren Sie uns, um ein langlebiges Einwegprodukt auf Lager zu haben, das es wert ist, von Ihren Kunden wieder gekauft zu werden.<\/p>\n<p><script src=\"chrome-extension:\/\/fpelahbljekknahkcaegamhcndkfpfnc\/iFrame.js\" type=\"text\/javascript\"><\/script><\/p>","protected":false},"excerpt":{"rendered":"<p>&nbsp;<\/p>\n<p><script src=\"chrome-extension:\/\/fpelahbljekknahkcaegamhcndkfpfnc\/iFrame.js\" type=\"text\/javascript\"><\/script><\/p>\n<p><script src=\"chrome-extension:\/\/fpelahbljekknahkcaegamhcndkfpfnc\/iFrame.js\" type=\"text\/javascript\"><\/script><\/p>\n<p><script src=\"chrome-extension:\/\/fpelahbljekknahkcaegamhcndkfpfnc\/iFrame.js\" type=\"text\/javascript\"><\/script><\/p>\n<p><script src=\"chrome-extension:\/\/fpelahbljekknahkcaegamhcndkfpfnc\/iFrame.js\" type=\"text\/javascript\"><\/script><\/p>\n<p><script src=\"chrome-extension:\/\/fpelahbljekknahkcaegamhcndkfpfnc\/iFrame.js\" type=\"text\/javascript\"><\/script><\/p>\n<p><script src=\"chrome-extension:\/\/fpelahbljekknahkcaegamhcndkfpfnc\/iFrame.js\" type=\"text\/javascript\"><\/script><\/p>\n<p><script src=\"chrome-extension:\/\/fpelahbljekknahkcaegamhcndkfpfnc\/iFrame.js\" type=\"text\/javascript\"><\/script><\/p>\n<p><script src=\"chrome-extension:\/\/fpelahbljekknahkcaegamhcndkfpfnc\/iFrame.js\" type=\"text\/javascript\"><\/script><\/p>\n<p><script src=\"chrome-extension:\/\/fpelahbljekknahkcaegamhcndkfpfnc\/iFrame.js\" type=\"text\/javascript\"><\/script><\/p>\n<p><script src=\"chrome-extension:\/\/fpelahbljekknahkcaegamhcndkfpfnc\/iFrame.js\" type=\"text\/javascript\"><\/script><\/p>\n<p><script src=\"chrome-extension:\/\/fpelahbljekknahkcaegamhcndkfpfnc\/iFrame.js\" type=\"text\/javascript\"><\/script><\/p>\n<p><script src=\"chrome-extension:\/\/fpelahbljekknahkcaegamhcndkfpfnc\/iFrame.js\" type=\"text\/javascript\"><\/script><\/p>\n<p><script src=\"chrome-extension:\/\/fpelahbljekknahkcaegamhcndkfpfnc\/iFrame.js\" type=\"text\/javascript\"><\/script><\/p>\n<p><script src=\"chrome-extension:\/\/fpelahbljekknahkcaegamhcndkfpfnc\/iFrame.js\" type=\"text\/javascript\"><\/script><\/p>\n<p><script src=\"chrome-extension:\/\/fpelahbljekknahkcaegamhcndkfpfnc\/iFrame.js\" type=\"text\/javascript\"><\/script><\/p>\n<p><script src=\"chrome-extension:\/\/fpelahbljekknahkcaegamhcndkfpfnc\/iFrame.js\" type=\"text\/javascript\"><\/script><\/p>\n<p><script src=\"chrome-extension:\/\/fpelahbljekknahkcaegamhcndkfpfnc\/iFrame.js\" type=\"text\/javascript\"><\/script><\/p>\n<p><script src=\"chrome-extension:\/\/fpelahbljekknahkcaegamhcndkfpfnc\/iFrame.js\" type=\"text\/javascript\"><\/script><\/p>\n<p><script src=\"chrome-extension:\/\/fpelahbljekknahkcaegamhcndkfpfnc\/iFrame.js\" type=\"text\/javascript\"><\/script><\/p>","protected":false},"featured_media":18420,"comment_status":"open","ping_status":"closed","template":"","meta":[],"product_brand":[244],"product_cat":[124,187,185,189,174,175,193,191,179,171,173,186,180,190],"product_tag":[],"class_list":{"0":"post-18392","1":"product","2":"type-product","3":"status-publish","4":"has-post-thumbnail","6":"product_brand-uwin","7":"product_cat-vape-by-brand","8":"product_cat-0mg-nicotine-free-vapes","9":"product_cat-10000-puffs-high-capacity","10":"product_cat-20mg-standard-nicotine-vapes","11":"product_cat-fruit-flavors","12":"product_cat-icy-mint","13":"product_cat-mesh-coil","14":"product_cat-rechargeable-disposables","15":"product_cat-unique-blends","16":"product_cat-uwin","17":"product_cat-vape-by-flavor-profile","18":"product_cat-vape-by-nicotine-strength","19":"product_cat-vape-by-puff-count","20":"product_cat-vape-by-feature-or-type","22":"first","23":"instock","24":"shipping-taxable","25":"purchasable","26":"product-type-variable","27":"has-default-attributes"},"tiered_pricing_type":"percentage","tiered_pricing_fixed_rules":[],"tiered_pricing_product_settings":{"layout":"default","base_unit_name":{"singular":null,"plural":null},"default_variation":null},"tiered_pricing_minimum_quantity":10,"tiered_pricing_roles_data":[],"tiered_pricing_percentage_rules":{"30":"29","50":"35","100":"40","200":"44","500":"47","1000":"49"},"tiered_pricing_maximum_quantity":null,"tiered_pricing_quantity_step":"10","_links":{"self":[{"href":"https:\/\/agoravape.com\/de\/wp-json\/wp\/v2\/product\/18392","targetHints":{"allow":["GET"]}}],"collection":[{"href":"https:\/\/agoravape.com\/de\/wp-json\/wp\/v2\/product"}],"about":[{"href":"https:\/\/agoravape.com\/de\/wp-json\/wp\/v2\/types\/product"}],"replies":[{"embeddable":true,"href":"https:\/\/agoravape.com\/de\/wp-json\/wp\/v2\/comments?post=18392"}],"version-history":[{"count":0,"href":"https:\/\/agoravape.com\/de\/wp-json\/wp\/v2\/product\/18392\/revisions"}],"wp:featuredmedia":[{"embeddable":true,"href":"https:\/\/agoravape.com\/de\/wp-json\/wp\/v2\/media\/18420"}],"wp:attachment":[{"href":"https:\/\/agoravape.com\/de\/wp-json\/wp\/v2\/media?parent=18392"}],"wp:term":[{"taxonomy":"product_brand","embeddable":true,"href":"https:\/\/agoravape.com\/de\/wp-json\/wp\/v2\/product_brand?post=18392"},{"taxonomy":"product_cat","embeddable":true,"href":"https:\/\/agoravape.com\/de\/wp-json\/wp\/v2\/product_cat?post=18392"},{"taxonomy":"product_tag","embeddable":true,"href":"https:\/\/agoravape.com\/de\/wp-json\/wp\/v2\/product_tag?post=18392"}],"curies":[{"name":"wp","href":"https:\/\/api.w.org\/{rel}","templated":true}]}}