{"id":19088,"date":"2025-10-29T13:23:47","date_gmt":"2025-10-29T05:23:47","guid":{"rendered":"https:\/\/agoravape.com\/?post_type=product&#038;p=19088"},"modified":"2026-01-19T21:59:56","modified_gmt":"2026-01-19T13:59:56","slug":"bang-15000-puffs-einweg-vape","status":"publish","type":"product","link":"https:\/\/agoravape.com\/de\/product\/bang-15000-puffs-disposable-vape\/","title":{"rendered":"Bang 15000 Puffs | Unglaublicher Geschmack, der einfach nicht aufh\u00f6rt"},"content":{"rendered":"<h2 data-v-md-heading=\"how-great-is-bang-15000-mesh-coil-disposable-vape\" data-v-md-line=\"3\"><img loading=\"lazy\" decoding=\"async\" class=\"aligncenter size-full wp-image-19063\" src=\"https:\/\/agoravape.com\/wp-content\/uploads\/2025\/10\/Bang-15000-Puffs-Massive-Flavour-That-Just-Keeps-Going_Agora_vape-2-scaled.webp\" alt=\"\" width=\"2560\" height=\"1438\" srcset=\"https:\/\/agoravape.com\/wp-content\/uploads\/2025\/10\/Bang-15000-Puffs-Massive-Flavour-That-Just-Keeps-Going_Agora_vape-2-scaled.webp 2560w, https:\/\/agoravape.com\/wp-content\/uploads\/2025\/10\/Bang-15000-Puffs-Massive-Flavour-That-Just-Keeps-Going_Agora_vape-2-scaled-1200x674.webp 1200w, https:\/\/agoravape.com\/wp-content\/uploads\/2025\/10\/Bang-15000-Puffs-Massive-Flavour-That-Just-Keeps-Going_Agora_vape-2-300x169.webp 300w, https:\/\/agoravape.com\/wp-content\/uploads\/2025\/10\/Bang-15000-Puffs-Massive-Flavour-That-Just-Keeps-Going_Agora_vape-2-1024x575.webp 1024w, https:\/\/agoravape.com\/wp-content\/uploads\/2025\/10\/Bang-15000-Puffs-Massive-Flavour-That-Just-Keeps-Going_Agora_vape-2-768x431.webp 768w, https:\/\/agoravape.com\/wp-content\/uploads\/2025\/10\/Bang-15000-Puffs-Massive-Flavour-That-Just-Keeps-Going_Agora_vape-2-1536x863.webp 1536w, https:\/\/agoravape.com\/wp-content\/uploads\/2025\/10\/Bang-15000-Puffs-Massive-Flavour-That-Just-Keeps-Going_Agora_vape-2-2048x1150.webp 2048w\" sizes=\"auto, (max-width: 2560px) 100vw, 2560px\" \/><\/h2>\n<h2 data-v-md-heading=\"how-great-is-bang-15000-mesh-coil-disposable-vape\" data-v-md-line=\"3\"><img loading=\"lazy\" decoding=\"async\" class=\"aligncenter size-full wp-image-19086\" src=\"https:\/\/agoravape.com\/wp-content\/uploads\/2025\/10\/Bang-15000-Puffs-Massive-Flavour-That-Just-Keeps-Going_Agora_vape-25.webp\" alt=\"\" width=\"1923\" height=\"1080\" srcset=\"https:\/\/agoravape.com\/wp-content\/uploads\/2025\/10\/Bang-15000-Puffs-Massive-Flavour-That-Just-Keeps-Going_Agora_vape-25.webp 1923w, https:\/\/agoravape.com\/wp-content\/uploads\/2025\/10\/Bang-15000-Puffs-Massive-Flavour-That-Just-Keeps-Going_Agora_vape-25-1200x674.webp 1200w, https:\/\/agoravape.com\/wp-content\/uploads\/2025\/10\/Bang-15000-Puffs-Massive-Flavour-That-Just-Keeps-Going_Agora_vape-25-300x168.webp 300w, https:\/\/agoravape.com\/wp-content\/uploads\/2025\/10\/Bang-15000-Puffs-Massive-Flavour-That-Just-Keeps-Going_Agora_vape-25-1024x575.webp 1024w, https:\/\/agoravape.com\/wp-content\/uploads\/2025\/10\/Bang-15000-Puffs-Massive-Flavour-That-Just-Keeps-Going_Agora_vape-25-768x431.webp 768w, https:\/\/agoravape.com\/wp-content\/uploads\/2025\/10\/Bang-15000-Puffs-Massive-Flavour-That-Just-Keeps-Going_Agora_vape-25-1536x863.webp 1536w\" sizes=\"auto, (max-width: 1923px) 100vw, 1923px\" \/><\/h2>\n<h2 data-v-md-heading=\"how-great-is-bang-15000-mesh-coil-disposable-vape\" data-v-md-line=\"3\"><\/h2>\n<h2 data-v-md-heading=\"how-great-is-bang-15000-mesh-coil-disposable-vape\" data-v-md-line=\"3\">Wie gut ist die Bang 15000 Mesh-Coil Einweg-E-Zigarette?<\/h2>\n<p data-v-md-line=\"4\">Sind Sie es leid, dass Einweg-E-Zigaretten nach nicht einmal einer halben Woche kaputtgehen? Dann sollten Sie sich dieses Produkt unbedingt ansehen. Das Designkonzept der Bang 15000 ist einfach: extreme Langlebigkeit. Jedes Ger\u00e4t bietet Platz f\u00fcr 15.000 Z\u00fcge und ist speziell f\u00fcr alle entwickelt, die unkompliziert und zuverl\u00e4ssig lecker dampfen m\u00f6chten. Kein Nachf\u00fcllen von Liquid oder Wechseln der Verdampferk\u00f6pfe n\u00f6tig \u2013 sofort einsatzbereit.<\/p>\n<p data-v-md-line=\"6\">Sie denken vielleicht, dass ein Verdampfer mit so gro\u00dfem Tankvolumen sperrig und unpraktisch zum Mitnehmen w\u00e4re, aber Sie werden \u00fcberrascht sein, wie leicht und handlich er ist. Ob Sie mit Freunden ausgehen oder zu Hause entspannen \u2013 er ist perfekt f\u00fcr unterwegs und garantiert Ihnen einen zuverl\u00e4ssigen Verdampfer, der Sie nicht entt\u00e4uschen wird.<\/p>\n<h2 data-v-md-heading=\"excellent-performance-worry-free\" data-v-md-line=\"8\">Hervorragende Leistung, sorgenfrei<\/h2>\n<p data-v-md-line=\"9\">Das Geheimnis des gleichbleibenden Geschmacks liegt in den integrierten Mesh-Coils. Diese Technologie sorgt f\u00fcr eine gleichm\u00e4\u00dfige Erhitzung des E-Liquids und garantiert so ein unvergleichliches Geschmackserlebnis. Kein stechender oder verbrannter Geruch \u2013 f\u00fcr ein stets sanftes und genussvolles Dampferlebnis. Ist der Akku leer, l\u00e4sst er sich mit einem Standard-USB-C-Kabel aufladen, m\u00f6glicherweise sogar mit dem gleichen Kabel wie beim Smartphone. So einfach ist das.<\/p>\n<h2 data-v-md-heading=\"specification-introduction\" data-v-md-line=\"11\">Specification Introduction<\/h2>\n<p data-v-md-line=\"12\"><strong>Anzahl der Saugvorg\u00e4nge<\/strong>: bis zu 15000 Saugvorg\u00e4nge<br \/>\n<strong>Nikotin<\/strong>Bietet Konzentrationen von 0 %, 2 %, 3 % und 5 % an.<br \/>\n<strong>Verwendung<\/strong>Nehmen Sie einen Zug, um das Ger\u00e4t zu aktivieren.<br \/>\n<strong>Charging<\/strong>Standardm\u00e4\u00dfige USB-Typ-C-Schnittstelle<br \/>\n<strong>Status<\/strong>Sofort einsatzbereit nach dem Auspacken<\/p>\n<h2 data-v-md-heading=\"complete-flavor-lineup\" data-v-md-line=\"18\">Vollst\u00e4ndiges Geschmackssortiment<\/h2>\n<ul data-v-md-line=\"19\">\n<li>Ananas-Eis<\/li>\n<li>Watermelon Bubble Gum<\/li>\n<li>Dreifachbeeren-Eis<\/li>\n<li>Pfirsicheis<\/li>\n<li>Granatapfeleis<\/li>\n<li>Blue Rink Ice<\/li>\n<li>Strawberry watermelon<\/li>\n<li>Melonen\u00e4hnlich<\/li>\n<li>Regenbogen-Schneeflocke<\/li>\n<li>Strawberry Mango<\/li>\n<li>K\u00f6nigliche Trauben<\/li>\n<li>Leidenschaftlicher Kuss<\/li>\n<li>Doppelapfel<\/li>\n<li>Pfirsich und Mango<\/li>\n<li>Strawberry kiwi fruit<\/li>\n<li>Watermelon Ice<\/li>\n<li>Melonenblau<\/li>\n<li>Love 66<\/li>\n<li>Sexy Beach<\/li>\n<li>Pfirsich- und Beerenfr\u00fcchte<\/li>\n<li>K\u00fchle Minze<\/li>\n<li>Erdbeer- und Litschigeschmack<\/li>\n<\/ul>\n<p>&nbsp;<\/p>\n<p><img loading=\"lazy\" decoding=\"async\" class=\"aligncenter size-full wp-image-19087\" src=\"https:\/\/agoravape.com\/wp-content\/uploads\/2025\/10\/Bang-15000-Puffs-Massive-Flavour-That-Just-Keeps-Going_Agora_vape-26.webp\" alt=\"\" width=\"1296\" height=\"1080\" srcset=\"https:\/\/agoravape.com\/wp-content\/uploads\/2025\/10\/Bang-15000-Puffs-Massive-Flavour-That-Just-Keeps-Going_Agora_vape-26.webp 1296w, https:\/\/agoravape.com\/wp-content\/uploads\/2025\/10\/Bang-15000-Puffs-Massive-Flavour-That-Just-Keeps-Going_Agora_vape-26-1200x1000.webp 1200w, https:\/\/agoravape.com\/wp-content\/uploads\/2025\/10\/Bang-15000-Puffs-Massive-Flavour-That-Just-Keeps-Going_Agora_vape-26-300x250.webp 300w, https:\/\/agoravape.com\/wp-content\/uploads\/2025\/10\/Bang-15000-Puffs-Massive-Flavour-That-Just-Keeps-Going_Agora_vape-26-1024x853.webp 1024w, https:\/\/agoravape.com\/wp-content\/uploads\/2025\/10\/Bang-15000-Puffs-Massive-Flavour-That-Just-Keeps-Going_Agora_vape-26-768x640.webp 768w\" sizes=\"auto, (max-width: 1296px) 100vw, 1296px\" \/><\/p>\n<h2 data-v-md-heading=\"for-you-and-for-your-business-as-well\" data-v-md-line=\"42\">For you, and for your business as well<\/h2>\n<p data-v-md-line=\"43\">Wir bieten den Kauf von Bang 15000 separat an. Gesch\u00e4ftskunden k\u00f6nnen sich jedoch auch einen gr\u00f6\u00dferen Vorrat anlegen. Wir bieten Gro\u00dfhandelsverpackungen mit 200 St\u00fcck pro Karton an, wobei jeder Karton 10 Ger\u00e4te enth\u00e4lt. Wir \u00fcbernehmen die gesamte Logistik mit zuverl\u00e4ssigen Partnern wie UPS, DPD und DHL und bieten europaweit versteuerte Lieferungen an, um Probleme beim Zoll zu vermeiden.<\/p>\n<h2 data-v-md-heading=\"why-do-you-like-it\" data-v-md-line=\"45\">Why do you like it<\/h2>\n<p data-v-md-line=\"46\"><strong>Enorme Saugkraft<\/strong>: Es h\u00e4lt l\u00e4nger, sodass Sie nicht so h\u00e4ufig neue kaufen m\u00fcssen.<br \/>\n<strong>Nikotinauswahl<\/strong>Sie k\u00f6nnen die f\u00fcr Sie passende Nikotinkonzentration w\u00e4hlen, von nikotinfrei bis 5 % Nikotin.<br \/>\n<strong>Wiederaufladbar<\/strong>Das bedeutet, dass Sie jeden Tropfen des gekauften E-Liquids verwenden k\u00f6nnen.<br \/>\n<strong>Drahtspule<\/strong>Sorgt f\u00fcr einen gleichbleibend vollen Geschmack vom Anfang bis zum Ende.<\/p>\n<h2 data-v-md-heading=\"why-collaborate-with-agoravape\" data-v-md-line=\"51\">Warum mit AgoraVape zusammenarbeiten?<\/h2>\n<p data-v-md-line=\"52\">Als einer der vertrauensw\u00fcrdigsten Vape-Distributoren in Europa verkaufen wir ausschlie\u00dflich 100% Originalprodukte. F\u00fcr unsere Gesch\u00e4ftskunden bedeutet das: Bang 15000 Vapes zu verg\u00fcnstigten Gro\u00dfhandelspreisen, zuverl\u00e4ssiger Support und schnelle, zuverl\u00e4ssige Lieferung. Kontaktieren Sie uns \u2013 wir stellen Ihnen gerne ein Produkt zusammen, das Ihre Bed\u00fcrfnisse optimal erf\u00fcllt.<\/p>\n<p data-v-md-line=\"52\">","protected":false},"excerpt":{"rendered":"<p>Wie gut ist der Bang 15000 mesh coil Einwegdampfer? Wenn Sie genug von Wegwerfdampfern haben, die in weniger als einer Stunde kaputt gehen<\/p>","protected":false},"featured_media":19085,"comment_status":"open","ping_status":"closed","template":"","meta":[],"product_brand":[197],"product_cat":[124,187,185,1635,189,123,174,175,193,191,179,173,186,180,190],"product_tag":[],"class_list":{"0":"post-19088","1":"product","2":"type-product","3":"status-publish","4":"has-post-thumbnail","6":"product_brand-bang","7":"product_cat-vape-by-brand","8":"product_cat-0mg-nicotine-free-vapes","9":"product_cat-10000-puffs-high-capacity","10":"product_cat-15000-puffs","11":"product_cat-20mg-standard-nicotine-vapes","12":"product_cat-bang","13":"product_cat-fruit-flavors","14":"product_cat-icy-mint","15":"product_cat-mesh-coil","16":"product_cat-rechargeable-disposables","17":"product_cat-unique-blends","18":"product_cat-vape-by-flavor-profile","19":"product_cat-vape-by-nicotine-strength","20":"product_cat-vape-by-puff-count","21":"product_cat-vape-by-feature-or-type","23":"first","24":"onbackorder","25":"shipping-taxable","26":"purchasable","27":"product-type-variable","28":"has-default-attributes"},"tiered_pricing_type":"percentage","tiered_pricing_fixed_rules":[],"tiered_pricing_product_settings":{"layout":"default","base_unit_name":{"singular":null,"plural":null},"default_variation":null},"tiered_pricing_minimum_quantity":10,"tiered_pricing_roles_data":[],"tiered_pricing_percentage_rules":{"30":"29","50":"35","100":"40","200":"44","500":"47","1000":"49"},"tiered_pricing_maximum_quantity":null,"tiered_pricing_quantity_step":"10","_links":{"self":[{"href":"https:\/\/agoravape.com\/de\/wp-json\/wp\/v2\/product\/19088","targetHints":{"allow":["GET"]}}],"collection":[{"href":"https:\/\/agoravape.com\/de\/wp-json\/wp\/v2\/product"}],"about":[{"href":"https:\/\/agoravape.com\/de\/wp-json\/wp\/v2\/types\/product"}],"replies":[{"embeddable":true,"href":"https:\/\/agoravape.com\/de\/wp-json\/wp\/v2\/comments?post=19088"}],"version-history":[{"count":0,"href":"https:\/\/agoravape.com\/de\/wp-json\/wp\/v2\/product\/19088\/revisions"}],"wp:featuredmedia":[{"embeddable":true,"href":"https:\/\/agoravape.com\/de\/wp-json\/wp\/v2\/media\/19085"}],"wp:attachment":[{"href":"https:\/\/agoravape.com\/de\/wp-json\/wp\/v2\/media?parent=19088"}],"wp:term":[{"taxonomy":"product_brand","embeddable":true,"href":"https:\/\/agoravape.com\/de\/wp-json\/wp\/v2\/product_brand?post=19088"},{"taxonomy":"product_cat","embeddable":true,"href":"https:\/\/agoravape.com\/de\/wp-json\/wp\/v2\/product_cat?post=19088"},{"taxonomy":"product_tag","embeddable":true,"href":"https:\/\/agoravape.com\/de\/wp-json\/wp\/v2\/product_tag?post=19088"}],"curies":[{"name":"wp","href":"https:\/\/api.w.org\/{rel}","templated":true}]}}