{"id":19156,"date":"2025-10-29T14:01:35","date_gmt":"2025-10-29T06:01:35","guid":{"rendered":"https:\/\/agoravape.com\/?post_type=product&#038;p=19156"},"modified":"2026-03-14T16:22:20","modified_gmt":"2026-03-14T15:22:20","slug":"bang-b20hd-20000-puffs-vape-patrone","status":"publish","type":"product","link":"https:\/\/agoravape.com\/de\/product\/bang-b20hd-20000-puffs-vape-cartridge\/","title":{"rendered":"Bang B20HD 20000 Puffs Disposable Vape Cartridge | Massive Puff Count, Made Easy"},"content":{"rendered":"<h2 data-v-md-heading=\"what-is-special-about-bang-b20hd-20000\" data-v-md-line=\"3\"><img loading=\"lazy\" decoding=\"async\" class=\"aligncenter size-full wp-image-19174\" src=\"https:\/\/agoravape.com\/wp-content\/uploads\/2025\/10\/Bang-B20HD-20000-Puffs-Disposable-Vape-Cartridge-Massive-Puff-Count-Made-Easy_Agora_vape-1-scaled.webp\" alt=\"\" width=\"2560\" height=\"1700\" srcset=\"https:\/\/agoravape.com\/wp-content\/uploads\/2025\/10\/Bang-B20HD-20000-Puffs-Disposable-Vape-Cartridge-Massive-Puff-Count-Made-Easy_Agora_vape-1-scaled.webp 2560w, https:\/\/agoravape.com\/wp-content\/uploads\/2025\/10\/Bang-B20HD-20000-Puffs-Disposable-Vape-Cartridge-Massive-Puff-Count-Made-Easy_Agora_vape-1-scaled-1200x797.webp 1200w, https:\/\/agoravape.com\/wp-content\/uploads\/2025\/10\/Bang-B20HD-20000-Puffs-Disposable-Vape-Cartridge-Massive-Puff-Count-Made-Easy_Agora_vape-1-300x199.webp 300w, https:\/\/agoravape.com\/wp-content\/uploads\/2025\/10\/Bang-B20HD-20000-Puffs-Disposable-Vape-Cartridge-Massive-Puff-Count-Made-Easy_Agora_vape-1-1024x680.webp 1024w, https:\/\/agoravape.com\/wp-content\/uploads\/2025\/10\/Bang-B20HD-20000-Puffs-Disposable-Vape-Cartridge-Massive-Puff-Count-Made-Easy_Agora_vape-1-768x510.webp 768w, https:\/\/agoravape.com\/wp-content\/uploads\/2025\/10\/Bang-B20HD-20000-Puffs-Disposable-Vape-Cartridge-Massive-Puff-Count-Made-Easy_Agora_vape-1-1536x1020.webp 1536w, https:\/\/agoravape.com\/wp-content\/uploads\/2025\/10\/Bang-B20HD-20000-Puffs-Disposable-Vape-Cartridge-Massive-Puff-Count-Made-Easy_Agora_vape-1-2048x1360.webp 2048w\" sizes=\"auto, (max-width: 2560px) 100vw, 2560px\" \/><\/h2>\n<h2 data-v-md-heading=\"what-is-special-about-bang-b20hd-20000\" data-v-md-line=\"3\">Was ist das Besondere an Bang B20HD 20000?<\/h2>\n<p data-v-md-line=\"5\">In Ordnung, lassen Sie uns \u00fcber Bang B20HD sprechen. Wenn Sie m\u00fcde von Einweg vapes, die bald nach Gebrauch zu schlagen sind, dann m\u00fcssen Sie einen Blick auf diese nehmen. Erstens werden Sie bemerken, seine erstaunliche 20000 Port Lebensdauer der Batterie. Dieses Produkt wurde speziell f\u00fcr Benutzer entwickelt, die einen zuverl\u00e4ssigen, k\u00f6stlichen, langlebigen und einfach zu bedienenden Vape wollen.<\/p>\n<p data-v-md-line=\"7\">Man k\u00f6nnte meinen, dass eine so lange Akkulaufzeit sperrig sein w\u00fcrde, aber die B20HD ist nicht so. Sie verf\u00fcgt \u00fcber ein cleveres Zweikomponenten-Design: eine wiederaufladbare Batterie und eine unabh\u00e4ngige vorgeladene E-Liquid-Patrone. Wenn die Zigarettenkartusche aufgebraucht ist, ersetzen Sie sie einfach durch eine neue. Diese intelligentere Art der Verwendung von Vapes reduziert nicht nur den Abfall, sondern ist auch einfach zu bedienen und bequem zu tragen.<\/p>\n<h2 data-v-md-heading=\"excellent-performance-easy-and-convenient\" data-v-md-line=\"9\">Excellent performance, easy and convenient<\/h2>\n<p data-v-md-line=\"11\">Diese vape hat einen ausgezeichneten Geschmack, dank seiner eingebauten 1,2 \u03a9 Mesh Zerst\u00e4uber Kern. Einfach ausgedr\u00fcckt, kann es gleichm\u00e4\u00dfig erhitzen e-Fl\u00fcssigkeit, um sicherzustellen, dass jeder Bissen beh\u00e4lt den besten Geschmack von Anfang bis Ende. Es gibt keinen Geschmack Verfall, nur gleichbleibende Zufriedenheit.<\/p>\n<p data-v-md-line=\"13\">Wenn der Akku leer ist, verwenden Sie einfach ein Standard-Typ-C-Datenkabel zum Aufladen - genau wie das, das Sie zum Aufladen Ihres Telefons verwenden. Sie brauchen kein spezielles Ladeger\u00e4t, einfach und bequem. Schlie\u00dfen Sie es einfach an und verwenden Sie es, um sicherzustellen, dass Sie jeden Tropfen der 20 ml e-Fl\u00fcssigkeit in der Patrone aufbrauchen k\u00f6nnen.<\/p>\n<h2 data-v-md-heading=\"quick-overview-of-product-specifications\" data-v-md-line=\"15\">Schneller \u00dcberblick \u00fcber die Produktspezifikationen<\/h2>\n<p data-v-md-line=\"17\"><strong>Smoking frequency:<\/strong>\u00a0up to 20000 puffs<br \/>\n<strong>Nicotine concentration:<\/strong> Available in four concentration options: 0%, 2%, 3%, and 5%.<br \/>\n<strong>Usage:<\/strong>\u00a0Inhale to activate<br \/>\n<strong>Charging method:<\/strong>\u00a0Standard Type-C USB interface<br \/>\n<strong>Status:<\/strong>\u00a0Ready to use out of the box<\/p>\n<h2 data-v-md-heading=\"complete-flavor-lineup\" data-v-md-line=\"23\">Vollst\u00e4ndiges Geschmackssortiment<\/h2>\n<ul data-v-md-line=\"25\">\n<li>Pfirsich und Mango<\/li>\n<li>Strawberry Mango<\/li>\n<li>Erdbeere und Banane<\/li>\n<li>Saure \u00c4pfel<\/li>\n<li>Watermelon Ice<\/li>\n<li>Red Bull<\/li>\n<li>Blaubeeren und Weintrauben<\/li>\n<li>Schwarzes Dracheneis<\/li>\n<li>Mixed fruits<\/li>\n<li>Kiwi und Passionsfrucht<\/li>\n<\/ul>\n<h2 data-v-md-heading=\"tailored-for-you-and-your-business\" data-v-md-line=\"36\">Tailored for you and your business<\/h2>\n<p data-v-md-line=\"38\">Bang B20HD 20000 kann einzeln oder in gro\u00dfen Mengen gekauft werden, wenn Sie ein Unternehmen sind. Die Ger\u00e4te und Kassetten werden in Gro\u00dfhandelspackungen mit 200 St\u00fcck pro Karton geliefert. Wir arbeiten mit vertrauensw\u00fcrdigen DDP-Partnern wie UPS, DPD und DHL zusammen, um Produkte in verschiedene Teile Europas per DDP (Duty Paid Delivery) zu versenden, sodass Sie sich keine Sorgen um Zollgeb\u00fchren machen m\u00fcssen.<\/p>\n<h2 data-v-md-heading=\"reasons-why-you-will-like-it\" data-v-md-line=\"40\">Reasons why you will like it<\/h2>\n<p data-v-md-line=\"42\"><strong>Extra lange Rauchzeiten:<\/strong>\u00a0L\u00e4ngere Batterielebensdauer, keine Notwendigkeit, h\u00e4ufig neue Patronen zu kaufen.<br \/>\n<strong>Intelligentes Zigarettenkartuschensystem:<\/strong>\u00a0Sie ist umweltfreundlicher und bequemer als herk\u00f6mmliche Einwegdampfer.<br \/>\n<strong>Nicotine concentration selection:<\/strong>\u00a0Sie k\u00f6nnen die f\u00fcr Sie passende Nikotinkonzentration w\u00e4hlen.<br \/>\n<strong>Rechargeable:<\/strong>\u00a0Erm\u00f6glicht es Ihnen, die gesamte gekaufte E-Fl\u00fcssigkeit aufzubrauchen.<br \/>\n<strong>Mesh atomizing core:<\/strong>\u00a0It can bring a stable and rich taste every time.<\/p>\n<h2 data-v-md-heading=\"why-choose-agoravape\" data-v-md-line=\"48\">Why choose AgoraVape?<\/h2>\n<p data-v-md-line=\"50\">Als einer der vertrauensw\u00fcrdigsten Vape-H\u00e4ndler in Europa verkaufen wir nur 100% Originalprodukte. F\u00fcr unsere Gesch\u00e4ftskunden bedeutet dies Bang B20HD 20000 Gro\u00dfhandelspreis Rabatte, zuverl\u00e4ssige Unterst\u00fctzung und schnellen Versand. Wenden Sie sich an uns und Ihre Kunden werden Ihr Produkt zu sch\u00e4tzen wissen, wenn sie es kaufen.<\/p>\n<p><script src=\"chrome-extension:\/\/fpelahbljekknahkcaegamhcndkfpfnc\/iFrame.js\" type=\"text\/javascript\"><\/script><\/p>\n<p><script src=\"chrome-extension:\/\/fpelahbljekknahkcaegamhcndkfpfnc\/iFrame.js\" type=\"text\/javascript\"><\/script><\/p>\n<p><script src=\"chrome-extension:\/\/fpelahbljekknahkcaegamhcndkfpfnc\/iFrame.js\" type=\"text\/javascript\"><\/script><\/p>\n<p><script src=\"chrome-extension:\/\/fpelahbljekknahkcaegamhcndkfpfnc\/iFrame.js\" type=\"text\/javascript\"><\/script><\/p>","protected":false},"excerpt":{"rendered":"<p>&nbsp;<\/p>\n<p><script src=\"chrome-extension:\/\/fpelahbljekknahkcaegamhcndkfpfnc\/iFrame.js\" type=\"text\/javascript\"><\/script><\/p>","protected":false},"featured_media":19185,"comment_status":"open","ping_status":"closed","template":"","meta":[],"product_brand":[197],"product_cat":[124,187,185,1636,189,123,176,174,175,193,191,173,186,180,190],"product_tag":[],"class_list":{"0":"post-19156","1":"product","2":"type-product","3":"status-publish","4":"has-post-thumbnail","6":"product_brand-bang","7":"product_cat-vape-by-brand","8":"product_cat-0mg-nicotine-free-vapes","9":"product_cat-10000-puffs-high-capacity","10":"product_cat-20000-puffs","11":"product_cat-20mg-standard-nicotine-vapes","12":"product_cat-bang","13":"product_cat-beverage","14":"product_cat-fruit-flavors","15":"product_cat-icy-mint","16":"product_cat-mesh-coil","17":"product_cat-rechargeable-disposables","18":"product_cat-vape-by-flavor-profile","19":"product_cat-vape-by-nicotine-strength","20":"product_cat-vape-by-puff-count","21":"product_cat-vape-by-feature-or-type","23":"first","24":"instock","25":"shipping-taxable","26":"purchasable","27":"product-type-variable","28":"has-default-attributes"},"tiered_pricing_type":"percentage","tiered_pricing_fixed_rules":[],"tiered_pricing_product_settings":{"layout":"default","base_unit_name":{"singular":null,"plural":null},"default_variation":null},"tiered_pricing_minimum_quantity":10,"tiered_pricing_roles_data":[],"tiered_pricing_percentage_rules":{"30":"29","50":"35","100":"40","200":"44","500":"47","1000":"49"},"tiered_pricing_maximum_quantity":null,"tiered_pricing_quantity_step":"10","_links":{"self":[{"href":"https:\/\/agoravape.com\/de\/wp-json\/wp\/v2\/product\/19156","targetHints":{"allow":["GET"]}}],"collection":[{"href":"https:\/\/agoravape.com\/de\/wp-json\/wp\/v2\/product"}],"about":[{"href":"https:\/\/agoravape.com\/de\/wp-json\/wp\/v2\/types\/product"}],"replies":[{"embeddable":true,"href":"https:\/\/agoravape.com\/de\/wp-json\/wp\/v2\/comments?post=19156"}],"version-history":[{"count":0,"href":"https:\/\/agoravape.com\/de\/wp-json\/wp\/v2\/product\/19156\/revisions"}],"wp:featuredmedia":[{"embeddable":true,"href":"https:\/\/agoravape.com\/de\/wp-json\/wp\/v2\/media\/19185"}],"wp:attachment":[{"href":"https:\/\/agoravape.com\/de\/wp-json\/wp\/v2\/media?parent=19156"}],"wp:term":[{"taxonomy":"product_brand","embeddable":true,"href":"https:\/\/agoravape.com\/de\/wp-json\/wp\/v2\/product_brand?post=19156"},{"taxonomy":"product_cat","embeddable":true,"href":"https:\/\/agoravape.com\/de\/wp-json\/wp\/v2\/product_cat?post=19156"},{"taxonomy":"product_tag","embeddable":true,"href":"https:\/\/agoravape.com\/de\/wp-json\/wp\/v2\/product_tag?post=19156"}],"curies":[{"name":"wp","href":"https:\/\/api.w.org\/{rel}","templated":true}]}}