{"id":19230,"date":"2025-10-29T14:58:50","date_gmt":"2025-10-29T06:58:50","guid":{"rendered":"https:\/\/agoravape.com\/?post_type=product&#038;p=19230"},"modified":"2026-03-26T13:22:49","modified_gmt":"2026-03-26T12:22:49","slug":"bang-25000-puffs-voll-bildschirm-vape","status":"publish","type":"product","link":"https:\/\/agoravape.com\/de\/product\/bang-25000-puffs-full-screen-vape\/","title":{"rendered":"Bang 25000 Z\u00fcge | Enorme Zugzahl mit Vollbildanzeige"},"content":{"rendered":"<h2 data-v-md-heading=\"what-s-so-special-about-bang-25000\" data-v-md-line=\"3\"><img loading=\"lazy\" decoding=\"async\" class=\"aligncenter size-full wp-image-19244\" src=\"https:\/\/agoravape.com\/wp-content\/uploads\/2025\/10\/Bang-25000-Puffs-Massive-Puff-Count-with-a-Full-Screen-Display_Agora_vape-1.webp\" alt=\"\" width=\"1180\" height=\"1950\" srcset=\"https:\/\/agoravape.com\/wp-content\/uploads\/2025\/10\/Bang-25000-Puffs-Massive-Puff-Count-with-a-Full-Screen-Display_Agora_vape-1.webp 1180w, https:\/\/agoravape.com\/wp-content\/uploads\/2025\/10\/Bang-25000-Puffs-Massive-Puff-Count-with-a-Full-Screen-Display_Agora_vape-1-182x300.webp 182w, https:\/\/agoravape.com\/wp-content\/uploads\/2025\/10\/Bang-25000-Puffs-Massive-Puff-Count-with-a-Full-Screen-Display_Agora_vape-1-620x1024.webp 620w, https:\/\/agoravape.com\/wp-content\/uploads\/2025\/10\/Bang-25000-Puffs-Massive-Puff-Count-with-a-Full-Screen-Display_Agora_vape-1-768x1269.webp 768w, https:\/\/agoravape.com\/wp-content\/uploads\/2025\/10\/Bang-25000-Puffs-Massive-Puff-Count-with-a-Full-Screen-Display_Agora_vape-1-929x1536.webp 929w\" sizes=\"auto, (max-width: 1180px) 100vw, 1180px\" \/><\/h2>\n<h2 data-v-md-heading=\"what-s-so-special-about-bang-25000\" data-v-md-line=\"3\">Was ist das Besondere an Bang 25000?<\/h2>\n<p data-v-md-line=\"5\">Sind Sie es leid, dass Ihre Einweg-E-Zigarette schon nach weniger als einer Woche den Geist aufgibt? Dann sollten Sie sich dieses Produkt unbedingt ansehen. Die Bang 25000 ist auf Langlebigkeit ausgelegt und bietet eine Akkulaufzeit von bis zu 25.000 Z\u00fcgen \u2013 ein echter Dauerbrenner. F\u00fcr alle, die Wert auf Zuverl\u00e4ssigkeit, exzellenten Geschmack und einfache Bedienung legen, ist sie die perfekte Wahl. Das Beste daran? Das gro\u00dfe, \u00fcbersichtliche Display zeigt pr\u00e4zise den verbleibenden Liquidstand und die Akkuleistung an. So haben Sie jederzeit den \u00dcberblick und sind nicht \u00fcberrascht, wenn der Akku leer ist.<\/p>\n<h2 data-v-md-heading=\"excellent-performance-and-easy-operation\" data-v-md-line=\"7\">Hervorragende Leistung und einfache Bedienung<\/h2>\n<p data-v-md-line=\"9\">Dieses Ger\u00e4t besticht durch seine einfache und effiziente Bedienung. Sein gr\u00f6\u00dftes Highlight ist der gro\u00dfz\u00fcgige 25-ml-E-Liquid-Tank, der f\u00fcr seine Langlebigkeit sorgt. Hochwertige Mesh-Coils im Inneren garantieren ein gleichbleibend sanftes und k\u00f6stliches Dampferlebnis. Ist der 650-mAh-Akku leer, l\u00e4sst er sich mit einem Standard-USB-C-Kabel aufladen \u2013 m\u00f6glicherweise dem gleichen, das Sie auch f\u00fcr Ihr Smartphone verwenden. Alles ist darauf ausgelegt, Ihnen das Leben zu erleichtern.<\/p>\n<h2 data-v-md-heading=\"product-specifications\" data-v-md-line=\"11\">Produktspezifikationen<\/h2>\n<p data-v-md-line=\"13\">Rauchh\u00e4ufigkeit: bis zu 25000 Z\u00fcge<\/p>\n<p data-v-md-line=\"15\">Nikotinkonzentration: Erh\u00e4ltlich in vier Konzentrationsstufen: 0 %, 2 %, 3 % und 5 %<\/p>\n<p data-v-md-line=\"17\"><strong>Usage:<\/strong>\u00a0Inhale to activate<\/p>\n<p data-v-md-line=\"19\"><strong>Charging method:<\/strong>\u00a0Standard Type-C USB interface<\/p>\n<p data-v-md-line=\"21\"><strong>Status:<\/strong>\u00a0Ready to use out of the box<\/p>\n<h2 data-v-md-heading=\"complete-flavor-lineup\" data-v-md-line=\"23\">Vollst\u00e4ndiges Geschmackssortiment<\/h2>\n<ul data-v-md-line=\"25\">\n<li>Watermelon Ice<\/li>\n<li>Strawberry kiwi fruit<\/li>\n<li>Strawberry Ice<\/li>\n<li>Mango-Pfirsich<\/li>\n<li>Blaubeeren und Himbeeren<\/li>\n<li>Blaubeer-Minze<\/li>\n<li>Mixed fruits<\/li>\n<li>Strawberry watermelon<\/li>\n<li>Grape Ice<\/li>\n<li>Watermelon Bubble Gum<\/li>\n<li>Blue Rink Ice<\/li>\n<li>Tigerblut<\/li>\n<\/ul>\n<h2 data-v-md-heading=\"tailored-for-you-and-your-business\" data-v-md-line=\"38\">Tailored for you and your business<\/h2>\n<p data-v-md-line=\"40\">Bang 25000 ist einzeln oder in gr\u00f6\u00dferen Mengen f\u00fcr Gesch\u00e4ftskunden erh\u00e4ltlich. Die Produkte werden in Gro\u00dfhandelsverpackungen mit 200 St\u00fcck pro Karton angeboten, sodass Sie Ihren Kunden langlebige und zuverl\u00e4ssige E-Zigaretten anbieten k\u00f6nnen. Wir arbeiten mit vertrauensw\u00fcrdigen Versandpartnern wie UPS, DPD und DHL zusammen, wodurch alle Waren bereits verzollt sind. Sie m\u00fcssen sich keine Sorgen um zus\u00e4tzliche Zollgeb\u00fchren machen und profitieren von einem reibungslosen und zuverl\u00e4ssigen Lieferservice.<\/p>\n<h2 data-v-md-heading=\"the-reason-why-you-will-like-it\" data-v-md-line=\"42\">Warum es Ihnen gefallen wird<\/h2>\n<p data-v-md-line=\"44\"><strong>Ultra long battery life:<\/strong>\u00a0L\u00e4ngere Akkulaufzeit, kein h\u00e4ufiger Kauf neuer Produkte n\u00f6tig.<\/p>\n<p data-v-md-line=\"46\"><strong>Nicotine concentration selection:<\/strong>\u00a0Sie k\u00f6nnen die f\u00fcr Sie passende Nikotinkonzentration w\u00e4hlen.<\/p>\n<p data-v-md-line=\"48\"><strong>Vollbildanzeige:<\/strong>\u00a0Das \u00fcbersichtliche Display zeigt den Akkustand und die verbleibende Menge an E-Liquid an, sodass Sie jederzeit die Kontrolle behalten.<\/p>\n<p data-v-md-line=\"50\"><strong>Rechargeable:<\/strong>\u00a0Erm\u00f6glicht es Ihnen, jeden Tropfen des von Ihnen gekauften E-Liquids aufzubrauchen.<\/p>\n<p data-v-md-line=\"52\"><strong>Mesh atomizing core:<\/strong>\u00a0It can bring a stable and rich taste every time.<\/p>\n<h2 data-v-md-heading=\"why-choose-to-collaborate-with-agoravape\" data-v-md-line=\"54\">Warum sollten Sie sich f\u00fcr eine Zusammenarbeit mit AgoraVape entscheiden?<\/h2>\n<p data-v-md-line=\"56\">Als einer der vertrauensw\u00fcrdigsten E-Zigaretten-H\u00e4ndler Europas verkaufen wir ausschlie\u00dflich 100 % Originalprodukte. F\u00fcr unsere Gesch\u00e4ftskunden bedeutet das: Bang 25000 bietet g\u00fcnstige Gro\u00dfhandelspreise, zuverl\u00e4ssigen Kundenservice und schnelle, zuverl\u00e4ssige Lieferung. Kontaktieren Sie uns und w\u00e4hlen Sie ein Produkt, das unsere Kunden wirklich wertsch\u00e4tzt.<\/p>","protected":false},"excerpt":{"rendered":"<p>What\u2019s so special about Bang 25000? If you\u2019re tired of disposable e-cigarettes that run out of battery before a week,<\/p>","protected":false},"featured_media":19256,"comment_status":"open","ping_status":"closed","template":"","meta":[],"product_brand":[197],"product_cat":[124,187,185,189,123,174,175,193,191,173,186,180,190,192],"product_tag":[],"class_list":{"0":"post-19230","1":"product","2":"type-product","3":"status-publish","4":"has-post-thumbnail","6":"product_brand-bang","7":"product_cat-vape-by-brand","8":"product_cat-0mg-nicotine-free-vapes","9":"product_cat-10000-puffs-high-capacity","10":"product_cat-20mg-standard-nicotine-vapes","11":"product_cat-bang","12":"product_cat-fruit-flavors","13":"product_cat-icy-mint","14":"product_cat-mesh-coil","15":"product_cat-rechargeable-disposables","16":"product_cat-vape-by-flavor-profile","17":"product_cat-vape-by-nicotine-strength","18":"product_cat-vape-by-puff-count","19":"product_cat-vape-by-feature-or-type","20":"product_cat-vapes-with-screens","22":"first","23":"instock","24":"shipping-taxable","25":"purchasable","26":"product-type-variable","27":"has-default-attributes"},"tiered_pricing_type":"percentage","tiered_pricing_fixed_rules":[],"tiered_pricing_product_settings":{"layout":"default","base_unit_name":{"singular":null,"plural":null},"default_variation":null},"tiered_pricing_minimum_quantity":10,"tiered_pricing_roles_data":[],"tiered_pricing_percentage_rules":{"30":"29","50":"35","100":"40","200":"44","500":"47","1000":"49"},"tiered_pricing_maximum_quantity":null,"tiered_pricing_quantity_step":"10","_links":{"self":[{"href":"https:\/\/agoravape.com\/de\/wp-json\/wp\/v2\/product\/19230","targetHints":{"allow":["GET"]}}],"collection":[{"href":"https:\/\/agoravape.com\/de\/wp-json\/wp\/v2\/product"}],"about":[{"href":"https:\/\/agoravape.com\/de\/wp-json\/wp\/v2\/types\/product"}],"replies":[{"embeddable":true,"href":"https:\/\/agoravape.com\/de\/wp-json\/wp\/v2\/comments?post=19230"}],"version-history":[{"count":0,"href":"https:\/\/agoravape.com\/de\/wp-json\/wp\/v2\/product\/19230\/revisions"}],"wp:featuredmedia":[{"embeddable":true,"href":"https:\/\/agoravape.com\/de\/wp-json\/wp\/v2\/media\/19256"}],"wp:attachment":[{"href":"https:\/\/agoravape.com\/de\/wp-json\/wp\/v2\/media?parent=19230"}],"wp:term":[{"taxonomy":"product_brand","embeddable":true,"href":"https:\/\/agoravape.com\/de\/wp-json\/wp\/v2\/product_brand?post=19230"},{"taxonomy":"product_cat","embeddable":true,"href":"https:\/\/agoravape.com\/de\/wp-json\/wp\/v2\/product_cat?post=19230"},{"taxonomy":"product_tag","embeddable":true,"href":"https:\/\/agoravape.com\/de\/wp-json\/wp\/v2\/product_tag?post=19230"}],"curies":[{"name":"wp","href":"https:\/\/api.w.org\/{rel}","templated":true}]}}