{"id":19258,"date":"2025-10-29T15:14:53","date_gmt":"2025-10-29T07:14:53","guid":{"rendered":"https:\/\/agoravape.com\/?post_type=product&#038;p=19258"},"modified":"2026-03-26T13:22:49","modified_gmt":"2026-03-26T12:22:49","slug":"bang-28000-puffs-mesh-vape","status":"publish","type":"product","link":"https:\/\/agoravape.com\/de\/product\/bang-28000-puffs-mesh-vape\/","title":{"rendered":"Bang Einweg-E-Zigarette f\u00fcr 28.000 Z\u00fcge | Extrem langanhaltender Geschmack"},"content":{"rendered":"<h2 data-v-md-heading=\"what-s-special-about-bang-28000\" data-v-md-line=\"3\">Was ist das Besondere an Bang 28000?<\/h2>\n<p data-v-md-line=\"5\">Wenn Sie genug von Wegwerf-Vapes haben, deren Akku nach einer Woche leer ist, dann m\u00fcssen Sie sich dieses Produkt ansehen. Die Designphilosophie des Bang 28000 ist nur eine: Langlebigkeit. Er hat eine Akkulaufzeit von bis zu 28000 Z\u00fcgen, was Ihnen endlose Raucherlebnisse erm\u00f6glicht. Sie denken vielleicht, dass ein so langlebiger Vape sperrig sein w\u00fcrde, aber Sie werden angenehm \u00fcberrascht sein, dass er sehr komfortabel ist. F\u00fcr Vape-Nutzer, die nur Zuverl\u00e4ssigkeit, exzellenten Geschmack und einfache Bedienung wollen, ist er die ideale Wahl.<\/p>\n<h2 data-v-md-heading=\"excellent-performance-simple-and-easy-to-use\" data-v-md-line=\"7\">Hervorragende Leistung, einfach und benutzerfreundlich<\/h2>\n<p data-v-md-line=\"9\">Das Geheimnis des hervorragenden Geschmacks der Bang 28000 liegt in ihrem eingebauten Netzzerst\u00e4uberkern. Diese Technologie sorgt f\u00fcr einen reichhaltigen und gleichbleibenden Geschmack, so dass Sie bei jedem Biss denselben wunderbaren Geschmack wie beim ersten Mal genie\u00dfen k\u00f6nnen. Keine Kn\u00f6pfe oder Einstellungen erforderlich; zum Starten einfach inhalieren. Wenn der Akku leer ist, k\u00f6nnen Sie ihn einfach mit einem Standard-Typ-C-Datenkabel aufladen, so wie Sie Ihr Handy aufladen. Einfach und bequem.<\/p>\n<h2 data-v-md-heading=\"quick-specifications\" data-v-md-line=\"11\">Kurzspezifikationen<\/h2>\n<p data-v-md-line=\"13\"><strong>Anzahl der Sauganschl\u00fcsse:<\/strong>\u00a0bis zu 28000.<br \/>\n<strong>Nicotine concentration:<\/strong>\u00a0Available in four concentration options: 0%, 2%, 3%, and 5%.<br \/>\n<strong>Funktionsprinzip:<\/strong>\u00a0Simply inhale to activate.<br \/>\n<em>Charging method:<\/em>* Standardm\u00e4\u00dfige USB-Typ-C-Schnittstelle.<br \/>\n<strong>Status:<\/strong>\u00a0Ready to use upon unboxing.<\/p>\n<h2 data-v-md-heading=\"full-range-of-flavors\" data-v-md-line=\"19\">Full range of flavors<\/h2>\n<ul data-v-md-line=\"20\">\n<li>Strawberry watermelon ice<\/li>\n<li>Blue Rink Ice<\/li>\n<li>Tigerblut (Blut und Sand)<\/li>\n<li>Ananas-Kokosnuss<\/li>\n<li>Erdbeere und Banane<\/li>\n<li>Mixed fruits<\/li>\n<li>Blaubeeren und Himbeeren<\/li>\n<li>Pfirsicheis<\/li>\n<li>Mango and Peach<\/li>\n<li>Watermelon<\/li>\n<li>Grape Ice<\/li>\n<li>Strawberry kiwi fruit<\/li>\n<\/ul>\n<h2 data-v-md-heading=\"for-you-for-your-business\" data-v-md-line=\"33\">F\u00fcr Sie, f\u00fcr Ihr Unternehmen<\/h2>\n<p data-v-md-line=\"34\">Wir bieten einen separaten Kauf von Bang 28000 an, aber wenn Sie ein Gesch\u00e4ftsinhaber sind, k\u00f6nnen Sie sich auch eindecken. Sie werden zu einem Gro\u00dfhandelspreis von 200 St\u00fcck pro Box verkauft, was es Ihnen leicht macht, sie in die Regale zu stellen. Wir versenden \u00fcber vertrauensw\u00fcrdige DDP-Partner wie UPS, DPD und DHL in ganz Europa, damit Sie Ihre Bestellungen schnell und zuverl\u00e4ssig erhalten und unerwartete Situationen beim Zoll vermeiden k\u00f6nnen.<\/p>\n<h2 data-v-md-heading=\"why-do-you-like-it\" data-v-md-line=\"36\">Why do you like it<\/h2>\n<p data-v-md-line=\"37\"><strong>Extra Saugkraft:<\/strong>\u00a0Es f\u00fchlt sich an, als w\u00fcrde es f\u00fcr immer abgesaugt werden, so dass man nicht st\u00e4ndig neue kaufen muss.<br \/>\n<strong>Nicotine selection:<\/strong>\u00a0Sie k\u00f6nnen die Nikotinkonzentration w\u00e4hlen, die zu Ihnen passt, von nikotinfrei bis zu st\u00e4rkerem Nikotin.<br \/>\n<strong>Rechargeable:<\/strong>\u00a0bedeutet, dass Sie jeden Tropfen des gekauften E-Liquids verwenden k\u00f6nnen.<br \/>\n<strong>Mesh coil:<\/strong>\u00a0It brings a consistent and rich taste every time.<\/p>\n<h2 data-v-md-heading=\"why-collaborate-with-agoravape\" data-v-md-line=\"42\">Warum mit AgoraVape zusammenarbeiten?<\/h2>\n<p data-v-md-line=\"43\">Als einer der vertrauensw\u00fcrdigsten Vape-Distributoren in Europa verkaufen wir nur 100% Originalprodukte. F\u00fcr unsere gewerblichen Kunden bedeutet dies, dass Bang 28000 Vapes erm\u00e4\u00dfigte Gro\u00dfhandelspreise, zuverl\u00e4ssigen Support und schnellen und zuverl\u00e4ssigen Transport haben. Kontaktieren Sie uns und wir werden Sie mit einem Produkt versorgen, das unsere Kunden wirklich sch\u00e4tzen.<\/p>","protected":false},"excerpt":{"rendered":"<p>Was ist das Besondere am Bang 28000? Wenn Sie genug von Wegwerfdampfern haben, deren Akku schon nach einer Woche leer ist, dann<\/p>","protected":false},"featured_media":19280,"comment_status":"open","ping_status":"closed","template":"","meta":[],"product_brand":[197],"product_cat":[124,187,185,189,123,174,175,193,191,179,173,186,180,190],"product_tag":[],"class_list":{"0":"post-19258","1":"product","2":"type-product","3":"status-publish","4":"has-post-thumbnail","6":"product_brand-bang","7":"product_cat-vape-by-brand","8":"product_cat-0mg-nicotine-free-vapes","9":"product_cat-10000-puffs-high-capacity","10":"product_cat-20mg-standard-nicotine-vapes","11":"product_cat-bang","12":"product_cat-fruit-flavors","13":"product_cat-icy-mint","14":"product_cat-mesh-coil","15":"product_cat-rechargeable-disposables","16":"product_cat-unique-blends","17":"product_cat-vape-by-flavor-profile","18":"product_cat-vape-by-nicotine-strength","19":"product_cat-vape-by-puff-count","20":"product_cat-vape-by-feature-or-type","22":"first","23":"instock","24":"shipping-taxable","25":"purchasable","26":"product-type-variable","27":"has-default-attributes"},"tiered_pricing_type":"percentage","tiered_pricing_fixed_rules":[],"tiered_pricing_product_settings":{"layout":"default","base_unit_name":{"singular":null,"plural":null},"default_variation":null},"tiered_pricing_minimum_quantity":10,"tiered_pricing_roles_data":[],"tiered_pricing_percentage_rules":{"30":"29","50":"35","100":"40","200":"44","500":"47","1000":"49"},"tiered_pricing_maximum_quantity":null,"tiered_pricing_quantity_step":"10","_links":{"self":[{"href":"https:\/\/agoravape.com\/de\/wp-json\/wp\/v2\/product\/19258","targetHints":{"allow":["GET"]}}],"collection":[{"href":"https:\/\/agoravape.com\/de\/wp-json\/wp\/v2\/product"}],"about":[{"href":"https:\/\/agoravape.com\/de\/wp-json\/wp\/v2\/types\/product"}],"replies":[{"embeddable":true,"href":"https:\/\/agoravape.com\/de\/wp-json\/wp\/v2\/comments?post=19258"}],"version-history":[{"count":0,"href":"https:\/\/agoravape.com\/de\/wp-json\/wp\/v2\/product\/19258\/revisions"}],"wp:featuredmedia":[{"embeddable":true,"href":"https:\/\/agoravape.com\/de\/wp-json\/wp\/v2\/media\/19280"}],"wp:attachment":[{"href":"https:\/\/agoravape.com\/de\/wp-json\/wp\/v2\/media?parent=19258"}],"wp:term":[{"taxonomy":"product_brand","embeddable":true,"href":"https:\/\/agoravape.com\/de\/wp-json\/wp\/v2\/product_brand?post=19258"},{"taxonomy":"product_cat","embeddable":true,"href":"https:\/\/agoravape.com\/de\/wp-json\/wp\/v2\/product_cat?post=19258"},{"taxonomy":"product_tag","embeddable":true,"href":"https:\/\/agoravape.com\/de\/wp-json\/wp\/v2\/product_tag?post=19258"}],"curies":[{"name":"wp","href":"https:\/\/api.w.org\/{rel}","templated":true}]}}