{"id":19439,"date":"2025-10-30T09:44:27","date_gmt":"2025-10-30T01:44:27","guid":{"rendered":"https:\/\/agoravape.com\/?post_type=product&#038;p=19439"},"modified":"2026-01-30T17:05:52","modified_gmt":"2026-01-30T09:05:52","slug":"bang-blaze-42000-puffs-dual-mesh-vape","status":"publish","type":"product","link":"https:\/\/agoravape.com\/de\/product\/bang-blaze-42000-puffs-dual-mesh-vape\/","title":{"rendered":"Bang Blaze 42000 Z\u00fcge | Massiver Geschmack, der lange anh\u00e4lt"},"content":{"rendered":"<h2 data-v-md-heading=\"what-is-special-about-bang-blaze-42000-mouth\" data-v-md-line=\"3\"><img loading=\"lazy\" decoding=\"async\" class=\"aligncenter size-full wp-image-19455\" src=\"https:\/\/agoravape.com\/wp-content\/uploads\/2025\/10\/Bang-Blaze-42000-Puffs-Massive-Flavour-That-Lasts_Agora_vape-scaled.webp\" alt=\"\" width=\"1652\" height=\"2560\" srcset=\"https:\/\/agoravape.com\/wp-content\/uploads\/2025\/10\/Bang-Blaze-42000-Puffs-Massive-Flavour-That-Lasts_Agora_vape-scaled.webp 1652w, https:\/\/agoravape.com\/wp-content\/uploads\/2025\/10\/Bang-Blaze-42000-Puffs-Massive-Flavour-That-Lasts_Agora_vape-scaled-1200x1860.webp 1200w, https:\/\/agoravape.com\/wp-content\/uploads\/2025\/10\/Bang-Blaze-42000-Puffs-Massive-Flavour-That-Lasts_Agora_vape-194x300.webp 194w, https:\/\/agoravape.com\/wp-content\/uploads\/2025\/10\/Bang-Blaze-42000-Puffs-Massive-Flavour-That-Lasts_Agora_vape-661x1024.webp 661w, https:\/\/agoravape.com\/wp-content\/uploads\/2025\/10\/Bang-Blaze-42000-Puffs-Massive-Flavour-That-Lasts_Agora_vape-768x1190.webp 768w, https:\/\/agoravape.com\/wp-content\/uploads\/2025\/10\/Bang-Blaze-42000-Puffs-Massive-Flavour-That-Lasts_Agora_vape-991x1536.webp 991w, https:\/\/agoravape.com\/wp-content\/uploads\/2025\/10\/Bang-Blaze-42000-Puffs-Massive-Flavour-That-Lasts_Agora_vape-1321x2048.webp 1321w\" sizes=\"auto, (max-width: 1652px) 100vw, 1652px\" \/><\/h2>\n<h2 data-v-md-heading=\"what-is-special-about-bang-blaze-42000-mouth\" data-v-md-line=\"3\">Was ist das Besondere am Bang Blaze 42000 Mundst\u00fcck?<\/h2>\n<p data-v-md-line=\"5\">Sind Sie es leid, dass Einweg-E-Zigaretten nach wenigen Tagen leer sind? Dann sollten Sie sich dieses Produkt unbedingt ansehen. Die Bang Blaze ist eine besonders langlebige E-Zigarette mit bis zu 42.000 Z\u00fcgen \u2013 ein echter Dauerbrenner. Sie denken vielleicht, so eine leistungsstarke E-Zigarette sei gro\u00df, aber Sie werden \u00fcberrascht sein, wie angenehm sie in der Hand liegt. F\u00fcr alle, die eine zuverl\u00e4ssige, geschmackvolle und benutzerfreundliche E-Zigarette suchen, ist sie die ideale Wahl. Kein Nachf\u00fcllen von Liquid, keine komplizierten Einstellungen \u2013 genie\u00dfen Sie ein unkompliziertes und genussvolles Dampferlebnis von Anfang bis Ende.<\/p>\n<h2 data-v-md-heading=\"excellent-performance-and-easy-operation\" data-v-md-line=\"7\">Hervorragende Leistung und einfache Bedienung<\/h2>\n<p data-v-md-line=\"9\">Das Geheimnis des exzellenten Geschmacks liegt in den integrierten Doppel-Mesh-Coils. Diese Technologie sorgt f\u00fcr eine gleichm\u00e4\u00dfige Erhitzung des E-Liquids und garantiert so ein unvergleichliches Geschmackserlebnis. Im Gegensatz zu anderen Einweg-E-Zigaretten schmeckt es auch nach dem letzten Zug nicht verbrannt. Der leistungsstarke 1000-mAh-Akku erf\u00fcllt Ihre Bed\u00fcrfnisse zuverl\u00e4ssig. Ist der Akku fast leer, laden Sie ihn einfach mit einem Standard-USB-C-Kabel auf \u2013 genau wie Ihr Smartphone. \u00c4u\u00dferst praktisch.<\/p>\n<h2 data-v-md-heading=\"product-specifications\" data-v-md-line=\"11\">Produktspezifikationen<\/h2>\n<p data-v-md-line=\"13\"><strong>Smoking frequency:<\/strong>\u00a0bis zu 42000 Z\u00fcge<\/p>\n<p data-v-md-line=\"15\"><strong>Nicotine concentration:<\/strong>\u00a0Available in four concentration options: 0%, 2%, 3%, and 5%<\/p>\n<p data-v-md-line=\"17\"><strong>Usage:<\/strong>\u00a0Inhale to activate<\/p>\n<p data-v-md-line=\"19\"><strong>Charging method:<\/strong>\u00a0Standard Type-C USB interface<\/p>\n<p data-v-md-line=\"21\"><strong>Status:<\/strong>\u00a0Ready to use out of the box<\/p>\n<p data-v-md-line=\"21\"><img loading=\"lazy\" decoding=\"async\" class=\"aligncenter size-full wp-image-19454\" src=\"https:\/\/agoravape.com\/wp-content\/uploads\/2025\/10\/Bang-Blaze-42000-Puffs-Massive-Flavour-That-Lasts_Agora_vape-2-scaled.webp\" alt=\"\" width=\"1243\" height=\"2560\" srcset=\"https:\/\/agoravape.com\/wp-content\/uploads\/2025\/10\/Bang-Blaze-42000-Puffs-Massive-Flavour-That-Lasts_Agora_vape-2-scaled.webp 1243w, https:\/\/agoravape.com\/wp-content\/uploads\/2025\/10\/Bang-Blaze-42000-Puffs-Massive-Flavour-That-Lasts_Agora_vape-2-scaled-1200x2471.webp 1200w, https:\/\/agoravape.com\/wp-content\/uploads\/2025\/10\/Bang-Blaze-42000-Puffs-Massive-Flavour-That-Lasts_Agora_vape-2-146x300.webp 146w, https:\/\/agoravape.com\/wp-content\/uploads\/2025\/10\/Bang-Blaze-42000-Puffs-Massive-Flavour-That-Lasts_Agora_vape-2-497x1024.webp 497w, https:\/\/agoravape.com\/wp-content\/uploads\/2025\/10\/Bang-Blaze-42000-Puffs-Massive-Flavour-That-Lasts_Agora_vape-2-768x1581.webp 768w, https:\/\/agoravape.com\/wp-content\/uploads\/2025\/10\/Bang-Blaze-42000-Puffs-Massive-Flavour-That-Lasts_Agora_vape-2-746x1536.webp 746w, https:\/\/agoravape.com\/wp-content\/uploads\/2025\/10\/Bang-Blaze-42000-Puffs-Massive-Flavour-That-Lasts_Agora_vape-2-995x2048.webp 995w\" sizes=\"auto, (max-width: 1243px) 100vw, 1243px\" \/><\/p>\n<h2 data-v-md-heading=\"complete-flavor-lineup\" data-v-md-line=\"23\">Vollst\u00e4ndiges Geschmackssortiment<\/h2>\n<ul data-v-md-line=\"25\">\n<li>Als<\/li>\n<li>Blaubeer-Minze<\/li>\n<li>Doppelte \u00c4pfel<\/li>\n<li>Pfirsicheis<\/li>\n<li>Blaubeeren und Himbeeren<\/li>\n<li>Blue Rink Ice<\/li>\n<li>Blaubeeren und Pfirsiche<\/li>\n<li>Watermelon<\/li>\n<li>Strawberry watermelon<\/li>\n<li>Strawberry lychee<\/li>\n<li>Grape mint<\/li>\n<li>Mixed fruits<\/li>\n<\/ul>\n<h2 data-v-md-heading=\"tailored-for-you-and-your-business\" data-v-md-line=\"38\">Tailored for you and your business<\/h2>\n<p data-v-md-line=\"40\">Bang Blaze 42000 ist jetzt f\u00fcr Privatkunden erh\u00e4ltlich. Gesch\u00e4ftskunden k\u00f6nnen die Ware auch in gr\u00f6\u00dferen Mengen bestellen. Die Zigaretten werden in Gro\u00dfhandelsverpackungen mit 160 St\u00fcck pro Schachtel geliefert, sodass Sie Ihren Kunden ein Produkt anbieten k\u00f6nnen, das sie immer wieder kaufen m\u00f6chten. Wir arbeiten mit zuverl\u00e4ssigen Partnern f\u00fcr den verzollten Versand (DDP) wie UPS, DPD und DHL zusammen, um den gesamten Transport f\u00fcr Sie abzuwickeln. Dadurch entfallen zus\u00e4tzliche Zollgeb\u00fchren, und der gesamte Prozess von unserem Lager bis zu Ihnen nach Hause verl\u00e4uft reibungslos und ohne Verz\u00f6gerungen.<\/p>\n<h2 data-v-md-heading=\"the-reason-why-you-will-like-it\" data-v-md-line=\"42\">Warum es Ihnen gefallen wird<\/h2>\n<p data-v-md-line=\"44\"><strong>Ultra long battery life:<\/strong>\u00a0L\u00e4ngere Akkulaufzeit, kein h\u00e4ufiger Kauf neuer Produkte n\u00f6tig.<\/p>\n<p data-v-md-line=\"46\"><strong>Nicotine concentration selection:<\/strong>\u00a0Sie k\u00f6nnen die f\u00fcr Sie passende Nikotinkonzentration w\u00e4hlen.<\/p>\n<p data-v-md-line=\"48\"><strong>Rechargeable:<\/strong>\u00a0Erm\u00f6glicht es Ihnen, jeden Tropfen der gekauften 30 ml E-Liquid aufzubrauchen.<\/p>\n<p data-v-md-line=\"50\"><strong>Doppelmesh-Verdampferkern:<\/strong>\u00a0It can bring a stable and rich taste every time.<\/p>\n<h2 data-v-md-heading=\"why-choose-to-collaborate-with-agoravape\" data-v-md-line=\"52\">Warum sollten Sie sich f\u00fcr eine Zusammenarbeit mit AgoraVape entscheiden?<\/h2>\n<p data-v-md-line=\"54\">Als einer der vertrauensw\u00fcrdigsten Vape-Distributoren Europas verkaufen wir ausschlie\u00dflich 100% Originalprodukte. F\u00fcr unsere Gesch\u00e4ftskunden bedeutet dies, dass wir f\u00fcr Bang Blaze 42000-Produkte \u00e4u\u00dferst wettbewerbsf\u00e4hige Gro\u00dfhandelspreise, zuverl\u00e4ssigen Kundenservice und einen schnellen und zuverl\u00e4ssigen Versand anbieten. Kontaktieren Sie uns noch heute, um dieses Produkt vorzustellen \u2013 Ihre Kunden werden es zu sch\u00e4tzen wissen.<\/p>","protected":false},"excerpt":{"rendered":"<p>&nbsp;<\/p>\n<p><script src=\"chrome-extension:\/\/fpelahbljekknahkcaegamhcndkfpfnc\/iFrame.js\" type=\"text\/javascript\"><\/script><\/p>\n<p><script src=\"chrome-extension:\/\/fpelahbljekknahkcaegamhcndkfpfnc\/iFrame.js\" type=\"text\/javascript\"><\/script><\/p>\n<p><script src=\"chrome-extension:\/\/fpelahbljekknahkcaegamhcndkfpfnc\/iFrame.js\" type=\"text\/javascript\"><\/script><\/p>","protected":false},"featured_media":19453,"comment_status":"open","ping_status":"closed","template":"","meta":[],"product_brand":[197],"product_cat":[124,187,185,189,123,174,175,193,191,173,186,180,190],"product_tag":[],"class_list":{"0":"post-19439","1":"product","2":"type-product","3":"status-publish","4":"has-post-thumbnail","6":"product_brand-bang","7":"product_cat-vape-by-brand","8":"product_cat-0mg-nicotine-free-vapes","9":"product_cat-10000-puffs-high-capacity","10":"product_cat-20mg-standard-nicotine-vapes","11":"product_cat-bang","12":"product_cat-fruit-flavors","13":"product_cat-icy-mint","14":"product_cat-mesh-coil","15":"product_cat-rechargeable-disposables","16":"product_cat-vape-by-flavor-profile","17":"product_cat-vape-by-nicotine-strength","18":"product_cat-vape-by-puff-count","19":"product_cat-vape-by-feature-or-type","21":"first","22":"instock","23":"shipping-taxable","24":"purchasable","25":"product-type-variable","26":"has-default-attributes"},"tiered_pricing_type":"percentage","tiered_pricing_fixed_rules":[],"tiered_pricing_product_settings":{"layout":"default","base_unit_name":{"singular":null,"plural":null},"default_variation":null},"tiered_pricing_minimum_quantity":10,"tiered_pricing_roles_data":[],"tiered_pricing_percentage_rules":{"30":"29","50":"35","100":"40","200":"44","500":"47","1000":"49"},"tiered_pricing_maximum_quantity":null,"tiered_pricing_quantity_step":"10","_links":{"self":[{"href":"https:\/\/agoravape.com\/de\/wp-json\/wp\/v2\/product\/19439","targetHints":{"allow":["GET"]}}],"collection":[{"href":"https:\/\/agoravape.com\/de\/wp-json\/wp\/v2\/product"}],"about":[{"href":"https:\/\/agoravape.com\/de\/wp-json\/wp\/v2\/types\/product"}],"replies":[{"embeddable":true,"href":"https:\/\/agoravape.com\/de\/wp-json\/wp\/v2\/comments?post=19439"}],"version-history":[{"count":0,"href":"https:\/\/agoravape.com\/de\/wp-json\/wp\/v2\/product\/19439\/revisions"}],"wp:featuredmedia":[{"embeddable":true,"href":"https:\/\/agoravape.com\/de\/wp-json\/wp\/v2\/media\/19453"}],"wp:attachment":[{"href":"https:\/\/agoravape.com\/de\/wp-json\/wp\/v2\/media?parent=19439"}],"wp:term":[{"taxonomy":"product_brand","embeddable":true,"href":"https:\/\/agoravape.com\/de\/wp-json\/wp\/v2\/product_brand?post=19439"},{"taxonomy":"product_cat","embeddable":true,"href":"https:\/\/agoravape.com\/de\/wp-json\/wp\/v2\/product_cat?post=19439"},{"taxonomy":"product_tag","embeddable":true,"href":"https:\/\/agoravape.com\/de\/wp-json\/wp\/v2\/product_tag?post=19439"}],"curies":[{"name":"wp","href":"https:\/\/api.w.org\/{rel}","templated":true}]}}