{"id":19458,"date":"2025-10-30T10:15:31","date_gmt":"2025-10-30T02:15:31","guid":{"rendered":"https:\/\/agoravape.com\/?post_type=product&#038;p=19458"},"modified":"2026-01-30T17:05:21","modified_gmt":"2026-01-30T09:05:21","slug":"bang-blaze-20000-puffs-vape","status":"publish","type":"product","link":"https:\/\/agoravape.com\/de\/product\/bang-blaze-20000-puffs-vape\/","title":{"rendered":"Bang Blaze 20000 Puffs | Massive Capacity, Made Simple"},"content":{"rendered":"<h2 data-v-md-heading=\"what-is-special-about-bang-blaze-20000\" data-v-md-line=\"3\"><img loading=\"lazy\" decoding=\"async\" class=\"size-full wp-image-19472 alignright\" src=\"https:\/\/agoravape.com\/wp-content\/uploads\/2025\/10\/Bang-Blaze-20000-Puffs-Massive-Capacity-Made-Simple_Agora_vape-1-scaled.webp\" alt=\"\" width=\"1434\" height=\"2560\" srcset=\"https:\/\/agoravape.com\/wp-content\/uploads\/2025\/10\/Bang-Blaze-20000-Puffs-Massive-Capacity-Made-Simple_Agora_vape-1-scaled.webp 1434w, https:\/\/agoravape.com\/wp-content\/uploads\/2025\/10\/Bang-Blaze-20000-Puffs-Massive-Capacity-Made-Simple_Agora_vape-1-scaled-1200x2142.webp 1200w, https:\/\/agoravape.com\/wp-content\/uploads\/2025\/10\/Bang-Blaze-20000-Puffs-Massive-Capacity-Made-Simple_Agora_vape-1-168x300.webp 168w, https:\/\/agoravape.com\/wp-content\/uploads\/2025\/10\/Bang-Blaze-20000-Puffs-Massive-Capacity-Made-Simple_Agora_vape-1-574x1024.webp 574w, https:\/\/agoravape.com\/wp-content\/uploads\/2025\/10\/Bang-Blaze-20000-Puffs-Massive-Capacity-Made-Simple_Agora_vape-1-768x1371.webp 768w, https:\/\/agoravape.com\/wp-content\/uploads\/2025\/10\/Bang-Blaze-20000-Puffs-Massive-Capacity-Made-Simple_Agora_vape-1-860x1536.webp 860w, https:\/\/agoravape.com\/wp-content\/uploads\/2025\/10\/Bang-Blaze-20000-Puffs-Massive-Capacity-Made-Simple_Agora_vape-1-1147x2048.webp 1147w\" sizes=\"auto, (max-width: 1434px) 100vw, 1434px\" \/><\/h2>\n<h2 data-v-md-heading=\"what-is-special-about-bang-blaze-20000\" data-v-md-line=\"3\">Was ist das Besondere an Bang Blaze 20000?<\/h2>\n<p data-v-md-line=\"5\">Sind Sie es leid, dass Einweg-E-Zigaretten nach einer Woche den Geist aufgeben? Dann sollten Sie sich dieses Produkt unbedingt ansehen. Das Designkonzept der Bang Blaze 20000 ist ganz einfach: Langlebigkeit. Mit einer enormen Kapazit\u00e4t von bis zu 20.000 Zyklen erm\u00f6glicht sie Ihnen ein langanhaltendes Dampferlebnis. F\u00fcr alle, die eine zuverl\u00e4ssige, geschmackvolle und benutzerfreundliche E-Zigarette suchen, ist sie die ideale Wahl. Sofort einsatzbereit \u2013 ganz ohne komplizierte Bedienung.<\/p>\n<p data-v-md-line=\"7\">Sie denken vielleicht, dass ein Verdampfer mit so gro\u00dfem Tankvolumen sperrig w\u00e4re, aber Sie werden von seiner kompakten Gr\u00f6\u00dfe und dem geringen Tragekomfort \u00fcberrascht sein. Dieses einfache und praktische Ger\u00e4t wurde f\u00fcr alle entwickelt, die genau wissen, was sie wollen: einen zuverl\u00e4ssigen und langlebigen Verdampfer. Einige Modelle sind sogar mit praktischen kleinen Displays ausgestattet, die den Akkustand und das verbleibende E-Liquid anzeigen, sodass Sie den Akkustand jederzeit im Blick haben.<\/p>\n<h2 data-v-md-heading=\"excellent-performance-and-easy-operation\" data-v-md-line=\"9\">Hervorragende Leistung und einfache Bedienung<\/h2>\n<p data-v-md-line=\"11\">Das Geheimnis seines exzellenten Geschmacks liegt im integrierten Mesh-Verdampferkern. Dieser erhitzt das E-Liquid gleichm\u00e4\u00dfiger und sorgt so daf\u00fcr, dass jeder Zug so k\u00f6stlich ist wie der erste. Kein verbrannter Geschmack, nur ein gleichbleibend sanftes Aroma. Von Anfang bis Ende ein vollmundiger und milder Genuss.<\/p>\n<p data-v-md-line=\"13\">Selbst bei niedrigem Akkustand k\u00f6nnen Sie zum Laden ein Standard-USB-C-Kabel verwenden \u2013 genau wie beim Laden Ihres Smartphones. Das ist zwar nur ein kleines Detail, bedeutet aber, dass Sie sich keine Gedanken mehr um ein separates Datenkabel machen m\u00fcssen. Einfach und praktisch.<\/p>\n<h2 data-v-md-heading=\"product-specifications\" data-v-md-line=\"15\">Produktspezifikationen<\/h2>\n<p data-v-md-line=\"17\"><strong>Smoking frequency:<\/strong>\u00a0up to 20000 puffs<\/p>\n<p data-v-md-line=\"19\"><strong>Nicotine concentration:<\/strong>\u00a0Available in four concentration options: 0%, 2%, 3%, and 5%<\/p>\n<p data-v-md-line=\"21\"><strong>Usage:<\/strong>\u00a0Inhale to activate<\/p>\n<p data-v-md-line=\"23\"><strong>Charging method:<\/strong>\u00a0Standard Type-C USB interface<\/p>\n<p data-v-md-line=\"25\"><strong>Status:<\/strong>\u00a0Ready to use out of the box<\/p>\n<h2 data-v-md-heading=\"complete-flavor-lineup\" data-v-md-line=\"27\">Vollst\u00e4ndiges Geschmackssortiment<\/h2>\n<ul data-v-md-line=\"29\">\n<li>Watermelon flavor<\/li>\n<li>Erdbeer- und Wassermelonengeschmack<\/li>\n<li>Blaubeereisgeschmack<\/li>\n<li>Blaubeer- und Himbeergeschmack<\/li>\n<li>Erdbeereisgeschmack<\/li>\n<li>Strawberry Strange Fruit Flavor<\/li>\n<li>Mango-, Pfirsich- und Wassermelonengeschmack<\/li>\n<li>Kiwi-, Passionsfrucht- und Guavengeschmack<\/li>\n<li>Pfirsicheisgeschmack<\/li>\n<li>Mixed berry flavor<\/li>\n<li>Blaubeer- und Traubengeschmack<\/li>\n<li>Wassermelonen-Kaugummigeschmack<\/li>\n<\/ul>\n<h2 data-v-md-heading=\"tailored-for-you-and-your-business\" data-v-md-line=\"42\">Tailored for you and your business<\/h2>\n<p data-v-md-line=\"44\">Bang Blaze 20000 ist ab sofort f\u00fcr Privatkunden erh\u00e4ltlich. Gesch\u00e4ftskunden k\u00f6nnen die Produkte auch in gr\u00f6\u00dferen Mengen bestellen. Sie werden in Gro\u00dfhandelskartons mit 10 St\u00fcck und in Gro\u00dfkartons mit 200 St\u00fcck geliefert, sodass Sie Ihre Regale problemlos mit hochwertigen Produkten best\u00fccken k\u00f6nnen.<\/p>\n<p data-v-md-line=\"46\">Wir arbeiten mit zuverl\u00e4ssigen Logistikpartnern wie UPS, DPD und DHL zusammen, um alle Logistikangelegenheiten abzuwickeln. Alle Waren werden verzollt und verzollt (DDP) versendet, sodass Sie sich keine Gedanken \u00fcber Zollgeb\u00fchren machen m\u00fcssen. Wir setzen alles daran, Ihnen einen reibungslosen und zuverl\u00e4ssigen Ablauf zu bieten, damit Sie beliebte Originalprodukte unkompliziert erhalten.<\/p>\n<h2 data-v-md-heading=\"reasons-why-you-will-like-it\" data-v-md-line=\"48\">Reasons why you will like it<\/h2>\n<p data-v-md-line=\"50\"><strong>Ultra long battery life:<\/strong>\u00a0Durable and long-lasting, no need for frequent purchases.<\/p>\n<p data-v-md-line=\"52\"><strong>Nicotine concentration selection:<\/strong>\u00a0Sie k\u00f6nnen die f\u00fcr Sie passende Nikotinkonzentration w\u00e4hlen, von nikotinfrei bis 5 % Nikotin.<\/p>\n<p data-v-md-line=\"54\"><strong>Rechargeable:<\/strong>\u00a0Erm\u00f6glicht es Ihnen, jeden Tropfen des von Ihnen gekauften E-Liquids aufzubrauchen.<\/p>\n<p data-v-md-line=\"56\"><strong>Mesh atomizing core:<\/strong>\u00a0It can bring a stable and rich taste every time.<\/p>\n<h2 data-v-md-heading=\"why-choose-to-collaborate-with-agoravape\" data-v-md-line=\"58\">Warum sollten Sie sich f\u00fcr eine Zusammenarbeit mit AgoraVape entscheiden?<\/h2>\n<p data-v-md-line=\"60\">Als einer der vertrauensw\u00fcrdigsten Vape-Distributoren Europas verkaufen wir ausschlie\u00dflich 100 % Originalprodukte. F\u00fcr unsere Gesch\u00e4ftskunden bedeutet das: attraktive Gro\u00dfhandelspreise f\u00fcr Bang Blaze 20000, umfassenden technischen Support sowie schnelle und zuverl\u00e4ssige Lieferung. Kontaktieren Sie uns noch heute, damit Ihre Kunden die Qualit\u00e4t Ihrer Produkte wirklich zu sch\u00e4tzen wissen.<\/p>\n<p><script src=\"chrome-extension:\/\/fpelahbljekknahkcaegamhcndkfpfnc\/iFrame.js\" type=\"text\/javascript\"><\/script><\/p>","protected":false},"excerpt":{"rendered":"<p>&nbsp;<\/p>\n<p><script src=\"chrome-extension:\/\/fpelahbljekknahkcaegamhcndkfpfnc\/iFrame.js\" type=\"text\/javascript\"><\/script><\/p>\n<p><script src=\"chrome-extension:\/\/fpelahbljekknahkcaegamhcndkfpfnc\/iFrame.js\" type=\"text\/javascript\"><\/script><\/p>\n<p><script src=\"chrome-extension:\/\/fpelahbljekknahkcaegamhcndkfpfnc\/iFrame.js\" type=\"text\/javascript\"><\/script><\/p>\n<p><script src=\"chrome-extension:\/\/fpelahbljekknahkcaegamhcndkfpfnc\/iFrame.js\" type=\"text\/javascript\"><\/script><\/p>","protected":false},"featured_media":19483,"comment_status":"open","ping_status":"closed","template":"","meta":[],"product_brand":[197],"product_cat":[124,187,185,1636,189,123,174,175,193,191,173,186,180,190],"product_tag":[],"class_list":{"0":"post-19458","1":"product","2":"type-product","3":"status-publish","4":"has-post-thumbnail","6":"product_brand-bang","7":"product_cat-vape-by-brand","8":"product_cat-0mg-nicotine-free-vapes","9":"product_cat-10000-puffs-high-capacity","10":"product_cat-20000-puffs","11":"product_cat-20mg-standard-nicotine-vapes","12":"product_cat-bang","13":"product_cat-fruit-flavors","14":"product_cat-icy-mint","15":"product_cat-mesh-coil","16":"product_cat-rechargeable-disposables","17":"product_cat-vape-by-flavor-profile","18":"product_cat-vape-by-nicotine-strength","19":"product_cat-vape-by-puff-count","20":"product_cat-vape-by-feature-or-type","22":"first","23":"onbackorder","24":"shipping-taxable","25":"purchasable","26":"product-type-variable","27":"has-default-attributes"},"tiered_pricing_type":"percentage","tiered_pricing_fixed_rules":[],"tiered_pricing_product_settings":{"layout":"default","base_unit_name":{"singular":null,"plural":null},"default_variation":null},"tiered_pricing_minimum_quantity":10,"tiered_pricing_roles_data":[],"tiered_pricing_percentage_rules":{"30":"29","50":"35","100":"40","200":"44","500":"47","1000":"49"},"tiered_pricing_maximum_quantity":null,"tiered_pricing_quantity_step":"10","_links":{"self":[{"href":"https:\/\/agoravape.com\/de\/wp-json\/wp\/v2\/product\/19458","targetHints":{"allow":["GET"]}}],"collection":[{"href":"https:\/\/agoravape.com\/de\/wp-json\/wp\/v2\/product"}],"about":[{"href":"https:\/\/agoravape.com\/de\/wp-json\/wp\/v2\/types\/product"}],"replies":[{"embeddable":true,"href":"https:\/\/agoravape.com\/de\/wp-json\/wp\/v2\/comments?post=19458"}],"version-history":[{"count":0,"href":"https:\/\/agoravape.com\/de\/wp-json\/wp\/v2\/product\/19458\/revisions"}],"wp:featuredmedia":[{"embeddable":true,"href":"https:\/\/agoravape.com\/de\/wp-json\/wp\/v2\/media\/19483"}],"wp:attachment":[{"href":"https:\/\/agoravape.com\/de\/wp-json\/wp\/v2\/media?parent=19458"}],"wp:term":[{"taxonomy":"product_brand","embeddable":true,"href":"https:\/\/agoravape.com\/de\/wp-json\/wp\/v2\/product_brand?post=19458"},{"taxonomy":"product_cat","embeddable":true,"href":"https:\/\/agoravape.com\/de\/wp-json\/wp\/v2\/product_cat?post=19458"},{"taxonomy":"product_tag","embeddable":true,"href":"https:\/\/agoravape.com\/de\/wp-json\/wp\/v2\/product_tag?post=19458"}],"curies":[{"name":"wp","href":"https:\/\/api.w.org\/{rel}","templated":true}]}}