{"id":19511,"date":"2025-10-30T11:03:33","date_gmt":"2025-10-30T03:03:33","guid":{"rendered":"https:\/\/agoravape.com\/?post_type=product&#038;p=19511"},"modified":"2026-01-13T01:02:23","modified_gmt":"2026-01-12T17:02:23","slug":"bang-blaze-bk40-40000-puffs-nachfullbar-vape","status":"publish","type":"product","link":"https:\/\/agoravape.com\/de\/product\/bang-blaze-bk40-40000-puffs-refillable-vape\/","title":{"rendered":"Bang Blaze BK40 40000 | Riesige Zugzahl mit nachf\u00fcllbarer Freiheit"},"content":{"rendered":"<h2 data-v-md-heading=\"what-is-special-about-bang-blaze-bk40-40000\" data-v-md-line=\"3\"><img loading=\"lazy\" decoding=\"async\" class=\"size-full wp-image-19525 alignright\" src=\"https:\/\/agoravape.com\/wp-content\/uploads\/2025\/10\/Bang-Blaze-BK40-40000-Huge-Puff-Count-with-Refillable-Freedom_Agora_vape-1-scaled.webp\" alt=\"\" width=\"1045\" height=\"2560\" srcset=\"https:\/\/agoravape.com\/wp-content\/uploads\/2025\/10\/Bang-Blaze-BK40-40000-Huge-Puff-Count-with-Refillable-Freedom_Agora_vape-1-scaled.webp 1045w, https:\/\/agoravape.com\/wp-content\/uploads\/2025\/10\/Bang-Blaze-BK40-40000-Huge-Puff-Count-with-Refillable-Freedom_Agora_vape-1-122x300.webp 122w, https:\/\/agoravape.com\/wp-content\/uploads\/2025\/10\/Bang-Blaze-BK40-40000-Huge-Puff-Count-with-Refillable-Freedom_Agora_vape-1-418x1024.webp 418w, https:\/\/agoravape.com\/wp-content\/uploads\/2025\/10\/Bang-Blaze-BK40-40000-Huge-Puff-Count-with-Refillable-Freedom_Agora_vape-1-768x1882.webp 768w, https:\/\/agoravape.com\/wp-content\/uploads\/2025\/10\/Bang-Blaze-BK40-40000-Huge-Puff-Count-with-Refillable-Freedom_Agora_vape-1-627x1536.webp 627w, https:\/\/agoravape.com\/wp-content\/uploads\/2025\/10\/Bang-Blaze-BK40-40000-Huge-Puff-Count-with-Refillable-Freedom_Agora_vape-1-836x2048.webp 836w, https:\/\/agoravape.com\/wp-content\/uploads\/2025\/10\/Bang-Blaze-BK40-40000-Huge-Puff-Count-with-Refillable-Freedom_Agora_vape-1-1200x2940.webp 1200w\" sizes=\"auto, (max-width: 1045px) 100vw, 1045px\" \/><\/h2>\n<h2 data-v-md-heading=\"what-is-special-about-bang-blaze-bk40-40000\" data-v-md-line=\"3\">Was ist das Besondere am Bang Blaze BK40 40000?<\/h2>\n<p data-v-md-line=\"5\">Wenn Sie genug von Wegwerfdampfern haben, die an Wochenenden nicht lange durchhalten, dann ist der Bang Blaze BK40 definitiv Ihre Aufmerksamkeit wert. Dieses Ger\u00e4t kann als revolution\u00e4res Werk betrachtet werden, mit erstaunlichen 40000 Ports Akkulaufzeit in seinem einfachen und leicht zu bedienenden K\u00f6rper versteckt. Noch cleverer ist, dass es ge\u00f6lt werden kann. Das bedeutet, dass Sie die Bequemlichkeit von Einwegverdampfern genie\u00dfen k\u00f6nnen, w\u00e4hrend Sie gleichzeitig die Freiheit und die lange Akkulaufzeit eines professionellen Patronensets haben.<\/p>\n<p data-v-md-line=\"7\">F\u00fcr jeden Benutzer, der einen zuverl\u00e4ssigen, k\u00f6stlichen und einfach zu bedienenden Verdampfer sucht, ist er die perfekte Wahl. Er ist mit einem 40ml fassenden E-Liquid-Fach und einem leistungsstarken Akku ausgestattet, der sicherstellt, dass Sie jeden Zug voll genie\u00dfen k\u00f6nnen. Dieses Produkt eignet sich sehr gut f\u00fcr Vieldampfer oder f\u00fcr alle, die ein Ger\u00e4t wollen, das man wochenlang statt tagelang benutzen kann.<\/p>\n<h2 data-v-md-heading=\"excellent-performance-and-easy-operation\" data-v-md-line=\"9\">Hervorragende Leistung und einfache Bedienung<\/h2>\n<p data-v-md-line=\"11\">Du denkst vielleicht, dass ein Vape, das 40000 Z\u00fcge rauchen kann, definitiv kompliziert ist, aber es ist tats\u00e4chlich so einfach wie jedes Einweg-Vape, das Du jemals benutzt hast. Das wahre Geheimnis liegt in seinem Inneren. Es verwendet eine 0,6 \u03a9 Mesh-Spule, was bedeutet, dass jeder Biss kann eine glatte und konsistente Geschmack zu bringen.<\/p>\n<p data-v-md-line=\"13\">Der leistungsstarke 1000-mAh-Akku hat eine lange Lebensdauer, und selbst bei niedrigem Akkustand sind keine langwierigen Operationen erforderlich. Schlie\u00dfen Sie ihn einfach an ein Standard-Typ-C-Ladeger\u00e4t an - genau wie das, das Sie zum Aufladen Ihres Telefons verwenden. Sie brauchen keine speziellen Kabel, einfach und bequem. Alles ist darauf ausgerichtet, einen wirklich einfach zu bedienenden, langlebigen Vape zu schaffen.<\/p>\n<h2 data-v-md-heading=\"quick-overview-of-product-specifications\" data-v-md-line=\"15\">Schneller \u00dcberblick \u00fcber die Produktspezifikationen<\/h2>\n<p data-v-md-line=\"17\"><strong>Smoking frequency:<\/strong>\u00a0bis zu 40000 Z\u00fcge<\/p>\n<p data-v-md-line=\"19\"><strong>Nikotingehalt:<\/strong>\u00a00 %, 2 %, 3 % und 5 % optional<\/p>\n<p data-v-md-line=\"21\"><strong>Usage:<\/strong>\u00a0Inhale to activate<\/p>\n<p data-v-md-line=\"23\"><strong>Charging method:<\/strong>\u00a0Standard Type-C USB interface<\/p>\n<p data-v-md-line=\"25\"><strong>Status:<\/strong>\u00a0Plug and Play, ausgestattet mit einem einfachen \u00d6leinspritzsystem<\/p>\n<h2 data-v-md-heading=\"complete-flavor-lineup\" data-v-md-line=\"27\">Vollst\u00e4ndiges Geschmackssortiment<\/h2>\n<ul data-v-md-line=\"29\">\n<li>Watermelon<\/li>\n<li>Wassermelone und Erdbeere<\/li>\n<li>Duft von Kokosnusshain<\/li>\n<li>Strawberry Ice<\/li>\n<li>Red Bull<\/li>\n<li>Pfirsicheis<\/li>\n<li>Blue Rink Ice<\/li>\n<li>Blaubeeren und Himbeeren<\/li>\n<li>Kirschbl\u00fctentrauben<\/li>\n<li>Doppelte \u00c4pfel<\/li>\n<li>Mixed fruits<\/li>\n<li>Mango-Pfirsich<\/li>\n<\/ul>\n<h2 data-v-md-heading=\"tailored-for-you-and-your-business\" data-v-md-line=\"42\">Tailored for you and your business<\/h2>\n<p data-v-md-line=\"44\">Bang Blaze BK40 40000 k\u00f6nnen einzeln oder in gro\u00dfen Mengen gekauft werden, wenn Sie ein Gesch\u00e4ftsinhaber sind. Sie werden in Form von Gro\u00dfhandels-Displayboxen in 10er-Packungen geliefert. Wir arbeiten mit Partnern wie UPS, DPD und DHL zusammen, um zuverl\u00e4ssige DDP-Versandmethoden (Downloads Definition Delivery) f\u00fcr den Transport der Produkte in verschiedene Teile Europas zu nutzen, sodass Sie sich keine Sorgen um Zollgeb\u00fchren machen m\u00fcssen.<\/p>\n<h2 data-v-md-heading=\"reasons-why-you-will-like-it\" data-v-md-line=\"46\">Reasons why you will like it<\/h2>\n<p data-v-md-line=\"48\"><strong>Lange Akkulaufzeit:<\/strong>\u00a0Strapazierf\u00e4hig und langlebig, so dass Sie Geld sparen.<\/p>\n<p data-v-md-line=\"50\"><strong>Einspritzbares \u00d6lsystem:<\/strong>\u00a0Verringern Sie den Abfall und f\u00fcllen Sie Ihr E-Liquid jederzeit wieder auf.<\/p>\n<p data-v-md-line=\"52\"><strong>Leistungsstark und wiederaufladbar:<\/strong>\u00a0Mit einer Akkukapazit\u00e4t von 1000 mAh k\u00f6nnen Sie jeden Tropfen E-Liquid voll ausnutzen.<\/p>\n<p data-v-md-line=\"54\"><strong>Mesh atomizing core:<\/strong>\u00a0Es kann jedes Mal einen gleichm\u00e4\u00dfigen, weichen Geschmack und ein reiches Aroma liefern.<\/p>\n<p data-v-md-line=\"56\"><strong>Nicotine concentration selection:<\/strong>\u00a0Sie k\u00f6nnen die f\u00fcr Sie am besten geeignete Nikotinkonzentration ausw\u00e4hlen.<\/p>\n<h2 data-v-md-heading=\"why-choose-to-collaborate-with-agoravape\" data-v-md-line=\"58\">Warum sollten Sie sich f\u00fcr eine Zusammenarbeit mit AgoraVape entscheiden?<\/h2>\n<p data-v-md-line=\"60\">Als einer der vertrauensw\u00fcrdigsten Vape-H\u00e4ndler in Europa verkaufen wir nur 100% Originalprodukte. F\u00fcr unsere Firmenkunden bedeutet dies Bang Blaze BK40 40000 Gro\u00dfhandelspreis Rabatte, hervorragende technische Unterst\u00fctzung und schnelle und zuverl\u00e4ssige Lieferung. Nehmen Sie sofort Kontakt mit uns auf und kaufen Sie dieses Produkt. Ihre Kunden werden es wirklich zu sch\u00e4tzen wissen.<\/p>\n<p><script src=\"chrome-extension:\/\/fpelahbljekknahkcaegamhcndkfpfnc\/iFrame.js\" type=\"text\/javascript\"><\/script><\/p>\n<p><script src=\"chrome-extension:\/\/fpelahbljekknahkcaegamhcndkfpfnc\/iFrame.js\" type=\"text\/javascript\"><\/script><\/p>\n<p><script src=\"chrome-extension:\/\/fpelahbljekknahkcaegamhcndkfpfnc\/iFrame.js\" type=\"text\/javascript\"><\/script><\/p>\n<p><script src=\"chrome-extension:\/\/fpelahbljekknahkcaegamhcndkfpfnc\/iFrame.js\" type=\"text\/javascript\"><\/script><\/p>\n<p><script src=\"chrome-extension:\/\/fpelahbljekknahkcaegamhcndkfpfnc\/iFrame.js\" type=\"text\/javascript\"><\/script><\/p>\n<p><script src=\"chrome-extension:\/\/fpelahbljekknahkcaegamhcndkfpfnc\/iFrame.js\" type=\"text\/javascript\"><\/script><\/p>\n<p><script src=\"chrome-extension:\/\/fpelahbljekknahkcaegamhcndkfpfnc\/iFrame.js\" type=\"text\/javascript\"><\/script><\/p>\n<p><script src=\"chrome-extension:\/\/fpelahbljekknahkcaegamhcndkfpfnc\/iFrame.js\" type=\"text\/javascript\"><\/script><\/p>","protected":false},"excerpt":{"rendered":"<p>&nbsp;<\/p>\n<p><script src=\"chrome-extension:\/\/fpelahbljekknahkcaegamhcndkfpfnc\/iFrame.js\" type=\"text\/javascript\"><\/script><\/p>\n<p><script src=\"chrome-extension:\/\/fpelahbljekknahkcaegamhcndkfpfnc\/iFrame.js\" type=\"text\/javascript\"><\/script><\/p>\n<p><script src=\"chrome-extension:\/\/fpelahbljekknahkcaegamhcndkfpfnc\/iFrame.js\" type=\"text\/javascript\"><\/script><\/p>\n<p><script src=\"chrome-extension:\/\/fpelahbljekknahkcaegamhcndkfpfnc\/iFrame.js\" type=\"text\/javascript\"><\/script><\/p>\n<p><script src=\"chrome-extension:\/\/fpelahbljekknahkcaegamhcndkfpfnc\/iFrame.js\" type=\"text\/javascript\"><\/script><\/p>\n<p><script src=\"chrome-extension:\/\/fpelahbljekknahkcaegamhcndkfpfnc\/iFrame.js\" type=\"text\/javascript\"><\/script><\/p>\n<p><script src=\"chrome-extension:\/\/fpelahbljekknahkcaegamhcndkfpfnc\/iFrame.js\" type=\"text\/javascript\"><\/script><\/p>\n<p><script src=\"chrome-extension:\/\/fpelahbljekknahkcaegamhcndkfpfnc\/iFrame.js\" type=\"text\/javascript\"><\/script><\/p>\n<p><script src=\"chrome-extension:\/\/fpelahbljekknahkcaegamhcndkfpfnc\/iFrame.js\" type=\"text\/javascript\"><\/script><\/p>\n<p><script src=\"chrome-extension:\/\/fpelahbljekknahkcaegamhcndkfpfnc\/iFrame.js\" type=\"text\/javascript\"><\/script><\/p>","protected":false},"featured_media":19536,"comment_status":"open","ping_status":"closed","template":"","meta":[],"product_brand":[197],"product_cat":[124,187,185,189,1639,123,174,175,191,179,173,186,180,190],"product_tag":[],"class_list":{"0":"post-19511","1":"product","2":"type-product","3":"status-publish","4":"has-post-thumbnail","6":"product_brand-bang","7":"product_cat-vape-by-brand","8":"product_cat-0mg-nicotine-free-vapes","9":"product_cat-10000-puffs-high-capacity","10":"product_cat-20mg-standard-nicotine-vapes","11":"product_cat-40000-puffs","12":"product_cat-bang","13":"product_cat-fruit-flavors","14":"product_cat-icy-mint","15":"product_cat-rechargeable-disposables","16":"product_cat-unique-blends","17":"product_cat-vape-by-flavor-profile","18":"product_cat-vape-by-nicotine-strength","19":"product_cat-vape-by-puff-count","20":"product_cat-vape-by-feature-or-type","22":"first","23":"instock","24":"sale","25":"shipping-taxable","26":"purchasable","27":"product-type-variable","28":"has-default-attributes"},"tiered_pricing_type":"percentage","tiered_pricing_fixed_rules":[],"tiered_pricing_product_settings":{"layout":"default","base_unit_name":{"singular":null,"plural":null},"default_variation":null},"tiered_pricing_minimum_quantity":10,"tiered_pricing_roles_data":[],"tiered_pricing_percentage_rules":{"30":"29","50":"35","100":"40","200":"44","500":"47","1000":"49"},"tiered_pricing_maximum_quantity":null,"tiered_pricing_quantity_step":"10","_links":{"self":[{"href":"https:\/\/agoravape.com\/de\/wp-json\/wp\/v2\/product\/19511","targetHints":{"allow":["GET"]}}],"collection":[{"href":"https:\/\/agoravape.com\/de\/wp-json\/wp\/v2\/product"}],"about":[{"href":"https:\/\/agoravape.com\/de\/wp-json\/wp\/v2\/types\/product"}],"replies":[{"embeddable":true,"href":"https:\/\/agoravape.com\/de\/wp-json\/wp\/v2\/comments?post=19511"}],"version-history":[{"count":0,"href":"https:\/\/agoravape.com\/de\/wp-json\/wp\/v2\/product\/19511\/revisions"}],"wp:featuredmedia":[{"embeddable":true,"href":"https:\/\/agoravape.com\/de\/wp-json\/wp\/v2\/media\/19536"}],"wp:attachment":[{"href":"https:\/\/agoravape.com\/de\/wp-json\/wp\/v2\/media?parent=19511"}],"wp:term":[{"taxonomy":"product_brand","embeddable":true,"href":"https:\/\/agoravape.com\/de\/wp-json\/wp\/v2\/product_brand?post=19511"},{"taxonomy":"product_cat","embeddable":true,"href":"https:\/\/agoravape.com\/de\/wp-json\/wp\/v2\/product_cat?post=19511"},{"taxonomy":"product_tag","embeddable":true,"href":"https:\/\/agoravape.com\/de\/wp-json\/wp\/v2\/product_tag?post=19511"}],"curies":[{"name":"wp","href":"https:\/\/api.w.org\/{rel}","templated":true}]}}