{"id":19594,"date":"2025-10-30T12:52:37","date_gmt":"2025-10-30T04:52:37","guid":{"rendered":"https:\/\/agoravape.com\/?post_type=product&#038;p=19594"},"modified":"2026-01-30T17:03:30","modified_gmt":"2026-01-30T09:03:30","slug":"bang-king-30k-pro-30000-puffs-vape","status":"publish","type":"product","link":"https:\/\/agoravape.com\/de\/product\/bang-king-30k-pro-30000-puffs-vape\/","title":{"rendered":"Bang King 30K Pro 30000 Puffs | Seriously Long-Lasting Flavour"},"content":{"rendered":"<h2 data-v-md-heading=\"what-is-the-bang-king-30k-pro-like\" data-v-md-line=\"3\"><img loading=\"lazy\" decoding=\"async\" class=\"aligncenter size-full wp-image-19620\" src=\"https:\/\/agoravape.com\/wp-content\/uploads\/2025\/10\/Bang-King-30K-Pro-30000-Puffs-Seriously-Long-Lasting-Flavour_Agora_vape-13.webp\" alt=\"\" width=\"1024\" height=\"1024\" srcset=\"https:\/\/agoravape.com\/wp-content\/uploads\/2025\/10\/Bang-King-30K-Pro-30000-Puffs-Seriously-Long-Lasting-Flavour_Agora_vape-13.webp 1024w, https:\/\/agoravape.com\/wp-content\/uploads\/2025\/10\/Bang-King-30K-Pro-30000-Puffs-Seriously-Long-Lasting-Flavour_Agora_vape-13-600x600.webp 600w, https:\/\/agoravape.com\/wp-content\/uploads\/2025\/10\/Bang-King-30K-Pro-30000-Puffs-Seriously-Long-Lasting-Flavour_Agora_vape-13-300x300.webp 300w, https:\/\/agoravape.com\/wp-content\/uploads\/2025\/10\/Bang-King-30K-Pro-30000-Puffs-Seriously-Long-Lasting-Flavour_Agora_vape-13-150x150.webp 150w, https:\/\/agoravape.com\/wp-content\/uploads\/2025\/10\/Bang-King-30K-Pro-30000-Puffs-Seriously-Long-Lasting-Flavour_Agora_vape-13-768x768.webp 768w\" sizes=\"auto, (max-width: 1024px) 100vw, 1024px\" \/><\/h2>\n<h2 data-v-md-heading=\"what-is-the-bang-king-30k-pro-like\" data-v-md-line=\"3\">Wie ist der Bang King 30K Pro?<\/h2>\n<p data-v-md-line=\"5\">Sind Sie es leid, dass Einweg-E-Zigaretten kurz nach dem Kauf leer sind? Dann sollten Sie sich dieses Produkt unbedingt ansehen. Die Bang King 30K Pro ist eine \u00e4u\u00dferst langlebige E-Zigarette, die bis zu 30.000 Z\u00fcge pro Ger\u00e4t erm\u00f6glicht. Sie denken vielleicht, dass so eine starke Leistung zu einem schweren und unhandlichen Ger\u00e4t f\u00fchren w\u00fcrde, aber Sie werden vom Tragekomfort und der guten Handhabung \u00fcberrascht sein.<\/p>\n<p data-v-md-line=\"7\">Dieses Ger\u00e4t ist ideal f\u00fcr alle, die ein zuverl\u00e4ssiges, genussvolles und unkompliziertes Dampferlebnis w\u00fcnschen. Es ist f\u00fcr den Langzeitgebrauch konzipiert, sodass Sie es mehrere Wochen lang nicht austauschen m\u00fcssen. Mit einem extra gro\u00dfen Fassungsverm\u00f6gen von 36 ml E-Liquid ist es robust und langlebig.<\/p>\n<h2 data-v-md-heading=\"excellent-performance-convenient-experience\" data-v-md-line=\"9\">Hervorragende Leistung, komfortables Erlebnis<\/h2>\n<p data-v-md-line=\"11\">Das Geheimnis des gleichbleibenden Geschmacks liegt im integrierten 1,0-\u03a9-Mesh-Verdampferkern. Diese Technologie garantiert ein volles und sanftes Geschmackserlebnis vom ersten bis zum letzten Zug. Selbst gegen Ende bleibt die Qualit\u00e4t konstant \u2013 ein deutlicher Unterschied zu den \u00fcblichen Schw\u00e4chen anderer Einweg-E-Zigaretten.<\/p>\n<p data-v-md-line=\"13\">Es ist mit einem Akku mit einer Kapazit\u00e4t von bis zu 850 mAh ausgestattet. Bei niedrigem Akkustand kann es mit einem Standard-USB-C-Kabel aufgeladen werden \u2013 genau wie beim Aufladen Ihres Smartphones. Kein separates Ladeger\u00e4t erforderlich, einfach und bequem. Alles ist auf Einfachheit und Komfort ausgelegt.<\/p>\n<h2 data-v-md-heading=\"quick-specifications\" data-v-md-line=\"15\">Kurzspezifikationen<\/h2>\n<p data-v-md-line=\"17\"><strong>Smoking frequency:<\/strong>\u00a0bis zu 30000 Z\u00fcge<\/p>\n<p data-v-md-line=\"19\"><strong>Nicotine concentration:<\/strong>\u00a0Available in four concentration options: 0%, 2%, 3%, and 5%<\/p>\n<p data-v-md-line=\"21\"><strong>Usage:<\/strong>\u00a0Inhale to activate<\/p>\n<p data-v-md-line=\"23\"><strong>Charging method:<\/strong>\u00a0Standard Type-C USB interface<\/p>\n<p data-v-md-line=\"25\"><strong>Status:<\/strong>\u00a0Ready to use out of the box<\/p>\n<h2 data-v-md-heading=\"rich-flavor-options\" data-v-md-line=\"27\">Reichhaltige Geschmacksoptionen<\/h2>\n<p data-v-md-line=\"29\">Wir bieten eine Vielzahl an Geschmacksrichtungen an, da ist sicher auch etwas f\u00fcr Sie dabei. Unser aktuelles Sortiment umfasst:<\/p>\n<ul data-v-md-line=\"31\">\n<li>Blaubeeren und Himbeeren<\/li>\n<li>Strawberry watermelon<\/li>\n<li>Blue Rink Ice<\/li>\n<li>Fresh mint<\/li>\n<li>Erdbeertrauben<\/li>\n<li>Blaubeeren, Preiselbeeren, Kirschen<\/li>\n<li>Watermelon<\/li>\n<li>Strawberry kiwi fruit<\/li>\n<li>Minze-Blaubeere-Himbeere (Minze-Blaubeere-Himbeere)<\/li>\n<li>Dreifachbeere<\/li>\n<li>Wassermelonenkirsche<\/li>\n<li>Raspberry Black Flash (Raspberry Black Flash)<\/li>\n<\/ul>\n<h2 data-v-md-heading=\"tailored-for-you-and-your-business\" data-v-md-line=\"44\">Tailored for you and your business<\/h2>\n<p data-v-md-line=\"46\">Wir bieten den Bang King 30K Pro jetzt auch einzeln an. Gesch\u00e4ftskunden k\u00f6nnen zudem gr\u00f6\u00dfere Mengen bestellen. Das Produkt wird in Gro\u00dfhandelsverpackungen mit 200 St\u00fcck pro Karton verkauft. So haben Sie stets ausreichend Ware vorr\u00e4tig.<\/p>\n<p data-v-md-line=\"48\">Wir arbeiten mit Partnern wie UPS, DPD und DHL zusammen, um Waren in verschiedene Teile Europas per zuverl\u00e4ssigem, verzolltem Versand (DDP) zu liefern. Sie erhalten Ihre Ware schnell und ohne zus\u00e4tzliche Zollgeb\u00fchren. Der gesamte Prozess von unserem Lager bis zu Ihnen nach Hause verl\u00e4uft reibungslos und ohne Hindernisse.<\/p>\n<h2 data-v-md-heading=\"reasons-why-you-will-like-it\" data-v-md-line=\"50\">Reasons why you will like it<\/h2>\n<p data-v-md-line=\"52\"><strong>Lange Akkulaufzeit:<\/strong>\u00a0Durable and long-lasting, no need to frequently purchase new cartridges.<\/p>\n<p data-v-md-line=\"54\"><strong>Nicotine concentration selection:<\/strong>\u00a0Sie k\u00f6nnen die f\u00fcr Sie passende Nikotinkonzentration w\u00e4hlen, von nikotinfrei bis hin zu einem starken Gef\u00fchl im Hals ist alles m\u00f6glich.<\/p>\n<p data-v-md-line=\"56\"><strong>Rechargeable:<\/strong>\u00a0Erm\u00f6glicht es Ihnen, die gekauften 36 ml E-Liquid aufzubrauchen.<\/p>\n<p data-v-md-line=\"58\"><strong>Mesh atomizing core:<\/strong>\u00a0It can bring a stable and rich taste every time.<\/p>\n<h2 data-v-md-heading=\"why-choose-agoravape\" data-v-md-line=\"60\">Why choose AgoraVape?<\/h2>\n<p data-v-md-line=\"62\">Als einer der vertrauensw\u00fcrdigsten Vape-Distributoren Europas verkaufen wir ausschlie\u00dflich 100 % Originalprodukte. F\u00fcr unsere Gesch\u00e4ftskunden bedeutet das: Bang King 30K Pro bietet verg\u00fcnstigte Gro\u00dfhandelspreise, umfassenden technischen Support sowie schnelle und zuverl\u00e4ssige Lieferung. Kontaktieren Sie uns, damit Ihre Kunden die Qualit\u00e4t Ihrer Produkte wirklich zu sch\u00e4tzen wissen.<\/p>","protected":false},"excerpt":{"rendered":"<p>&nbsp;<\/p>\n<p><script src=\"chrome-extension:\/\/fpelahbljekknahkcaegamhcndkfpfnc\/iFrame.js\" type=\"text\/javascript\"><\/script><\/p>\n<p><script src=\"chrome-extension:\/\/fpelahbljekknahkcaegamhcndkfpfnc\/iFrame.js\" type=\"text\/javascript\"><\/script><\/p>\n<p><script src=\"chrome-extension:\/\/fpelahbljekknahkcaegamhcndkfpfnc\/iFrame.js\" type=\"text\/javascript\"><\/script><\/p>\n<p><script src=\"chrome-extension:\/\/fpelahbljekknahkcaegamhcndkfpfnc\/iFrame.js\" type=\"text\/javascript\"><\/script><\/p>","protected":false},"featured_media":19619,"comment_status":"open","ping_status":"closed","template":"","meta":[],"product_brand":[197],"product_cat":[124,187,185,189,123,174,175,193,191,179,173,186,180,190],"product_tag":[],"class_list":{"0":"post-19594","1":"product","2":"type-product","3":"status-publish","4":"has-post-thumbnail","6":"product_brand-bang","7":"product_cat-vape-by-brand","8":"product_cat-0mg-nicotine-free-vapes","9":"product_cat-10000-puffs-high-capacity","10":"product_cat-20mg-standard-nicotine-vapes","11":"product_cat-bang","12":"product_cat-fruit-flavors","13":"product_cat-icy-mint","14":"product_cat-mesh-coil","15":"product_cat-rechargeable-disposables","16":"product_cat-unique-blends","17":"product_cat-vape-by-flavor-profile","18":"product_cat-vape-by-nicotine-strength","19":"product_cat-vape-by-puff-count","20":"product_cat-vape-by-feature-or-type","22":"first","23":"instock","24":"shipping-taxable","25":"purchasable","26":"product-type-variable","27":"has-default-attributes"},"tiered_pricing_type":"percentage","tiered_pricing_fixed_rules":[],"tiered_pricing_product_settings":{"layout":"default","base_unit_name":{"singular":null,"plural":null},"default_variation":null},"tiered_pricing_minimum_quantity":10,"tiered_pricing_roles_data":[],"tiered_pricing_percentage_rules":{"30":"29","50":"35","100":"40","200":"44","500":"47","1000":"49"},"tiered_pricing_maximum_quantity":null,"tiered_pricing_quantity_step":"10","_links":{"self":[{"href":"https:\/\/agoravape.com\/de\/wp-json\/wp\/v2\/product\/19594","targetHints":{"allow":["GET"]}}],"collection":[{"href":"https:\/\/agoravape.com\/de\/wp-json\/wp\/v2\/product"}],"about":[{"href":"https:\/\/agoravape.com\/de\/wp-json\/wp\/v2\/types\/product"}],"replies":[{"embeddable":true,"href":"https:\/\/agoravape.com\/de\/wp-json\/wp\/v2\/comments?post=19594"}],"version-history":[{"count":0,"href":"https:\/\/agoravape.com\/de\/wp-json\/wp\/v2\/product\/19594\/revisions"}],"wp:featuredmedia":[{"embeddable":true,"href":"https:\/\/agoravape.com\/de\/wp-json\/wp\/v2\/media\/19619"}],"wp:attachment":[{"href":"https:\/\/agoravape.com\/de\/wp-json\/wp\/v2\/media?parent=19594"}],"wp:term":[{"taxonomy":"product_brand","embeddable":true,"href":"https:\/\/agoravape.com\/de\/wp-json\/wp\/v2\/product_brand?post=19594"},{"taxonomy":"product_cat","embeddable":true,"href":"https:\/\/agoravape.com\/de\/wp-json\/wp\/v2\/product_cat?post=19594"},{"taxonomy":"product_tag","embeddable":true,"href":"https:\/\/agoravape.com\/de\/wp-json\/wp\/v2\/product_tag?post=19594"}],"curies":[{"name":"wp","href":"https:\/\/api.w.org\/{rel}","templated":true}]}}