{"id":19648,"date":"2025-10-30T14:00:29","date_gmt":"2025-10-30T06:00:29","guid":{"rendered":"https:\/\/agoravape.com\/?post_type=product&#038;p=19648"},"modified":"2026-01-30T17:01:56","modified_gmt":"2026-01-30T09:01:56","slug":"bang-king-15000-puffs-display-vape","status":"publish","type":"product","link":"https:\/\/agoravape.com\/de\/product\/bang-king-15000-puffs-display-vape\/","title":{"rendered":"Bang King 15000 | Die smarte E-Zigarette, die dir tats\u00e4chlich sagt, was los ist"},"content":{"rendered":"<h2 data-v-md-heading=\"what-is-special-about-the-bang-king-15000-vape-equipped-with-a-display-screen\" data-v-md-line=\"3\"><img loading=\"lazy\" decoding=\"async\" class=\"aligncenter size-full wp-image-19662\" src=\"https:\/\/agoravape.com\/wp-content\/uploads\/2025\/10\/Bang-King-15000-The-Smart-Vape-That-Actually-Tells-You-Whats-Going-On_Agora_vape-1.webp\" alt=\"\" width=\"2000\" height=\"2500\" srcset=\"https:\/\/agoravape.com\/wp-content\/uploads\/2025\/10\/Bang-King-15000-The-Smart-Vape-That-Actually-Tells-You-Whats-Going-On_Agora_vape-1.webp 2000w, https:\/\/agoravape.com\/wp-content\/uploads\/2025\/10\/Bang-King-15000-The-Smart-Vape-That-Actually-Tells-You-Whats-Going-On_Agora_vape-1-1200x1500.webp 1200w, https:\/\/agoravape.com\/wp-content\/uploads\/2025\/10\/Bang-King-15000-The-Smart-Vape-That-Actually-Tells-You-Whats-Going-On_Agora_vape-1-240x300.webp 240w, https:\/\/agoravape.com\/wp-content\/uploads\/2025\/10\/Bang-King-15000-The-Smart-Vape-That-Actually-Tells-You-Whats-Going-On_Agora_vape-1-819x1024.webp 819w, https:\/\/agoravape.com\/wp-content\/uploads\/2025\/10\/Bang-King-15000-The-Smart-Vape-That-Actually-Tells-You-Whats-Going-On_Agora_vape-1-768x960.webp 768w, https:\/\/agoravape.com\/wp-content\/uploads\/2025\/10\/Bang-King-15000-The-Smart-Vape-That-Actually-Tells-You-Whats-Going-On_Agora_vape-1-1229x1536.webp 1229w, https:\/\/agoravape.com\/wp-content\/uploads\/2025\/10\/Bang-King-15000-The-Smart-Vape-That-Actually-Tells-You-Whats-Going-On_Agora_vape-1-1638x2048.webp 1638w\" sizes=\"auto, (max-width: 2000px) 100vw, 2000px\" \/><\/h2>\n<h2 data-v-md-heading=\"what-is-special-about-the-bang-king-15000-vape-equipped-with-a-display-screen\" data-v-md-line=\"3\">Was ist das Besondere an der Bang King 15000 E-Zigarette mit Display?<\/h2>\n<p data-v-md-line=\"5\">Diese Einweg-E-Zigarette ist mit einem echten Display ausgestattet, was eher ungew\u00f6hnlich ist. Die Bang King 15000 will nicht mit Traditionen brechen, sondern das l\u00e4stige Problem l\u00f6sen, das wir alle kennen: die Unsicherheit \u00fcber den Akkustand und den F\u00fcllstand des E-Liquids. Mit einer Akkulaufzeit von 15.000 Z\u00fcgen erm\u00f6glicht dieses Ger\u00e4t wochenlangen Dampfgenuss ohne R\u00e4tselraten.<\/p>\n<p data-v-md-line=\"7\">Wenn Sie unerwartete Situationen \u2013 wie einen pl\u00f6tzlich leeren Akku ohne Ladeger\u00e4t \u2013 nicht m\u00f6gen, ist dieses Produkt genau das Richtige f\u00fcr Sie. Dank des kompakten Displays haben Sie den Akkustand und den F\u00fcllstand des E-Liquids jederzeit im Blick. Ehrlich gesagt: Wer einmal eine E-Zigarette benutzt hat, die den Akkustand und den F\u00fcllstand anzeigt, m\u00f6chte nicht mehr auf Sch\u00e4tzungen zur\u00fcckgreifen.<\/p>\n<h2 data-v-md-heading=\"excellent-performance-and-easy-operation\" data-v-md-line=\"9\">Hervorragende Leistung und einfache Bedienung<\/h2>\n<p data-v-md-line=\"11\">Der integrierte 1,1-\u03a9-Mesh-Verdampferkern erf\u00fcllt seine Aufgabe perfekt: Er erhitzt das E-Liquid gleichm\u00e4\u00dfig, verhindert einen unangenehmen verbrannten Geschmack und sorgt f\u00fcr ein angenehmes Dampferlebnis. Die 25 ml Tankvolumen sind absolut ausreichend. Ob Sie den 10. oder 10.000. Zug nehmen \u2013 jeder Zug ist so sanft wie der erste. Zum Aufladen des 650-mAh-Akkus schlie\u00dfen Sie einfach das USB-C-Kabel an \u2013 genau wie beim Laden Ihres Smartphones. Simpel und bequem.<\/p>\n<h2 data-v-md-heading=\"quick-specifications\" data-v-md-line=\"13\"><\/h2>\n<h2 data-v-md-heading=\"quick-specifications\" data-v-md-line=\"13\">Kurzspezifikationen<\/h2>\n<p data-v-md-line=\"15\"><strong>Smoking frequency:<\/strong>\u00a0bis zu 15000 Z\u00fcge<\/p>\n<p data-v-md-line=\"17\"><strong>e-liquid capacity:<\/strong>\u00a025 ml vorgef\u00fclltes \u00d6l<\/p>\n<p data-v-md-line=\"19\"><strong>Batterie:<\/strong>\u00a0650-mAh-Akku<\/p>\n<p data-v-md-line=\"21\"><strong>Display screen:<\/strong>\u00a0Das LED-Display zeigt den Akkustand und die verbleibende Menge an E-Liquid an.<\/p>\n<p data-v-md-line=\"23\"><strong>Usage:<\/strong>\u00a0Inhale to activate<\/p>\n<p data-v-md-line=\"25\"><strong>Charging method:<\/strong>\u00a0Standard Type-C USB interface<\/p>\n<p data-v-md-line=\"27\"><strong>Atomisierungskern:<\/strong>\u00a01,1 \u03a9 Mesh-Verdampferkern f\u00fcr ein gleichm\u00e4\u00dfiges und k\u00f6stliches Dampferlebnis<\/p>\n<p data-v-md-line=\"29\"><strong>Status:<\/strong>\u00a0Ready to use out of the box<\/p>\n<h2 data-v-md-heading=\"complete-flavor-lineup\" data-v-md-line=\"31\">Vollst\u00e4ndiges Geschmackssortiment<\/h2>\n<ul data-v-md-line=\"33\">\n<li>Blaubeeren sind erfrischend und belebend.<\/li>\n<li>Beerenexplosion<\/li>\n<li>Blaubeeren, Kirschen, Zitronen<\/li>\n<li>Pfirsich ist erfrischend und belebend.<\/li>\n<li>Trauben sind erfrischend<\/li>\n<li>Pfirsich- und Beerenfr\u00fcchte<\/li>\n<li>Saure Apfel-Heidelbeere<\/li>\n<li>Tropical fruits<\/li>\n<li>Knusprige Erdbeeren<\/li>\n<li>Wassermelone und Erdbeere<\/li>\n<li>Eiskalte Trauben<\/li>\n<\/ul>\n<p><img loading=\"lazy\" decoding=\"async\" class=\"aligncenter size-full wp-image-19671\" src=\"https:\/\/agoravape.com\/wp-content\/uploads\/2025\/10\/Bang-King-15000-The-Smart-Vape-That-Actually-Tells-You-Whats-Going-On_Agora_vape-10.webp\" alt=\"\" width=\"2560\" height=\"1200\" srcset=\"https:\/\/agoravape.com\/wp-content\/uploads\/2025\/10\/Bang-King-15000-The-Smart-Vape-That-Actually-Tells-You-Whats-Going-On_Agora_vape-10.webp 2560w, https:\/\/agoravape.com\/wp-content\/uploads\/2025\/10\/Bang-King-15000-The-Smart-Vape-That-Actually-Tells-You-Whats-Going-On_Agora_vape-10-1200x563.webp 1200w, https:\/\/agoravape.com\/wp-content\/uploads\/2025\/10\/Bang-King-15000-The-Smart-Vape-That-Actually-Tells-You-Whats-Going-On_Agora_vape-10-300x141.webp 300w, https:\/\/agoravape.com\/wp-content\/uploads\/2025\/10\/Bang-King-15000-The-Smart-Vape-That-Actually-Tells-You-Whats-Going-On_Agora_vape-10-1024x480.webp 1024w, https:\/\/agoravape.com\/wp-content\/uploads\/2025\/10\/Bang-King-15000-The-Smart-Vape-That-Actually-Tells-You-Whats-Going-On_Agora_vape-10-768x360.webp 768w, https:\/\/agoravape.com\/wp-content\/uploads\/2025\/10\/Bang-King-15000-The-Smart-Vape-That-Actually-Tells-You-Whats-Going-On_Agora_vape-10-1536x720.webp 1536w, https:\/\/agoravape.com\/wp-content\/uploads\/2025\/10\/Bang-King-15000-The-Smart-Vape-That-Actually-Tells-You-Whats-Going-On_Agora_vape-10-2048x960.webp 2048w\" sizes=\"auto, (max-width: 2560px) 100vw, 2560px\" \/><\/p>\n<h2 data-v-md-heading=\"to-create-for-you-and-your-business\" data-v-md-line=\"45\">Um etwas f\u00fcr Sie und Ihr Unternehmen zu schaffen<\/h2>\n<p data-v-md-line=\"47\">Wir haben Bang King gegr\u00fcndet und bieten Ihnen 15.000 Produkte zum Einzelkauf an. Gesch\u00e4ftskunden k\u00f6nnen auch gr\u00f6\u00dfere Mengen bestellen. Die Produkte sind in Gro\u00dfhandelsverpackungen erh\u00e4ltlich, sodass Sie Ihr Lager problemlos auff\u00fcllen k\u00f6nnen. Wir bieten Ihnen DDP-Services mit UPS, DPD und DHL an, um den gesamten Versand f\u00fcr Sie abzuwickeln und zus\u00e4tzliche Zollgeb\u00fchren zu vermeiden. Ihre Bestellung ist bereits verzollt und kann direkt weiterverkauft werden.<\/p>\n<p data-v-md-line=\"49\">F\u00fcr Ladenbesitzer kann dieses Produkt Kunden fast ohne Werbung anlocken. Besonders beliebt ist bei den Kunden die Pr\u00e4sentationsfunktion \u2013 dadurch wird es zum Blickfang und hebt sich von den vielen gew\u00f6hnlichen Einwegprodukten im Regal ab.<\/p>\n<h2 data-v-md-heading=\"reasons-why-you-will-like-it\" data-v-md-line=\"51\">Reasons why you will like it<\/h2>\n<p data-v-md-line=\"53\"><strong>Display screen:<\/strong>\u00a0Kein R\u00e4tselraten mehr \u2013 Sie k\u00f6nnen den verbleibenden Akku- und E-Liquid-F\u00fcllstand pr\u00e4zise \u00fcberpr\u00fcfen.<\/p>\n<p data-v-md-line=\"55\"><strong>15000 Einheiten:<\/strong>\u00a0Genie\u00dfen Sie wochenlanges Dampfvergn\u00fcgen mit nur einem Ger\u00e4t<\/p>\n<p data-v-md-line=\"57\"><strong>25 ml gro\u00dfes Fassungsverm\u00f6gen f\u00fcr E-Liquid:<\/strong>\u00a0Value for money<\/p>\n<p data-v-md-line=\"59\"><strong>Rechargeable battery:<\/strong>\u00a0Make the most of every drop of e-liquid you spend<\/p>\n<p data-v-md-line=\"61\"><strong>Mesh atomizing core:<\/strong>\u00a0Es sorgt jedes Mal f\u00fcr einen gleichbleibenden und vollen Geschmack.<\/p>\n<p data-v-md-line=\"63\"><strong>Laden \u00fcber USB-C:<\/strong>\u00a0Verwenden Sie dasselbe Ladekabel wie die meisten modernen Ger\u00e4te.<\/p>\n<h2 data-v-md-heading=\"why-choose-agoravape\" data-v-md-line=\"65\">Why choose AgoraVape?<\/h2>\n<p data-v-md-line=\"67\">Als einer der vertrauensw\u00fcrdigsten Vape-Distributoren Europas verkaufen wir ausschlie\u00dflich 100 % Originalprodukte. F\u00fcr unsere Gesch\u00e4ftskunden bedeutet das: Bang King 15000 bietet verg\u00fcnstigte Gro\u00dfhandelspreise, umfassenden technischen Support sowie schnelle und zuverl\u00e4ssige Lieferung. Kontaktieren Sie uns, damit Ihre Kunden die Qualit\u00e4t Ihrer Produkte wirklich zu sch\u00e4tzen wissen.<\/p>","protected":false},"excerpt":{"rendered":"<p>&nbsp;<\/p>\n<p><script src=\"chrome-extension:\/\/fpelahbljekknahkcaegamhcndkfpfnc\/iFrame.js\" type=\"text\/javascript\"><\/script><\/p>\n<p><script src=\"chrome-extension:\/\/fpelahbljekknahkcaegamhcndkfpfnc\/iFrame.js\" type=\"text\/javascript\"><\/script><\/p>\n<p><script src=\"chrome-extension:\/\/fpelahbljekknahkcaegamhcndkfpfnc\/iFrame.js\" type=\"text\/javascript\"><\/script><\/p>\n<p><script src=\"chrome-extension:\/\/fpelahbljekknahkcaegamhcndkfpfnc\/iFrame.js\" type=\"text\/javascript\"><\/script><\/p>","protected":false},"featured_media":19673,"comment_status":"open","ping_status":"closed","template":"","meta":[],"product_brand":[197],"product_cat":[124,187,185,1635,189,123,174,175,193,191,173,186,180,190,192],"product_tag":[],"class_list":{"0":"post-19648","1":"product","2":"type-product","3":"status-publish","4":"has-post-thumbnail","6":"product_brand-bang","7":"product_cat-vape-by-brand","8":"product_cat-0mg-nicotine-free-vapes","9":"product_cat-10000-puffs-high-capacity","10":"product_cat-15000-puffs","11":"product_cat-20mg-standard-nicotine-vapes","12":"product_cat-bang","13":"product_cat-fruit-flavors","14":"product_cat-icy-mint","15":"product_cat-mesh-coil","16":"product_cat-rechargeable-disposables","17":"product_cat-vape-by-flavor-profile","18":"product_cat-vape-by-nicotine-strength","19":"product_cat-vape-by-puff-count","20":"product_cat-vape-by-feature-or-type","21":"product_cat-vapes-with-screens","23":"first","24":"instock","25":"shipping-taxable","26":"purchasable","27":"product-type-variable","28":"has-default-attributes"},"tiered_pricing_type":"percentage","tiered_pricing_fixed_rules":[],"tiered_pricing_product_settings":{"layout":"default","base_unit_name":{"singular":null,"plural":null},"default_variation":null},"tiered_pricing_minimum_quantity":10,"tiered_pricing_roles_data":[],"tiered_pricing_percentage_rules":{"30":"29","50":"35","100":"40","200":"44","500":"47","1000":"49"},"tiered_pricing_maximum_quantity":null,"tiered_pricing_quantity_step":"10","_links":{"self":[{"href":"https:\/\/agoravape.com\/de\/wp-json\/wp\/v2\/product\/19648","targetHints":{"allow":["GET"]}}],"collection":[{"href":"https:\/\/agoravape.com\/de\/wp-json\/wp\/v2\/product"}],"about":[{"href":"https:\/\/agoravape.com\/de\/wp-json\/wp\/v2\/types\/product"}],"replies":[{"embeddable":true,"href":"https:\/\/agoravape.com\/de\/wp-json\/wp\/v2\/comments?post=19648"}],"version-history":[{"count":0,"href":"https:\/\/agoravape.com\/de\/wp-json\/wp\/v2\/product\/19648\/revisions"}],"wp:featuredmedia":[{"embeddable":true,"href":"https:\/\/agoravape.com\/de\/wp-json\/wp\/v2\/media\/19673"}],"wp:attachment":[{"href":"https:\/\/agoravape.com\/de\/wp-json\/wp\/v2\/media?parent=19648"}],"wp:term":[{"taxonomy":"product_brand","embeddable":true,"href":"https:\/\/agoravape.com\/de\/wp-json\/wp\/v2\/product_brand?post=19648"},{"taxonomy":"product_cat","embeddable":true,"href":"https:\/\/agoravape.com\/de\/wp-json\/wp\/v2\/product_cat?post=19648"},{"taxonomy":"product_tag","embeddable":true,"href":"https:\/\/agoravape.com\/de\/wp-json\/wp\/v2\/product_tag?post=19648"}],"curies":[{"name":"wp","href":"https:\/\/api.w.org\/{rel}","templated":true}]}}