{"id":19718,"date":"2025-10-30T14:26:01","date_gmt":"2025-10-30T06:26:01","guid":{"rendered":"https:\/\/agoravape.com\/?post_type=product&#038;p=19718"},"modified":"2026-01-30T16:56:52","modified_gmt":"2026-01-30T08:56:52","slug":"bang-king-20000-puffs-wegwerfbares-vape","status":"publish","type":"product","link":"https:\/\/agoravape.com\/de\/product\/bang-king-20000-puffs-disposable-vape\/","title":{"rendered":"Bang King 20000 | Massive Puff Count, Zero Hassle"},"content":{"rendered":"<h2 data-v-md-heading=\"what-is-the-bang-king-20000-rechargeable-disposable-vape-like\" data-v-md-line=\"3\"><img loading=\"lazy\" decoding=\"async\" class=\"aligncenter size-full wp-image-19752\" src=\"https:\/\/agoravape.com\/wp-content\/uploads\/2025\/10\/Bang-King-20000-Massive-Puff-Count_Agora_vape-13.webp\" alt=\"\" width=\"1200\" height=\"2280\" srcset=\"https:\/\/agoravape.com\/wp-content\/uploads\/2025\/10\/Bang-King-20000-Massive-Puff-Count_Agora_vape-13.webp 1200w, https:\/\/agoravape.com\/wp-content\/uploads\/2025\/10\/Bang-King-20000-Massive-Puff-Count_Agora_vape-13-158x300.webp 158w, https:\/\/agoravape.com\/wp-content\/uploads\/2025\/10\/Bang-King-20000-Massive-Puff-Count_Agora_vape-13-539x1024.webp 539w, https:\/\/agoravape.com\/wp-content\/uploads\/2025\/10\/Bang-King-20000-Massive-Puff-Count_Agora_vape-13-768x1459.webp 768w, https:\/\/agoravape.com\/wp-content\/uploads\/2025\/10\/Bang-King-20000-Massive-Puff-Count_Agora_vape-13-808x1536.webp 808w, https:\/\/agoravape.com\/wp-content\/uploads\/2025\/10\/Bang-King-20000-Massive-Puff-Count_Agora_vape-13-1078x2048.webp 1078w\" sizes=\"auto, (max-width: 1200px) 100vw, 1200px\" \/><\/h2>\n<h2 data-v-md-heading=\"what-is-the-bang-king-20000-rechargeable-disposable-vape-like\" data-v-md-line=\"3\">Wie ist die wiederaufladbare Einweg-E-Zigarette Bang King 20000?<\/h2>\n<p data-v-md-line=\"5\">Okay, reden wir \u00fcber eine wirklich langlebige E-Zigarette. Die Bang King 20000 hat nicht versucht, mit Traditionen zu brechen, sondern einfach das getan, was eine exzellente Einweg-E-Zigarette tun sollte: wochenlang zuverl\u00e4ssiges Dampfvergn\u00fcgen ohne jeglichen Aufwand erm\u00f6glichen. Dieses Ger\u00e4t bietet eine Akkulaufzeit von bis zu 20.000 Z\u00fcgen und \u00fcbertrifft damit die Lebensdauer anderer E-Zigaretten deutlich.<\/p>\n<p data-v-md-line=\"7\">F\u00fcr alle, die es leid sind, st\u00e4ndig neue Einweg-E-Zigaretten zu kaufen, aber kein komplettes Set besitzen m\u00f6chten, ist dies die perfekte Wahl. Sie vereint den Komfort von Einweg-E-Zigaretten mit der langen Akkulaufzeit professioneller Ger\u00e4te. Au\u00dferdem ist sie wiederaufladbar, sodass Sie jeden Tropfen der 25 ml E-Liquid voll auskosten k\u00f6nnen.<\/p>\n<h2 data-v-md-heading=\"excellent-performance-and-easy-operation\" data-v-md-line=\"9\">Hervorragende Leistung und einfache Bedienung<\/h2>\n<p data-v-md-line=\"11\">Das Herzst\u00fcck dieses Produkts ist die integrierte 1,1-\u03a9-Mesh-Spule. So genie\u00dfen Sie vom ersten bis zum tausendsten Zug einen gleichbleibend sanften Geschmack. Kein verbrannter Geschmack, kein Geschmacksverlust \u2013 immer wieder ein befriedigendes Raucherlebnis. Zum Aufladen des 650-mAh-Akkus (der zudem eine lange Laufzeit hat) ben\u00f6tigen Sie lediglich ein USB-C-Kabel \u2013 vielleicht haben Sie ja bereits ein solches Kabel zu Hause an Ihrem Smartphone angeschlossen. So einfach ist das.<\/p>\n<h2 data-v-md-heading=\"quick-specifications\" data-v-md-line=\"13\">Kurzspezifikationen<\/h2>\n<p data-v-md-line=\"15\"><strong>Smoking frequency:<\/strong>\u00a0up to 20000 puffs<\/p>\n<p data-v-md-line=\"17\"><strong>e-liquid capacity:<\/strong>\u00a025 ml vorgef\u00fclltes \u00d6l<\/p>\n<p data-v-md-line=\"19\"><strong>Batterie:<\/strong>\u00a0650-mAh-Akku<\/p>\n<p data-v-md-line=\"21\"><strong>Usage:<\/strong>\u00a0Inhale to activate<\/p>\n<p data-v-md-line=\"23\"><strong>Charging method:<\/strong>\u00a0Standard Type-C USB interface<\/p>\n<p data-v-md-line=\"25\"><strong>Atomisierungskern:<\/strong>\u00a01,1 \u03a9 Mesh-Zerst\u00e4uberkern f\u00fcr gleichbleibenden Geschmack<\/p>\n<p data-v-md-line=\"27\"><strong>Status:<\/strong>\u00a0Ready to use out of the box<\/p>\n<h2 data-v-md-heading=\"complete-flavor-lineup\" data-v-md-line=\"29\">Vollst\u00e4ndiges Geschmackssortiment<\/h2>\n<ul data-v-md-line=\"31\">\n<li>Saurer Apfel Himbeere<\/li>\n<li>Pfirsicheis<\/li>\n<li>Tropical fruits<\/li>\n<li>Strawberry watermelon<\/li>\n<li>Watermelon Ice<\/li>\n<li>Grape Ice<\/li>\n<li>Blue Rink Ice<\/li>\n<li>Blaubeeren und Himbeeren<\/li>\n<li>Strawberry Mango<\/li>\n<li>Kiwi-Guave<\/li>\n<li>Energy-Drinks<\/li>\n<li>Strawberry kiwi fruit<\/li>\n<\/ul>\n<h2 data-v-md-heading=\"to-serve-you-and-your-business\" data-v-md-line=\"44\">Um Ihnen und Ihrem Unternehmen zu dienen<\/h2>\n<p data-v-md-line=\"46\">Wir haben die Bang King 20000-Version f\u00fcr den privaten Gebrauch auf den Markt gebracht. Wenn Sie jedoch ein Ladengesch\u00e4ft oder einen Online-Shop betreiben, k\u00f6nnen Sie sich problemlos einen Vorrat anlegen. Das Produkt wird in Gro\u00dfhandelsverpackungen mit 200 St\u00fcck pro Karton angeboten, ist ordentlich verpackt und jederzeit versandbereit. Jeder Umkarton wiegt ca. 21,5 Kilogramm und misst 565 \u00d7 337 \u00d7 258 Millimeter \u2013 diese Angaben sind sehr hilfreich bei der Planung Ihres Lagerplatzes.<\/p>\n<p data-v-md-line=\"48\">Wir arbeiten mit zuverl\u00e4ssigen Partnern wie UPS, DPD und DHL zusammen, um all Ihre Transportherausforderungen zu meistern. Alle Waren sind verzollt (DDP), sodass Sie sich keine Sorgen um Zollgeb\u00fchren machen m\u00fcssen. Ob Berlin, Barcelona oder Birmingham \u2013 wir bieten Ihnen bequeme und zuverl\u00e4ssige Hauszustellung.<\/p>\n<h2 data-v-md-heading=\"reasons-why-you-will-like-it\" data-v-md-line=\"50\">Reasons why you will like it<\/h2>\n<p data-v-md-line=\"52\"><strong>20000 Z\u00fcge:<\/strong>\u00a0Das entspricht einem Monat oder sogar l\u00e4ngerer Erfahrung mit dem Dampfen \u2013 Sie werden v\u00f6llig vergessen, wie ein Dampfshop aussieht.<\/p>\n<p data-v-md-line=\"54\"><strong>25 ml E-Liquid:<\/strong>\u00a0Mehr E-Liquid bedeutet h\u00f6here Kosteneffizienz<\/p>\n<p data-v-md-line=\"56\"><strong>Rechargeable battery:<\/strong>\u00a0Verbrauche den Rest, anstatt die halbvolle Portion wegzuwerfen.<\/p>\n<p data-v-md-line=\"58\"><strong>Mesh-Spulentechnologie:<\/strong>\u00a0Es sorgt jedes Mal f\u00fcr einen gleichbleibenden und vollen Geschmack.<\/p>\n<p data-v-md-line=\"60\"><strong>Laden \u00fcber USB-C:<\/strong>\u00a0Schnellladen mit Ihrem vorhandenen Datenkabel<\/p>\n<p data-v-md-line=\"62\"><strong>12 Geschmacksrichtungen zur Auswahl:<\/strong>\u00a0Von klassischen Fruchtaromen bis hin zu erfrischenden Energy-Drink-Aromen ist alles erh\u00e4ltlich.<\/p>\n<h2 data-v-md-heading=\"why-choose-agoravape\" data-v-md-line=\"64\">Why choose AgoraVape?<\/h2>\n<p data-v-md-line=\"66\">Als einer der vertrauensw\u00fcrdigsten Vape-Distributoren in Europa verkaufen wir ausschlie\u00dflich 100 % Originalprodukte. F\u00fcr unsere Gesch\u00e4ftskunden bedeutet das: g\u00fcnstige Gro\u00dfhandelspreise, zuverl\u00e4ssiger technischer Support und schnelle, zuverl\u00e4ssige Lieferung der wiederaufladbaren Einweg-Vapes von Bang King (20.000 St\u00fcck). Kontaktieren Sie uns und kaufen Sie ein Produkt, das Ihre Kunden begeistern wird.<\/p>\n<p><script src=\"chrome-extension:\/\/fpelahbljekknahkcaegamhcndkfpfnc\/iFrame.js\" type=\"text\/javascript\"><\/script><\/p>","protected":false},"excerpt":{"rendered":"<p>&nbsp;<\/p>\n<p><script src=\"chrome-extension:\/\/fpelahbljekknahkcaegamhcndkfpfnc\/iFrame.js\" type=\"text\/javascript\"><\/script><\/p>\n<p><script src=\"chrome-extension:\/\/fpelahbljekknahkcaegamhcndkfpfnc\/iFrame.js\" type=\"text\/javascript\"><\/script><\/p>\n<p><script src=\"chrome-extension:\/\/fpelahbljekknahkcaegamhcndkfpfnc\/iFrame.js\" type=\"text\/javascript\"><\/script><\/p>\n<p><script src=\"chrome-extension:\/\/fpelahbljekknahkcaegamhcndkfpfnc\/iFrame.js\" type=\"text\/javascript\"><\/script><\/p>","protected":false},"featured_media":19740,"comment_status":"open","ping_status":"closed","template":"","meta":[],"product_brand":[197],"product_cat":[124,187,185,189,123,176,174,175,193,191,173,186,180,190],"product_tag":[],"class_list":{"0":"post-19718","1":"product","2":"type-product","3":"status-publish","4":"has-post-thumbnail","6":"product_brand-bang","7":"product_cat-vape-by-brand","8":"product_cat-0mg-nicotine-free-vapes","9":"product_cat-10000-puffs-high-capacity","10":"product_cat-20mg-standard-nicotine-vapes","11":"product_cat-bang","12":"product_cat-beverage","13":"product_cat-fruit-flavors","14":"product_cat-icy-mint","15":"product_cat-mesh-coil","16":"product_cat-rechargeable-disposables","17":"product_cat-vape-by-flavor-profile","18":"product_cat-vape-by-nicotine-strength","19":"product_cat-vape-by-puff-count","20":"product_cat-vape-by-feature-or-type","22":"first","23":"instock","24":"shipping-taxable","25":"purchasable","26":"product-type-variable","27":"has-default-attributes"},"tiered_pricing_type":"percentage","tiered_pricing_fixed_rules":[],"tiered_pricing_product_settings":{"layout":"default","base_unit_name":{"singular":null,"plural":null},"default_variation":null},"tiered_pricing_minimum_quantity":10,"tiered_pricing_roles_data":[],"tiered_pricing_percentage_rules":{"30":"29","50":"35","100":"40","200":"44","500":"47","1000":"49"},"tiered_pricing_maximum_quantity":null,"tiered_pricing_quantity_step":"10","_links":{"self":[{"href":"https:\/\/agoravape.com\/de\/wp-json\/wp\/v2\/product\/19718","targetHints":{"allow":["GET"]}}],"collection":[{"href":"https:\/\/agoravape.com\/de\/wp-json\/wp\/v2\/product"}],"about":[{"href":"https:\/\/agoravape.com\/de\/wp-json\/wp\/v2\/types\/product"}],"replies":[{"embeddable":true,"href":"https:\/\/agoravape.com\/de\/wp-json\/wp\/v2\/comments?post=19718"}],"version-history":[{"count":0,"href":"https:\/\/agoravape.com\/de\/wp-json\/wp\/v2\/product\/19718\/revisions"}],"wp:featuredmedia":[{"embeddable":true,"href":"https:\/\/agoravape.com\/de\/wp-json\/wp\/v2\/media\/19740"}],"wp:attachment":[{"href":"https:\/\/agoravape.com\/de\/wp-json\/wp\/v2\/media?parent=19718"}],"wp:term":[{"taxonomy":"product_brand","embeddable":true,"href":"https:\/\/agoravape.com\/de\/wp-json\/wp\/v2\/product_brand?post=19718"},{"taxonomy":"product_cat","embeddable":true,"href":"https:\/\/agoravape.com\/de\/wp-json\/wp\/v2\/product_cat?post=19718"},{"taxonomy":"product_tag","embeddable":true,"href":"https:\/\/agoravape.com\/de\/wp-json\/wp\/v2\/product_tag?post=19718"}],"curies":[{"name":"wp","href":"https:\/\/api.w.org\/{rel}","templated":true}]}}