{"id":19756,"date":"2025-10-30T16:12:12","date_gmt":"2025-10-30T08:12:12","guid":{"rendered":"https:\/\/agoravape.com\/?post_type=product&#038;p=19756"},"modified":"2025-12-15T21:29:45","modified_gmt":"2025-12-15T13:29:45","slug":"bang-king-25000-puffs-hoch-nikotin-vape","status":"publish","type":"product","link":"https:\/\/agoravape.com\/de\/product\/bang-king-25000-puffs-high-nicotine-vape\/","title":{"rendered":"Bang King 25000 | Extrem langanhaltend, extrem einfach"},"content":{"rendered":"<h2 data-v-md-heading=\"what-is-the-bang-king-25000-high-nicotine-disposable-vape-like\" data-v-md-line=\"3\"><img loading=\"lazy\" decoding=\"async\" class=\"aligncenter size-full wp-image-19782\" src=\"https:\/\/agoravape.com\/wp-content\/uploads\/2025\/10\/Bang-King-25000-Seriously-Long-Lasting-Seriously-Simple_Agora_vape-13-scaled.webp\" alt=\"\" width=\"2560\" height=\"1440\" srcset=\"https:\/\/agoravape.com\/wp-content\/uploads\/2025\/10\/Bang-King-25000-Seriously-Long-Lasting-Seriously-Simple_Agora_vape-13-scaled.webp 2560w, https:\/\/agoravape.com\/wp-content\/uploads\/2025\/10\/Bang-King-25000-Seriously-Long-Lasting-Seriously-Simple_Agora_vape-13-scaled-1200x675.webp 1200w, https:\/\/agoravape.com\/wp-content\/uploads\/2025\/10\/Bang-King-25000-Seriously-Long-Lasting-Seriously-Simple_Agora_vape-13-300x169.webp 300w, https:\/\/agoravape.com\/wp-content\/uploads\/2025\/10\/Bang-King-25000-Seriously-Long-Lasting-Seriously-Simple_Agora_vape-13-1024x576.webp 1024w, https:\/\/agoravape.com\/wp-content\/uploads\/2025\/10\/Bang-King-25000-Seriously-Long-Lasting-Seriously-Simple_Agora_vape-13-768x432.webp 768w, https:\/\/agoravape.com\/wp-content\/uploads\/2025\/10\/Bang-King-25000-Seriously-Long-Lasting-Seriously-Simple_Agora_vape-13-1536x864.webp 1536w, https:\/\/agoravape.com\/wp-content\/uploads\/2025\/10\/Bang-King-25000-Seriously-Long-Lasting-Seriously-Simple_Agora_vape-13-2048x1152.webp 2048w\" sizes=\"auto, (max-width: 2560px) 100vw, 2560px\" \/><\/h2>\n<h2 data-v-md-heading=\"what-is-the-bang-king-25000-high-nicotine-disposable-vape-like\" data-v-md-line=\"3\">Wie ist die Bang King 25000 Einweg-E-Zigarette mit hohem Nikotingehalt?<\/h2>\n<p data-v-md-line=\"5\">Okay, reden wir \u00fcber diese wirklich robuste E-Zigarette. Die Bang King 25000 verzichtet auf Schnickschnack und Komplexit\u00e4t \u2013 sie ist eine stabile und zuverl\u00e4ssige Einweg-E-Zigarette, die selbst dann noch zuverl\u00e4ssig funktioniert, wenn andere Ger\u00e4te l\u00e4ngst ausgedient haben. Ein Ger\u00e4t erm\u00f6glicht 25.000 Z\u00fcge, sodass Sie es wochen- oder sogar monatelang ohne h\u00e4ufiges Wechseln der Kartuschen nutzen k\u00f6nnen.<\/p>\n<p data-v-md-line=\"7\">F\u00fcr alle, die genug von Einweg-E-Zigaretten haben, die zwar lange halten sollen, aber nicht mal ein Wochenende durchhalten, ist dieses Produkt die perfekte Wahl. Es unterscheidet sich von anderen. Eine Nikotinkonzentration von 5 % erf\u00fcllt die Bed\u00fcrfnisse von Nutzern, die es w\u00fcnschen, und dank des wiederaufladbaren Designs l\u00e4sst sich wirklich jeder Tropfen E-Liquid aufbrauchen.<\/p>\n<h2 data-v-md-heading=\"excellent-performance-and-easy-operation\" data-v-md-line=\"9\">Hervorragende Leistung und einfache Bedienung<\/h2>\n<p data-v-md-line=\"11\">Das Design des Bang King 25000 ist schlicht und \u00fcbersichtlich. Der integrierte Mesh-Verdampferkern sorgt f\u00fcr gleichbleibenden Geschmack bei jedem Zug \u2013 ganz ohne den oft unangenehmen, verbrannten Geruch billiger E-Zigaretten. Die Akkukapazit\u00e4t von 650 mAh mag gering erscheinen, aber der Clou ist die USB-C-Ladefunktion. Selbst wenn der Akku also mal fast leer ist (was selten vorkommt), k\u00f6nnen Sie ihn einfach mit demselben Kabel wie Ihr Smartphone aufladen. Zehn Minuten Ladezeit gen\u00fcgen f\u00fcr stundenlanges Dampfvergn\u00fcgen. So einfach ist das.<\/p>\n<h2 data-v-md-heading=\"product-specifications\" data-v-md-line=\"13\">Produktspezifikationen<\/h2>\n<p data-v-md-line=\"15\"><strong>Smoking frequency:<\/strong>\u00a0bis zu 25000 Z\u00fcge<\/p>\n<p data-v-md-line=\"17\"><strong>Nikotingehalt:<\/strong>\u00a05 % (50 mg\/ml) \u2013 m\u00e4\u00dfige Rauchintensit\u00e4t<\/p>\n<p data-v-md-line=\"19\"><strong>Usage:<\/strong>\u00a0Inhale to activate<\/p>\n<p data-v-md-line=\"21\"><strong>Charging method:<\/strong>\u00a0Standard Type-C USB interface<\/p>\n<p data-v-md-line=\"23\"><strong>Batterie:<\/strong>\u00a0650-mAh-Akku<\/p>\n<p data-v-md-line=\"25\"><strong>Status:<\/strong>\u00a0Ready to use out of the box<\/p>\n<h2 data-v-md-heading=\"complete-flavor-lineup\" data-v-md-line=\"27\">Vollst\u00e4ndiges Geschmackssortiment<\/h2>\n<ul data-v-md-line=\"29\">\n<li>Blaubeeren und Himbeeren<\/li>\n<li>Pfirsicheis<\/li>\n<li>Strawberry watermelon<\/li>\n<li>Watermelon Ice<\/li>\n<li>Erdbeere und Banane<\/li>\n<li>Saure \u00c4pfel<\/li>\n<li>Dreifachbeeren-Eis<\/li>\n<li>Tropical fruits<\/li>\n<li>Kirschbombe<\/li>\n<li>Grape Ice<\/li>\n<li>Pfirsich und Mango<\/li>\n<li>Strawberry Mango<\/li>\n<\/ul>\n<p><img loading=\"lazy\" decoding=\"async\" class=\"aligncenter size-full wp-image-19770\" src=\"https:\/\/agoravape.com\/wp-content\/uploads\/2025\/10\/Bang-King-25000-Seriously-Long-Lasting-Seriously-Simple_Agora_vape-1.webp\" alt=\"\" width=\"1920\" height=\"1240\" srcset=\"https:\/\/agoravape.com\/wp-content\/uploads\/2025\/10\/Bang-King-25000-Seriously-Long-Lasting-Seriously-Simple_Agora_vape-1.webp 1920w, https:\/\/agoravape.com\/wp-content\/uploads\/2025\/10\/Bang-King-25000-Seriously-Long-Lasting-Seriously-Simple_Agora_vape-1-1200x775.webp 1200w, https:\/\/agoravape.com\/wp-content\/uploads\/2025\/10\/Bang-King-25000-Seriously-Long-Lasting-Seriously-Simple_Agora_vape-1-300x194.webp 300w, https:\/\/agoravape.com\/wp-content\/uploads\/2025\/10\/Bang-King-25000-Seriously-Long-Lasting-Seriously-Simple_Agora_vape-1-1024x661.webp 1024w, https:\/\/agoravape.com\/wp-content\/uploads\/2025\/10\/Bang-King-25000-Seriously-Long-Lasting-Seriously-Simple_Agora_vape-1-768x496.webp 768w, https:\/\/agoravape.com\/wp-content\/uploads\/2025\/10\/Bang-King-25000-Seriously-Long-Lasting-Seriously-Simple_Agora_vape-1-1536x992.webp 1536w\" sizes=\"auto, (max-width: 1920px) 100vw, 1920px\" \/><\/p>\n<h2 data-v-md-heading=\"tailored-for-you-and-your-business\" data-v-md-line=\"42\">Tailored for you and your business<\/h2>\n<p data-v-md-line=\"44\">Bang King 25000 ist sowohl f\u00fcr Einzelk\u00e4ufer als auch f\u00fcr Gesch\u00e4ftskunden in gr\u00f6\u00dferen Mengen erh\u00e4ltlich. Die Produkte werden fachgerecht verpackt geliefert. Jede Box enth\u00e4lt 200 St\u00fcck und ist ordentlich verpackt. Der Versand ist jederzeit m\u00f6glich. Die Kartons messen 61,5 \u00d7 30,5 \u00d7 26,7 cm und wiegen ca. 19,25 kg \u2013 ideal f\u00fcr die Lagerung und ausreichend Regalplatz.<\/p>\n<p data-v-md-line=\"46\">Dar\u00fcber hinaus werden Sie eines an uns sicher sch\u00e4tzen: Wir arbeiten mit zuverl\u00e4ssigen Partnern wie UPS, DPD und DHL zusammen und nutzen den DDP-Versand (Delivered Duty Paid), um alle Zollgeb\u00fchren vorab abzuwickeln. Das bedeutet, Sie m\u00fcssen sich keine Sorgen um zus\u00e4tzliche oder versteckte Zollgeb\u00fchren machen \u2013 wir liefern Ihre Ware bequem bis an Ihre Haust\u00fcr oder in Ihr Lager.<\/p>\n<h2 data-v-md-heading=\"reasons-why-you-will-like-it\" data-v-md-line=\"48\">Reasons why you will like it<\/h2>\n<p data-v-md-line=\"50\"><strong>25000 Ports:<\/strong>\u00a0Das ist kein Tippfehler \u2013 es hat eine lange Akkulaufzeit und spart Ihnen somit Geld und M\u00fche.<\/p>\n<p data-v-md-line=\"52\"><strong>Hohe Nikotinkonzentration:<\/strong>\u00a0Bei einer Nikotinkonzentration von 5 % kann ausreichende Befriedigung ohne h\u00e4ufiges Inhalieren erreicht werden.<\/p>\n<p data-v-md-line=\"54\"><strong>Rechargeable battery:<\/strong>\u00a0So k\u00f6nnen Sie jeden Tropfen E-Liquid aufbrauchen, ohne sich Gedanken \u00fcber einen leeren Akku und damit verbundene Verschwendung machen zu m\u00fcssen.<\/p>\n<p data-v-md-line=\"56\"><strong>Mesh-Verdampferkern:<\/strong>\u00a0Bietet durchgehend einen vollmundigen und milden Geschmack vom ersten bis zum letzten Bissen.<\/p>\n<p data-v-md-line=\"58\"><strong>Laden \u00fcber USB-C:<\/strong>\u00a0Verwenden Sie dasselbe Ladekabel wie f\u00fcr die meisten modernen Ger\u00e4te \u2013 Sie brauchen kein separates Ladeger\u00e4t zu suchen.<\/p>\n<h2 data-v-md-heading=\"why-choose-agoravape\" data-v-md-line=\"60\">Why choose AgoraVape?<\/h2>\n<p data-v-md-line=\"62\">Als einer der vertrauensw\u00fcrdigsten Vape-Distributoren Europas verkaufen wir ausschlie\u00dflich 100 % Originalprodukte. F\u00fcr unsere Gesch\u00e4ftskunden bedeutet dies attraktive Gro\u00dfhandelspreise f\u00fcr Bang King 25000, umfassenden technischen Support sowie schnelle und zuverl\u00e4ssige Lieferungen. Kontaktieren Sie uns, um Ihren Kunden f\u00fcr die Bereitstellung dieses Produkts zu danken.<\/p>","protected":false},"excerpt":{"rendered":"<p>&nbsp;<\/p>\n<p><script src=\"chrome-extension:\/\/fpelahbljekknahkcaegamhcndkfpfnc\/iFrame.js\" type=\"text\/javascript\"><\/script><\/p>\n<p><script src=\"chrome-extension:\/\/fpelahbljekknahkcaegamhcndkfpfnc\/iFrame.js\" type=\"text\/javascript\"><\/script><\/p>\n<p><script src=\"chrome-extension:\/\/fpelahbljekknahkcaegamhcndkfpfnc\/iFrame.js\" type=\"text\/javascript\"><\/script><\/p>\n<p><script src=\"chrome-extension:\/\/fpelahbljekknahkcaegamhcndkfpfnc\/iFrame.js\" type=\"text\/javascript\"><\/script><\/p>\n<p><script src=\"chrome-extension:\/\/fpelahbljekknahkcaegamhcndkfpfnc\/iFrame.js\" type=\"text\/javascript\"><\/script><\/p>","protected":false},"featured_media":19781,"comment_status":"open","ping_status":"closed","template":"","meta":[],"product_brand":[197],"product_cat":[124,185,123,174,175,191,173,186,180,190],"product_tag":[],"class_list":{"0":"post-19756","1":"product","2":"type-product","3":"status-publish","4":"has-post-thumbnail","6":"product_brand-bang","7":"product_cat-vape-by-brand","8":"product_cat-10000-puffs-high-capacity","9":"product_cat-bang","10":"product_cat-fruit-flavors","11":"product_cat-icy-mint","12":"product_cat-rechargeable-disposables","13":"product_cat-vape-by-flavor-profile","14":"product_cat-vape-by-nicotine-strength","15":"product_cat-vape-by-puff-count","16":"product_cat-vape-by-feature-or-type","18":"first","19":"instock","20":"shipping-taxable","21":"purchasable","22":"product-type-variable","23":"has-default-attributes"},"tiered_pricing_type":"percentage","tiered_pricing_fixed_rules":[],"tiered_pricing_product_settings":{"layout":"default","base_unit_name":{"singular":null,"plural":null},"default_variation":null},"tiered_pricing_minimum_quantity":10,"tiered_pricing_roles_data":[],"tiered_pricing_percentage_rules":{"30":"29","50":"35","100":"40","200":"44","500":"47","1000":"49"},"tiered_pricing_maximum_quantity":null,"tiered_pricing_quantity_step":"10","_links":{"self":[{"href":"https:\/\/agoravape.com\/de\/wp-json\/wp\/v2\/product\/19756","targetHints":{"allow":["GET"]}}],"collection":[{"href":"https:\/\/agoravape.com\/de\/wp-json\/wp\/v2\/product"}],"about":[{"href":"https:\/\/agoravape.com\/de\/wp-json\/wp\/v2\/types\/product"}],"replies":[{"embeddable":true,"href":"https:\/\/agoravape.com\/de\/wp-json\/wp\/v2\/comments?post=19756"}],"version-history":[{"count":0,"href":"https:\/\/agoravape.com\/de\/wp-json\/wp\/v2\/product\/19756\/revisions"}],"wp:featuredmedia":[{"embeddable":true,"href":"https:\/\/agoravape.com\/de\/wp-json\/wp\/v2\/media\/19781"}],"wp:attachment":[{"href":"https:\/\/agoravape.com\/de\/wp-json\/wp\/v2\/media?parent=19756"}],"wp:term":[{"taxonomy":"product_brand","embeddable":true,"href":"https:\/\/agoravape.com\/de\/wp-json\/wp\/v2\/product_brand?post=19756"},{"taxonomy":"product_cat","embeddable":true,"href":"https:\/\/agoravape.com\/de\/wp-json\/wp\/v2\/product_cat?post=19756"},{"taxonomy":"product_tag","embeddable":true,"href":"https:\/\/agoravape.com\/de\/wp-json\/wp\/v2\/product_tag?post=19756"}],"curies":[{"name":"wp","href":"https:\/\/api.w.org\/{rel}","templated":true}]}}