{"id":19886,"date":"2025-10-30T19:54:51","date_gmt":"2025-10-30T11:54:51","guid":{"rendered":"https:\/\/agoravape.com\/?post_type=product&#038;p=19886"},"modified":"2026-02-22T15:16:02","modified_gmt":"2026-02-22T14:16:02","slug":"bang-king-bk50-50000-puffs-vape","status":"publish","type":"product","link":"https:\/\/agoravape.com\/de\/product\/bang-king-bk50-50000-puffs-vape\/","title":{"rendered":"Bang King BK50 \u2013 50.000 Z\u00fcge | Riesiges Fassungsverm\u00f6gen, individuell anpassbar"},"content":{"rendered":"<h2 data-v-md-heading=\"what-is-the-special-feature-of-bang-king-bk50-50000-adjustable-airflow-vape\" data-v-md-line=\"3\"><\/h2>\n<p><img loading=\"lazy\" decoding=\"async\" class=\"aligncenter size-full wp-image-19898\" src=\"https:\/\/agoravape.com\/wp-content\/uploads\/2025\/10\/Bang-King-BK50-50000-Puffs-Massive-Capacity-Adjustable-to-Your-Taste_Agora_vape-1-scaled.webp\" alt=\"\" width=\"2560\" height=\"1440\" srcset=\"https:\/\/agoravape.com\/wp-content\/uploads\/2025\/10\/Bang-King-BK50-50000-Puffs-Massive-Capacity-Adjustable-to-Your-Taste_Agora_vape-1-scaled.webp 2560w, https:\/\/agoravape.com\/wp-content\/uploads\/2025\/10\/Bang-King-BK50-50000-Puffs-Massive-Capacity-Adjustable-to-Your-Taste_Agora_vape-1-scaled-1200x675.webp 1200w, https:\/\/agoravape.com\/wp-content\/uploads\/2025\/10\/Bang-King-BK50-50000-Puffs-Massive-Capacity-Adjustable-to-Your-Taste_Agora_vape-1-300x169.webp 300w, https:\/\/agoravape.com\/wp-content\/uploads\/2025\/10\/Bang-King-BK50-50000-Puffs-Massive-Capacity-Adjustable-to-Your-Taste_Agora_vape-1-1024x576.webp 1024w, https:\/\/agoravape.com\/wp-content\/uploads\/2025\/10\/Bang-King-BK50-50000-Puffs-Massive-Capacity-Adjustable-to-Your-Taste_Agora_vape-1-768x432.webp 768w, https:\/\/agoravape.com\/wp-content\/uploads\/2025\/10\/Bang-King-BK50-50000-Puffs-Massive-Capacity-Adjustable-to-Your-Taste_Agora_vape-1-1536x864.webp 1536w, https:\/\/agoravape.com\/wp-content\/uploads\/2025\/10\/Bang-King-BK50-50000-Puffs-Massive-Capacity-Adjustable-to-Your-Taste_Agora_vape-1-2048x1152.webp 2048w\" sizes=\"auto, (max-width: 2560px) 100vw, 2560px\" \/><\/p>\n<h2 data-v-md-heading=\"what-is-the-special-feature-of-bang-king-bk50-50000-adjustable-airflow-vape\" data-v-md-line=\"3\">Was ist das Besondere am Bang King BK50 50000 Vape mit einstellbarem Luftstrom?<\/h2>\n<p data-v-md-line=\"5\">Um ehrlich zu sein, halten die meisten Wegwerfdampfer nicht lange. Aber dieser Bang King BK50 ist anders. Er hat eine erstaunliche Kapazit\u00e4t von 50000 Anschl\u00fcssen, was bedeutet, dass Sie ihn wochen- oder sogar monatelang ununterbrochen verwenden k\u00f6nnen, ohne dass Sie h\u00e4ufig Ersatzger\u00e4te kaufen m\u00fcssen. Noch cleverer ist, dass er mit einem einstellbaren Luftstrom ausgestattet ist, so dass Sie ihn genau nach Ihren Vorlieben einstellen k\u00f6nnen, egal ob Sie einen engen Widerstand im Zigarettenstil oder satten Rauch bevorzugen.<\/p>\n<p data-v-md-line=\"7\">Dies ist kein gew\u00f6hnliches Einwegger\u00e4t, das Sie nach ein paar Tagen entt\u00e4uschen wird. Wenn Sie es leid sind, st\u00e4ndig neue Vapes zu kaufen, oder wenn Sie ein Gesch\u00e4ft betreiben und Produkte kaufen wollen, die die Kunden nicht h\u00e4ufig wechseln, dann ist der BK50 definitiv Ihre ideale Wahl. Er erm\u00f6glicht Ihnen eine bessere Kontrolle \u00fcber Ihr Dampferlebnis, und in Anbetracht seiner leistungsstarken internen Funktionen ist sein Gewicht von 131 Gramm erstaunlich leicht und einfach zu tragen.<\/p>\n<h2 data-v-md-heading=\"excellent-performance-and-easy-operation\" data-v-md-line=\"9\">Hervorragende Leistung und einfache Bedienung<\/h2>\n<p data-v-md-line=\"11\">Das best\u00e4ndige Geheimnis des BK50 liegt in seinem hochwertigen 1,0 \u03a9 Mesh-Zerst\u00e4uberkern, der auch nach Tausenden von Z\u00fcgen einen frischen Geschmack f\u00fcr jeden Schluck gew\u00e4hrleistet. Sie werden nicht riechen verbrannt wie mit billigen Ger\u00e4ten. Die 850mAh Akkukapazit\u00e4t mag klein erscheinen, aber sie passt perfekt zum Zerst\u00e4uberkern - wenn das Aufladen erforderlich ist, schlie\u00dfen Sie einfach das Typ-C-Datenkabel an (Sie k\u00f6nnen es auch zum Aufladen Ihres Telefons verwenden). Der untere Einlass Einstellung ist extrem einfach - nur drehen, um die am besten geeignete Einlassvolumen f\u00fcr Sie zu finden. Keine Notwendigkeit f\u00fcr Anwendungen oder komplexe Einstellungen, nur drehen, um den Spa\u00df der vapes genie\u00dfen.<\/p>\n<h2 data-v-md-heading=\"quick-specifications\" data-v-md-line=\"13\">Kurzspezifikationen<\/h2>\n<p data-v-md-line=\"15\"><strong>Smoking frequency:<\/strong>\u00a0bis zu 50000 Z\u00fcge<\/p>\n<p data-v-md-line=\"17\"><strong>e-liquid capacity:<\/strong>\u00a050ml vorgef\u00fclltes \u00d6l<\/p>\n<p data-v-md-line=\"19\"><strong>Batterie:<\/strong>\u00a0850mAh wiederaufladbare Batterie (17350 Zellen)<\/p>\n<p data-v-md-line=\"21\"><strong>Usage:<\/strong>\u00a0Inhale to activate<\/p>\n<p data-v-md-line=\"23\"><strong>Charging method:<\/strong>\u00a0Standard Type-C USB interface<\/p>\n<p data-v-md-line=\"25\"><strong>Luftstrom:<\/strong>\u00a0Unterer Einstellring<\/p>\n<p data-v-md-line=\"27\"><strong>Atomisierungskern:<\/strong>\u00a0Zerst\u00e4uberkern mit 1,0 \u03a9 Maschenweite f\u00fcr gleichbleibenden Geschmack<\/p>\n<p data-v-md-line=\"29\"><strong>Gewicht:<\/strong>\u00a0131 Gramm pro Einheit<\/p>\n<p data-v-md-line=\"31\"><strong>Status:<\/strong>\u00a0Ready to use out of the box<\/p>\n<h2 data-v-md-heading=\"complete-flavor-lineup\" data-v-md-line=\"33\">Vollst\u00e4ndiges Geschmackssortiment<\/h2>\n<ul data-v-md-line=\"35\">\n<li>Wassermelone Eis\/Blaubeere Pfefferminz<\/li>\n<li>Wassermelone\/Blaubeere-Kirsche<\/li>\n<li>Heidelbeere Eis\/Pfirsich Mang Wassermelone<\/li>\n<li>Blaubeereis\/Pfirsicheis<\/li>\n<li>Heidelbeeren, Himbeeren\/gemischte Beeren<\/li>\n<li>Heidelbeer-Himbeer-Trauben-Eis<\/li>\n<li>Red Bull\/Erdbeere-Banane<\/li>\n<li>Red Bull\/Blaubeere-Wassermelone<\/li>\n<li>Erdbeer-Mango\/Wassermelone Kaugummi<\/li>\n<li>Erdbeer-Mango\/Erdbeer-Kiwi<\/li>\n<li>Erdbeer-Wassermelone\/Schwarzer Drache Eis<\/li>\n<li>Erdbeere Wassermelone\/Kiwi Passionsfrucht Guave<\/li>\n<\/ul>\n<h2 data-v-md-heading=\"tailored-for-you-and-your-business\" data-v-md-line=\"48\">Tailored for you and your business<\/h2>\n<p data-v-md-line=\"50\">Wir haben jetzt Bang King BK50 50000 Mund einstellbare Luftstrom vape f\u00fcr Ihren pers\u00f6nlichen Kauf gestartet. Wenn Sie ein Gesch\u00e4ftsinhaber sind, k\u00f6nnen Sie auch in gro\u00dfen Mengen kaufen. Wir bieten Gro\u00dfhandelspackungen mit 100 oder 200 St\u00fcck pro Box an, so dass Sie ohne h\u00e4ufige Nachbestellungen gen\u00fcgend Regale vorhalten k\u00f6nnen. Jede Geschmacksrichtung ist in Paaren gruppiert und bietet Ihren Kunden eine gro\u00dfe Auswahl, um Verwirrung durch zu viel Auswahl zu vermeiden.<\/p>\n<p data-v-md-line=\"52\">Wir bieten einen DDP-Service (Duty Paid Delivery) \u00fcber UPS, DPD und DHL an, so dass Sie sich keine Sorgen um Zollgeb\u00fchren machen m\u00fcssen. Ganz gleich, ob Sie ein einzelnes Ger\u00e4t oder eine ganze Kiste bestellen, wir k\u00f6nnen es direkt an Ihre Haust\u00fcr liefern. Bei einem so langlebigen Ger\u00e4t werden Sie feststellen, dass die Kunden immer wieder andere Geschmacksrichtungen kaufen, anstatt h\u00e4ufig besch\u00e4digte Vapes zu ersetzen.<\/p>\n<h2 data-v-md-heading=\"reasons-why-you-will-like-it\" data-v-md-line=\"54\">Reasons why you will like it<\/h2>\n<p data-v-md-line=\"56\"><strong>50000 Anschl\u00fcsse:<\/strong>\u00a0Ultra lange Batterielebensdauer - Sie haben vielleicht vergessen, wann Sie es gekauft haben<\/p>\n<p data-v-md-line=\"58\"><strong>Einstellbarer Luftstrom:<\/strong>\u00a0Passen Sie Ihren Ansaugwiderstand an, von fest MTL bis locker DTL<\/p>\n<p data-v-md-line=\"60\"><strong>50ml e-Fl\u00fcssigkeit:<\/strong>\u00a0Gro\u00dfes Fassungsverm\u00f6gen garantiert gleichbleibenden Geschmack<\/p>\n<p data-v-md-line=\"62\"><strong>Rechargeable battery:<\/strong>\u00a0Verbrauchen Sie jeden Tropfen E-Liquid, den Sie kaufen<\/p>\n<p data-v-md-line=\"64\"><strong>Mesh-Spulentechnologie:<\/strong>\u00a0Gleichbleibend reiner Geschmack vom ersten bis zum letzten Bissen<\/p>\n<p data-v-md-line=\"66\"><strong>Zweifache Geschmacksauswahl:<\/strong>\u00a0Jedes Ger\u00e4t bietet zwei sich erg\u00e4nzende Geschmacksrichtungen, zwischen denen Sie wechseln k\u00f6nnen<\/p>\n<h2 data-v-md-heading=\"why-choose-to-collaborate-with-agoravape\" data-v-md-line=\"68\">Warum sollten Sie sich f\u00fcr eine Zusammenarbeit mit AgoraVape entscheiden?<\/h2>\n<p data-v-md-line=\"70\">Als einer der vertrauensw\u00fcrdigsten Vape-H\u00e4ndler in Europa verkaufen wir nur 100% Originalprodukte. F\u00fcr unsere Firmenkunden bedeutet dies, dass Bang King BK50 50000 adjustable airflow vapes sehr wettbewerbsf\u00e4hige Gro\u00dfhandelspreise, zuverl\u00e4ssige After-Sales-Unterst\u00fctzung und schnelle und stabile Lieferdienste bieten. Wir bieten eine vollst\u00e4ndige Verpackung f\u00fcr 100 oder 200 Einheiten und verwenden eine bequeme DDP (Delivered Duty Paid)-Versandmethode, um es Ihnen leicht zu machen, sich einzudecken. Nehmen Sie sofort Kontakt mit uns auf, um dieses Produkt f\u00fcr Ihre Kunden zu reservieren, die es wirklich zu sch\u00e4tzen wissen werden - denn wer w\u00fcrde nicht gerne ein so langlebiges und haltbares Ger\u00e4t haben?<\/p>","protected":false},"excerpt":{"rendered":"<p>&nbsp;<\/p>\n<p><script src=\"chrome-extension:\/\/fpelahbljekknahkcaegamhcndkfpfnc\/iFrame.js\" type=\"text\/javascript\"><\/script><\/p>\n<p><script src=\"chrome-extension:\/\/fpelahbljekknahkcaegamhcndkfpfnc\/iFrame.js\" type=\"text\/javascript\"><\/script><\/p>\n<p><script src=\"chrome-extension:\/\/fpelahbljekknahkcaegamhcndkfpfnc\/iFrame.js\" type=\"text\/javascript\"><\/script><\/p>\n<p><script src=\"chrome-extension:\/\/fpelahbljekknahkcaegamhcndkfpfnc\/iFrame.js\" type=\"text\/javascript\"><\/script><\/p>\n<p><script src=\"chrome-extension:\/\/fpelahbljekknahkcaegamhcndkfpfnc\/iFrame.js\" type=\"text\/javascript\"><\/script><\/p>\n<p><script src=\"chrome-extension:\/\/fpelahbljekknahkcaegamhcndkfpfnc\/iFrame.js\" type=\"text\/javascript\"><\/script><\/p>","protected":false},"featured_media":19910,"comment_status":"open","ping_status":"closed","template":"","meta":[],"product_brand":[197],"product_cat":[124,187,185,189,1641,194,123,195,174,175,193,191,173,186,180,190],"product_tag":[],"class_list":{"0":"post-19886","1":"product","2":"type-product","3":"status-publish","4":"has-post-thumbnail","6":"product_brand-bang","7":"product_cat-vape-by-brand","8":"product_cat-0mg-nicotine-free-vapes","9":"product_cat-10000-puffs-high-capacity","10":"product_cat-20mg-standard-nicotine-vapes","11":"product_cat-50000-puffs","12":"product_cat-adjustable-airflow","13":"product_cat-bang","14":"product_cat-dual-flavor-switch","15":"product_cat-fruit-flavors","16":"product_cat-icy-mint","17":"product_cat-mesh-coil","18":"product_cat-rechargeable-disposables","19":"product_cat-vape-by-flavor-profile","20":"product_cat-vape-by-nicotine-strength","21":"product_cat-vape-by-puff-count","22":"product_cat-vape-by-feature-or-type","24":"first","25":"instock","26":"shipping-taxable","27":"purchasable","28":"product-type-variable","29":"has-default-attributes"},"tiered_pricing_type":"percentage","tiered_pricing_fixed_rules":[],"tiered_pricing_product_settings":{"layout":"default","base_unit_name":{"singular":null,"plural":null},"default_variation":null},"tiered_pricing_minimum_quantity":10,"tiered_pricing_roles_data":[],"tiered_pricing_percentage_rules":{"30":"29","50":"35","100":"40","200":"44","500":"47","1000":"49"},"tiered_pricing_maximum_quantity":null,"tiered_pricing_quantity_step":"10","_links":{"self":[{"href":"https:\/\/agoravape.com\/de\/wp-json\/wp\/v2\/product\/19886","targetHints":{"allow":["GET"]}}],"collection":[{"href":"https:\/\/agoravape.com\/de\/wp-json\/wp\/v2\/product"}],"about":[{"href":"https:\/\/agoravape.com\/de\/wp-json\/wp\/v2\/types\/product"}],"replies":[{"embeddable":true,"href":"https:\/\/agoravape.com\/de\/wp-json\/wp\/v2\/comments?post=19886"}],"version-history":[{"count":0,"href":"https:\/\/agoravape.com\/de\/wp-json\/wp\/v2\/product\/19886\/revisions"}],"wp:featuredmedia":[{"embeddable":true,"href":"https:\/\/agoravape.com\/de\/wp-json\/wp\/v2\/media\/19910"}],"wp:attachment":[{"href":"https:\/\/agoravape.com\/de\/wp-json\/wp\/v2\/media?parent=19886"}],"wp:term":[{"taxonomy":"product_brand","embeddable":true,"href":"https:\/\/agoravape.com\/de\/wp-json\/wp\/v2\/product_brand?post=19886"},{"taxonomy":"product_cat","embeddable":true,"href":"https:\/\/agoravape.com\/de\/wp-json\/wp\/v2\/product_cat?post=19886"},{"taxonomy":"product_tag","embeddable":true,"href":"https:\/\/agoravape.com\/de\/wp-json\/wp\/v2\/product_tag?post=19886"}],"curies":[{"name":"wp","href":"https:\/\/api.w.org\/{rel}","templated":true}]}}