{"id":19940,"date":"2025-10-30T21:17:39","date_gmt":"2025-10-30T13:17:39","guid":{"rendered":"https:\/\/agoravape.com\/?post_type=product&#038;p=19940"},"modified":"2026-02-22T15:14:30","modified_gmt":"2026-02-22T14:14:30","slug":"bang-king-85000-puffs-triple-mesh-vape","status":"publish","type":"product","link":"https:\/\/agoravape.com\/de\/product\/bang-king-85000-puffs-triple-mesh-vape\/","title":{"rendered":"Bang King 85000 | Die E-Zigarette, die einfach nicht aufh\u00f6rt"},"content":{"rendered":"<h2 data-v-md-heading=\"what-is-the-special-feature-of-bang-king-85000-three-network-atomizer-core-vape\" data-v-md-line=\"3\"><img loading=\"lazy\" decoding=\"async\" class=\"size-full wp-image-19954 alignright\" src=\"https:\/\/agoravape.com\/wp-content\/uploads\/2025\/10\/Bang-King-85000-The-Vape-That-Just-Keeps-Going_Agora_vape-1.webp\" alt=\"\" width=\"800\" height=\"800\" srcset=\"https:\/\/agoravape.com\/wp-content\/uploads\/2025\/10\/Bang-King-85000-The-Vape-That-Just-Keeps-Going_Agora_vape-1.webp 800w, https:\/\/agoravape.com\/wp-content\/uploads\/2025\/10\/Bang-King-85000-The-Vape-That-Just-Keeps-Going_Agora_vape-1-600x600.webp 600w, https:\/\/agoravape.com\/wp-content\/uploads\/2025\/10\/Bang-King-85000-The-Vape-That-Just-Keeps-Going_Agora_vape-1-300x300.webp 300w, https:\/\/agoravape.com\/wp-content\/uploads\/2025\/10\/Bang-King-85000-The-Vape-That-Just-Keeps-Going_Agora_vape-1-150x150.webp 150w, https:\/\/agoravape.com\/wp-content\/uploads\/2025\/10\/Bang-King-85000-The-Vape-That-Just-Keeps-Going_Agora_vape-1-768x768.webp 768w\" sizes=\"auto, (max-width: 800px) 100vw, 800px\" \/><\/h2>\n<h2 data-v-md-heading=\"what-is-the-special-feature-of-bang-king-85000-three-network-atomizer-core-vape\" data-v-md-line=\"3\">What is the special feature of Bang King 85000 three network atomizer core vape?<\/h2>\n<p data-v-md-line=\"5\">Okay, let\u2019s talk about a somewhat crazy product \u2013 an vape with 85000 puffs. I know what you\u2019re thinking: \u2018Is this impossible?\u2019 But the fact is: the design lifespan of Bang King 85000 is several months, not weeks. If you\u2019re tired of constantly buying new devices, or just want a reliable product that won\u2019t fall off when you need it the most, then it\u2019s the perfect choice for you.<\/p>\n<p data-v-md-line=\"7\">With its three mesh atomizing core and 63ml ultra large capacity e-liquid storage, it is no ordinary vape. It\u2019s more like bringing you a long-lasting high-end vape experience. Moreover, it is rechargeable \u2013 after all, you cannot drain 85000 ports in one charge!<\/p>\n<h2 data-v-md-heading=\"excellent-performance-easy-and-convenient\" data-v-md-line=\"9\">Excellent performance, easy and convenient<\/h2>\n<p data-v-md-line=\"11\">The secret of this product lies in its three mesh coil system. It is not operated independently by a single coil, but by three coils working together with a resistance of 1.0 \u03a9. What does this mean to you? It\u2019s simple \u2013 from the first bite to the 85000 bites, each bite has a fresh and mellow taste. A 600mAh battery capacity may not seem large, but it is sufficient for regular charging using a Type-C data cable \u2013 just like the type of data cable you use to charge your phone. No need for special chargers, easy and convenient.<\/p>\n<h2 data-v-md-heading=\"quick-specifications\" data-v-md-line=\"13\">Kurzspezifikationen<\/h2>\n<p data-v-md-line=\"15\"><strong>Smoking frequency:<\/strong>\u00a0up to 85000 puffs<\/p>\n<p data-v-md-line=\"17\"><strong>Nicotine concentration:<\/strong>\u00a02%<\/p>\n<p data-v-md-line=\"19\"><strong>Usage:<\/strong>\u00a0Inhale to activate<\/p>\n<p data-v-md-line=\"21\"><strong>Charging method:<\/strong>\u00a0Standard Type-C USB interface<\/p>\n<p data-v-md-line=\"23\"><strong>e-liquid capacity:<\/strong>\u00a063ml large capacity e-liquid warehouse<\/p>\n<p data-v-md-line=\"25\"><strong>Atomization core technology:<\/strong>\u00a0Three 1.0 \u03a9 mesh atomization cores<\/p>\n<p data-v-md-line=\"27\"><strong>Batterie:<\/strong>\u00a0600mAh rechargeable battery<\/p>\n<p data-v-md-line=\"29\"><strong>Size:<\/strong>\u00a045 \u00d7 45 \u00d7 130mm (powerful function, compact size! \uff09<\/p>\n<p data-v-md-line=\"31\"><strong>Status:<\/strong>\u00a0Ready to use out of the box<\/p>\n<h2 data-v-md-heading=\"rich-flavor-options\" data-v-md-line=\"33\">Reichhaltige Geschmacksoptionen<\/h2>\n<p data-v-md-line=\"35\">Bang King 85000 offers 16 different flavor combinations, each containing multiple flavor options. Here are some flavors:<\/p>\n<ul data-v-md-line=\"37\">\n<li>Watermelon\/Red Bull\/Strawberry Kiwi<\/li>\n<li>Cool mint\/peach mango\/tropical fruit<\/li>\n<li>Blueberry Raspberry\/Pink Lemon Water\/Raspberry Watermelon<\/li>\n<li>Strawberry Vanilla Cola\/Black Dragon Ice\/Peach Ice<\/li>\n<li>Love 66\/Banana Ice\/Strawberry Donut<\/li>\n<li>Coke Ice\/Cherry Coke\/Mr. Blue<\/li>\n<li>Double Apple\/Fruit Mix\/Pineapple Ice<\/li>\n<li>Litchi Ice\/Mango Ice\/Lemon Iced Tea<\/li>\n<li>Es sind noch weitere Kombinationen erh\u00e4ltlich, darunter gemischte Beeren, Traubeneis, Plump-Eis und Kiwi-Passionsfrucht-Guave.<\/li>\n<\/ul>\n<h2 data-v-md-heading=\"for-you-and-your-business\" data-v-md-line=\"47\">For you and your business<\/h2>\n<p data-v-md-line=\"49\">Bang King 85000 ist jetzt f\u00fcr Privatkunden erh\u00e4ltlich. F\u00fcr Gesch\u00e4ftskunden, die sich mit einzigartigen Produkten eindecken m\u00f6chten, bieten wir Gro\u00dfhandelsverpackungen mit 200 St\u00fcck an. Jeder Karton ist platzsparend verpackt (48 x 47 x 27,6 cm, Gesamtgewicht 26 kg) und erm\u00f6glicht so eine einfache Lagerung und Bestandsverwaltung. Wir bieten Ihnen den Versand per Duty Paid Delivery (DDP) \u00fcber zuverl\u00e4ssige Partner wie UPS, DPD und DHL an, um die sichere Lieferung Ihrer Waren ohne Zollgeb\u00fchren zu gew\u00e4hrleisten. Ihre Bestellung kann direkt nach Erhalt verkauft oder verwendet werden.<\/p>\n<h2 data-v-md-heading=\"reasons-why-you-will-like-it\" data-v-md-line=\"51\">Reasons why you will like it<\/h2>\n<p data-v-md-line=\"53\"><strong>85000 Z\u00fcge:<\/strong>\u00a0F\u00fcr die meisten Nutzer entspricht dies einer Nutzungsdauer von mehr als 6 Monaten \u2013 ein ausgezeichnetes Preis-Leistungs-Verh\u00e4ltnis.<\/p>\n<p data-v-md-line=\"55\"><strong>Dreifach-Mesh-Spule:<\/strong>\u00a0Im Vergleich zu Ger\u00e4ten mit einer einzelnen Spule ist die Geschmacksstabilit\u00e4t dreimal h\u00f6her.<\/p>\n<p data-v-md-line=\"57\"><strong>63 ml Ultra-Gro\u00dfvolumen-Kraftstofftank:<\/strong>\u00a0Verabschieden Sie sich endg\u00fcltig von dem Problem, dass Ihnen das E-Liquid ausgeht.<\/p>\n<p data-v-md-line=\"59\"><strong>Laden \u00fcber USB-C:<\/strong>\u00a0Verwenden Sie dasselbe Ladekabel wie die meisten modernen Ger\u00e4te \u2013 praktisch und schnell<\/p>\n<p data-v-md-line=\"61\"><strong>2% Nikotin:<\/strong>\u00a0Eine moderate Nikotinkonzentration, die Ihren Bed\u00fcrfnissen entspricht, ohne zu stimulierend zu wirken.<\/p>\n<p data-v-md-line=\"63\"><strong>Kompaktes Design:<\/strong>\u00a0Trotz ihres enormen Fassungsverm\u00f6gens wiegt sie nur 120 Gramm und l\u00e4sst sich dennoch bequem transportieren.<\/p>\n<h2 data-v-md-heading=\"why-choose-agoravape\" data-v-md-line=\"65\">Why choose AgoraVape?<\/h2>\n<p data-v-md-line=\"67\">Als einer der vertrauensw\u00fcrdigsten Vape-Distributoren Europas verkaufen wir ausschlie\u00dflich 100 % Originalprodukte. F\u00fcr unsere Gesch\u00e4ftskunden bedeutet das: attraktive Gro\u00dfhandelspreise f\u00fcr den Bang King 85000, zuverl\u00e4ssiger technischer Support und schnelle, zuverl\u00e4ssige Lieferungen in ganz Europa. Der Bang King 85000 ist mehr als nur eine gew\u00f6hnliche E-Zigarette \u2013 er sorgt f\u00fcr Gespr\u00e4chsstoff und Ihre Kunden werden Ihnen f\u00fcr ihren Kauf dankbar sein. Kontaktieren Sie uns, um Ihr Sortiment um ein wirklich einzigartiges Produkt zu erweitern.<\/p>","protected":false},"excerpt":{"rendered":"<p>&nbsp;<\/p>\n<p><script src=\"chrome-extension:\/\/fpelahbljekknahkcaegamhcndkfpfnc\/iFrame.js\" type=\"text\/javascript\"><\/script><\/p>\n<p><script src=\"chrome-extension:\/\/fpelahbljekknahkcaegamhcndkfpfnc\/iFrame.js\" type=\"text\/javascript\"><\/script><\/p>\n<p><script src=\"chrome-extension:\/\/fpelahbljekknahkcaegamhcndkfpfnc\/iFrame.js\" type=\"text\/javascript\"><\/script><\/p>\n<p><script src=\"chrome-extension:\/\/fpelahbljekknahkcaegamhcndkfpfnc\/iFrame.js\" type=\"text\/javascript\"><\/script><\/p>\n<p><script src=\"chrome-extension:\/\/fpelahbljekknahkcaegamhcndkfpfnc\/iFrame.js\" type=\"text\/javascript\"><\/script><\/p>\n<p><script src=\"chrome-extension:\/\/fpelahbljekknahkcaegamhcndkfpfnc\/iFrame.js\" type=\"text\/javascript\"><\/script><\/p>","protected":false},"featured_media":19961,"comment_status":"open","ping_status":"closed","template":"","meta":[],"product_brand":[197],"product_cat":[124,187,185,189,123,176,177,195,174,175,193,191,173,186,180,190],"product_tag":[],"class_list":{"0":"post-19940","1":"product","2":"type-product","3":"status-publish","4":"has-post-thumbnail","6":"product_brand-bang","7":"product_cat-vape-by-brand","8":"product_cat-0mg-nicotine-free-vapes","9":"product_cat-10000-puffs-high-capacity","10":"product_cat-20mg-standard-nicotine-vapes","11":"product_cat-bang","12":"product_cat-beverage","13":"product_cat-dessert-sweets","14":"product_cat-dual-flavor-switch","15":"product_cat-fruit-flavors","16":"product_cat-icy-mint","17":"product_cat-mesh-coil","18":"product_cat-rechargeable-disposables","19":"product_cat-vape-by-flavor-profile","20":"product_cat-vape-by-nicotine-strength","21":"product_cat-vape-by-puff-count","22":"product_cat-vape-by-feature-or-type","24":"first","25":"instock","26":"shipping-taxable","27":"purchasable","28":"product-type-variable","29":"has-default-attributes"},"tiered_pricing_type":"percentage","tiered_pricing_fixed_rules":[],"tiered_pricing_product_settings":{"layout":"default","base_unit_name":{"singular":null,"plural":null},"default_variation":null},"tiered_pricing_minimum_quantity":10,"tiered_pricing_roles_data":[],"tiered_pricing_percentage_rules":{"30":"29","50":"35","100":"40","200":"44","500":"47","1000":"49"},"tiered_pricing_maximum_quantity":null,"tiered_pricing_quantity_step":"10","_links":{"self":[{"href":"https:\/\/agoravape.com\/de\/wp-json\/wp\/v2\/product\/19940","targetHints":{"allow":["GET"]}}],"collection":[{"href":"https:\/\/agoravape.com\/de\/wp-json\/wp\/v2\/product"}],"about":[{"href":"https:\/\/agoravape.com\/de\/wp-json\/wp\/v2\/types\/product"}],"replies":[{"embeddable":true,"href":"https:\/\/agoravape.com\/de\/wp-json\/wp\/v2\/comments?post=19940"}],"version-history":[{"count":0,"href":"https:\/\/agoravape.com\/de\/wp-json\/wp\/v2\/product\/19940\/revisions"}],"wp:featuredmedia":[{"embeddable":true,"href":"https:\/\/agoravape.com\/de\/wp-json\/wp\/v2\/media\/19961"}],"wp:attachment":[{"href":"https:\/\/agoravape.com\/de\/wp-json\/wp\/v2\/media?parent=19940"}],"wp:term":[{"taxonomy":"product_brand","embeddable":true,"href":"https:\/\/agoravape.com\/de\/wp-json\/wp\/v2\/product_brand?post=19940"},{"taxonomy":"product_cat","embeddable":true,"href":"https:\/\/agoravape.com\/de\/wp-json\/wp\/v2\/product_cat?post=19940"},{"taxonomy":"product_tag","embeddable":true,"href":"https:\/\/agoravape.com\/de\/wp-json\/wp\/v2\/product_tag?post=19940"}],"curies":[{"name":"wp","href":"https:\/\/api.w.org\/{rel}","templated":true}]}}