{"id":20049,"date":"2025-10-31T10:19:54","date_gmt":"2025-10-31T02:19:54","guid":{"rendered":"https:\/\/agoravape.com\/?post_type=product&#038;p=20049"},"modified":"2026-02-22T15:15:29","modified_gmt":"2026-02-22T14:15:29","slug":"bang-tn-12000-kettle-vape","status":"publish","type":"product","link":"https:\/\/agoravape.com\/de\/product\/bang-tn-12000-kettle-vape\/","title":{"rendered":"Bang TN 12000 | Die einzigartige, kesself\u00f6rmige E-Zigarette, die wochenlang h\u00e4lt"},"content":{"rendered":"<h2 data-v-md-heading=\"what-are-the-special-features-of-bang-tn-12000-pot-shaped-disposable-vape\" data-v-md-line=\"3\"><img loading=\"lazy\" decoding=\"async\" class=\"size-full wp-image-20067 alignright\" src=\"https:\/\/agoravape.com\/wp-content\/uploads\/2025\/10\/Bang-TN-12000-The-Unique-Kettle-Shaped-Vape-That-Lasts-for-Weeks_Agora_vape-1.webp\" alt=\"\" width=\"1242\" height=\"771\" srcset=\"https:\/\/agoravape.com\/wp-content\/uploads\/2025\/10\/Bang-TN-12000-The-Unique-Kettle-Shaped-Vape-That-Lasts-for-Weeks_Agora_vape-1.webp 1242w, https:\/\/agoravape.com\/wp-content\/uploads\/2025\/10\/Bang-TN-12000-The-Unique-Kettle-Shaped-Vape-That-Lasts-for-Weeks_Agora_vape-1-1200x745.webp 1200w, https:\/\/agoravape.com\/wp-content\/uploads\/2025\/10\/Bang-TN-12000-The-Unique-Kettle-Shaped-Vape-That-Lasts-for-Weeks_Agora_vape-1-300x186.webp 300w, https:\/\/agoravape.com\/wp-content\/uploads\/2025\/10\/Bang-TN-12000-The-Unique-Kettle-Shaped-Vape-That-Lasts-for-Weeks_Agora_vape-1-1024x636.webp 1024w, https:\/\/agoravape.com\/wp-content\/uploads\/2025\/10\/Bang-TN-12000-The-Unique-Kettle-Shaped-Vape-That-Lasts-for-Weeks_Agora_vape-1-768x477.webp 768w, https:\/\/agoravape.com\/wp-content\/uploads\/2025\/10\/Bang-TN-12000-The-Unique-Kettle-Shaped-Vape-That-Lasts-for-Weeks_Agora_vape-1-886x550.webp 886w, https:\/\/agoravape.com\/wp-content\/uploads\/2025\/10\/Bang-TN-12000-The-Unique-Kettle-Shaped-Vape-That-Lasts-for-Weeks_Agora_vape-1-805x500.webp 805w\" sizes=\"auto, (max-width: 1242px) 100vw, 1242px\" \/><\/h2>\n<h2 data-v-md-heading=\"what-are-the-special-features-of-bang-tn-12000-pot-shaped-disposable-vape\" data-v-md-line=\"3\">Was sind die Besonderheiten der Bang TN 12000 Einweg-E-Zigarette in Topfform?<\/h2>\n<p data-v-md-line=\"5\">Diese E-Zigarette ist anders als andere und sticht definitiv hervor. Die Bang TN 12000 ist keine typische rechteckige E-Zigarette, wie man sie oft in der Hosentasche findet. Sie hat ein einzigartiges, topff\u00f6rmiges Design, das ihr Pers\u00f6nlichkeit verleiht, und \u2013 noch wichtiger \u2013 sie bietet eine Akkulaufzeit von bis zu 12.000 Z\u00fcgen, sodass Sie wochenlang statt nur tagelang genie\u00dfen k\u00f6nnen.<\/p>\n<p data-v-md-line=\"7\">Wenn Sie es leid sind, st\u00e4ndig Einweg-E-Zigaretten zu ersetzen oder immer die gleichen Ger\u00e4te zu verwenden, dann ist dieses Produkt definitiv einen Blick wert. Es ist perfekt f\u00fcr Nutzer geeignet, die eine zuverl\u00e4ssige, langlebige, griffige und einzigartige E-Zigarette suchen.<\/p>\n<h2 data-v-md-heading=\"excellent-performance-and-easy-operation\" data-v-md-line=\"9\">Hervorragende Leistung und einfache Bedienung<\/h2>\n<p data-v-md-line=\"11\">Der integrierte 1,1-\u03a9-Mesh-Verdampferkern sorgt f\u00fcr gleichbleibend milden Geschmack vom ersten bis zum letzten Zug \u2013 Schluss mit dem verbrannten Geschmack, der bei g\u00fcnstigen Ger\u00e4ten h\u00e4ufig vorkommt. Dank des 20-ml-Tanks genie\u00dfen Sie langanhaltenden Dampfgenuss ohne h\u00e4ufiges Nachf\u00fcllen. Zum Aufladen des 650-mAh-Akkus verwenden Sie einfach ein USB-C-Kabel \u2013 genau wie beim Laden Ihres Smartphones. So einfach geht's.<\/p>\n<h2 data-v-md-heading=\"quick-specifications\" data-v-md-line=\"13\">Kurzspezifikationen<\/h2>\n<p data-v-md-line=\"15\"><strong>Smoking frequency:<\/strong>\u00a0bis zu 12000 Z\u00fcge<\/p>\n<p data-v-md-line=\"17\"><strong>e-liquid capacity:<\/strong>\u00a020 ml vorgef\u00fclltes \u00d6l<\/p>\n<p data-v-md-line=\"19\"><strong>Batterie:<\/strong>\u00a0650-mAh-Akku (18250-Akku)<\/p>\n<p data-v-md-line=\"21\"><strong>Usage:<\/strong>\u00a0Inhale to activate<\/p>\n<p data-v-md-line=\"23\"><strong>Charging method:<\/strong>\u00a0Standard Type-C USB interface<\/p>\n<p data-v-md-line=\"25\"><strong>Atomisierungskern:<\/strong>\u00a01,1 \u03a9 Mesh-Verdampferkern f\u00fcr ein gleichm\u00e4\u00dfiges und stabiles Raucherlebnis<\/p>\n<p data-v-md-line=\"27\"><strong>Status:<\/strong>\u00a0Ready to use out of the box<\/p>\n<h2 data-v-md-heading=\"complete-flavor-lineup\" data-v-md-line=\"29\">Vollst\u00e4ndiges Geschmackssortiment<\/h2>\n<ul data-v-md-line=\"31\">\n<li>Blueberry and Raspberry Ice<\/li>\n<li>Strawberry Mango<\/li>\n<li>Erdbeere und Banane<\/li>\n<li>Watermelon Ice<\/li>\n<li>Herr Blaubeere<\/li>\n<li>Grape Ice<\/li>\n<li>Als<\/li>\n<li>Fruchtsauce<\/li>\n<li>Strawberry lychee<\/li>\n<li>Strawberry Ice<\/li>\n<li>Pfirsicheis<\/li>\n<li>Wassermelone und Erdbeere<\/li>\n<\/ul>\n<h2 data-v-md-heading=\"tailored-for-you-and-your-business\" data-v-md-line=\"44\">Tailored for you and your business<\/h2>\n<p data-v-md-line=\"46\">Wir haben dieses beeindruckende Produkt TN 12000 f\u00fcr den privaten Gebrauch entwickelt. Sind Sie jedoch Gesch\u00e4ftsinhaber und m\u00f6chten Ihren Kunden exklusive Produkte anbieten? Dann nutzen Sie unsere Gro\u00dfhandelsl\u00f6sung. Das Design des Wasserkochers ist kein blo\u00dfer Gag, sondern sorgt daf\u00fcr, dass Ihre Produkte in Ihrem Regal sofort ins Auge fallen. Dar\u00fcber hinaus bieten wir Ihnen \u00fcber unsere zuverl\u00e4ssigen Partner wie UPS, DPD und DHL einen zollfreien Versand (DDP) an, sodass Sie sich keine Gedanken um Zollgeb\u00fchren machen m\u00fcssen. Ihre Ware wird p\u00fcnktlich, unkompliziert und sorgenfrei geliefert.<\/p>\n<h2 data-v-md-heading=\"reasons-why-you-will-like-it\" data-v-md-line=\"48\">Reasons why you will like it<\/h2>\n<p data-v-md-line=\"50\"><strong>\u00dcber 12.000 Bisse:<\/strong>\u00a0So k\u00f6nnen Sie Wochen statt Tage genie\u00dfen.<\/p>\n<p data-v-md-line=\"52\"><strong>Einzigartiges Topfdesign:<\/strong>\u00a0Bequemer Griff, rollt nicht leicht vom Tisch<\/p>\n<p data-v-md-line=\"54\"><strong>20 ml E-Liquid:<\/strong>\u00a0Mehr E-Liquid, mehr Wert f\u00fcrs Geld<\/p>\n<p data-v-md-line=\"56\"><strong>Rechargeable battery:<\/strong>\u00a0Make the most of every drop of e-liquid you spend<\/p>\n<p data-v-md-line=\"58\"><strong>Mesh-Spulentechnologie:<\/strong>\u00a0Lang anhaltender und stabiler Geschmack<\/p>\n<p data-v-md-line=\"60\"><strong>12 Geschmacksrichtungen zur Auswahl:<\/strong>\u00a0Von fruchtigen Mischungen bis hin zu erfrischender Minze \u2013 es ist immer etwas Passendes f\u00fcr Sie dabei.<\/p>\n<h2 data-v-md-heading=\"why-choose-to-collaborate-with-agoravape\" data-v-md-line=\"62\">Warum sollten Sie sich f\u00fcr eine Zusammenarbeit mit AgoraVape entscheiden?<\/h2>\n<p data-v-md-line=\"64\">Als einer der vertrauensw\u00fcrdigsten Vape-Distributoren Europas verkaufen wir ausschlie\u00dflich 100% Originalprodukte. F\u00fcr unsere Gesch\u00e4ftskunden bedeutet dies, dass wir f\u00fcr die Bang TN 12000 Produkte \u00e4u\u00dferst wettbewerbsf\u00e4hige Gro\u00dfhandelspreise, zuverl\u00e4ssigen Kundenservice und schnelle sowie zuverl\u00e4ssige Lieferdienste bieten. Kontaktieren Sie uns noch heute, um dieses Produkt zu erwerben, das Ihre Kunden garantiert begeistern wird \u2013 es ist so einzigartig, dass es ihre Aufmerksamkeit erregt, und so zuverl\u00e4ssig, dass sie immer wieder bei uns kaufen.<\/p>\n<p><script src=\"chrome-extension:\/\/fpelahbljekknahkcaegamhcndkfpfnc\/iFrame.js\" type=\"text\/javascript\"><\/script><\/p>","protected":false},"excerpt":{"rendered":"<p>&nbsp;<\/p>\n<p><script src=\"chrome-extension:\/\/fpelahbljekknahkcaegamhcndkfpfnc\/iFrame.js\" type=\"text\/javascript\"><\/script><\/p>\n<p><script src=\"chrome-extension:\/\/fpelahbljekknahkcaegamhcndkfpfnc\/iFrame.js\" type=\"text\/javascript\"><\/script><\/p>\n<p><script src=\"chrome-extension:\/\/fpelahbljekknahkcaegamhcndkfpfnc\/iFrame.js\" type=\"text\/javascript\"><\/script><\/p>\n<p><script src=\"chrome-extension:\/\/fpelahbljekknahkcaegamhcndkfpfnc\/iFrame.js\" type=\"text\/javascript\"><\/script><\/p>\n<p><script src=\"chrome-extension:\/\/fpelahbljekknahkcaegamhcndkfpfnc\/iFrame.js\" type=\"text\/javascript\"><\/script><\/p>\n<p><script src=\"chrome-extension:\/\/fpelahbljekknahkcaegamhcndkfpfnc\/iFrame.js\" type=\"text\/javascript\"><\/script><\/p>\n<p><script src=\"chrome-extension:\/\/fpelahbljekknahkcaegamhcndkfpfnc\/iFrame.js\" type=\"text\/javascript\"><\/script><\/p>\n<p><script src=\"chrome-extension:\/\/fpelahbljekknahkcaegamhcndkfpfnc\/iFrame.js\" type=\"text\/javascript\"><\/script><\/p>","protected":false},"featured_media":20078,"comment_status":"open","ping_status":"closed","template":"","meta":[],"product_brand":[197],"product_cat":[124,187,185,1634,189,123,174,175,193,191,179,173,186,180,190],"product_tag":[],"class_list":{"0":"post-20049","1":"product","2":"type-product","3":"status-publish","4":"has-post-thumbnail","6":"product_brand-bang","7":"product_cat-vape-by-brand","8":"product_cat-0mg-nicotine-free-vapes","9":"product_cat-10000-puffs-high-capacity","10":"product_cat-12000-puffs","11":"product_cat-20mg-standard-nicotine-vapes","12":"product_cat-bang","13":"product_cat-fruit-flavors","14":"product_cat-icy-mint","15":"product_cat-mesh-coil","16":"product_cat-rechargeable-disposables","17":"product_cat-unique-blends","18":"product_cat-vape-by-flavor-profile","19":"product_cat-vape-by-nicotine-strength","20":"product_cat-vape-by-puff-count","21":"product_cat-vape-by-feature-or-type","23":"first","24":"onbackorder","25":"shipping-taxable","26":"purchasable","27":"product-type-variable","28":"has-default-attributes"},"tiered_pricing_type":"percentage","tiered_pricing_fixed_rules":[],"tiered_pricing_product_settings":{"layout":"default","base_unit_name":{"singular":null,"plural":null},"default_variation":null},"tiered_pricing_minimum_quantity":10,"tiered_pricing_roles_data":[],"tiered_pricing_percentage_rules":{"30":"29","50":"35","100":"40","200":"44","500":"47","1000":"49"},"tiered_pricing_maximum_quantity":null,"tiered_pricing_quantity_step":"10","_links":{"self":[{"href":"https:\/\/agoravape.com\/de\/wp-json\/wp\/v2\/product\/20049","targetHints":{"allow":["GET"]}}],"collection":[{"href":"https:\/\/agoravape.com\/de\/wp-json\/wp\/v2\/product"}],"about":[{"href":"https:\/\/agoravape.com\/de\/wp-json\/wp\/v2\/types\/product"}],"replies":[{"embeddable":true,"href":"https:\/\/agoravape.com\/de\/wp-json\/wp\/v2\/comments?post=20049"}],"version-history":[{"count":0,"href":"https:\/\/agoravape.com\/de\/wp-json\/wp\/v2\/product\/20049\/revisions"}],"wp:featuredmedia":[{"embeddable":true,"href":"https:\/\/agoravape.com\/de\/wp-json\/wp\/v2\/media\/20078"}],"wp:attachment":[{"href":"https:\/\/agoravape.com\/de\/wp-json\/wp\/v2\/media?parent=20049"}],"wp:term":[{"taxonomy":"product_brand","embeddable":true,"href":"https:\/\/agoravape.com\/de\/wp-json\/wp\/v2\/product_brand?post=20049"},{"taxonomy":"product_cat","embeddable":true,"href":"https:\/\/agoravape.com\/de\/wp-json\/wp\/v2\/product_cat?post=20049"},{"taxonomy":"product_tag","embeddable":true,"href":"https:\/\/agoravape.com\/de\/wp-json\/wp\/v2\/product_tag?post=20049"}],"curies":[{"name":"wp","href":"https:\/\/api.w.org\/{rel}","templated":true}]}}