{"id":20462,"date":"2025-12-30T22:06:43","date_gmt":"2025-12-30T14:06:43","guid":{"rendered":"https:\/\/agoravape.com\/?post_type=product&#038;p=20462"},"modified":"2026-01-21T21:52:04","modified_gmt":"2026-01-21T13:52:04","slug":"jnr-shisha-ultra-45k-puffs-disposable-vape-wholesale","status":"publish","type":"product","link":"https:\/\/agoravape.com\/de\/product\/jnr-shisha-ultra-45k-puffs-disposable-vape-wholesale\/","title":{"rendered":"JNR Shisha Ultra 45000 Port Einweg-Vape im Gro\u00dfhandel | Gro\u00dfes Fassungsverm\u00f6gen, einfaches Aufladen"},"content":{"rendered":"<h2 data-v-md-heading=\"what-are-the-advantages-of-wholesale-jnr-shisha-ultra-45000-disposable-vapes\" data-v-md-line=\"3\">Welche Vorteile bietet der Gro\u00dfhandel mit JNR Shisha Ultra 45000 Einweg-E-Zigaretten?<\/h2>\n<p data-v-md-line=\"5\">Sind Sie es leid, dass Einweg-E-Zigaretten nach wenigen Tagen leer sind? Dann sollten Sie sich dieses Produkt genauer ansehen. Die JNR Shisha Ultra bietet Platz f\u00fcr bis zu 45.000 Z\u00fcge, ist robust und muss nicht h\u00e4ufig aufgeladen werden.<\/p>\n<p data-v-md-line=\"7\">Es wurde speziell f\u00fcr Dampfer entwickelt, die Wert auf Zuverl\u00e4ssigkeit, exzellenten Geschmack und bequemes Laden legen. Es bietet keine unn\u00f6tigen Extras, sondern nur eine lange Akkulaufzeit und klassische Aromen, die Ihre Kunden kennen und lieben.<\/p>\n<h2 data-v-md-heading=\"excellent-performance-and-easy-operation\" data-v-md-line=\"9\">Hervorragende Leistung und einfache Bedienung<\/h2>\n<p data-v-md-line=\"11\">Die Heizspule wurde sorgf\u00e4ltig abgestimmt, um einen gleichbleibenden Geschmack zu garantieren \u2013 jeder Bissen ist so k\u00f6stlich wie der erste. Bei niedrigem Akkustand l\u00e4sst sich das Ger\u00e4t bequem \u00fcber den USB-C-Anschluss aufladen. Dieser Anschluss ist identisch mit dem der meisten Mobiltelefone, sodass kein separates Ladekabel ben\u00f6tigt wird. Die Bedienung und Wartung sind unkompliziert.<\/p>\n<p data-v-md-line=\"11\"><img loading=\"lazy\" decoding=\"async\" class=\"aligncenter size-full wp-image-20467\" src=\"https:\/\/agoravape.com\/wp-content\/uploads\/2025\/12\/JNR-Shisha-Ultra-45000-Puffs-Disposable-Vape-Wholesale_Agora_vape-13.webp\" alt=\"\" width=\"1200\" height=\"1200\" srcset=\"https:\/\/agoravape.com\/wp-content\/uploads\/2025\/12\/JNR-Shisha-Ultra-45000-Puffs-Disposable-Vape-Wholesale_Agora_vape-13.webp 1200w, https:\/\/agoravape.com\/wp-content\/uploads\/2025\/12\/JNR-Shisha-Ultra-45000-Puffs-Disposable-Vape-Wholesale_Agora_vape-13-600x600.webp 600w, https:\/\/agoravape.com\/wp-content\/uploads\/2025\/12\/JNR-Shisha-Ultra-45000-Puffs-Disposable-Vape-Wholesale_Agora_vape-13-300x300.webp 300w, https:\/\/agoravape.com\/wp-content\/uploads\/2025\/12\/JNR-Shisha-Ultra-45000-Puffs-Disposable-Vape-Wholesale_Agora_vape-13-1024x1024.webp 1024w, https:\/\/agoravape.com\/wp-content\/uploads\/2025\/12\/JNR-Shisha-Ultra-45000-Puffs-Disposable-Vape-Wholesale_Agora_vape-13-150x150.webp 150w, https:\/\/agoravape.com\/wp-content\/uploads\/2025\/12\/JNR-Shisha-Ultra-45000-Puffs-Disposable-Vape-Wholesale_Agora_vape-13-768x768.webp 768w, https:\/\/agoravape.com\/wp-content\/uploads\/2025\/12\/JNR-Shisha-Ultra-45000-Puffs-Disposable-Vape-Wholesale_Agora_vape-13-12x12.webp 12w\" sizes=\"auto, (max-width: 1200px) 100vw, 1200px\" \/><\/p>\n<h2 data-v-md-heading=\"quick-specifications\" data-v-md-line=\"13\">Kurzspezifikationen<\/h2>\n<ul data-v-md-line=\"15\">\n<li>Rauchh\u00e4ufigkeit: bis zu 45000 Mal<\/li>\n<li>Nikotingehalt: 2% Nikotin<\/li>\n<li>Anwendung: Zum Aktivieren einatmen.<\/li>\n<li>Ladeverfahren: Standard-USB-Typ-C-Schnittstelle<\/li>\n<li>Akkukapazit\u00e4t: 1100 mAh<\/li>\n<li>Status: Sofort einsatzbereit<\/li>\n<\/ul>\n<h2 data-v-md-heading=\"complete-flavor-lineup\" data-v-md-line=\"22\">Vollst\u00e4ndiges Geschmackssortiment<\/h2>\n<ul data-v-md-line=\"23\">\n<li>Als<\/li>\n<li>Kaugummiartig<\/li>\n<li>Erdbeer-Panqu<\/li>\n<li>Pfirsicheis<\/li>\n<li>Magische Liebe<\/li>\n<li>Blaubeer-Minze<\/li>\n<li>Blaubeeren und Himbeeren<\/li>\n<li>Zitrone als<\/li>\n<li>Erdbeer-Kirsche<\/li>\n<li>Menthol<\/li>\n<li>Gr\u00fcne Minze<\/li>\n<li>Gemischte Beeren<\/li>\n<li>Sommertraum<\/li>\n<li>Mango Ananas<\/li>\n<li>Kirschfest<\/li>\n<li>Sommerpfirsich<\/li>\n<li>Doppelte \u00c4pfel<\/li>\n<\/ul>\n<h2 data-v-md-heading=\"suitable-for-you-and-your-business\" data-v-md-line=\"41\">Geeignet f\u00fcr Sie und Ihr Unternehmen<\/h2>\n<p data-v-md-line=\"43\">Sie k\u00f6nnen ein einzelnes Ger\u00e4t zum Testen oder direkt im Gro\u00dfhandel erwerben. Jede Innenverpackung enth\u00e4lt 5 St\u00fcck, jede Au\u00dfenverpackung 100 St\u00fcck. Die Au\u00dfenverpackung wiegt 14,34 Kilogramm und eignet sich daher ideal f\u00fcr die Palettenbeladung.<\/p>\n<p data-v-md-line=\"45\">Wir arbeiten mit vertrauensw\u00fcrdigen Partnern wie UPS, DPD und DHL zusammen, um Ihnen DDP-Versanddienste (inkl. Steuern) in ganz Europa anzubieten. Sie k\u00f6nnen Ihre Sendung w\u00e4hrend des gesamten Prozesses verfolgen und von planbaren Lieferzeiten profitieren, um unerwartete Probleme beim Zoll zu vermeiden.<\/p>\n<p data-v-md-line=\"47\">Bez\u00fcglich der Einhaltung der Vorschriften: Die F\u00fcllmenge und die H\u00e4ufigkeit des Konsums dieses Produkts \u00fcberschreiten den von der EU-TPD\/TRRP-Richtlinie festgelegten Grenzwert von 2 ml deutlich. Bitte pr\u00fcfen Sie die lokalen Bestimmungen, bevor Sie das Produkt in Ihrem Markt anbieten.<\/p>\n<h2 data-v-md-heading=\"the-reason-why-you-will-like-it\" data-v-md-line=\"49\">Warum es Ihnen gefallen wird<\/h2>\n<ul data-v-md-line=\"50\">\n<li>H\u00e4ufigeres Rauchen: Langlebiger und ergiebiger, ohne dass h\u00e4ufiges Nachf\u00fcllen n\u00f6tig ist.<\/li>\n<li>Moderater Nikotingehalt: Ein Nikotingehalt von 2 % ist f\u00fcr den Massenmarkt geeignet und leicht auszuw\u00e4hlen.<\/li>\n<li>Wiederaufladbar: Nutzen Sie das E-Liquid vollst\u00e4ndig, ohne halbvolle Ger\u00e4te entsorgen zu m\u00fcssen. *Gleichbleibender Geschmack: Dieser Verdampferkern sorgt f\u00fcr ein stabiles und angenehmes Inhalationserlebnis von Anfang bis Ende.<\/li>\n<\/ul>\n<h2 data-v-md-heading=\"why-choose-to-collaborate-with-agoravape\" data-v-md-line=\"54\">Warum sollten Sie sich f\u00fcr eine Zusammenarbeit mit AgoraVape entscheiden?<\/h2>\n<p data-v-md-line=\"56\">Wir garantieren, dass alle Produkte 100% original sind und h\u00f6chste Qualit\u00e4t bieten. Beim Gro\u00dfhandel mit JNR Shisha Ultra 45000 Einweg-E-Zigaretten profitieren Sie von fairen Gro\u00dfhandelspreisen, schnellem technischen Support und bequemem DDP-Lieferservice. M\u00f6chten Sie Ihren Kunden eine wiederaufladbare Einweg-E-Zigarette mit hoher Kapazit\u00e4t anbieten und sie zu Stammkunden machen? Kontaktieren Sie uns jederzeit.<\/p>","protected":false},"excerpt":{"rendered":"<p>Was sind die Vorteile der JNR Shisha Ultra 45000 Einweg-Vapes im Gro\u00dfhandel? Wenn Sie genug haben von Einweg-E-Zigaretten, die<\/p>","protected":false},"featured_media":20480,"comment_status":"closed","ping_status":"closed","template":"","meta":[],"product_brand":[225],"product_cat":[124,185,189,177,174,175,152,193,191,173,186,180,190],"product_tag":[],"class_list":{"0":"post-20462","1":"product","2":"type-product","3":"status-publish","4":"has-post-thumbnail","6":"product_brand-jnr","7":"product_cat-vape-by-brand","8":"product_cat-10000-puffs-high-capacity","9":"product_cat-20mg-standard-nicotine-vapes","10":"product_cat-dessert-sweets","11":"product_cat-fruit-flavors","12":"product_cat-icy-mint","13":"product_cat-jnr","14":"product_cat-mesh-coil","15":"product_cat-rechargeable-disposables","16":"product_cat-vape-by-flavor-profile","17":"product_cat-vape-by-nicotine-strength","18":"product_cat-vape-by-puff-count","19":"product_cat-vape-by-feature-or-type","21":"first","22":"instock","23":"shipping-taxable","24":"purchasable","25":"product-type-variable","26":"has-default-attributes"},"tiered_pricing_type":"percentage","tiered_pricing_fixed_rules":{"30":"29","50":"35","100":"40","200":"44","500":"47","1000":"49"},"tiered_pricing_product_settings":{"layout":"default","base_unit_name":{"singular":null,"plural":null},"default_variation":null},"tiered_pricing_minimum_quantity":10,"tiered_pricing_roles_data":[],"tiered_pricing_percentage_rules":{"30":"29","50":"35","100":"40","200":"44","500":"47","1000":"46"},"tiered_pricing_maximum_quantity":null,"tiered_pricing_quantity_step":"10","_links":{"self":[{"href":"https:\/\/agoravape.com\/de\/wp-json\/wp\/v2\/product\/20462","targetHints":{"allow":["GET"]}}],"collection":[{"href":"https:\/\/agoravape.com\/de\/wp-json\/wp\/v2\/product"}],"about":[{"href":"https:\/\/agoravape.com\/de\/wp-json\/wp\/v2\/types\/product"}],"replies":[{"embeddable":true,"href":"https:\/\/agoravape.com\/de\/wp-json\/wp\/v2\/comments?post=20462"}],"version-history":[{"count":0,"href":"https:\/\/agoravape.com\/de\/wp-json\/wp\/v2\/product\/20462\/revisions"}],"wp:featuredmedia":[{"embeddable":true,"href":"https:\/\/agoravape.com\/de\/wp-json\/wp\/v2\/media\/20480"}],"wp:attachment":[{"href":"https:\/\/agoravape.com\/de\/wp-json\/wp\/v2\/media?parent=20462"}],"wp:term":[{"taxonomy":"product_brand","embeddable":true,"href":"https:\/\/agoravape.com\/de\/wp-json\/wp\/v2\/product_brand?post=20462"},{"taxonomy":"product_cat","embeddable":true,"href":"https:\/\/agoravape.com\/de\/wp-json\/wp\/v2\/product_cat?post=20462"},{"taxonomy":"product_tag","embeddable":true,"href":"https:\/\/agoravape.com\/de\/wp-json\/wp\/v2\/product_tag?post=20462"}],"curies":[{"name":"wp","href":"https:\/\/api.w.org\/{rel}","templated":true}]}}