{"id":20517,"date":"2025-12-30T22:20:04","date_gmt":"2025-12-30T14:20:04","guid":{"rendered":"https:\/\/agoravape.com\/?post_type=product&#038;p=20517"},"modified":"2026-01-21T21:53:08","modified_gmt":"2026-01-21T13:53:08","slug":"jnr-windwhip-44k-puffs-dual-flavor-disposable","status":"publish","type":"product","link":"https:\/\/agoravape.com\/de\/product\/jnr-windwhip-44k-puffs-dual-flavor-disposable\/","title":{"rendered":"JNR WindWhip 44000 Z\u00fcge, Einweg-E-Zigarette mit zwei Geschmacksrichtungen | Gro\u00dfpackung | Zwei Geschmacksrichtungen. Ein Ger\u00e4t. Hohe Zugzahl."},"content":{"rendered":"<h2 data-v-md-heading=\"jnr-windwhip-44000-dual-flavored-disposable-vape-what-s-special-about-its-large-capacity\" data-v-md-line=\"3\">JNR WindWhip 44000 Einweg-E-Zigarette mit zwei Geschmacksrichtungen | Was ist das Besondere an ihrem gro\u00dfen Fassungsverm\u00f6gen?<\/h2>\n<p data-v-md-line=\"5\">Wenn Sie es leid sind, E-Zigaretten zu schnell zu verbrauchen, ist dieses Produkt genau das Richtige f\u00fcr Sie. Der JNR WindWhip bietet eine Akkulaufzeit von bis zu 44.000 Z\u00fcgen und kann mit nur einem Ger\u00e4t zwei Geschmacksrichtungen erzeugen, sodass Sie Ihren Geschmack jederzeit \u00e4ndern k\u00f6nnen.<\/p>\n<p data-v-md-line=\"7\">Wenn Sie eine langlebige und benutzerfreundliche E-Zigarette suchen, ist dies die perfekte Wahl. Keine Men\u00fcf\u00fchrung erforderlich, kein Austausch des Verdampferkopfes n\u00f6tig. Einfach in die Hand nehmen und den gleichbleibend k\u00f6stlichen Geschmack von Anfang bis Ende genie\u00dfen.<\/p>\n<h2 data-v-md-heading=\"excellent-performance-simple-and-easy-to-use\" data-v-md-line=\"9\">Hervorragende Leistung, einfach und benutzerfreundlich<\/h2>\n<p data-v-md-line=\"11\">WindWhip wurde f\u00fcr einen gleichm\u00e4\u00dfigen Luftstrom und gleichbleibenden Geschmack entwickelt, damit Sie seine Exzellenz jeden Tag genie\u00dfen k\u00f6nnen. Ist der Akku schwach, laden Sie ihn einfach mit einem USB-C-Datenkabel auf \u2013 vielleicht verwenden Sie ja dasselbe Kabel wie f\u00fcr Ihr Smartphone. Ganz einfach.<\/p>\n<h2 data-v-md-heading=\"quick-specifications\" data-v-md-line=\"13\">Kurzspezifikationen<\/h2>\n<ul data-v-md-line=\"14\">\n<li>Rauchh\u00e4ufigkeit: bis zu 44000 Zigaretten<\/li>\n<li>Nikotinkonzentration: 2 %<\/li>\n<li>Anwendung: Zum Aktivieren einatmen.<\/li>\n<li>Ladeverfahren: Standard-USB-Typ-C-Schnittstelle<\/li>\n<li>Status: Sofort einsatzbereit<\/li>\n<\/ul>\n<p><img loading=\"lazy\" decoding=\"async\" class=\"aligncenter size-full wp-image-20550\" src=\"https:\/\/agoravape.com\/wp-content\/uploads\/2025\/12\/JNR-WindWhip-44000-Puffs-Dual-Flavor-Disposable-Bulk-Two-flavours.-One-device.-Big-puff-count._Agora_vape-11.webp\" alt=\"\" width=\"1600\" height=\"1600\" srcset=\"https:\/\/agoravape.com\/wp-content\/uploads\/2025\/12\/JNR-WindWhip-44000-Puffs-Dual-Flavor-Disposable-Bulk-Two-flavours.-One-device.-Big-puff-count._Agora_vape-11.webp 1600w, https:\/\/agoravape.com\/wp-content\/uploads\/2025\/12\/JNR-WindWhip-44000-Puffs-Dual-Flavor-Disposable-Bulk-Two-flavours.-One-device.-Big-puff-count._Agora_vape-11-600x600.webp 600w, https:\/\/agoravape.com\/wp-content\/uploads\/2025\/12\/JNR-WindWhip-44000-Puffs-Dual-Flavor-Disposable-Bulk-Two-flavours.-One-device.-Big-puff-count._Agora_vape-11-1200x1200.webp 1200w, https:\/\/agoravape.com\/wp-content\/uploads\/2025\/12\/JNR-WindWhip-44000-Puffs-Dual-Flavor-Disposable-Bulk-Two-flavours.-One-device.-Big-puff-count._Agora_vape-11-300x300.webp 300w, https:\/\/agoravape.com\/wp-content\/uploads\/2025\/12\/JNR-WindWhip-44000-Puffs-Dual-Flavor-Disposable-Bulk-Two-flavours.-One-device.-Big-puff-count._Agora_vape-11-1024x1024.webp 1024w, https:\/\/agoravape.com\/wp-content\/uploads\/2025\/12\/JNR-WindWhip-44000-Puffs-Dual-Flavor-Disposable-Bulk-Two-flavours.-One-device.-Big-puff-count._Agora_vape-11-150x150.webp 150w, https:\/\/agoravape.com\/wp-content\/uploads\/2025\/12\/JNR-WindWhip-44000-Puffs-Dual-Flavor-Disposable-Bulk-Two-flavours.-One-device.-Big-puff-count._Agora_vape-11-768x768.webp 768w, https:\/\/agoravape.com\/wp-content\/uploads\/2025\/12\/JNR-WindWhip-44000-Puffs-Dual-Flavor-Disposable-Bulk-Two-flavours.-One-device.-Big-puff-count._Agora_vape-11-1536x1536.webp 1536w, https:\/\/agoravape.com\/wp-content\/uploads\/2025\/12\/JNR-WindWhip-44000-Puffs-Dual-Flavor-Disposable-Bulk-Two-flavours.-One-device.-Big-puff-count._Agora_vape-11-12x12.webp 12w\" sizes=\"auto, (max-width: 1600px) 100vw, 1600px\" \/><\/p>\n<h2 data-v-md-heading=\"complete-flavor-lineup\" data-v-md-line=\"20\">Vollst\u00e4ndiges Geschmackssortiment<\/h2>\n<ul data-v-md-line=\"21\">\n<li>Blaue Himbeere Kirsche + Kirsche<\/li>\n<li>Gemischte Beeren + wei\u00dfer Pfirsich-Himbeere<\/li>\n<li>Frisches Erdbeereis + Saure Blaubeere-Himbeere<\/li>\n<li>Wassermeloneneis + Wassermelonen-Kaugummi<\/li>\n<li>Kiwi-Wassermelonen-Eis + Erdbeer-Kiwi<\/li>\n<li>Erdbeer-Wassermelonen-Eis + Erdbeer-Banane<\/li>\n<li>Kirsch-Cola + Sommerpfirsiche<\/li>\n<li>Love 66 + Hawaii<\/li>\n<li>Doppelapfel + Gr\u00fcner Apfel Pfirsich Birne<\/li>\n<li>Schwarzes Eis + Schwarzes Dracheneis<\/li>\n<\/ul>\n<h2 data-v-md-heading=\"to-serve-you-and-your-business\" data-v-md-line=\"32\">Um Ihnen und Ihrem Unternehmen zu dienen<\/h2>\n<p data-v-md-line=\"34\">JNR WindWhip 44000 ist einzeln oder in Gro\u00dfpackungen f\u00fcr den Einzelhandel erh\u00e4ltlich. 10 St\u00fcck pro Innenkarton und 200 St\u00fcck pro Umkarton. F\u00fcr Ladenbesitzer ist dieser praktische 10er-Innenkarton ideal \u2013 er erleichtert die Regalbest\u00fcckung und Lagerverwaltung.<\/p>\n<p data-v-md-line=\"36\">Wir bieten zuverl\u00e4ssige DDP-Versanddienste nach Steuerzahlung mit Partnern wie UPS, DPD und DHL an, um Ihnen Zollverz\u00f6gerungen und unerwartete Kosten zu ersparen. Aufgrund unterschiedlicher Bestimmungen in Europa ist es wichtig, die lokalen Vorschriften vor dem Verkauf von Einweg-E-Zigaretten mit gro\u00dfem Fassungsverm\u00f6gen zu pr\u00fcfen.<\/p>\n<h2 data-v-md-heading=\"the-reason-why-you-will-like-it\" data-v-md-line=\"38\">Warum es Ihnen gefallen wird<\/h2>\n<ul data-v-md-line=\"39\">\n<li>Langlebig und robust: Dank der l\u00e4ngeren Nutzungsdauer ist ein h\u00e4ufiger Ger\u00e4teaustausch nicht erforderlich.<\/li>\n<li>Auswahl der Nikotinkonzentration: 2 % Nikotinkonzentration, geeignet f\u00fcr die meisten Nutzer von Einweg-E-Zigaretten.<\/li>\n<li>Wiederaufladbar: Sie k\u00f6nnen die gesamte gekaufte E-Fl\u00fcssigkeit aufbrauchen, ohne sich Sorgen machen zu m\u00fcssen, das Ger\u00e4t wegwerfen zu m\u00fcssen, wenn es halb voll ist.<\/li>\n<li>Gleichbleibender Geschmack: Entwickelt f\u00fcr einen gleichm\u00e4\u00dfigen Luftstrom und gleichbleibenden Geschmack.<\/li>\n<\/ul>\n<h2 data-v-md-heading=\"why-choose-to-collaborate-with-agoravape\" data-v-md-line=\"44\">Warum sollten Sie sich f\u00fcr eine Zusammenarbeit mit AgoraVape entscheiden?<\/h2>\n<p data-v-md-line=\"46\">Wir verkaufen ausschlie\u00dflich Originalprodukte \u2013 Ihre Kunden k\u00f6nnen uns vertrauen. F\u00fcr Gesch\u00e4ftskunden bedeutet das: JNR WindWhip 44000 Einweg-E-Zigaretten mit zwei Geschmacksrichtungen (Gro\u00dfpackung) bieten \u00e4u\u00dferst wettbewerbsf\u00e4hige Gro\u00dfhandelspreise, zuverl\u00e4ssigen Kundenservice und schnellen Versand. Wenn Sie Ihr Sortiment um eine bew\u00e4hrte E-Zigarette mit hoher Kapazit\u00e4t und zwei Geschmacksrichtungen erweitern m\u00f6chten, kontaktieren Sie uns. Ihre Kunden werden garantiert wieder bei uns kaufen.<\/p>","protected":false},"excerpt":{"rendered":"<p>JNR WindWhip 44000 dual flavored disposable vape | Was ist das Besondere an seiner gro\u00dfen Kapazit\u00e4t? Wenn Sie m\u00fcde sind von der Verwendung<\/p>","protected":false},"featured_media":20549,"comment_status":"closed","ping_status":"closed","template":"","meta":[],"product_brand":[225],"product_cat":[124,185,189,177,195,174,175,152,193,191,173,186,180,190],"product_tag":[],"class_list":{"0":"post-20517","1":"product","2":"type-product","3":"status-publish","4":"has-post-thumbnail","6":"product_brand-jnr","7":"product_cat-vape-by-brand","8":"product_cat-10000-puffs-high-capacity","9":"product_cat-20mg-standard-nicotine-vapes","10":"product_cat-dessert-sweets","11":"product_cat-dual-flavor-switch","12":"product_cat-fruit-flavors","13":"product_cat-icy-mint","14":"product_cat-jnr","15":"product_cat-mesh-coil","16":"product_cat-rechargeable-disposables","17":"product_cat-vape-by-flavor-profile","18":"product_cat-vape-by-nicotine-strength","19":"product_cat-vape-by-puff-count","20":"product_cat-vape-by-feature-or-type","22":"first","23":"instock","24":"shipping-taxable","25":"purchasable","26":"product-type-variable","27":"has-default-attributes"},"tiered_pricing_type":"percentage","tiered_pricing_fixed_rules":{"30":"29","50":"35","100":"40","200":"44","500":"47","1000":"49"},"tiered_pricing_product_settings":{"layout":"default","base_unit_name":{"singular":null,"plural":null},"default_variation":null},"tiered_pricing_minimum_quantity":10,"tiered_pricing_roles_data":[],"tiered_pricing_percentage_rules":{"30":"29","50":"35","100":"40","200":"44","500":"47","1000":"46"},"tiered_pricing_maximum_quantity":null,"tiered_pricing_quantity_step":"10","_links":{"self":[{"href":"https:\/\/agoravape.com\/de\/wp-json\/wp\/v2\/product\/20517","targetHints":{"allow":["GET"]}}],"collection":[{"href":"https:\/\/agoravape.com\/de\/wp-json\/wp\/v2\/product"}],"about":[{"href":"https:\/\/agoravape.com\/de\/wp-json\/wp\/v2\/types\/product"}],"replies":[{"embeddable":true,"href":"https:\/\/agoravape.com\/de\/wp-json\/wp\/v2\/comments?post=20517"}],"version-history":[{"count":0,"href":"https:\/\/agoravape.com\/de\/wp-json\/wp\/v2\/product\/20517\/revisions"}],"wp:featuredmedia":[{"embeddable":true,"href":"https:\/\/agoravape.com\/de\/wp-json\/wp\/v2\/media\/20549"}],"wp:attachment":[{"href":"https:\/\/agoravape.com\/de\/wp-json\/wp\/v2\/media?parent=20517"}],"wp:term":[{"taxonomy":"product_brand","embeddable":true,"href":"https:\/\/agoravape.com\/de\/wp-json\/wp\/v2\/product_brand?post=20517"},{"taxonomy":"product_cat","embeddable":true,"href":"https:\/\/agoravape.com\/de\/wp-json\/wp\/v2\/product_cat?post=20517"},{"taxonomy":"product_tag","embeddable":true,"href":"https:\/\/agoravape.com\/de\/wp-json\/wp\/v2\/product_tag?post=20517"}],"curies":[{"name":"wp","href":"https:\/\/api.w.org\/{rel}","templated":true}]}}