{"id":20563,"date":"2025-12-30T22:38:15","date_gmt":"2025-12-30T14:38:15","guid":{"rendered":"https:\/\/agoravape.com\/?post_type=product&#038;p=20563"},"modified":"2026-02-25T07:38:10","modified_gmt":"2026-02-25T06:38:10","slug":"jnr-lionking-42000-puffs-disposable-vape","status":"publish","type":"product","link":"https:\/\/agoravape.com\/de\/product\/jnr-lionking-42000-puffs-disposable-vape\/","title":{"rendered":"JNR LionKing 42000 Z\u00fcge Einweg-E-Zigarette im Gro\u00dfhandel | Langanhaltender Genuss mit 2 % Nikotin"},"content":{"rendered":"<h2 data-v-md-heading=\"what-are-the-advantages-of-jnr-lionking-s-wholesale-of-42000-disposable-vapes\" data-v-md-line=\"3\"><img loading=\"lazy\" decoding=\"async\" class=\"aligncenter size-full wp-image-20587\" src=\"https:\/\/agoravape.com\/wp-content\/uploads\/2025\/12\/JNR-LionKing-42000-Puffs-Disposable-Vape-Bulk-Wholesale-Long-Running-Convenience-at-2-Nicotine_Agora_vape-13.webp\" alt=\"\" width=\"1600\" height=\"1600\" srcset=\"https:\/\/agoravape.com\/wp-content\/uploads\/2025\/12\/JNR-LionKing-42000-Puffs-Disposable-Vape-Bulk-Wholesale-Long-Running-Convenience-at-2-Nicotine_Agora_vape-13.webp 1600w, https:\/\/agoravape.com\/wp-content\/uploads\/2025\/12\/JNR-LionKing-42000-Puffs-Disposable-Vape-Bulk-Wholesale-Long-Running-Convenience-at-2-Nicotine_Agora_vape-13-600x600.webp 600w, https:\/\/agoravape.com\/wp-content\/uploads\/2025\/12\/JNR-LionKing-42000-Puffs-Disposable-Vape-Bulk-Wholesale-Long-Running-Convenience-at-2-Nicotine_Agora_vape-13-1200x1200.webp 1200w, https:\/\/agoravape.com\/wp-content\/uploads\/2025\/12\/JNR-LionKing-42000-Puffs-Disposable-Vape-Bulk-Wholesale-Long-Running-Convenience-at-2-Nicotine_Agora_vape-13-300x300.webp 300w, https:\/\/agoravape.com\/wp-content\/uploads\/2025\/12\/JNR-LionKing-42000-Puffs-Disposable-Vape-Bulk-Wholesale-Long-Running-Convenience-at-2-Nicotine_Agora_vape-13-1024x1024.webp 1024w, https:\/\/agoravape.com\/wp-content\/uploads\/2025\/12\/JNR-LionKing-42000-Puffs-Disposable-Vape-Bulk-Wholesale-Long-Running-Convenience-at-2-Nicotine_Agora_vape-13-150x150.webp 150w, https:\/\/agoravape.com\/wp-content\/uploads\/2025\/12\/JNR-LionKing-42000-Puffs-Disposable-Vape-Bulk-Wholesale-Long-Running-Convenience-at-2-Nicotine_Agora_vape-13-768x768.webp 768w, https:\/\/agoravape.com\/wp-content\/uploads\/2025\/12\/JNR-LionKing-42000-Puffs-Disposable-Vape-Bulk-Wholesale-Long-Running-Convenience-at-2-Nicotine_Agora_vape-13-1536x1536.webp 1536w, https:\/\/agoravape.com\/wp-content\/uploads\/2025\/12\/JNR-LionKing-42000-Puffs-Disposable-Vape-Bulk-Wholesale-Long-Running-Convenience-at-2-Nicotine_Agora_vape-13-12x12.webp 12w\" sizes=\"auto, (max-width: 1600px) 100vw, 1600px\" \/><\/h2>\n<h2 data-v-md-heading=\"what-are-the-advantages-of-jnr-lionking-s-wholesale-of-42000-disposable-vapes\" data-v-md-line=\"3\">What are the advantages of JNR LionKing\u2019s wholesale of 42000 disposable vapes?<\/h2>\n<p data-v-md-line=\"5\">If you are tired of disposable vapes that can be used up in a few days, then this product is worth your attention. JNR LionKing is designed for long-term use and can take up to 42000 puffs at a nicotine concentration of 2%. It is easy to use and can be charged through the Type-C interface. This product is designed specifically for users who pursue stable taste and are unwilling to engage in tedious operations.<\/p>\n<p data-v-md-line=\"7\">It is suitable for both personal and commercial use. You can achieve long-lasting and stable performance without worrying about running out of e-liquid and having to discard the device.<\/p>\n<h2 data-v-md-heading=\"excellent-performance-and-easy-operation\" data-v-md-line=\"9\">Hervorragende Leistung und einfache Bedienung<\/h2>\n<p data-v-md-line=\"11\">The coil has been carefully tuned to ensure a consistent taste, with the last bite having almost the same flavor as the first bite. No overheating phenomenon, no burnt smell. When the battery is low, simply plug in a Type-C data cable. It\u2019s the kind you use when charging your phone. I will soon be able to continue enjoying vapes.<\/p>\n<p data-v-md-line=\"13\">You may think that the scent of this high suction device will become lighter, but its scent is surprisingly long-lasting, even after prolonged use.<\/p>\n<h2 data-v-md-heading=\"quick-specifications\" data-v-md-line=\"15\">Kurzspezifikationen<\/h2>\n<ul data-v-md-line=\"17\">\n<li>Number of suction ports: up to 42000 ports<\/li>\n<li>Nicotine content: 2% (20mg\/mL)<\/li>\n<li>Battery: 850mAh, supports Type-C charging<\/li>\n<li>Usage: Simple suction disposable vape<\/li>\n<li>Status: Sofort einsatzbereit<\/li>\n<li>Product Code: JNR-LionKing-42k<\/li>\n<li>Packaging: 10 inner boxes; 200 outer boxes; Gross weight 21.95 kilograms<\/li>\n<\/ul>\n<h2 data-v-md-heading=\"complete-flavor-series\" data-v-md-line=\"24\">Complete flavor series<\/h2>\n<ul data-v-md-line=\"26\">\n<li>Blueberries, raspberries, cherries<\/li>\n<li>Bubble Cherry Cola<\/li>\n<li>Gemischte Beeren<\/li>\n<li>Strawberry Raspberry Cherry Ice<\/li>\n<li>Strawberry Ice<\/li>\n<li>Watermelon Ice<\/li>\n<li>Blaubeeren und Himbeeren<\/li>\n<li>Strawberry kiwi fruit<\/li>\n<li>Strawberry watermelon ice<\/li>\n<li>Tropical fruits<\/li>\n<li>Bubble Strawberry<\/li>\n<li>Coca Cola Ice<\/li>\n<li>Peach berry<\/li>\n<li>Summer Peach Ice<\/li>\n<li>Black Ice<\/li>\n<li>Hawaii<\/li>\n<li>Dragon fruit<\/li>\n<li>Watermelon Bubble Gum<\/li>\n<li>Cherry Ice<\/li>\n<li>Love 66<\/li>\n<\/ul>\n<h2 data-v-md-heading=\"tailored-for-you-and-your-business\" data-v-md-line=\"46\">Tailored for you and your business<\/h2>\n<p data-v-md-line=\"48\">If you just want to give it a try, we offer a single purchase of JNR LionKing 42000 disposable vapes. If you are purchasing for your store, you can order wholesale packaging of 10 units per box or wholesale packaging of 200 units per box. Clean, simple, and easy to manage inventory.<\/p>\n<p data-v-md-line=\"50\">Wir versenden in verschiedene Teile Europas mit zuverl\u00e4ssigen Partnern wie UPS, DPD und DHL im DDP-Format. Zollgeb\u00fchren und Mehrwertsteuer sind daher bereits abgewickelt. Sie brauchen sich keine Sorgen um Zollkosten zu machen. Die Lieferzeit ist planbar, und Sie k\u00f6nnen den gesamten Prozess von der Abholung bis zur Zustellung an Ihre Haust\u00fcr verfolgen.<\/p>\n<p data-v-md-line=\"52\">Kurz zur Verordnung: Die EU-TPD-Verordnung begrenzt die F\u00fcllmenge von Einweg-E-Liquid auf 2 Milliliter, was in der Regel 600 bis 800 Z\u00fcgen entspricht. Ein Ger\u00e4t, das 42.000 Z\u00fcge erm\u00f6glicht, \u00fcberschreitet diese Grenze und entspricht daher nicht den EU-Vorschriften f\u00fcr den B2C-Einzelhandel. Viele B2B-K\u00e4ufer erwerben Produkte f\u00fcr Exportm\u00e4rkte oder kontrollierte Vertriebskan\u00e4le. Bitte pr\u00fcfen Sie die lokalen Bestimmungen, bevor Sie Ihr Produkt anbieten.<\/p>\n<p data-v-md-line=\"54\">Wenn Sie Gro\u00dfhandelspreise und Mindestbestellmengen erfahren m\u00f6chten, kontaktieren Sie bitte unser Vertriebsteam. Wir erstellen Ihnen gerne ein individuelles Angebot basierend auf Ihrer Bestellmenge und dem gew\u00fcnschten Versandweg.<\/p>\n<h2 data-v-md-heading=\"the-reason-why-you-will-like-it\" data-v-md-line=\"56\">Warum es Ihnen gefallen wird<\/h2>\n<ul data-v-md-line=\"58\">\n<li>Extrem langer Sauganschluss: Das Ger\u00e4t muss nicht h\u00e4ufig ausgetauscht werden.<\/li>\n<li>2 % Nikotin: Geeignet f\u00fcr die meisten erwachsenen Dampfer, die ein gleichm\u00e4\u00dfiges Dampferlebnis bevorzugen.<\/li>\n<li>Wiederaufladbar: Sie k\u00f6nnen das gekaufte E-Liquid weiter verwenden, ohne das halbvolle Ger\u00e4t entsorgen zu m\u00fcssen.<\/li>\n<li>Stabile Heizspule: Sorgt f\u00fcr einen gleichm\u00e4\u00dfigen und milden Geschmack vom Anfang bis zum Ende.<\/li>\n<li>Typ-C-Schnittstelle: Laden Sie Ihr Ger\u00e4t mit Ihrem vorhandenen Datenkabel.<\/li>\n<\/ul>\n<h2 data-v-md-heading=\"why-choose-agoravape\" data-v-md-line=\"64\">Why choose AgoraVape?<\/h2>\n<p data-v-md-line=\"66\">Wir bieten ausschlie\u00dflich 100% Originalprodukte von JNR an. Die Chargennummer kann zur \u00dcberpr\u00fcfung eingesehen werden. Unser Unternehmen ist in Europa registriert und beliefert t\u00e4glich Unternehmen in der EU. Sie erhalten \u00fcbersichtliche Dokumente und zeitnahen technischen Support.<\/p>\n<p data-v-md-line=\"68\">Wir akzeptieren Bank\u00fcberweisungen, g\u00e4ngige Kreditkarten und PayPal und bieten K\u00e4uferschutz. Gro\u00dfhandelskunden profitieren von verg\u00fcnstigten Preisen, schnellem Versand und DDP-Lieferung f\u00fcr JNR LionKing 42000 Einweg-E-Zigaretten. Kontaktieren Sie unser Team, damit Ihre Kunden dieses Produkt lieben und immer wieder kaufen.<\/p>","protected":false},"excerpt":{"rendered":"<p>Was sind die Vorteile des Gro\u00dfhandels von 42.000 Einweg-Vapes von JNR LionKing? Wenn Sie genug haben von Einweg-Vapes, die<\/p>","protected":false},"featured_media":20595,"comment_status":"closed","ping_status":"closed","template":"","meta":[],"product_brand":[225],"product_cat":[124,185,189,177,174,175,152,193,191,173,186,180,190,192],"product_tag":[],"class_list":{"0":"post-20563","1":"product","2":"type-product","3":"status-publish","4":"has-post-thumbnail","6":"product_brand-jnr","7":"product_cat-vape-by-brand","8":"product_cat-10000-puffs-high-capacity","9":"product_cat-20mg-standard-nicotine-vapes","10":"product_cat-dessert-sweets","11":"product_cat-fruit-flavors","12":"product_cat-icy-mint","13":"product_cat-jnr","14":"product_cat-mesh-coil","15":"product_cat-rechargeable-disposables","16":"product_cat-vape-by-flavor-profile","17":"product_cat-vape-by-nicotine-strength","18":"product_cat-vape-by-puff-count","19":"product_cat-vape-by-feature-or-type","20":"product_cat-vapes-with-screens","22":"first","23":"outofstock","24":"shipping-taxable","25":"purchasable","26":"product-type-variable","27":"has-default-attributes"},"tiered_pricing_type":"percentage","tiered_pricing_fixed_rules":{"30":"29","50":"35","100":"40","200":"44","500":"47","1000":"49"},"tiered_pricing_product_settings":{"layout":"default","base_unit_name":{"singular":null,"plural":null},"default_variation":null},"tiered_pricing_minimum_quantity":10,"tiered_pricing_roles_data":[],"tiered_pricing_percentage_rules":{"30":"29","50":"35","100":"40","200":"44","500":"47","1000":"46"},"tiered_pricing_maximum_quantity":null,"tiered_pricing_quantity_step":"10","_links":{"self":[{"href":"https:\/\/agoravape.com\/de\/wp-json\/wp\/v2\/product\/20563","targetHints":{"allow":["GET"]}}],"collection":[{"href":"https:\/\/agoravape.com\/de\/wp-json\/wp\/v2\/product"}],"about":[{"href":"https:\/\/agoravape.com\/de\/wp-json\/wp\/v2\/types\/product"}],"replies":[{"embeddable":true,"href":"https:\/\/agoravape.com\/de\/wp-json\/wp\/v2\/comments?post=20563"}],"version-history":[{"count":0,"href":"https:\/\/agoravape.com\/de\/wp-json\/wp\/v2\/product\/20563\/revisions"}],"wp:featuredmedia":[{"embeddable":true,"href":"https:\/\/agoravape.com\/de\/wp-json\/wp\/v2\/media\/20595"}],"wp:attachment":[{"href":"https:\/\/agoravape.com\/de\/wp-json\/wp\/v2\/media?parent=20563"}],"wp:term":[{"taxonomy":"product_brand","embeddable":true,"href":"https:\/\/agoravape.com\/de\/wp-json\/wp\/v2\/product_brand?post=20563"},{"taxonomy":"product_cat","embeddable":true,"href":"https:\/\/agoravape.com\/de\/wp-json\/wp\/v2\/product_cat?post=20563"},{"taxonomy":"product_tag","embeddable":true,"href":"https:\/\/agoravape.com\/de\/wp-json\/wp\/v2\/product_tag?post=20563"}],"curies":[{"name":"wp","href":"https:\/\/api.w.org\/{rel}","templated":true}]}}